{"id":10536,"date":"2006-04-30T09:37:50","date_gmt":"2006-04-30T14:37:50","guid":{"rendered":"https:\/\/mondedesylvieetpierre.ca\/voyage\/?page_id=10536"},"modified":"2023-05-23T09:19:47","modified_gmt":"2023-05-23T14:19:47","slug":"strip-street-las-vegas-2006","status":"publish","type":"page","link":"https:\/\/mondedesylvieetpierre.ca\/voyage\/?page_id=10536","title":{"rendered":"Strip street Las Vegas 2006"},"content":{"rendered":"\t\t<div data-elementor-type=\"wp-page\" data-elementor-id=\"10536\" class=\"elementor elementor-10536\" data-elementor-post-type=\"page\">\n\t\t\t\t\t\t<section class=\"elementor-section elementor-top-section elementor-element elementor-element-1ba181cb elementor-section-boxed elementor-section-height-default elementor-section-height-default\" data-id=\"1ba181cb\" data-element_type=\"section\" data-e-type=\"section\">\n\t\t\t\t\t\t<div class=\"elementor-container elementor-column-gap-default\">\n\t\t\t\t\t<div class=\"elementor-column elementor-col-100 elementor-top-column elementor-element elementor-element-660e10fd\" data-id=\"660e10fd\" data-element_type=\"column\" data-e-type=\"column\">\n\t\t\t<div class=\"elementor-widget-wrap elementor-element-populated\">\n\t\t\t\t\t\t<div class=\"elementor-element elementor-element-279a51c0 elementor-widget elementor-widget-heading\" data-id=\"279a51c0\" data-element_type=\"widget\" data-e-type=\"widget\" data-widget_type=\"heading.default\">\n\t\t\t\t\t<h2 class=\"elementor-heading-title elementor-size-xl\">Strip&nbsp;street<\/h2>\t\t\t\t<\/div>\n\t\t\t\t\t<\/div>\n\t\t<\/div>\n\t\t\t\t\t<\/div>\n\t\t<\/section>\n\t\t\t\t<section class=\"elementor-section elementor-top-section elementor-element elementor-element-2f57fba1 elementor-section-boxed elementor-section-height-default elementor-section-height-default\" data-id=\"2f57fba1\" data-element_type=\"section\" data-e-type=\"section\">\n\t\t\t\t\t\t<div class=\"elementor-container elementor-column-gap-default\">\n\t\t\t\t\t<div class=\"elementor-column elementor-col-100 elementor-top-column elementor-element elementor-element-4477f94\" data-id=\"4477f94\" data-element_type=\"column\" data-e-type=\"column\">\n\t\t\t<div class=\"elementor-widget-wrap elementor-element-populated\">\n\t\t\t\t\t\t<div class=\"elementor-element elementor-element-5a61772b elementor-widget elementor-widget-heading\" data-id=\"5a61772b\" data-element_type=\"widget\" data-e-type=\"widget\" data-widget_type=\"heading.default\">\n\t\t\t\t\t<h2 class=\"elementor-heading-title elementor-size-default\"><span style=\"font-size: 30px\">Las&nbsp;Vegas<\/span><br \/>\n\u00c9tat du&nbsp;Nevada<\/h2>\t\t\t\t<\/div>\n\t\t\t\t\t<\/div>\n\t\t<\/div>\n\t\t\t\t\t<\/div>\n\t\t<\/section>\n\t\t\t\t<section class=\"elementor-section elementor-top-section elementor-element elementor-element-13a7e032 elementor-section-boxed elementor-section-height-default elementor-section-height-default\" data-id=\"13a7e032\" data-element_type=\"section\" data-e-type=\"section\">\n\t\t\t\t\t\t<div class=\"elementor-container elementor-column-gap-default\">\n\t\t\t\t\t<div class=\"elementor-column elementor-col-100 elementor-top-column elementor-element elementor-element-3bcff980\" data-id=\"3bcff980\" data-element_type=\"column\" data-e-type=\"column\">\n\t\t\t<div class=\"elementor-widget-wrap elementor-element-populated\">\n\t\t\t\t\t\t<div class=\"elementor-element elementor-element-1cc882 elementor-widget elementor-widget-image\" data-id=\"1cc882\" data-element_type=\"widget\" data-e-type=\"widget\" data-widget_type=\"image.default\">\n\t\t\t\t\t\t\t\t\t\t\t\t\t\t\t<img decoding=\"async\" width=\"100\" height=\"52\" src=\"https:\/\/mondedesylvieetpierre.ca\/voyage\/wp-content\/uploads\/2016\/01\/us.png\" class=\"attachment-pixelwars_theme_image_size_nullx500 size-pixelwars_theme_image_size_nullx500 wp-image-5851\" alt=\"\" \/>\t\t\t\t\t\t\t\t\t\t\t\t\t\t\t<\/div>\n\t\t\t\t\t<\/div>\n\t\t<\/div>\n\t\t\t\t\t<\/div>\n\t\t<\/section>\n\t\t\t\t<section class=\"elementor-section elementor-top-section elementor-element elementor-element-70dd5dd5 elementor-section-boxed elementor-section-height-default elementor-section-height-default\" data-id=\"70dd5dd5\" data-element_type=\"section\" data-e-type=\"section\">\n\t\t\t\t\t\t<div class=\"elementor-container elementor-column-gap-default\">\n\t\t\t\t\t<div class=\"elementor-column elementor-col-100 elementor-top-column elementor-element elementor-element-5fcf1354\" data-id=\"5fcf1354\" data-element_type=\"column\" data-e-type=\"column\">\n\t\t\t<div class=\"elementor-widget-wrap elementor-element-populated\">\n\t\t\t\t\t\t<div class=\"elementor-element elementor-element-589265a0 elementor-widget elementor-widget-heading\" data-id=\"589265a0\" data-element_type=\"widget\" data-e-type=\"widget\" data-widget_type=\"heading.default\">\n\t\t\t\t\t<h2 class=\"elementor-heading-title elementor-size-default\">\u00c9tats-Unis<\/h2>\t\t\t\t<\/div>\n\t\t\t\t\t<\/div>\n\t\t<\/div>\n\t\t\t\t\t<\/div>\n\t\t<\/section>\n\t\t\t\t<section class=\"elementor-section elementor-top-section elementor-element elementor-element-7f552b41 elementor-section-boxed elementor-section-height-default elementor-section-height-default\" data-id=\"7f552b41\" data-element_type=\"section\" data-e-type=\"section\">\n\t\t\t\t\t\t<div class=\"elementor-container elementor-column-gap-default\">\n\t\t\t\t\t<div class=\"elementor-column elementor-col-100 elementor-top-column elementor-element elementor-element-3993849b\" data-id=\"3993849b\" data-element_type=\"column\" data-e-type=\"column\">\n\t\t\t<div class=\"elementor-widget-wrap elementor-element-populated\">\n\t\t\t\t\t\t<div class=\"elementor-element elementor-element-78194b54 elementor-widget-divider--view-line_text elementor-widget-divider--element-align-center elementor-widget elementor-widget-divider\" data-id=\"78194b54\" data-element_type=\"widget\" data-e-type=\"widget\" data-widget_type=\"divider.default\">\n\t\t\t\t\t\t\t<div class=\"elementor-divider\">\n\t\t\t<span class=\"elementor-divider-separator\">\n\t\t\t\t\t\t\t<span class=\"elementor-divider__text elementor-divider__element\">\n\t\t\t\tHistorique de l'endroit\t\t\t\t<\/span>\n\t\t\t\t\t\t<\/span>\n\t\t<\/div>\n\t\t\t\t\t\t<\/div>\n\t\t\t\t\t<\/div>\n\t\t<\/div>\n\t\t\t\t\t<\/div>\n\t\t<\/section>\n\t\t\t\t<section class=\"elementor-section elementor-top-section elementor-element elementor-element-429663d7 elementor-section-boxed elementor-section-height-default elementor-section-height-default\" data-id=\"429663d7\" data-element_type=\"section\" data-e-type=\"section\">\n\t\t\t\t\t\t<div class=\"elementor-container elementor-column-gap-default\">\n\t\t\t\t\t<div class=\"elementor-column elementor-col-100 elementor-top-column elementor-element elementor-element-43f5a96\" data-id=\"43f5a96\" data-element_type=\"column\" data-e-type=\"column\">\n\t\t\t<div class=\"elementor-widget-wrap elementor-element-populated\">\n\t\t\t\t\t\t<div class=\"elementor-element elementor-element-208e9884 elementor-widget elementor-widget-image\" data-id=\"208e9884\" data-element_type=\"widget\" data-e-type=\"widget\" data-widget_type=\"image.default\">\n\t\t\t\t\t\t\t\t\t\t\t\t<figure class=\"wp-caption\">\n\t\t\t\t\t\t\t\t\t\t\t<a href=\"https:\/\/mondedesylvieetpierre.ca\/voyage\/wp-content\/uploads\/2016\/03\/las-vegas-casinos-map.gif\" data-elementor-open-lightbox=\"yes\" data-elementor-lightbox-title=\"las-vegas-casinos-map\" data-e-action-hash=\"#elementor-action%3Aaction%3Dlightbox%26settings%3DeyJpZCI6MTA2MjUsInVybCI6Imh0dHBzOlwvXC9tb25kZWRlc3lsdmllZXRwaWVycmUuY2FcL3ZveWFnZVwvd3AtY29udGVudFwvdXBsb2Fkc1wvMjAxNlwvMDNcL2xhcy12ZWdhcy1jYXNpbm9zLW1hcC5naWYifQ%3D%3D\">\n\t\t\t\t\t\t\t<img decoding=\"async\" src=\"https:\/\/mondedesylvieetpierre.ca\/voyage\/wp-content\/uploads\/elementor\/thumbs\/las-vegas-casinos-map-oenfqhgjdibs78nds83cz29pyzjql9sl3t7gyvg252.gif\" title=\"las-vegas-casinos-map\" alt=\"las-vegas-casinos-map\" loading=\"lazy\" \/>\t\t\t\t\t\t\t\t<\/a>\n\t\t\t\t\t\t\t\t\t\t\t<figcaption class=\"widget-image-caption wp-caption-text\">Strip&nbsp;street \u00e0 Las&nbsp;Vegas<\/figcaption>\n\t\t\t\t\t\t\t\t\t\t<\/figure>\n\t\t\t\t\t\t\t\t\t<\/div>\n\t\t\t\t\t<\/div>\n\t\t<\/div>\n\t\t\t\t\t<\/div>\n\t\t<\/section>\n\t\t\t\t<section class=\"elementor-section elementor-top-section elementor-element elementor-element-7aba5d6d elementor-section-boxed elementor-section-height-default elementor-section-height-default\" data-id=\"7aba5d6d\" data-element_type=\"section\" data-e-type=\"section\">\n\t\t\t\t\t\t<div class=\"elementor-container elementor-column-gap-default\">\n\t\t\t\t\t<div class=\"elementor-column elementor-col-100 elementor-top-column elementor-element elementor-element-337781d3\" data-id=\"337781d3\" data-element_type=\"column\" data-e-type=\"column\">\n\t\t\t<div class=\"elementor-widget-wrap elementor-element-populated\">\n\t\t\t\t\t\t<div class=\"elementor-element elementor-element-171d2ba6 elementor-widget elementor-widget-text-editor\" data-id=\"171d2ba6\" data-element_type=\"widget\" data-e-type=\"widget\" data-widget_type=\"text-editor.default\">\n\t\t\t\t\t\t\t\t\t<p style=\"text-align: center;\">Le <strong>Las&nbsp;Vegas&nbsp;Strip<\/strong> est une portion de 6,7&nbsp;km de la partie Sud du \u00ab&nbsp;<em>Las&nbsp;Vegas&nbsp;Boulevard<\/em>&nbsp;\u00bb,<br \/>\nsitu\u00e9 en partie \u00e0 <strong>Las&nbsp;Vegas<\/strong>, dans l&rsquo;<em>\u00c9tat&nbsp;du&nbsp;Nevada<\/em> aux&nbsp;<em>\u00c9tats-Unis<\/em>.<br \/>\nNombre des plus grands h\u00f4tels, casinos et centres de vill\u00e9giature du monde sont situ\u00e9s sur le <strong>Strip<\/strong>.<br \/>\nAu fil des ans, le <em>Las Vegas Boulevard<\/em> a aussi \u00e9t\u00e9 appel\u00e9 <em>Arrowhead&nbsp;Highway<\/em>, <em>Salt&nbsp;Lake&nbsp;Highway<\/em>, <em>U.S.&nbsp;Highway&nbsp;91<\/em><br \/>\net <em>Los&nbsp;Angeles&nbsp;Highway<\/em> (<em>son nom serait un hommage \u00e0 une r\u00e9sidence situ\u00e9e sur le&nbsp;Sunset&nbsp;Strip \u00e0&nbsp;Los&nbsp;Angeles<\/em>).<br \/>\nLe <strong>Strip<\/strong> s\u2019\u00e9tend du <em>Stratosphere<\/em> au nord jusqu\u2019au <em>Mandalay&nbsp;Bay<\/em> au&nbsp;sud.<br \/>\n5,6 des 6,7&nbsp;km sont situ\u00e9s sur le territoire non incorpor\u00e9 de <em>Paradise<\/em> dans le <em>comt\u00e9&nbsp;de&nbsp;Clark<\/em>.<br \/>\nEn fonction de la d\u00e9finition, son parcours ne se trouve que tr\u00e8s peu ou pas du tout dans les limites de la ville de <strong>Las&nbsp;Vegas<\/strong>.<br \/>\n<em>L\u2019a\u00e9roport&nbsp;McCarran<\/em> se trouve \u00e0 l\u2019extr\u00e9mit\u00e9 <strong>sud du Strip<\/strong>, ainsi que le fameux panneau indicateur \u00ab&nbsp;<strong><em>Welcome&nbsp;to Fabulous Las Vegas<\/em><\/strong>&nbsp;\u00bb .<br \/>\nEn plus des grands h\u00f4tels et casinos, le <em>Strip<\/em> accueille quelques casinos de taille plus modeste, des motels et d\u2019autres attractions comme M&amp;M&rsquo;s World,<br \/>\nAdventuredome (<em>parc d\u2019attraction en salle de 20,000&nbsp;m<sup>2<\/sup>, situ\u00e9 au Circus&nbsp;Circus<\/em>) ou le <em>Fashion&nbsp;Show&nbsp;Mall<\/em>.<br \/>\nDepuis le milieu des ann\u00e9es&nbsp;1990, le <strong>Strip<\/strong> est \u00e9galement une destination populaire pour f\u00eater le nouvel&nbsp;an.<br \/>\nL&rsquo;expression \u00ab&nbsp;<em>Strip&nbsp;sud<\/em>&nbsp;\u00bb (<em>South&nbsp;Strip<\/em>) est utilis\u00e9e pour d\u00e9crire la partie du <em>Las&nbsp;Vegas&nbsp;Boulevard<\/em> situ\u00e9e au&nbsp;sud de <em>Sunset&nbsp;Road<\/em>.<\/p>\t\t\t\t\t\t\t\t<\/div>\n\t\t\t\t\t<\/div>\n\t\t<\/div>\n\t\t\t\t\t<\/div>\n\t\t<\/section>\n\t\t\t\t<section class=\"elementor-section elementor-top-section elementor-element elementor-element-2389d11f elementor-section-boxed elementor-section-height-default elementor-section-height-default\" data-id=\"2389d11f\" data-element_type=\"section\" data-e-type=\"section\">\n\t\t\t\t\t\t<div class=\"elementor-container elementor-column-gap-default\">\n\t\t\t\t\t<div class=\"elementor-column elementor-col-100 elementor-top-column elementor-element elementor-element-65f8e05\" data-id=\"65f8e05\" data-element_type=\"column\" data-e-type=\"column\">\n\t\t\t<div class=\"elementor-widget-wrap elementor-element-populated\">\n\t\t\t\t\t\t<div class=\"elementor-element elementor-element-51e6b5d4 elementor-widget-divider--view-line_text elementor-widget-divider--element-align-center elementor-widget elementor-widget-divider\" data-id=\"51e6b5d4\" data-element_type=\"widget\" data-e-type=\"widget\" data-widget_type=\"divider.default\">\n\t\t\t\t\t\t\t<div class=\"elementor-divider\">\n\t\t\t<span class=\"elementor-divider-separator\">\n\t\t\t\t\t\t\t<span class=\"elementor-divider__text elementor-divider__element\">\n\t\t\t\tVenez voir nos 145 photos\t\t\t\t<\/span>\n\t\t\t\t\t\t<\/span>\n\t\t<\/div>\n\t\t\t\t\t\t<\/div>\n\t\t\t\t\t<\/div>\n\t\t<\/div>\n\t\t\t\t\t<\/div>\n\t\t<\/section>\n\t\t\t\t<section class=\"elementor-section elementor-top-section elementor-element elementor-element-65b6f367 elementor-section-boxed elementor-section-height-default elementor-section-height-default\" data-id=\"65b6f367\" data-element_type=\"section\" data-e-type=\"section\">\n\t\t\t\t\t\t<div class=\"elementor-container elementor-column-gap-default\">\n\t\t\t\t\t<div class=\"elementor-column elementor-col-100 elementor-top-column elementor-element elementor-element-2e5bd69c\" data-id=\"2e5bd69c\" data-element_type=\"column\" data-e-type=\"column\">\n\t\t\t<div class=\"elementor-widget-wrap elementor-element-populated\">\n\t\t\t\t\t\t<div class=\"elementor-element elementor-element-398649e elementor-widget elementor-widget-shortcode\" data-id=\"398649e\" data-element_type=\"widget\" data-e-type=\"widget\" data-widget_type=\"shortcode.default\">\n\t\t\t\t\t\t\t<div class=\"elementor-shortcode\"><iframe src=\"https:\/\/public.joomeo.com\/albums\/646cc053ed40d\/slideshow?iframe=1\" scrolling=\"no\" frameborder=\"0\" width=\"500\" height=\"333\" allowfullscreen><\/iframe><\/div>\n\t\t\t\t\t\t<\/div>\n\t\t\t\t\t<\/div>\n\t\t<\/div>\n\t\t\t\t\t<\/div>\n\t\t<\/section>\n\t\t\t\t<section class=\"elementor-section elementor-top-section elementor-element elementor-element-66807adc elementor-section-boxed elementor-section-height-default elementor-section-height-default\" data-id=\"66807adc\" data-element_type=\"section\" data-e-type=\"section\">\n\t\t\t\t\t\t<div class=\"elementor-container elementor-column-gap-default\">\n\t\t\t\t\t<div class=\"elementor-column elementor-col-100 elementor-top-column elementor-element elementor-element-35612188\" data-id=\"35612188\" data-element_type=\"column\" data-e-type=\"column\">\n\t\t\t<div class=\"elementor-widget-wrap elementor-element-populated\">\n\t\t\t\t\t\t<div class=\"elementor-element elementor-element-85c09ff elementor-widget-divider--view-line_text elementor-widget-divider--element-align-center elementor-widget elementor-widget-divider\" data-id=\"85c09ff\" data-element_type=\"widget\" data-e-type=\"widget\" data-widget_type=\"divider.default\">\n\t\t\t\t\t\t\t<div class=\"elementor-divider\">\n\t\t\t<span class=\"elementor-divider-separator\">\n\t\t\t\t\t\t\t<span class=\"elementor-divider__text elementor-divider__element\">\n\t\t\t\tMenu de ce voyage\t\t\t\t<\/span>\n\t\t\t\t\t\t<\/span>\n\t\t<\/div>\n\t\t\t\t\t\t<\/div>\n\t\t\t\t\t<\/div>\n\t\t<\/div>\n\t\t\t\t\t<\/div>\n\t\t<\/section>\n\t\t\t\t<section class=\"elementor-section elementor-top-section elementor-element elementor-element-e49588c elementor-section-boxed elementor-section-height-default elementor-section-height-default\" data-id=\"e49588c\" data-element_type=\"section\" data-e-type=\"section\">\n\t\t\t\t\t\t<div class=\"elementor-container elementor-column-gap-default\">\n\t\t\t\t\t<div class=\"elementor-column elementor-col-100 elementor-top-column elementor-element elementor-element-55aacdbd\" data-id=\"55aacdbd\" data-element_type=\"column\" data-e-type=\"column\">\n\t\t\t<div class=\"elementor-widget-wrap elementor-element-populated\">\n\t\t\t\t\t\t<div class=\"elementor-element elementor-element-567606de elementor-widget elementor-widget-text-editor\" data-id=\"567606de\" data-element_type=\"widget\" data-e-type=\"widget\" data-widget_type=\"text-editor.default\">\n\t\t\t\t\t\t\t\t\t<table border=\"0\" width=\"100%\" cellspacing=\"10\" align=\"center\">\n<tbody>\n<tr>\n<th class=\"menugroslettre\" colspan=\"2\" scope=\"col\" width=\"90%\">MENU DE NOTRE S\u00c9JOUR \u00c0&nbsp;LAS&nbsp;VEGAS<\/th>\n<\/tr>\n<tr>\n<th width=\"90%\" colspan=\"2\" align=\"center\"><a href=\"https:\/\/mondedesylvieetpierre.ca\/voyage\/?p=7949\">Portail de notre s\u00e9jour \u00e0&nbsp;Las&nbsp;Vegas<\/a><\/th>\n<\/tr>\n<tr>\n<th scope=\"row\" align=\"left\" valign=\"middle\" width=\"10%\">\u00c0&nbsp;Las&nbsp;Vegas&nbsp;:<\/th>\n<td align=\"left\" valign=\"middle\"><a href=\"https:\/\/mondedesylvieetpierre.ca\/voyage\/?page_id=10528\">A\u00e9roport&nbsp;de&nbsp;Las&nbsp;Vegas<\/a> \u2014 <a href=\"https:\/\/mondedesylvieetpierre.ca\/voyage\/?page_id=10530\">Stratosph\u00e8re&nbsp;de&nbsp;Best&nbsp;View<\/a> \u2014 <a href=\"https:\/\/mondedesylvieetpierre.ca\/voyage\/?page_id=10532\">Fremont<\/a> \u2014 <a href=\"https:\/\/mondedesylvieetpierre.ca\/voyage\/?page_id=10534\">H\u00f4tel&nbsp;Comfort&nbsp;Inn<\/a> \u2014 <span style=\"color: #cccccc; font-size: large;\">Strip&nbsp;Street<\/span> \u2014 <a href=\"https:\/\/mondedesylvieetpierre.ca\/voyage\/?page_id=10538\">Strip&nbsp;Street&nbsp;de&nbsp;nuit<\/a><\/td>\n<\/tr>\n<\/tbody>\n<\/table>\t\t\t\t\t\t\t\t<\/div>\n\t\t\t\t\t<\/div>\n\t\t<\/div>\n\t\t\t\t\t<\/div>\n\t\t<\/section>\n\t\t\t\t<\/div>\n\t\t","protected":false},"excerpt":{"rendered":"<p>Strip&nbsp;street Las&nbsp;Vegas \u00c9tat du&nbsp;Nevada \u00c9tats-Unis Historique de l&rsquo;endroit Strip&nbsp;street \u00e0 Las&nbsp;Vegas Le Las&nbsp;Vegas&nbsp;Strip est une portion de 6,7&nbsp;km de la partie Sud du \u00ab&nbsp;Las&nbsp;Vegas&nbsp;Boulevard&nbsp;\u00bb, situ\u00e9 en partie \u00e0 Las&nbsp;Vegas, dans l&rsquo;\u00c9tat&nbsp;du&nbsp;Nevada aux&nbsp;\u00c9tats-Unis. Nombre des plus grands h\u00f4tels, casinos et centres de vill\u00e9giature du monde sont situ\u00e9s sur le Strip. Au fil des ans, le Las&#8230; <span class=\"more\"><a class=\"more-link\" href=\"https:\/\/mondedesylvieetpierre.ca\/voyage\/?page_id=10536\">Lire la suite<\/a><\/span><\/p>\n","protected":false},"author":1,"featured_media":0,"parent":0,"menu_order":0,"comment_status":"closed","ping_status":"closed","template":"elementor_header_footer","meta":{"footnotes":""},"categories":[147],"tags":[],"class_list":["post-10536","page","type-page","status-publish","hentry","category-las_vegas_2006"],"_links":{"self":[{"href":"https:\/\/mondedesylvieetpierre.ca\/voyage\/index.php?rest_route=\/wp\/v2\/pages\/10536","targetHints":{"allow":["GET"]}}],"collection":[{"href":"https:\/\/mondedesylvieetpierre.ca\/voyage\/index.php?rest_route=\/wp\/v2\/pages"}],"about":[{"href":"https:\/\/mondedesylvieetpierre.ca\/voyage\/index.php?rest_route=\/wp\/v2\/types\/page"}],"author":[{"embeddable":true,"href":"https:\/\/mondedesylvieetpierre.ca\/voyage\/index.php?rest_route=\/wp\/v2\/users\/1"}],"replies":[{"embeddable":true,"href":"https:\/\/mondedesylvieetpierre.ca\/voyage\/index.php?rest_route=%2Fwp%2Fv2%2Fcomments&post=10536"}],"version-history":[{"count":0,"href":"https:\/\/mondedesylvieetpierre.ca\/voyage\/index.php?rest_route=\/wp\/v2\/pages\/10536\/revisions"}],"wp:attachment":[{"href":"https:\/\/mondedesylvieetpierre.ca\/voyage\/index.php?rest_route=%2Fwp%2Fv2%2Fmedia&parent=10536"}],"wp:term":[{"taxonomy":"category","embeddable":true,"href":"https:\/\/mondedesylvieetpierre.ca\/voyage\/index.php?rest_route=%2Fwp%2Fv2%2Fcategories&post=10536"},{"taxonomy":"post_tag","embeddable":true,"href":"https:\/\/mondedesylvieetpierre.ca\/voyage\/index.php?rest_route=%2Fwp%2Fv2%2Ftags&post=10536"}],"curies":[{"name":"wp","href":"https:\/\/api.w.org\/{rel}","templated":true}]}}