{"id":12301,"date":"2017-01-25T14:43:03","date_gmt":"2017-01-25T19:43:03","guid":{"rendered":"https:\/\/mondedesylvieetpierre.ca\/voyage\/?page_id=12301"},"modified":"2023-03-31T13:23:38","modified_gmt":"2023-03-31T18:23:38","slug":"summit-celebrity-2017","status":"publish","type":"page","link":"https:\/\/mondedesylvieetpierre.ca\/voyage\/?page_id=12301","title":{"rendered":"Summit Celebrity 2017"},"content":{"rendered":"\t\t<div data-elementor-type=\"wp-page\" data-elementor-id=\"12301\" class=\"elementor elementor-12301\" data-elementor-post-type=\"page\">\n\t\t\t\t\t\t<section class=\"elementor-section elementor-top-section elementor-element elementor-element-39b1b47a elementor-section-boxed elementor-section-height-default elementor-section-height-default\" data-id=\"39b1b47a\" data-element_type=\"section\" data-e-type=\"section\">\n\t\t\t\t\t\t<div class=\"elementor-container elementor-column-gap-default\">\n\t\t\t\t\t<div class=\"elementor-column elementor-col-100 elementor-top-column elementor-element elementor-element-5d0f3f42\" data-id=\"5d0f3f42\" data-element_type=\"column\" data-e-type=\"column\">\n\t\t\t<div class=\"elementor-widget-wrap elementor-element-populated\">\n\t\t\t\t\t\t<div class=\"elementor-element elementor-element-be3eab7 elementor-widget elementor-widget-image\" data-id=\"be3eab7\" data-element_type=\"widget\" data-e-type=\"widget\" data-widget_type=\"image.default\">\n\t\t\t\t\t\t\t\t\t\t\t\t\t\t\t<img decoding=\"async\" width=\"300\" height=\"67\" src=\"https:\/\/mondedesylvieetpierre.ca\/voyage\/wp-content\/uploads\/2023\/02\/logo_Celebrity_Cruises-_300x67.png\" class=\"attachment-pixelwars_theme_image_size_nullx500 size-pixelwars_theme_image_size_nullx500 wp-image-30552\" alt=\"\" \/>\t\t\t\t\t\t\t\t\t\t\t\t\t\t\t<\/div>\n\t\t\t\t\t<\/div>\n\t\t<\/div>\n\t\t\t\t\t<\/div>\n\t\t<\/section>\n\t\t\t\t<section class=\"elementor-section elementor-top-section elementor-element elementor-element-7798cf72 elementor-section-boxed elementor-section-height-default elementor-section-height-default\" data-id=\"7798cf72\" data-element_type=\"section\" data-e-type=\"section\">\n\t\t\t\t\t\t<div class=\"elementor-container elementor-column-gap-default\">\n\t\t\t\t\t<div class=\"elementor-column elementor-col-100 elementor-top-column elementor-element elementor-element-27a3b566\" data-id=\"27a3b566\" data-element_type=\"column\" data-e-type=\"column\">\n\t\t\t<div class=\"elementor-widget-wrap elementor-element-populated\">\n\t\t\t\t\t\t<div class=\"elementor-element elementor-element-ea83cb7 elementor-widget elementor-widget-image\" data-id=\"ea83cb7\" data-element_type=\"widget\" data-e-type=\"widget\" data-widget_type=\"image.default\">\n\t\t\t\t\t\t\t\t\t\t\t\t\t\t\t<img fetchpriority=\"high\" decoding=\"async\" width=\"500\" height=\"161\" src=\"https:\/\/mondedesylvieetpierre.ca\/voyage\/wp-content\/uploads\/2017\/01\/cover-celebrity-summit.jpg\" class=\"attachment-pixelwars_theme_image_size_nullx500 size-pixelwars_theme_image_size_nullx500 wp-image-12333\" alt=\"\" srcset=\"https:\/\/mondedesylvieetpierre.ca\/voyage\/wp-content\/uploads\/2017\/01\/cover-celebrity-summit.jpg 500w, https:\/\/mondedesylvieetpierre.ca\/voyage\/wp-content\/uploads\/2017\/01\/cover-celebrity-summit-300x97.jpg 300w\" sizes=\"(max-width: 500px) 100vw, 500px\" \/>\t\t\t\t\t\t\t\t\t\t\t\t\t\t\t<\/div>\n\t\t\t\t\t<\/div>\n\t\t<\/div>\n\t\t\t\t\t<\/div>\n\t\t<\/section>\n\t\t\t\t<section class=\"elementor-section elementor-top-section elementor-element elementor-element-ec06b4e elementor-section-boxed elementor-section-height-default elementor-section-height-default\" data-id=\"ec06b4e\" data-element_type=\"section\" data-e-type=\"section\">\n\t\t\t\t\t\t<div class=\"elementor-container elementor-column-gap-default\">\n\t\t\t\t\t<div class=\"elementor-column elementor-col-100 elementor-top-column elementor-element elementor-element-d0680b6\" data-id=\"d0680b6\" data-element_type=\"column\" data-e-type=\"column\">\n\t\t\t<div class=\"elementor-widget-wrap elementor-element-populated\">\n\t\t\t\t\t\t<div class=\"elementor-element elementor-element-08f34b0 elementor-widget elementor-widget-heading\" data-id=\"08f34b0\" data-element_type=\"widget\" data-e-type=\"widget\" data-widget_type=\"heading.default\">\n\t\t\t\t\t<h2 class=\"elementor-heading-title elementor-size-default\">Celebrity&nbsp;Summit<\/h2>\t\t\t\t<\/div>\n\t\t\t\t\t<\/div>\n\t\t<\/div>\n\t\t\t\t\t<\/div>\n\t\t<\/section>\n\t\t\t\t<section class=\"elementor-section elementor-top-section elementor-element elementor-element-67d3bf87 elementor-section-boxed elementor-section-height-default elementor-section-height-default\" data-id=\"67d3bf87\" data-element_type=\"section\" data-e-type=\"section\">\n\t\t\t\t\t\t<div class=\"elementor-container elementor-column-gap-default\">\n\t\t\t\t\t<div class=\"elementor-column elementor-col-100 elementor-top-column elementor-element elementor-element-5849bf4\" data-id=\"5849bf4\" data-element_type=\"column\" data-e-type=\"column\">\n\t\t\t<div class=\"elementor-widget-wrap elementor-element-populated\">\n\t\t\t\t\t\t<div class=\"elementor-element elementor-element-9a47b91 elementor-widget-divider--view-line_text elementor-widget-divider--element-align-center elementor-widget elementor-widget-divider\" data-id=\"9a47b91\" data-element_type=\"widget\" data-e-type=\"widget\" data-widget_type=\"divider.default\">\n\t\t\t\t\t\t\t<div class=\"elementor-divider\">\n\t\t\t<span class=\"elementor-divider-separator\">\n\t\t\t\t\t\t\t<span class=\"elementor-divider__text elementor-divider__element\">\n\t\t\t\tHistorique du bateau de croisi\u00e8re\t\t\t\t<\/span>\n\t\t\t\t\t\t<\/span>\n\t\t<\/div>\n\t\t\t\t\t\t<\/div>\n\t\t\t\t\t<\/div>\n\t\t<\/div>\n\t\t\t\t\t<\/div>\n\t\t<\/section>\n\t\t\t\t<section class=\"elementor-section elementor-top-section elementor-element elementor-element-78427c64 elementor-section-boxed elementor-section-height-default elementor-section-height-default\" data-id=\"78427c64\" data-element_type=\"section\" data-e-type=\"section\">\n\t\t\t\t\t\t<div class=\"elementor-container elementor-column-gap-default\">\n\t\t\t\t\t<div class=\"elementor-column elementor-col-100 elementor-top-column elementor-element elementor-element-11069ceb\" data-id=\"11069ceb\" data-element_type=\"column\" data-e-type=\"column\">\n\t\t\t<div class=\"elementor-widget-wrap elementor-element-populated\">\n\t\t\t\t\t\t<div class=\"elementor-element elementor-element-5fb7121e elementor-widget elementor-widget-text-editor\" data-id=\"5fb7121e\" data-element_type=\"widget\" data-e-type=\"widget\" data-widget_type=\"text-editor.default\">\n\t\t\t\t\t\t\t\t\t<p style=\"text-align: center;\">Le <strong>Summit<\/strong>, 4<sup>e<\/sup> m\u00e9ga-paquebot de la compagnie&nbsp;<em>Celebrity&nbsp;Cruises<\/em>, fr\u00e8re de l&rsquo;<strong>Infinity<\/strong> et du <strong>Millenium<\/strong>.<br \/>\nEn&nbsp;2001, il a \u00e9t\u00e9 construit par le chantier naval de Chantiers de l\u2019Atlantique \u00e0 Saint-Nazaire, France pour Celebrity&nbsp;Cruises.<br \/>\nAvec une capacit\u00e9 de 2,158&nbsp;passagers.<\/p>\t\t\t\t\t\t\t\t<\/div>\n\t\t\t\t\t<\/div>\n\t\t<\/div>\n\t\t\t\t\t<\/div>\n\t\t<\/section>\n\t\t\t\t<section class=\"elementor-section elementor-top-section elementor-element elementor-element-2e53617e elementor-section-boxed elementor-section-height-default elementor-section-height-default\" data-id=\"2e53617e\" data-element_type=\"section\" data-e-type=\"section\">\n\t\t\t\t\t\t<div class=\"elementor-container elementor-column-gap-default\">\n\t\t\t\t\t<div class=\"elementor-column elementor-col-100 elementor-top-column elementor-element elementor-element-5a08822e\" data-id=\"5a08822e\" data-element_type=\"column\" data-e-type=\"column\">\n\t\t\t<div class=\"elementor-widget-wrap elementor-element-populated\">\n\t\t\t\t\t\t<div class=\"elementor-element elementor-element-4391326e elementor-widget-divider--view-line_text elementor-widget-divider--element-align-center elementor-widget elementor-widget-divider\" data-id=\"4391326e\" data-element_type=\"widget\" data-e-type=\"widget\" data-widget_type=\"divider.default\">\n\t\t\t\t\t\t\t<div class=\"elementor-divider\">\n\t\t\t<span class=\"elementor-divider-separator\">\n\t\t\t\t\t\t\t<span class=\"elementor-divider__text elementor-divider__element\">\n\t\t\t\tVenez voir nos 39 photos\t\t\t\t<\/span>\n\t\t\t\t\t\t<\/span>\n\t\t<\/div>\n\t\t\t\t\t\t<\/div>\n\t\t\t\t\t<\/div>\n\t\t<\/div>\n\t\t\t\t\t<\/div>\n\t\t<\/section>\n\t\t\t\t<section class=\"elementor-section elementor-top-section elementor-element elementor-element-7bf9bdcd elementor-section-boxed elementor-section-height-default elementor-section-height-default\" data-id=\"7bf9bdcd\" data-element_type=\"section\" data-e-type=\"section\">\n\t\t\t\t\t\t<div class=\"elementor-container elementor-column-gap-default\">\n\t\t\t\t\t<div class=\"elementor-column elementor-col-100 elementor-top-column elementor-element elementor-element-6e379547\" data-id=\"6e379547\" data-element_type=\"column\" data-e-type=\"column\">\n\t\t\t<div class=\"elementor-widget-wrap elementor-element-populated\">\n\t\t\t\t\t\t<div class=\"elementor-element elementor-element-16305f26 elementor-widget elementor-widget-shortcode\" data-id=\"16305f26\" data-element_type=\"widget\" data-e-type=\"widget\" data-widget_type=\"shortcode.default\">\n\t\t\t\t\t\t\t<div class=\"elementor-shortcode\"><iframe class=\"aligncenter\" src=\"https:\/\/public.joomeo.com\/albums\/621e44e2715e1\/slideshow?iframe=1\" width=\"500\" height=\"333\" frameborder=\"0\" scrolling=\"no\" allowfullscreen=\"allowfullscreen\"><\/iframe><\/div>\n\t\t\t\t\t\t<\/div>\n\t\t\t\t\t<\/div>\n\t\t<\/div>\n\t\t\t\t\t<\/div>\n\t\t<\/section>\n\t\t\t\t<section class=\"elementor-section elementor-top-section elementor-element elementor-element-6fb2ff51 elementor-section-boxed elementor-section-height-default elementor-section-height-default\" data-id=\"6fb2ff51\" data-element_type=\"section\" data-e-type=\"section\">\n\t\t\t\t\t\t<div class=\"elementor-container elementor-column-gap-default\">\n\t\t\t\t\t<div class=\"elementor-column elementor-col-100 elementor-top-column elementor-element elementor-element-32f69612\" data-id=\"32f69612\" data-element_type=\"column\" data-e-type=\"column\">\n\t\t\t<div class=\"elementor-widget-wrap elementor-element-populated\">\n\t\t\t\t\t\t<div class=\"elementor-element elementor-element-2d9692cd elementor-widget-divider--view-line_text elementor-widget-divider--element-align-center elementor-widget elementor-widget-divider\" data-id=\"2d9692cd\" data-element_type=\"widget\" data-e-type=\"widget\" data-widget_type=\"divider.default\">\n\t\t\t\t\t\t\t<div class=\"elementor-divider\">\n\t\t\t<span class=\"elementor-divider-separator\">\n\t\t\t\t\t\t\t<span class=\"elementor-divider__text elementor-divider__element\">\n\t\t\t\tMenu de ce voyage\t\t\t\t<\/span>\n\t\t\t\t\t\t<\/span>\n\t\t<\/div>\n\t\t\t\t\t\t<\/div>\n\t\t\t\t\t<\/div>\n\t\t<\/div>\n\t\t\t\t\t<\/div>\n\t\t<\/section>\n\t\t\t\t<section class=\"elementor-section elementor-top-section elementor-element elementor-element-585956bd elementor-section-boxed elementor-section-height-default elementor-section-height-default\" data-id=\"585956bd\" data-element_type=\"section\" data-e-type=\"section\">\n\t\t\t\t\t\t<div class=\"elementor-container elementor-column-gap-default\">\n\t\t\t\t\t<div class=\"elementor-column elementor-col-100 elementor-top-column elementor-element elementor-element-37db7113\" data-id=\"37db7113\" data-element_type=\"column\" data-e-type=\"column\">\n\t\t\t<div class=\"elementor-widget-wrap elementor-element-populated\">\n\t\t\t\t\t\t<div class=\"elementor-element elementor-element-6689c25e elementor-widget elementor-widget-text-editor\" data-id=\"6689c25e\" data-element_type=\"widget\" data-e-type=\"widget\" data-widget_type=\"text-editor.default\">\n\t\t\t\t\t\t\t\t\t<table border=\"0\" width=\"100%\" cellspacing=\"10\" align=\"center\">\n<tbody>\n<tr>\n<th class=\"menugroslettre\" colspan=\"2\" scope=\"col\" width=\"90%\">MENU DE LA CROISI\u00c8RE AUX BAHAMAS<\/th>\n<\/tr>\n<tr>\n<th width=\"90%\" colspan=\"2\" align=\"center\"><a href=\"https:\/\/mondedesylvieetpierre.ca\/voyage\/?p=12265\">Portail de la croisi\u00e8re aux Bahamas<\/a><\/th>\n<\/tr>\n<tr>\n<th scope=\"row\" align=\"left\" valign=\"middle\" width=\"16%\">Les&nbsp;Bahamas&nbsp;:<\/th>\n<td align=\"left\" valign=\"middle\"><a href=\"https:\/\/mondedesylvieetpierre.ca\/voyage\/?page_id=12297\">CocoCay<\/a> \u2014 <a href=\"https:\/\/mondedesylvieetpierre.ca\/voyage\/?page_id=12295\">Nassau<\/a><\/td>\n<\/tr>\n<tr>\n<th scope=\"row\" align=\"left\" valign=\"middle\" width=\"16%\">En&nbsp;Floride&nbsp;(\u00c9.U.)&nbsp;:<\/th>\n<td align=\"left\" valign=\"middle\"><a href=\"https:\/\/mondedesylvieetpierre.ca\/voyage\/?page_id=12303\">Fort&nbsp;Lauderdale<\/a> \u2014 <a href=\"https:\/\/mondedesylvieetpierre.ca\/voyage\/?page_id=12299\">Key&nbsp;West<\/a><\/td>\n<\/tr>\n<tr>\n<th scope=\"row\" align=\"left\" valign=\"middle\" width=\"16%\">Le&nbsp;bateau&nbsp;:<\/th>\n<td align=\"left\" valign=\"middle\"><span style=\"color: #cccccc; font-size: large;\">Summit&nbsp;Celebrity<\/span><\/td>\n<\/tr>\n<\/tbody>\n<\/table>\t\t\t\t\t\t\t\t<\/div>\n\t\t\t\t\t<\/div>\n\t\t<\/div>\n\t\t\t\t\t<\/div>\n\t\t<\/section>\n\t\t\t\t<\/div>\n\t\t","protected":false},"excerpt":{"rendered":"<p>Celebrity&nbsp;Summit Historique du bateau de croisi\u00e8re Le Summit, 4e m\u00e9ga-paquebot de la compagnie&nbsp;Celebrity&nbsp;Cruises, fr\u00e8re de l&rsquo;Infinity et du Millenium. En&nbsp;2001, il a \u00e9t\u00e9 construit par le chantier naval de Chantiers de l\u2019Atlantique \u00e0 Saint-Nazaire, France pour Celebrity&nbsp;Cruises. Avec une capacit\u00e9 de 2,158&nbsp;passagers. Venez voir nos 39 photos Menu de ce voyage MENU DE LA CROISI\u00c8RE&#8230; <span class=\"more\"><a class=\"more-link\" href=\"https:\/\/mondedesylvieetpierre.ca\/voyage\/?page_id=12301\">Lire la suite<\/a><\/span><\/p>\n","protected":false},"author":1,"featured_media":0,"parent":0,"menu_order":0,"comment_status":"closed","ping_status":"closed","template":"elementor_header_footer","meta":{"footnotes":""},"categories":[177],"tags":[],"class_list":["post-12301","page","type-page","status-publish","hentry","category-bahamas_2017"],"_links":{"self":[{"href":"https:\/\/mondedesylvieetpierre.ca\/voyage\/index.php?rest_route=\/wp\/v2\/pages\/12301","targetHints":{"allow":["GET"]}}],"collection":[{"href":"https:\/\/mondedesylvieetpierre.ca\/voyage\/index.php?rest_route=\/wp\/v2\/pages"}],"about":[{"href":"https:\/\/mondedesylvieetpierre.ca\/voyage\/index.php?rest_route=\/wp\/v2\/types\/page"}],"author":[{"embeddable":true,"href":"https:\/\/mondedesylvieetpierre.ca\/voyage\/index.php?rest_route=\/wp\/v2\/users\/1"}],"replies":[{"embeddable":true,"href":"https:\/\/mondedesylvieetpierre.ca\/voyage\/index.php?rest_route=%2Fwp%2Fv2%2Fcomments&post=12301"}],"version-history":[{"count":0,"href":"https:\/\/mondedesylvieetpierre.ca\/voyage\/index.php?rest_route=\/wp\/v2\/pages\/12301\/revisions"}],"wp:attachment":[{"href":"https:\/\/mondedesylvieetpierre.ca\/voyage\/index.php?rest_route=%2Fwp%2Fv2%2Fmedia&parent=12301"}],"wp:term":[{"taxonomy":"category","embeddable":true,"href":"https:\/\/mondedesylvieetpierre.ca\/voyage\/index.php?rest_route=%2Fwp%2Fv2%2Fcategories&post=12301"},{"taxonomy":"post_tag","embeddable":true,"href":"https:\/\/mondedesylvieetpierre.ca\/voyage\/index.php?rest_route=%2Fwp%2Fv2%2Ftags&post=12301"}],"curies":[{"name":"wp","href":"https:\/\/api.w.org\/{rel}","templated":true}]}}