{"id":22577,"date":"2022-09-12T08:43:38","date_gmt":"2022-09-12T13:43:38","guid":{"rendered":"https:\/\/mondedesylvieetpierre.ca\/voyage\/?page_id=22577"},"modified":"2023-03-30T17:55:47","modified_gmt":"2023-03-30T22:55:47","slug":"musee-du-penis-reykjavik-islande","status":"publish","type":"page","link":"https:\/\/mondedesylvieetpierre.ca\/voyage\/?page_id=22577","title":{"rendered":"Mus\u00e9e\u00a0du\u00a0P\u00e9nis\u00a0&#8211; Reykjavik (Islande)"},"content":{"rendered":"\t\t<div data-elementor-type=\"wp-page\" data-elementor-id=\"22577\" class=\"elementor elementor-22577\" data-elementor-post-type=\"page\">\n\t\t\t\t\t\t<section class=\"elementor-section elementor-top-section elementor-element elementor-element-2ada74b2 elementor-section-boxed elementor-section-height-default elementor-section-height-default\" data-id=\"2ada74b2\" data-element_type=\"section\" data-e-type=\"section\">\n\t\t\t\t\t\t<div class=\"elementor-container elementor-column-gap-default\">\n\t\t\t\t\t<div class=\"elementor-column elementor-col-100 elementor-top-column elementor-element elementor-element-2ebe5eb0\" data-id=\"2ebe5eb0\" data-element_type=\"column\" data-e-type=\"column\">\n\t\t\t<div class=\"elementor-widget-wrap elementor-element-populated\">\n\t\t\t\t\t\t<div class=\"elementor-element elementor-element-64d31749 elementor-widget elementor-widget-heading\" data-id=\"64d31749\" data-element_type=\"widget\" data-e-type=\"widget\" data-widget_type=\"heading.default\">\n\t\t\t\t\t<h2 class=\"elementor-heading-title elementor-size-xl\">Mus\u00e9e National des Phallus<br \/>\n(Mus\u00e9e du P\u00e9nis)<\/h2>\t\t\t\t<\/div>\n\t\t\t\t\t<\/div>\n\t\t<\/div>\n\t\t\t\t\t<\/div>\n\t\t<\/section>\n\t\t\t\t<section class=\"elementor-section elementor-top-section elementor-element elementor-element-6a2b77b4 elementor-section-boxed elementor-section-height-default elementor-section-height-default\" data-id=\"6a2b77b4\" data-element_type=\"section\" data-e-type=\"section\">\n\t\t\t\t\t\t<div class=\"elementor-container elementor-column-gap-default\">\n\t\t\t\t\t<div class=\"elementor-column elementor-col-100 elementor-top-column elementor-element elementor-element-7d6231c6\" data-id=\"7d6231c6\" data-element_type=\"column\" data-e-type=\"column\">\n\t\t\t<div class=\"elementor-widget-wrap elementor-element-populated\">\n\t\t\t\t\t\t<div class=\"elementor-element elementor-element-119607ed elementor-widget elementor-widget-heading\" data-id=\"119607ed\" data-element_type=\"widget\" data-e-type=\"widget\" data-widget_type=\"heading.default\">\n\t\t\t\t\t<h2 class=\"elementor-heading-title elementor-size-default\">Reykjavik<\/h2>\t\t\t\t<\/div>\n\t\t\t\t\t<\/div>\n\t\t<\/div>\n\t\t\t\t\t<\/div>\n\t\t<\/section>\n\t\t\t\t<section class=\"elementor-section elementor-top-section elementor-element elementor-element-3c75387c elementor-section-boxed elementor-section-height-default elementor-section-height-default\" data-id=\"3c75387c\" data-element_type=\"section\" data-e-type=\"section\">\n\t\t\t\t\t\t<div class=\"elementor-container elementor-column-gap-default\">\n\t\t\t\t\t<div class=\"elementor-column elementor-col-100 elementor-top-column elementor-element elementor-element-60db8431\" data-id=\"60db8431\" data-element_type=\"column\" data-e-type=\"column\">\n\t\t\t<div class=\"elementor-widget-wrap elementor-element-populated\">\n\t\t\t\t\t\t<div class=\"elementor-element elementor-element-609adf01 elementor-widget elementor-widget-image\" data-id=\"609adf01\" data-element_type=\"widget\" data-e-type=\"widget\" data-widget_type=\"image.default\">\n\t\t\t\t\t\t\t\t\t\t\t\t\t\t\t<img decoding=\"async\" width=\"100\" height=\"72\" src=\"https:\/\/mondedesylvieetpierre.ca\/voyage\/wp-content\/uploads\/2016\/01\/Drapeau_Islande.png\" class=\"attachment-large size-large wp-image-6089\" alt=\"\" \/>\t\t\t\t\t\t\t\t\t\t\t\t\t\t\t<\/div>\n\t\t\t\t\t<\/div>\n\t\t<\/div>\n\t\t\t\t\t<\/div>\n\t\t<\/section>\n\t\t\t\t<section class=\"elementor-section elementor-top-section elementor-element elementor-element-19b53d8 elementor-section-boxed elementor-section-height-default elementor-section-height-default\" data-id=\"19b53d8\" data-element_type=\"section\" data-e-type=\"section\">\n\t\t\t\t\t\t<div class=\"elementor-container elementor-column-gap-default\">\n\t\t\t\t\t<div class=\"elementor-column elementor-col-100 elementor-top-column elementor-element elementor-element-3b66eb8f\" data-id=\"3b66eb8f\" data-element_type=\"column\" data-e-type=\"column\">\n\t\t\t<div class=\"elementor-widget-wrap elementor-element-populated\">\n\t\t\t\t\t\t<div class=\"elementor-element elementor-element-1f04d24b elementor-widget elementor-widget-heading\" data-id=\"1f04d24b\" data-element_type=\"widget\" data-e-type=\"widget\" data-widget_type=\"heading.default\">\n\t\t\t\t\t<h2 class=\"elementor-heading-title elementor-size-default\">Islande<\/h2>\t\t\t\t<\/div>\n\t\t\t\t\t<\/div>\n\t\t<\/div>\n\t\t\t\t\t<\/div>\n\t\t<\/section>\n\t\t\t\t<section class=\"elementor-section elementor-top-section elementor-element elementor-element-5d6e3f6b elementor-section-boxed elementor-section-height-default elementor-section-height-default\" data-id=\"5d6e3f6b\" data-element_type=\"section\" data-e-type=\"section\">\n\t\t\t\t\t\t<div class=\"elementor-container elementor-column-gap-default\">\n\t\t\t\t\t<div class=\"elementor-column elementor-col-100 elementor-top-column elementor-element elementor-element-219d7fae\" data-id=\"219d7fae\" data-element_type=\"column\" data-e-type=\"column\">\n\t\t\t<div class=\"elementor-widget-wrap elementor-element-populated\">\n\t\t\t\t\t\t<div class=\"elementor-element elementor-element-16e574ab elementor-widget-divider--view-line_text elementor-widget-divider--element-align-center elementor-widget elementor-widget-divider\" data-id=\"16e574ab\" data-element_type=\"widget\" data-e-type=\"widget\" data-widget_type=\"divider.default\">\n\t\t\t\t\t\t\t<div class=\"elementor-divider\">\n\t\t\t<span class=\"elementor-divider-separator\">\n\t\t\t\t\t\t\t<span class=\"elementor-divider__text elementor-divider__element\">\n\t\t\t\tHistorique de l'endroit\t\t\t\t<\/span>\n\t\t\t\t\t\t<\/span>\n\t\t<\/div>\n\t\t\t\t\t\t<\/div>\n\t\t\t\t\t<\/div>\n\t\t<\/div>\n\t\t\t\t\t<\/div>\n\t\t<\/section>\n\t\t\t\t<section class=\"elementor-section elementor-top-section elementor-element elementor-element-3a340d83 elementor-section-boxed elementor-section-height-default elementor-section-height-default\" data-id=\"3a340d83\" data-element_type=\"section\" data-e-type=\"section\">\n\t\t\t\t\t\t<div class=\"elementor-container elementor-column-gap-default\">\n\t\t\t\t\t<div class=\"elementor-column elementor-col-100 elementor-top-column elementor-element elementor-element-34567ff7\" data-id=\"34567ff7\" data-element_type=\"column\" data-e-type=\"column\">\n\t\t\t<div class=\"elementor-widget-wrap elementor-element-populated\">\n\t\t\t\t\t\t<div class=\"elementor-element elementor-element-ba1924d elementor-widget elementor-widget-image\" data-id=\"ba1924d\" data-element_type=\"widget\" data-e-type=\"widget\" data-widget_type=\"image.default\">\n\t\t\t\t\t\t\t\t\t\t\t\t<figure class=\"wp-caption\">\n\t\t\t\t\t\t\t\t\t\t\t<a href=\"https:\/\/mondedesylvieetpierre.ca\/voyage\/wp-content\/uploads\/2022\/09\/Musee-du-Penis-Reykjavik-1300x410-1.jpg\" data-elementor-open-lightbox=\"yes\" data-elementor-lightbox-title=\"Musee du Penis - Reykjavik 1300x410\" data-e-action-hash=\"#elementor-action%3Aaction%3Dlightbox%26settings%3DeyJpZCI6MjMyNTgsInVybCI6Imh0dHBzOlwvXC9tb25kZWRlc3lsdmllZXRwaWVycmUuY2FcL3ZveWFnZVwvd3AtY29udGVudFwvdXBsb2Fkc1wvMjAyMlwvMDlcL011c2VlLWR1LVBlbmlzLVJleWtqYXZpay0xMzAweDQxMC0xLmpwZyJ9\">\n\t\t\t\t\t\t\t<img decoding=\"async\" src=\"https:\/\/mondedesylvieetpierre.ca\/voyage\/wp-content\/uploads\/elementor\/thumbs\/Musee-du-Penis-Reykjavik-1300x410-1-puydrl7dun1u6elypw23436cw0kdu7n6zfppb9dwks.jpg\" title=\"Musee du Penis &#8211; Reykjavik 1300&#215;410\" alt=\"Musee du Penis - Reykjavik 1300x410\" loading=\"lazy\" \/>\t\t\t\t\t\t\t\t<\/a>\n\t\t\t\t\t\t\t\t\t\t\t<figcaption class=\"widget-image-caption wp-caption-text\">Mus\u00e9e National des Phallus -Reykjavik <\/figcaption>\n\t\t\t\t\t\t\t\t\t\t<\/figure>\n\t\t\t\t\t\t\t\t\t<\/div>\n\t\t\t\t\t<\/div>\n\t\t<\/div>\n\t\t\t\t\t<\/div>\n\t\t<\/section>\n\t\t\t\t<section class=\"elementor-section elementor-top-section elementor-element elementor-element-23c523c3 elementor-section-boxed elementor-section-height-default elementor-section-height-default\" data-id=\"23c523c3\" data-element_type=\"section\" data-e-type=\"section\">\n\t\t\t\t\t\t<div class=\"elementor-container elementor-column-gap-default\">\n\t\t\t\t\t<div class=\"elementor-column elementor-col-100 elementor-top-column elementor-element elementor-element-148320a3\" data-id=\"148320a3\" data-element_type=\"column\" data-e-type=\"column\">\n\t\t\t<div class=\"elementor-widget-wrap elementor-element-populated\">\n\t\t\t\t\t\t<div class=\"elementor-element elementor-element-62801415 elementor-widget elementor-widget-text-editor\" data-id=\"62801415\" data-element_type=\"widget\" data-e-type=\"widget\" data-widget_type=\"text-editor.default\">\n\t\t\t\t\t\t\t\t\t<p style=\"text-align: center;\">Le p\u00e9nis sous toutes ses formes au <strong>Mus\u00e9e National des Phallus<\/strong> de <em>Reykjavik<\/em> est probablement le seul au monde de son esp\u00e8ce, car il r\u00e9unit les organes g\u00e9nitaux de tous les mammif\u00e8res d&rsquo;<em>Islande<\/em>.<br \/>\nLa <em>phallologie<\/em> est une science jeune, elle n&rsquo;a pas plus de vingt-cinq&nbsp;ans.<br \/>\nEnfin, il va devenir possible d&rsquo;\u00e9tudier de fa\u00e7on approfondie, ce mus\u00e9e en soit lou\u00e9, les phallus d&rsquo;une fa\u00e7on syst\u00e9matique et scientifique.<br \/>\nLe <strong>Mus\u00e9e National des Phallus<\/strong> compte 217&nbsp;phallus, le plus souvent entiers, repr\u00e9sentant pratiquement l&rsquo;int\u00e9gralit\u00e9 de la faune mammif\u00e8re.<br \/>\nOn y trouvera 56&nbsp;pi\u00e8ces provenant de 17&nbsp;esp\u00e8ces de c\u00e9tac\u00e9s, un attribut d&rsquo;ours, 38&nbsp;pi\u00e8ces provenant de 7&nbsp;esp\u00e8ces de phoques et de morses, et 21&nbsp;esp\u00e8ces de mammif\u00e8res terrestres sont repr\u00e9sent\u00e9s par 120&nbsp;pi\u00e8ces.<br \/>\nLes 46&nbsp;mammif\u00e8res du pays et de ses c\u00f4tes sont dignement repr\u00e9sent\u00e9s par 281&nbsp;pi\u00e8ces.<br \/>\nAjoutons \u00e0 cela la promesse d&rsquo;un homo&nbsp;sapiens de faire don (apr\u00e8s sa mort) au mus\u00e9e de ses propres attributs comme en t\u00e9moigne un acte de donation ex\u00e9cut\u00e9 en bonne et d\u00fbe forme.<br \/>\nEn 2011, le mus\u00e9e s&rsquo;est enrichie d&rsquo;un p\u00e9nis humain donn\u00e9 par un coureur de jupons islandais mort \u00e0 96&nbsp;ans.\n300&nbsp;objets d&rsquo;art se rapportant au sujet trait\u00e9 figurent \u00e9galement.<\/p>\t\t\t\t\t\t\t\t<\/div>\n\t\t\t\t\t<\/div>\n\t\t<\/div>\n\t\t\t\t\t<\/div>\n\t\t<\/section>\n\t\t\t\t<section class=\"elementor-section elementor-top-section elementor-element elementor-element-48826001 elementor-section-boxed elementor-section-height-default elementor-section-height-default\" data-id=\"48826001\" data-element_type=\"section\" data-e-type=\"section\">\n\t\t\t\t\t\t<div class=\"elementor-container elementor-column-gap-default\">\n\t\t\t\t\t<div class=\"elementor-column elementor-col-100 elementor-top-column elementor-element elementor-element-2adb44ea\" data-id=\"2adb44ea\" data-element_type=\"column\" data-e-type=\"column\">\n\t\t\t<div class=\"elementor-widget-wrap elementor-element-populated\">\n\t\t\t\t\t\t<div class=\"elementor-element elementor-element-11e3a588 elementor-widget-divider--view-line_text elementor-widget-divider--element-align-center elementor-widget elementor-widget-divider\" data-id=\"11e3a588\" data-element_type=\"widget\" data-e-type=\"widget\" data-widget_type=\"divider.default\">\n\t\t\t\t\t\t\t<div class=\"elementor-divider\">\n\t\t\t<span class=\"elementor-divider-separator\">\n\t\t\t\t\t\t\t<span class=\"elementor-divider__text elementor-divider__element\">\n\t\t\t\tVenez voir nos 47 photos\t\t\t\t<\/span>\n\t\t\t\t\t\t<\/span>\n\t\t<\/div>\n\t\t\t\t\t\t<\/div>\n\t\t\t\t\t<\/div>\n\t\t<\/div>\n\t\t\t\t\t<\/div>\n\t\t<\/section>\n\t\t\t\t<section class=\"elementor-section elementor-top-section elementor-element elementor-element-52496f2 elementor-section-boxed elementor-section-height-default elementor-section-height-default\" data-id=\"52496f2\" data-element_type=\"section\" data-e-type=\"section\">\n\t\t\t\t\t\t<div class=\"elementor-container elementor-column-gap-default\">\n\t\t\t\t\t<div class=\"elementor-column elementor-col-100 elementor-top-column elementor-element elementor-element-6af75033\" data-id=\"6af75033\" data-element_type=\"column\" data-e-type=\"column\">\n\t\t\t<div class=\"elementor-widget-wrap elementor-element-populated\">\n\t\t\t\t\t\t<div class=\"elementor-element elementor-element-46d7d91f elementor-widget elementor-widget-shortcode\" data-id=\"46d7d91f\" data-element_type=\"widget\" data-e-type=\"widget\" data-widget_type=\"shortcode.default\">\n\t\t\t\t\t\t\t<div class=\"elementor-shortcode\"><iframe class=\"aligncenter\" src=\"https:\/\/public.joomeo.com\/albums\/6327754145687\/slideshow?iframe=1\" width=\"500\" height=\"333\" frameborder=\"0\" scrolling=\"no\" allowfullscreen=\"allowfullscreen\"><\/iframe><\/div>\n\t\t\t\t\t\t<\/div>\n\t\t\t\t\t<\/div>\n\t\t<\/div>\n\t\t\t\t\t<\/div>\n\t\t<\/section>\n\t\t\t\t<section class=\"elementor-section elementor-top-section elementor-element elementor-element-bbd6d98 elementor-section-boxed elementor-section-height-default elementor-section-height-default\" data-id=\"bbd6d98\" data-element_type=\"section\" data-e-type=\"section\">\n\t\t\t\t\t\t<div class=\"elementor-container elementor-column-gap-default\">\n\t\t\t\t\t<div class=\"elementor-column elementor-col-100 elementor-top-column elementor-element elementor-element-9a48529\" data-id=\"9a48529\" data-element_type=\"column\" data-e-type=\"column\">\n\t\t\t<div class=\"elementor-widget-wrap elementor-element-populated\">\n\t\t\t\t\t\t<div class=\"elementor-element elementor-element-b6e1ec4 elementor-widget elementor-widget-spacer\" data-id=\"b6e1ec4\" data-element_type=\"widget\" data-e-type=\"widget\" data-widget_type=\"spacer.default\">\n\t\t\t\t\t\t\t<div class=\"elementor-spacer\">\n\t\t\t<div class=\"elementor-spacer-inner\"><\/div>\n\t\t<\/div>\n\t\t\t\t\t\t<\/div>\n\t\t\t\t\t<\/div>\n\t\t<\/div>\n\t\t\t\t\t<\/div>\n\t\t<\/section>\n\t\t\t\t<section class=\"elementor-section elementor-top-section elementor-element elementor-element-2c0888cb elementor-section-boxed elementor-section-height-default elementor-section-height-default\" data-id=\"2c0888cb\" data-element_type=\"section\" data-e-type=\"section\">\n\t\t\t\t\t\t<div class=\"elementor-container elementor-column-gap-default\">\n\t\t\t\t\t<div class=\"elementor-column elementor-col-100 elementor-top-column elementor-element elementor-element-7261e029\" data-id=\"7261e029\" data-element_type=\"column\" data-e-type=\"column\">\n\t\t\t<div class=\"elementor-widget-wrap elementor-element-populated\">\n\t\t\t\t\t\t<div class=\"elementor-element elementor-element-edae47f elementor-widget-divider--view-line_text elementor-widget-divider--element-align-center elementor-widget elementor-widget-divider\" data-id=\"edae47f\" data-element_type=\"widget\" data-e-type=\"widget\" data-widget_type=\"divider.default\">\n\t\t\t\t\t\t\t<div class=\"elementor-divider\">\n\t\t\t<span class=\"elementor-divider-separator\">\n\t\t\t\t\t\t\t<span class=\"elementor-divider__text elementor-divider__element\">\n\t\t\t\tMenu de ce voyage\t\t\t\t<\/span>\n\t\t\t\t\t\t<\/span>\n\t\t<\/div>\n\t\t\t\t\t\t<\/div>\n\t\t\t\t\t<\/div>\n\t\t<\/div>\n\t\t\t\t\t<\/div>\n\t\t<\/section>\n\t\t\t\t<section class=\"elementor-section elementor-top-section elementor-element elementor-element-63b391f9 elementor-section-boxed elementor-section-height-default elementor-section-height-default\" data-id=\"63b391f9\" data-element_type=\"section\" data-e-type=\"section\">\n\t\t\t\t\t\t<div class=\"elementor-container elementor-column-gap-default\">\n\t\t\t\t\t<div class=\"elementor-column elementor-col-100 elementor-top-column elementor-element elementor-element-293d3b14\" data-id=\"293d3b14\" data-element_type=\"column\" data-e-type=\"column\">\n\t\t\t<div class=\"elementor-widget-wrap elementor-element-populated\">\n\t\t\t\t\t\t<div class=\"elementor-element elementor-element-2b573f60 elementor-widget elementor-widget-text-editor\" data-id=\"2b573f60\" data-element_type=\"widget\" data-e-type=\"widget\" data-widget_type=\"text-editor.default\">\n\t\t\t\t\t\t\t\t\t<table class=\" aligncenter\" border=\"0\" width=\"80%\" cellspacing=\"10\">\n<tbody>\n<tr>\n<th class=\"menugroslettre\" colspan=\"2\" scope=\"col\">MENU DE LA CROISI\u00c8RE D&rsquo;EUROPE DU NORD<br \/>\n<span style=\"font-size: small;\">Sur les traces des Vikings<\/span><\/th>\n<\/tr>\n<tr>\n<th colspan=\"2\" align=\"center\" width=\"90%\"><a href=\"https:\/\/mondedesylvieetpierre.ca\/voyage\/?p=22336\">Portail de la croisi\u00e8re Europe du Nord<\/a><\/th>\n<\/tr>\n<tr>\n<th rowspan=\"2\" scope=\"row\" align=\"left\" valign=\"middle\" width=\"20%\">Au Canada&nbsp;:<\/th>\n<td align=\"left\" valign=\"middle\">\u2022\u00a0<strong>Nouvelle-\u00c9cosse&nbsp;:<\/strong>\u00a0<a href=\"https:\/\/mondedesylvieetpierre.ca\/voyage\/?page_id=22544\">Halifax<\/a> \u2014 <a href=\"https:\/\/mondedesylvieetpierre.ca\/voyage\/?page_id=22546\">Baddeck&nbsp;(Sydney)<\/a> \u2014 <a href=\"https:\/\/mondedesylvieetpierre.ca\/voyage\/?page_id=22548\">Louisbourg&nbsp;(Sydney)<\/a><\/td>\n<\/tr>\n<tr>\n<td align=\"left\" valign=\"middle\">\u2022\u00a0<strong>Terre-Neuve et Labrador&nbsp;:<\/strong>\u00a0<a href=\"https:\/\/mondedesylvieetpierre.ca\/voyage\/?page_id=22551\">Corner&nbsp;Brook<\/a> \u2014 <a href=\"https:\/\/mondedesylvieetpierre.ca\/voyage\/?page_id=22553\">St-Anthony<\/a> \u2014 <a href=\"https:\/\/mondedesylvieetpierre.ca\/voyage\/?page_id=22555\">St-John\u2019s<\/a> \u2014 <a href=\"https:\/\/mondedesylvieetpierre.ca\/voyage\/?page_id=22557\">Red&nbsp;Bay<\/a><\/td>\n<\/tr>\n<tr>\n<th scope=\"row\" align=\"left\" valign=\"middle\" width=\"20%\">Aux \u00c9tats-Unis&nbsp;:<\/th>\n<td align=\"left\" valign=\"middle\"><a href=\"https:\/\/mondedesylvieetpierre.ca\/voyage\/?page_id=22559\">Boston&nbsp;(MA)<\/a>\u00a0\u2014 <a href=\"https:\/\/mondedesylvieetpierre.ca\/voyage\/?page_id=22561\">Bar&nbsp;Harbor&nbsp;(ME)<\/a><\/td>\n<\/tr>\n<tr>\n<th scope=\"row\" align=\"left\" valign=\"middle\" width=\"20%\">Au Groenland&nbsp;:<\/th>\n<td align=\"left\" valign=\"middle\"><a href=\"https:\/\/mondedesylvieetpierre.ca\/voyage\/?page_id=22563\">Nanortalik\u00a0(Ilivileq)<\/a>\u00a0\u2014\n<a href=\"https:\/\/mondedesylvieetpierre.ca\/voyage\/?page_id=22565\">Prins&nbsp;Christian&nbsp;Sund\u00a0(Ikerasassuaq)<\/a>\u00a0\u2014 <a href=\"https:\/\/mondedesylvieetpierre.ca\/voyage\/?page_id=22567\">Qaqortoq\u00a0(Julianeh\u00e5b)<\/a><\/td>\n<\/tr>\n<tr>\n<th scope=\"row\" align=\"left\" valign=\"middle\" width=\"20%\">Collectivit\u00e9 d&rsquo;outre-mer\nde\u00a0la\u00a0France\u00a0:<\/th>\n<td align=\"left\" valign=\"middle\"><a href=\"https:\/\/mondedesylvieetpierre.ca\/voyage\/?page_id=22569\">Saint-Pierre\u00a0et\u00a0Miquelon<\/a><\/td>\n<\/tr>\n<tr>\n<th scope=\"row\" align=\"left\" valign=\"middle\" width=\"20%\">En Islande&nbsp;:<\/th>\n<td align=\"left\" valign=\"middle\"><a href=\"https:\/\/mondedesylvieetpierre.ca\/voyage\/?page_id=22571\">Akureyri<\/a>\u00a0\u2014\n<a href=\"https:\/\/mondedesylvieetpierre.ca\/voyage\/?page_id=22573\">Dj\u00fapivogur<\/a>\u00a0\u2014 <a href=\"https:\/\/mondedesylvieetpierre.ca\/voyage\/?page_id=22575\">Isafjordur<\/a>\u00a0\u2014 <span style=\"color: #cccccc; font-size: large;\">Mus\u00e9e\u00a0du\u00a0P\u00e9nis\u00a0(Reykjavik)<\/span>\u00a0\u2014 <a href=\"https:\/\/mondedesylvieetpierre.ca\/voyage\/?page_id=22579\">Reykjavik<\/a>\u00a0\u2014 <a href=\"https:\/\/mondedesylvieetpierre.ca\/voyage\/?page_id=22581\">Seydisfj\u00f6rdur<\/a><\/td>\n<\/tr>\n<tr>\n<th scope=\"row\" align=\"left\" valign=\"middle\" width=\"20%\">Le\u00a0bateau&nbsp;:<\/th>\n<td align=\"left\" valign=\"middle\"><a href=\"https:\/\/mondedesylvieetpierre.ca\/voyage\/?page_id=22583\">MS&nbsp;Nieuw&nbsp;Statendam\u00a0(Holland&nbsp;America&nbsp;Line)<\/a><\/td>\n<\/tr>\n<\/tbody>\n<\/table>\t\t\t\t\t\t\t\t<\/div>\n\t\t\t\t\t<\/div>\n\t\t<\/div>\n\t\t\t\t\t<\/div>\n\t\t<\/section>\n\t\t\t\t<\/div>\n\t\t","protected":false},"excerpt":{"rendered":"<p>Mus\u00e9e National des Phallus (Mus\u00e9e du P\u00e9nis) Reykjavik Islande Historique de l&rsquo;endroit Mus\u00e9e National des Phallus -Reykjavik Le p\u00e9nis sous toutes ses formes au Mus\u00e9e National des Phallus de Reykjavik est probablement le seul au monde de son esp\u00e8ce, car il r\u00e9unit les organes g\u00e9nitaux de tous les mammif\u00e8res d&rsquo;Islande. La phallologie est une science&#8230; <span class=\"more\"><a class=\"more-link\" href=\"https:\/\/mondedesylvieetpierre.ca\/voyage\/?page_id=22577\">Lire la suite<\/a><\/span><\/p>\n","protected":false},"author":1,"featured_media":0,"parent":0,"menu_order":0,"comment_status":"closed","ping_status":"closed","template":"elementor_header_footer","meta":{"footnotes":""},"categories":[200],"tags":[],"class_list":["post-22577","page","type-page","status-publish","hentry","category-europe_nord_2022"],"_links":{"self":[{"href":"https:\/\/mondedesylvieetpierre.ca\/voyage\/index.php?rest_route=\/wp\/v2\/pages\/22577","targetHints":{"allow":["GET"]}}],"collection":[{"href":"https:\/\/mondedesylvieetpierre.ca\/voyage\/index.php?rest_route=\/wp\/v2\/pages"}],"about":[{"href":"https:\/\/mondedesylvieetpierre.ca\/voyage\/index.php?rest_route=\/wp\/v2\/types\/page"}],"author":[{"embeddable":true,"href":"https:\/\/mondedesylvieetpierre.ca\/voyage\/index.php?rest_route=\/wp\/v2\/users\/1"}],"replies":[{"embeddable":true,"href":"https:\/\/mondedesylvieetpierre.ca\/voyage\/index.php?rest_route=%2Fwp%2Fv2%2Fcomments&post=22577"}],"version-history":[{"count":0,"href":"https:\/\/mondedesylvieetpierre.ca\/voyage\/index.php?rest_route=\/wp\/v2\/pages\/22577\/revisions"}],"wp:attachment":[{"href":"https:\/\/mondedesylvieetpierre.ca\/voyage\/index.php?rest_route=%2Fwp%2Fv2%2Fmedia&parent=22577"}],"wp:term":[{"taxonomy":"category","embeddable":true,"href":"https:\/\/mondedesylvieetpierre.ca\/voyage\/index.php?rest_route=%2Fwp%2Fv2%2Fcategories&post=22577"},{"taxonomy":"post_tag","embeddable":true,"href":"https:\/\/mondedesylvieetpierre.ca\/voyage\/index.php?rest_route=%2Fwp%2Fv2%2Ftags&post=22577"}],"curies":[{"name":"wp","href":"https:\/\/api.w.org\/{rel}","templated":true}]}}