{"id":41606,"date":"2023-11-12T15:04:38","date_gmt":"2023-11-12T20:04:38","guid":{"rendered":"https:\/\/mondedesylvieetpierre.ca\/voyage\/?page_id=41606"},"modified":"2023-12-07T11:11:56","modified_gmt":"2023-12-07T16:11:56","slug":"jour-6-23-octobre","status":"publish","type":"page","link":"https:\/\/mondedesylvieetpierre.ca\/voyage\/?page_id=41606","title":{"rendered":"Jour 6 &#8211; 23 octobre"},"content":{"rendered":"\t\t<div data-elementor-type=\"wp-page\" data-elementor-id=\"41606\" class=\"elementor elementor-41606\" data-elementor-post-type=\"page\">\n\t\t\t\t<div class=\"elementor-element elementor-element-3f2398d e-flex e-con-boxed e-con e-parent\" data-id=\"3f2398d\" data-element_type=\"container\" data-e-type=\"container\">\n\t\t\t\t\t<div class=\"e-con-inner\">\n\t\t\t\t<div class=\"elementor-element elementor-element-899d616 elementor-widget elementor-widget-heading\" data-id=\"899d616\" data-element_type=\"widget\" data-e-type=\"widget\" data-widget_type=\"heading.default\">\n\t\t\t\t\t<h2 class=\"elementor-heading-title elementor-size-xl\">Sixi\u00e8me journ\u00e9e<\/h2>\t\t\t\t<\/div>\n\t\t\t\t\t<\/div>\n\t\t\t\t<\/div>\n\t\t\t\t<section class=\"elementor-section elementor-top-section elementor-element elementor-element-5a7e5de6 elementor-section-boxed elementor-section-height-default elementor-section-height-default\" data-id=\"5a7e5de6\" data-element_type=\"section\" data-e-type=\"section\">\n\t\t\t\t\t\t<div class=\"elementor-container elementor-column-gap-default\">\n\t\t\t\t\t<div class=\"elementor-column elementor-col-100 elementor-top-column elementor-element elementor-element-28b71ee2\" data-id=\"28b71ee2\" data-element_type=\"column\" data-e-type=\"column\">\n\t\t\t<div class=\"elementor-widget-wrap elementor-element-populated\">\n\t\t\t\t\t\t<div class=\"elementor-element elementor-element-27abb7f2 elementor-widget elementor-widget-heading\" data-id=\"27abb7f2\" data-element_type=\"widget\" data-e-type=\"widget\" data-widget_type=\"heading.default\">\n\t\t\t\t\t<h2 class=\"elementor-heading-title elementor-size-large\">Lundi, le 23 octobre 2023<\/h2>\t\t\t\t<\/div>\n\t\t\t\t\t<\/div>\n\t\t<\/div>\n\t\t\t\t\t<\/div>\n\t\t<\/section>\n\t\t\t\t<section class=\"elementor-section elementor-top-section elementor-element elementor-element-447af4b8 elementor-section-boxed elementor-section-height-default elementor-section-height-default\" data-id=\"447af4b8\" data-element_type=\"section\" data-e-type=\"section\">\n\t\t\t\t\t\t<div class=\"elementor-container elementor-column-gap-default\">\n\t\t\t\t\t<div class=\"elementor-column elementor-col-100 elementor-top-column elementor-element elementor-element-447dfd7\" data-id=\"447dfd7\" data-element_type=\"column\" data-e-type=\"column\">\n\t\t\t<div class=\"elementor-widget-wrap elementor-element-populated\">\n\t\t\t\t\t\t<div class=\"elementor-element elementor-element-4e8b025b elementor-widget elementor-widget-image\" data-id=\"4e8b025b\" data-element_type=\"widget\" data-e-type=\"widget\" data-widget_type=\"image.default\">\n\t\t\t\t\t\t\t\t\t\t\t\t\t\t\t<img decoding=\"async\" width=\"400\" height=\"65\" src=\"https:\/\/mondedesylvieetpierre.ca\/voyage\/wp-content\/uploads\/2023\/11\/Logo-south-Africa-400x65-1.png\" class=\"attachment-large size-large wp-image-41351\" alt=\"\" srcset=\"https:\/\/mondedesylvieetpierre.ca\/voyage\/wp-content\/uploads\/2023\/11\/Logo-south-Africa-400x65-1.png 400w, https:\/\/mondedesylvieetpierre.ca\/voyage\/wp-content\/uploads\/2023\/11\/Logo-south-Africa-400x65-1-300x49.png 300w\" sizes=\"(max-width: 400px) 100vw, 400px\" \/>\t\t\t\t\t\t\t\t\t\t\t\t\t\t\t<\/div>\n\t\t\t\t\t<\/div>\n\t\t<\/div>\n\t\t\t\t\t<\/div>\n\t\t<\/section>\n\t\t<div class=\"elementor-element elementor-element-567d952d e-flex e-con-boxed e-con e-parent\" data-id=\"567d952d\" data-element_type=\"container\" data-e-type=\"container\">\n\t\t\t\t\t<div class=\"e-con-inner\">\n\t\t<div class=\"elementor-element elementor-element-3a0917 e-con-full e-flex e-con e-child\" data-id=\"3a0917\" data-element_type=\"container\" data-e-type=\"container\">\n\t\t\t\t<\/div>\n\t\t<div class=\"elementor-element elementor-element-14807578 e-con-full e-flex e-con e-child\" data-id=\"14807578\" data-element_type=\"container\" data-e-type=\"container\">\n\t\t\t\t<div class=\"elementor-element elementor-element-381052c0 elementor-widget elementor-widget-shortcode\" data-id=\"381052c0\" data-element_type=\"widget\" data-e-type=\"widget\" data-widget_type=\"shortcode.default\">\n\t\t\t\t\t\t\t<div class=\"elementor-shortcode\">\n<table id=\"tablepress-7\" class=\"tablepress tablepress-id-7\">\n<thead>\n<tr class=\"row-1\">\n\t<th colspan=\"2\" class=\"column-1\"><center><strong>Durban (40km)<\/strong><\/center><\/th>\n<\/tr>\n<\/thead>\n<tbody class=\"row-striping row-hover\">\n<tr class=\"row-2\">\n\t<td class=\"column-1\"><strong>AM<\/strong><\/td><td class=\"column-2\"><span style=\"color:#a9a9a9;\">\u21d2&nbsp;<\/span>R\u00e9veil et petit d\u00e9jeuner \u00e0 l'h\u00f4tel <em><strong>Holiday&nbsp;Inn&nbsp;Express Umhlanga<\/strong><\/em>.<br \/><br \/>\n<span style=\"color:#a9a9a9;\">\u21d2&nbsp;<\/span>En matin\u00e9e, d\u00e9couverte de la ville de <strong>Durban<\/strong> incluant le \"<em>Golden&nbsp;Mile<\/em>\", le front de mer le plus anim\u00e9 du pays avec ses nombreuses attractions et animations.<br \/><br \/>\n<span style=\"color:#a9a9a9;\">\u21d2&nbsp;<\/span><strong>Durban<\/strong>, surnomm\u00e9e la \u00ab&nbsp;<em>ville&nbsp;aux&nbsp;\u00e9pices<\/em>&nbsp;\u00bb, est une ville \u00e0 forte influence indienne.<br \/><br \/>\n<span style=\"color:#a9a9a9;\">\u21d2&nbsp;<\/span>Nous d\u00e9couvrirons l\u2019h\u00f4tel de ville, l\u2019incroyable march\u00e9 indien aux mille saveurs et la mosqu\u00e9e.<br \/><br \/>\n<span style=\"color:#a9a9a9;\">\u21d2&nbsp;<\/span>La visite du Jardin botanique.<\/td>\n<\/tr>\n<tr class=\"row-3\">\n\t<td class=\"column-1\"><strong>D\u00eener<\/strong><\/td><td class=\"column-2\"><span style=\"color:#a9a9a9;\">\u21d2&nbsp;<\/span>D\u00eener en ville dans un restaurant indien <em><strong>Incredible&nbsp;India<\/strong><\/em>.<\/td>\n<\/tr>\n<tr class=\"row-4\">\n\t<td class=\"column-1\"><strong>PM<\/strong><\/td><td class=\"column-2\"><span style=\"color:#a9a9a9;\">\u21d2&nbsp;<\/span>Temps libre.<\/td>\n<\/tr>\n<tr class=\"row-5\">\n\t<td class=\"column-1\"><strong>Souper<\/strong><\/td><td class=\"column-2\"><span style=\"color:#a9a9a9;\">\u21d2&nbsp;<\/span>Souper libre.<\/td>\n<\/tr>\n<tr class=\"row-6\">\n\t<td class=\"column-1\"><strong>Soir\u00e9e<\/strong><\/td><td class=\"column-2\"><span style=\"color:#a9a9a9;\">\u21d2&nbsp;<\/span>Retour \u00e0 l'h\u00f4tel <em><strong>Holiday&nbsp;Inn&nbsp;Express Umhlanga<\/strong><\/em><\/td>\n<\/tr>\n<\/tbody>\n<tfoot>\n<tr class=\"row-7\">\n\t<td colspan=\"2\" class=\"column-1\"><\/td>\n<\/tr>\n<\/tfoot>\n<\/table>\n<!-- #tablepress-7 from cache --><\/div>\n\t\t\t\t\t\t<\/div>\n\t\t\t\t<\/div>\n\t\t<div class=\"elementor-element elementor-element-3154b151 e-con-full e-flex e-con e-child\" data-id=\"3154b151\" data-element_type=\"container\" data-e-type=\"container\">\n\t\t\t\t<\/div>\n\t\t\t\t\t<\/div>\n\t\t\t\t<\/div>\n\t\t\t\t<section class=\"elementor-section elementor-top-section elementor-element elementor-element-310eced4 elementor-section-boxed elementor-section-height-default elementor-section-height-default\" data-id=\"310eced4\" data-element_type=\"section\" data-e-type=\"section\">\n\t\t\t\t\t\t<div class=\"elementor-container elementor-column-gap-default\">\n\t\t\t\t\t<div class=\"elementor-column elementor-col-100 elementor-top-column elementor-element elementor-element-7dcca9d0\" data-id=\"7dcca9d0\" data-element_type=\"column\" data-e-type=\"column\">\n\t\t\t<div class=\"elementor-widget-wrap elementor-element-populated\">\n\t\t\t\t\t\t<div class=\"elementor-element elementor-element-27ffa1e2 elementor-widget-divider--view-line_text elementor-widget-divider--element-align-center elementor-widget elementor-widget-divider\" data-id=\"27ffa1e2\" data-element_type=\"widget\" data-e-type=\"widget\" data-widget_type=\"divider.default\">\n\t\t\t\t\t\t\t<div class=\"elementor-divider\">\n\t\t\t<span class=\"elementor-divider-separator\">\n\t\t\t\t\t\t\t<span class=\"elementor-divider__text elementor-divider__element\">\n\t\t\t\tVenez voir nos 80 photos\t\t\t\t<\/span>\n\t\t\t\t\t\t<\/span>\n\t\t<\/div>\n\t\t\t\t\t\t<\/div>\n\t\t\t\t\t<\/div>\n\t\t<\/div>\n\t\t\t\t\t<\/div>\n\t\t<\/section>\n\t\t\t\t<section class=\"elementor-section elementor-top-section elementor-element elementor-element-4a7cad96 elementor-section-boxed elementor-section-height-default elementor-section-height-default\" data-id=\"4a7cad96\" data-element_type=\"section\" data-e-type=\"section\">\n\t\t\t\t\t\t<div class=\"elementor-container elementor-column-gap-default\">\n\t\t\t\t\t<div class=\"elementor-column elementor-col-100 elementor-top-column elementor-element elementor-element-2a271fa6\" data-id=\"2a271fa6\" data-element_type=\"column\" data-e-type=\"column\">\n\t\t\t<div class=\"elementor-widget-wrap elementor-element-populated\">\n\t\t\t\t\t\t<div class=\"elementor-element elementor-element-3f0d6f57 elementor-widget elementor-widget-shortcode\" data-id=\"3f0d6f57\" data-element_type=\"widget\" data-e-type=\"widget\" data-widget_type=\"shortcode.default\">\n\t\t\t\t\t\t\t<div class=\"elementor-shortcode\"><iframe src=\"https:\/\/public.joomeo.com\/albums\/65539c50573d7\/slideshow?sls_ap=1&sls_ac=1&sls_dbp=10&sls_afs=1&iframe=1\" scrolling=\"no\" frameborder=\"0\" width=\"500\" height=\"333\" allowfullscreen><\/iframe><\/div>\n\t\t\t\t\t\t<\/div>\n\t\t\t\t\t<\/div>\n\t\t<\/div>\n\t\t\t\t\t<\/div>\n\t\t<\/section>\n\t\t\t\t<section class=\"elementor-section elementor-top-section elementor-element elementor-element-7b555622 elementor-section-boxed elementor-section-height-default elementor-section-height-default\" data-id=\"7b555622\" data-element_type=\"section\" data-e-type=\"section\">\n\t\t\t\t\t\t<div class=\"elementor-container elementor-column-gap-default\">\n\t\t\t\t\t<div class=\"elementor-column elementor-col-100 elementor-top-column elementor-element elementor-element-6a2dcf82\" data-id=\"6a2dcf82\" data-element_type=\"column\" data-e-type=\"column\">\n\t\t\t<div class=\"elementor-widget-wrap elementor-element-populated\">\n\t\t\t\t\t\t<div class=\"elementor-element elementor-element-68570102 elementor-widget-divider--view-line_text elementor-widget-divider--element-align-center elementor-widget elementor-widget-divider\" data-id=\"68570102\" data-element_type=\"widget\" data-e-type=\"widget\" data-widget_type=\"divider.default\">\n\t\t\t\t\t\t\t<div class=\"elementor-divider\">\n\t\t\t<span class=\"elementor-divider-separator\">\n\t\t\t\t\t\t\t<span class=\"elementor-divider__text elementor-divider__element\">\n\t\t\t\tVenez voir notre vid\u00e9o\t\t\t\t<\/span>\n\t\t\t\t\t\t<\/span>\n\t\t<\/div>\n\t\t\t\t\t\t<\/div>\n\t\t\t\t\t<\/div>\n\t\t<\/div>\n\t\t\t\t\t<\/div>\n\t\t<\/section>\n\t\t\t\t<section class=\"elementor-section elementor-top-section elementor-element elementor-element-2fa62c4b elementor-section-boxed elementor-section-height-default elementor-section-height-default\" data-id=\"2fa62c4b\" data-element_type=\"section\" data-e-type=\"section\">\n\t\t\t\t\t\t<div class=\"elementor-container elementor-column-gap-default\">\n\t\t\t\t\t<div class=\"elementor-column elementor-col-100 elementor-top-column elementor-element elementor-element-4d7f6b9d\" data-id=\"4d7f6b9d\" data-element_type=\"column\" data-e-type=\"column\">\n\t\t\t<div class=\"elementor-widget-wrap\">\n\t\t\t\t\t\t\t<\/div>\n\t\t<\/div>\n\t\t\t\t\t<\/div>\n\t\t<\/section>\n\t\t\t\t<section class=\"elementor-section elementor-top-section elementor-element elementor-element-4ce891bb elementor-section-boxed elementor-section-height-default elementor-section-height-default\" data-id=\"4ce891bb\" data-element_type=\"section\" data-e-type=\"section\">\n\t\t\t\t\t\t<div class=\"elementor-container elementor-column-gap-default\">\n\t\t\t\t\t<div class=\"elementor-column elementor-col-100 elementor-top-column elementor-element elementor-element-41501cd9\" data-id=\"41501cd9\" data-element_type=\"column\" data-e-type=\"column\">\n\t\t\t<div class=\"elementor-widget-wrap elementor-element-populated\">\n\t\t\t\t\t\t<div class=\"elementor-element elementor-element-3447b12c elementor-widget elementor-widget-shortcode\" data-id=\"3447b12c\" data-element_type=\"widget\" data-e-type=\"widget\" data-widget_type=\"shortcode.default\">\n\t\t\t\t\t\t\t<div class=\"elementor-shortcode\"><iframe src=\"https:\/\/public.joomeo.com\/albums\/65539c797be8a\/slideshow?sls_ap=1&sls_ac=1&sls_dbp=10&sls_afs=1&iframe=1\" scrolling=\"no\" frameborder=\"0\" width=\"500\" height=\"333\" allowfullscreen><\/iframe><\/div>\n\t\t\t\t\t\t<\/div>\n\t\t\t\t<div class=\"elementor-element elementor-element-161f177b elementor-widget-divider--view-line_text elementor-widget-divider--element-align-center elementor-widget elementor-widget-divider\" data-id=\"161f177b\" data-element_type=\"widget\" data-e-type=\"widget\" data-widget_type=\"divider.default\">\n\t\t\t\t\t\t\t<div class=\"elementor-divider\">\n\t\t\t<span class=\"elementor-divider-separator\">\n\t\t\t\t\t\t\t<span class=\"elementor-divider__text elementor-divider__element\">\n\t\t\t\tMenu de ce voyage\t\t\t\t<\/span>\n\t\t\t\t\t\t<\/span>\n\t\t<\/div>\n\t\t\t\t\t\t<\/div>\n\t\t\t\t\t<\/div>\n\t\t<\/div>\n\t\t\t\t\t<\/div>\n\t\t<\/section>\n\t\t\t\t<section class=\"elementor-section elementor-top-section elementor-element elementor-element-4b712220 elementor-section-boxed elementor-section-height-default elementor-section-height-default\" data-id=\"4b712220\" data-element_type=\"section\" data-e-type=\"section\">\n\t\t\t\t\t\t<div class=\"elementor-container elementor-column-gap-default\">\n\t\t\t\t\t<div class=\"elementor-column elementor-col-100 elementor-top-column elementor-element elementor-element-358f3888\" data-id=\"358f3888\" data-element_type=\"column\" data-e-type=\"column\">\n\t\t\t<div class=\"elementor-widget-wrap elementor-element-populated\">\n\t\t\t\t<div class=\"elementor-element elementor-element-167d6c93 e-flex e-con-boxed e-con e-parent\" data-id=\"167d6c93\" data-element_type=\"container\" data-e-type=\"container\">\n\t\t\t\t\t<div class=\"e-con-inner\">\n\t\t\t\t<div class=\"elementor-element elementor-element-268ad9ea elementor-widget elementor-widget-text-editor\" data-id=\"268ad9ea\" data-element_type=\"widget\" data-e-type=\"widget\" data-widget_type=\"text-editor.default\">\n\t\t\t\t\t\t\t\t\t<table border=\"0\" width=\"100%\" cellspacing=\"10\" align=\"center\">\n<tbody>\n<tr>\n<th class=\"menugroslettre\" colspan=\"2\" scope=\"col\" width=\"90%\">MENU DU S\u00c9JOUR EN AFRIQUE&nbsp;DU&nbsp;SUD ET ROYAUME D&rsquo;ESWATINI<\/th>\n<\/tr>\n<tr>\n<th width=\"90%\" colspan=\"2\" align=\"center\"><a href=\"https:\/\/mondedesylvieetpierre.ca\/voyage\/?p=41236\">PORTAIL DU S\u00c9JOUR EN AFRIQUE&nbsp;DU&nbsp;SUD ET ROYAUME D&rsquo;ESWATINI<\/a><\/th>\n<\/tr>\n<tr>\n<th width=\"90%\" colspan=\"2\" align=\"center\"><span style=\"text-transform: none;\"><strong>\u00c0&nbsp;SAVOIR&nbsp;:<\/strong> le premier, le deuxi\u00e8me et le quinzi\u00e8me jour n&rsquo;ont&nbsp;pas de page,<br \/>\ncar nous \u00e9tions dans les a\u00e9roports et dans les avions.<\/span><\/th>\n<\/tr>\n<\/tbody>\n<\/table>\t\t\t\t\t\t\t\t<\/div>\n\t\t\t\t\t<\/div>\n\t\t\t\t<\/div>\n\t\t\t\t\t<\/div>\n\t\t<\/div>\n\t\t\t\t\t<\/div>\n\t\t<\/section>\n\t\t<div class=\"elementor-element elementor-element-1e74e3e e-flex e-con-boxed e-con e-parent\" data-id=\"1e74e3e\" data-element_type=\"container\" data-e-type=\"container\">\n\t\t\t\t\t<div class=\"e-con-inner\">\n\t\t<div class=\"elementor-element elementor-element-1480d487 e-con-full e-flex e-con e-child\" data-id=\"1480d487\" data-element_type=\"container\" data-e-type=\"container\">\n\t\t\t\t<\/div>\n\t\t<div class=\"elementor-element elementor-element-734f14bf e-con-full e-flex e-con e-child\" data-id=\"734f14bf\" data-element_type=\"container\" data-e-type=\"container\">\n\t\t\t\t<div class=\"elementor-element elementor-element-6ac24feb elementor-widget elementor-widget-text-editor\" data-id=\"6ac24feb\" data-element_type=\"widget\" data-e-type=\"widget\" data-widget_type=\"text-editor.default\">\n\t\t\t\t\t\t\t\t\t<ol>\n \t<li>Premier&nbsp;jour &#8212; 18&nbsp;octobre<\/li>\n \t<li>Deuxi\u00e8me&nbsp;jour &#8212; 19&nbsp;octobre<\/li>\n    <li><a href=\"https:\/\/mondedesylvieetpierre.ca\/voyage\/?page_id=41599\">Troisi\u00e8me&nbsp;jour &#8212; 20&nbsp;octobre<\/a><\/li>\n    <li><a href=\"https:\/\/mondedesylvieetpierre.ca\/voyage\/?page_id=41601\">Quatri\u00e8me&nbsp;jour &#8212; 21&nbsp;octobre<\/a><\/li>\n    <li><a href=\"https:\/\/mondedesylvieetpierre.ca\/voyage\/?page_id=41603\">Cinqui\u00e8me&nbsp;jour &#8212; 22&nbsp;octobre<\/a><\/li>\n    <li><span style=\"color: #cccccc; font-size: large;\">Sixi\u00e8me&nbsp;jour &#8212; 23&nbsp;octobre<\/span><\/li>\n    <li><a href=\"https:\/\/mondedesylvieetpierre.ca\/voyage\/?page_id=41608\">Septi\u00e8me&nbsp;jour &#8212; 24&nbsp;octobre<\/a><\/li>\n    <li><a href=\"https:\/\/mondedesylvieetpierre.ca\/voyage\/?page_id=41610\">Huiti\u00e8me&nbsp;jour &#8212; 25&nbsp;octobre<\/a><\/li>\n<\/ol>\t\t\t\t\t\t\t\t<\/div>\n\t\t\t\t<\/div>\n\t\t<div class=\"elementor-element elementor-element-3bc0bf9b e-con-full e-flex e-con e-child\" data-id=\"3bc0bf9b\" data-element_type=\"container\" data-e-type=\"container\">\n\t\t\t\t<div class=\"elementor-element elementor-element-314e6214 elementor-widget elementor-widget-text-editor\" data-id=\"314e6214\" data-element_type=\"widget\" data-e-type=\"widget\" data-widget_type=\"text-editor.default\">\n\t\t\t\t\t\t\t\t\t<ol start=\"9\">\n \t<li><a href=\"https:\/\/mondedesylvieetpierre.ca\/voyage\/?page_id=41612\">Neuvi\u00e8me&nbsp;jour &#8212; 26&nbsp;octobre<\/a><\/li>\n \t<li><a href=\"https:\/\/mondedesylvieetpierre.ca\/voyage\/?page_id=41614\">Dixi\u00e8me&nbsp;jour &#8212; 27&nbsp;octobre<\/a><\/li>\n    <li><a href=\"https:\/\/mondedesylvieetpierre.ca\/voyage\/?page_id=41616\">Onzi\u00e8me&nbsp;jour &#8212; 28&nbsp;octobre<\/a><\/li>\n    <li><a href=\"https:\/\/mondedesylvieetpierre.ca\/voyage\/?page_id=41618\">Douzi\u00e8me&nbsp;jour &#8212; 29&nbsp;octobre<\/a><\/li>\n    <li><a href=\"https:\/\/mondedesylvieetpierre.ca\/voyage\/?page_id=41620\">Treizi\u00e8me&nbsp;jour &#8212; 30&nbsp;octobre<\/a><\/li>\n    <li><a href=\"https:\/\/mondedesylvieetpierre.ca\/voyage\/?page_id=41622\">Quatorzi\u00e8me&nbsp;jour &#8212; 31&nbsp;octobre<\/a><\/li>\n    <li>Quinzi\u00e8me&nbsp;jour &#8212; 1<sup>er<\/sup>&nbsp;novembre<\/li>\n<\/ol>\t\t\t\t\t\t\t\t<\/div>\n\t\t\t\t<\/div>\n\t\t<div class=\"elementor-element elementor-element-6e97feca e-con-full e-flex e-con e-child\" data-id=\"6e97feca\" data-element_type=\"container\" data-e-type=\"container\">\n\t\t\t\t<\/div>\n\t\t\t\t\t<\/div>\n\t\t\t\t<\/div>\n\t\t\t\t<\/div>\n\t\t","protected":false},"excerpt":{"rendered":"<p>Sixi\u00e8me journ\u00e9e Lundi, le 23 octobre 2023 Venez voir nos 80 photos Venez voir notre vid\u00e9o Menu de ce voyage MENU DU S\u00c9JOUR EN AFRIQUE&nbsp;DU&nbsp;SUD ET ROYAUME D&rsquo;ESWATINI PORTAIL DU S\u00c9JOUR EN AFRIQUE&nbsp;DU&nbsp;SUD ET ROYAUME D&rsquo;ESWATINI \u00c0&nbsp;SAVOIR&nbsp;: le premier, le deuxi\u00e8me et le quinzi\u00e8me jour n&rsquo;ont&nbsp;pas de page, car nous \u00e9tions dans les a\u00e9roports et&#8230; <span class=\"more\"><a class=\"more-link\" href=\"https:\/\/mondedesylvieetpierre.ca\/voyage\/?page_id=41606\">Lire la suite<\/a><\/span><\/p>\n","protected":false},"author":1,"featured_media":0,"parent":0,"menu_order":0,"comment_status":"closed","ping_status":"closed","template":"elementor_header_footer","meta":{"footnotes":""},"categories":[209],"tags":[],"class_list":["post-41606","page","type-page","status-publish","hentry","category-afrique_du_sud_2023"],"_links":{"self":[{"href":"https:\/\/mondedesylvieetpierre.ca\/voyage\/index.php?rest_route=\/wp\/v2\/pages\/41606","targetHints":{"allow":["GET"]}}],"collection":[{"href":"https:\/\/mondedesylvieetpierre.ca\/voyage\/index.php?rest_route=\/wp\/v2\/pages"}],"about":[{"href":"https:\/\/mondedesylvieetpierre.ca\/voyage\/index.php?rest_route=\/wp\/v2\/types\/page"}],"author":[{"embeddable":true,"href":"https:\/\/mondedesylvieetpierre.ca\/voyage\/index.php?rest_route=\/wp\/v2\/users\/1"}],"replies":[{"embeddable":true,"href":"https:\/\/mondedesylvieetpierre.ca\/voyage\/index.php?rest_route=%2Fwp%2Fv2%2Fcomments&post=41606"}],"version-history":[{"count":0,"href":"https:\/\/mondedesylvieetpierre.ca\/voyage\/index.php?rest_route=\/wp\/v2\/pages\/41606\/revisions"}],"wp:attachment":[{"href":"https:\/\/mondedesylvieetpierre.ca\/voyage\/index.php?rest_route=%2Fwp%2Fv2%2Fmedia&parent=41606"}],"wp:term":[{"taxonomy":"category","embeddable":true,"href":"https:\/\/mondedesylvieetpierre.ca\/voyage\/index.php?rest_route=%2Fwp%2Fv2%2Fcategories&post=41606"},{"taxonomy":"post_tag","embeddable":true,"href":"https:\/\/mondedesylvieetpierre.ca\/voyage\/index.php?rest_route=%2Fwp%2Fv2%2Ftags&post=41606"}],"curies":[{"name":"wp","href":"https:\/\/api.w.org\/{rel}","templated":true}]}}