{"id":41610,"date":"2023-11-12T15:11:02","date_gmt":"2023-11-12T20:11:02","guid":{"rendered":"https:\/\/mondedesylvieetpierre.ca\/voyage\/?page_id=41610"},"modified":"2024-06-11T12:48:27","modified_gmt":"2024-06-11T17:48:27","slug":"jour-8-25-octobre","status":"publish","type":"page","link":"https:\/\/mondedesylvieetpierre.ca\/voyage\/?page_id=41610","title":{"rendered":"Jour 8 &#8211; 25 octobre"},"content":{"rendered":"\t\t<div data-elementor-type=\"wp-page\" data-elementor-id=\"41610\" class=\"elementor elementor-41610\" data-elementor-post-type=\"page\">\n\t\t\t\t<div class=\"elementor-element elementor-element-fb05f89 e-flex e-con-boxed e-con e-parent\" data-id=\"fb05f89\" data-element_type=\"container\" data-e-type=\"container\">\n\t\t\t\t\t<div class=\"e-con-inner\">\n\t\t\t\t<div class=\"elementor-element elementor-element-5a10fd7 elementor-widget elementor-widget-heading\" data-id=\"5a10fd7\" data-element_type=\"widget\" data-e-type=\"widget\" data-widget_type=\"heading.default\">\n\t\t\t\t\t<h2 class=\"elementor-heading-title elementor-size-xl\">Huiti\u00e8me journ\u00e9e<\/h2>\t\t\t\t<\/div>\n\t\t\t\t\t<\/div>\n\t\t\t\t<\/div>\n\t\t\t\t<section class=\"elementor-section elementor-top-section elementor-element elementor-element-4f093468 elementor-section-boxed elementor-section-height-default elementor-section-height-default\" data-id=\"4f093468\" data-element_type=\"section\" data-e-type=\"section\">\n\t\t\t\t\t\t<div class=\"elementor-container elementor-column-gap-default\">\n\t\t\t\t\t<div class=\"elementor-column elementor-col-100 elementor-top-column elementor-element elementor-element-9cecb0c\" data-id=\"9cecb0c\" data-element_type=\"column\" data-e-type=\"column\">\n\t\t\t<div class=\"elementor-widget-wrap elementor-element-populated\">\n\t\t\t\t\t\t<div class=\"elementor-element elementor-element-50051740 elementor-widget elementor-widget-heading\" data-id=\"50051740\" data-element_type=\"widget\" data-e-type=\"widget\" data-widget_type=\"heading.default\">\n\t\t\t\t\t<h2 class=\"elementor-heading-title elementor-size-large\">Mercredi, le 25 octobre 2023<\/h2>\t\t\t\t<\/div>\n\t\t\t\t\t<\/div>\n\t\t<\/div>\n\t\t\t\t\t<\/div>\n\t\t<\/section>\n\t\t\t\t<section class=\"elementor-section elementor-top-section elementor-element elementor-element-2b0a9ab9 elementor-section-boxed elementor-section-height-default elementor-section-height-default\" data-id=\"2b0a9ab9\" data-element_type=\"section\" data-e-type=\"section\">\n\t\t\t\t\t\t<div class=\"elementor-container elementor-column-gap-default\">\n\t\t\t\t\t<div class=\"elementor-column elementor-col-100 elementor-top-column elementor-element elementor-element-165ab79a\" data-id=\"165ab79a\" data-element_type=\"column\" data-e-type=\"column\">\n\t\t\t<div class=\"elementor-widget-wrap elementor-element-populated\">\n\t\t\t\t\t\t<div class=\"elementor-element elementor-element-2a9e5997 elementor-widget elementor-widget-image\" data-id=\"2a9e5997\" data-element_type=\"widget\" data-e-type=\"widget\" data-widget_type=\"image.default\">\n\t\t\t\t\t\t\t\t\t\t\t\t\t\t\t<img decoding=\"async\" width=\"400\" height=\"65\" src=\"https:\/\/mondedesylvieetpierre.ca\/voyage\/wp-content\/uploads\/2023\/11\/Logo-south-Africa-400x65-1.png\" class=\"attachment-large size-large wp-image-41351\" alt=\"\" srcset=\"https:\/\/mondedesylvieetpierre.ca\/voyage\/wp-content\/uploads\/2023\/11\/Logo-south-Africa-400x65-1.png 400w, https:\/\/mondedesylvieetpierre.ca\/voyage\/wp-content\/uploads\/2023\/11\/Logo-south-Africa-400x65-1-300x49.png 300w\" sizes=\"(max-width: 400px) 100vw, 400px\" \/>\t\t\t\t\t\t\t\t\t\t\t\t\t\t\t<\/div>\n\t\t\t\t\t<\/div>\n\t\t<\/div>\n\t\t\t\t\t<\/div>\n\t\t<\/section>\n\t\t<div class=\"elementor-element elementor-element-52d9e702 e-flex e-con-boxed e-con e-parent\" data-id=\"52d9e702\" data-element_type=\"container\" data-e-type=\"container\">\n\t\t\t\t\t<div class=\"e-con-inner\">\n\t\t<div class=\"elementor-element elementor-element-3295c133 e-con-full e-flex e-con e-child\" data-id=\"3295c133\" data-element_type=\"container\" data-e-type=\"container\">\n\t\t\t\t<\/div>\n\t\t<div class=\"elementor-element elementor-element-67ddd91b e-con-full e-flex e-con e-child\" data-id=\"67ddd91b\" data-element_type=\"container\" data-e-type=\"container\">\n\t\t\t\t<div class=\"elementor-element elementor-element-304309f5 elementor-widget elementor-widget-shortcode\" data-id=\"304309f5\" data-element_type=\"widget\" data-e-type=\"widget\" data-widget_type=\"shortcode.default\">\n\t\t\t\t\t\t\t<div class=\"elementor-shortcode\">\n<table id=\"tablepress-9\" class=\"tablepress tablepress-id-9\">\n<thead>\n<tr class=\"row-1\">\n\t<th colspan=\"2\" class=\"column-1\"><center><strong>Hluhluwe | Eswatini (ex-Swaziland) (270km)<\/strong><\/center><\/th>\n<\/tr>\n<\/thead>\n<tbody class=\"row-striping row-hover\">\n<tr class=\"row-2\">\n\t<td class=\"column-1\"><strong>AM<\/strong><\/td><td class=\"column-2\"><span style=\"color:#a9a9a9;\">\u21d2&nbsp;<\/span>R\u00e9veil \u00e0 l'h\u00e9bergement <em><strong>Bonamanzi&nbsp;Lodge<\/strong><\/em>.<br \/><br \/>\n<span style=\"color:#a9a9a9;\">\u21d2&nbsp;<\/span>D\u00e9part pour un safari en <em><strong>4x4 \u00e0 Zulu&nbsp;Nyala<\/strong><\/em> ou \u00e0 <em><strong>Hluhluwe&nbsp;Game&nbsp;Reserve<\/strong><\/em>. De grands troupeaux d\u2019impalas, de gnous, de z\u00e8bres, de buffles ainsi que des girafes, des l\u00e9opards, des hy\u00e8nes et des gu\u00e9pards prosp\u00e8rent au sein de cette v\u00e9g\u00e9tation r\u00e9partie sur 4,500&nbsp;hectares.<br \/><br \/>\n<span style=\"color:#a9a9a9;\">\u21d2&nbsp;<\/span>Retour au lodge <em><strong>Bonamanzi&nbsp;Lodge<\/strong><\/em> et petit d\u00e9jeuner.<br \/><br \/>\n<span style=\"color:#a9a9a9;\">\u21d2&nbsp;<\/span>Nous partons vers le poste fronti\u00e8re entre le <em><strong>Royaume&nbsp;d'Eswatini<\/strong><\/em> (<em>ex-Swaziland<\/em>) et l\u2019<em><strong>Afrique du Sud<\/strong><\/em>, pour aller \u00e0 <em><strong>Lavumisa<\/strong><\/em>. Nous y d\u00e9couvrirons de luxuriants champs de canne \u00e0 sucre et l\u2019immensit\u00e9 de la savane, o\u00f9 sont \u00e9parpill\u00e9s des villages <em><strong>swazis<\/strong><\/em> traditionnels.<\/td>\n<\/tr>\n<tr class=\"row-3\">\n\t<td class=\"column-1\"><strong>D\u00eener<\/strong><\/td><td class=\"column-2\"><span style=\"color:#a9a9a9;\">\u21d2&nbsp;<\/span>Nous d\u00eenerons dans un restaurant local.<\/td>\n<\/tr>\n<tr class=\"row-4\">\n\t<td class=\"column-1\"><strong>PM<\/strong><\/td><td class=\"column-2\"><span style=\"color:#a9a9a9;\">\u21d2&nbsp;<\/span>\u00c0 la d\u00e9couverte des ateliers de fabrication des <em><strong>bougies swazies<\/strong><\/em> au <em><strong>village de Malkerns<\/strong><\/em>. En semaine, vous pourrez y voir les artistes au travail. D\u00e9couverte de la <em><strong>Vall\u00e9e&nbsp;heureuse<\/strong><\/em> (<em>happy&nbsp;Valley<\/em>) o\u00f9 vous pourrez fl\u00e2ner dans les petits march\u00e9s et admirer l\u2019artisanat local.<br \/><br \/>\n<span style=\"color:#a9a9a9;\">\u21d2&nbsp;<\/span>\u00c0 l\u2019arriv\u00e9e \u00e0 <em><strong>Mountain&nbsp;View Hotel-Lodge<\/strong><\/em> pour l'h\u00e9bergement.<\/td>\n<\/tr>\n<tr class=\"row-5\">\n\t<td class=\"column-1\"><strong>Souper<\/strong><\/td><td class=\"column-2\"><span style=\"color:#a9a9a9;\">\u21d2&nbsp;<\/span>Restaurant du <em><strong>Mountain&nbsp;View Hotel-Lodge<\/strong><\/em>.<\/td>\n<\/tr>\n<tr class=\"row-6\">\n\t<td class=\"column-1\"><strong>Soir\u00e9e<\/strong><\/td><td class=\"column-2\"><span style=\"color:#a9a9a9;\">\u21d2&nbsp;<\/span>La nuit \u00e0 notre h\u00f4tel <em><strong>Mountain&nbsp;View Hotel-Lodge<\/strong><\/em>.<\/td>\n<\/tr>\n<\/tbody>\n<tfoot>\n<tr class=\"row-7\">\n\t<td colspan=\"2\" class=\"column-1\"><\/td>\n<\/tr>\n<\/tfoot>\n<\/table>\n<!-- #tablepress-9 from cache --><\/div>\n\t\t\t\t\t\t<\/div>\n\t\t\t\t<\/div>\n\t\t<div class=\"elementor-element elementor-element-5e71321b e-con-full e-flex e-con e-child\" data-id=\"5e71321b\" data-element_type=\"container\" data-e-type=\"container\">\n\t\t\t\t<\/div>\n\t\t\t\t\t<\/div>\n\t\t\t\t<\/div>\n\t\t\t\t<section class=\"elementor-section elementor-top-section elementor-element elementor-element-103eac20 elementor-section-boxed elementor-section-height-default elementor-section-height-default\" data-id=\"103eac20\" data-element_type=\"section\" data-e-type=\"section\">\n\t\t\t\t\t\t<div class=\"elementor-container elementor-column-gap-default\">\n\t\t\t\t\t<div class=\"elementor-column elementor-col-100 elementor-top-column elementor-element elementor-element-1773921e\" data-id=\"1773921e\" data-element_type=\"column\" data-e-type=\"column\">\n\t\t\t<div class=\"elementor-widget-wrap elementor-element-populated\">\n\t\t\t\t\t\t<div class=\"elementor-element elementor-element-1dde075c elementor-widget-divider--view-line_text elementor-widget-divider--element-align-center elementor-widget elementor-widget-divider\" data-id=\"1dde075c\" data-element_type=\"widget\" data-e-type=\"widget\" data-widget_type=\"divider.default\">\n\t\t\t\t\t\t\t<div class=\"elementor-divider\">\n\t\t\t<span class=\"elementor-divider-separator\">\n\t\t\t\t\t\t\t<span class=\"elementor-divider__text elementor-divider__element\">\n\t\t\t\tVenez voir nos 208 photos\t\t\t\t<\/span>\n\t\t\t\t\t\t<\/span>\n\t\t<\/div>\n\t\t\t\t\t\t<\/div>\n\t\t\t\t\t<\/div>\n\t\t<\/div>\n\t\t\t\t\t<\/div>\n\t\t<\/section>\n\t\t\t\t<section class=\"elementor-section elementor-top-section elementor-element elementor-element-1c93f03 elementor-section-boxed elementor-section-height-default elementor-section-height-default\" data-id=\"1c93f03\" data-element_type=\"section\" data-e-type=\"section\">\n\t\t\t\t\t\t<div class=\"elementor-container elementor-column-gap-default\">\n\t\t\t\t\t<div class=\"elementor-column elementor-col-100 elementor-top-column elementor-element elementor-element-208fae43\" data-id=\"208fae43\" data-element_type=\"column\" data-e-type=\"column\">\n\t\t\t<div class=\"elementor-widget-wrap elementor-element-populated\">\n\t\t\t\t\t\t<div class=\"elementor-element elementor-element-28a32d98 elementor-widget elementor-widget-shortcode\" data-id=\"28a32d98\" data-element_type=\"widget\" data-e-type=\"widget\" data-widget_type=\"shortcode.default\">\n\t\t\t\t\t\t\t<div class=\"elementor-shortcode\"><iframe src=\"https:\/\/public.joomeo.com\/albums\/65539d7345501\/slideshow?sls_ap=1&sls_ac=1&sls_dbp=10&sls_afs=1&iframe=1\" scrolling=\"no\" frameborder=\"0\" width=\"500\" height=\"333\" allowfullscreen><\/iframe><\/div>\n\t\t\t\t\t\t<\/div>\n\t\t\t\t\t<\/div>\n\t\t<\/div>\n\t\t\t\t\t<\/div>\n\t\t<\/section>\n\t\t\t\t<section class=\"elementor-section elementor-top-section elementor-element elementor-element-42d2b3be elementor-section-boxed elementor-section-height-default elementor-section-height-default\" data-id=\"42d2b3be\" data-element_type=\"section\" data-e-type=\"section\">\n\t\t\t\t\t\t<div class=\"elementor-container elementor-column-gap-default\">\n\t\t\t\t\t<div class=\"elementor-column elementor-col-100 elementor-top-column elementor-element elementor-element-26ec7ae9\" data-id=\"26ec7ae9\" data-element_type=\"column\" data-e-type=\"column\">\n\t\t\t<div class=\"elementor-widget-wrap elementor-element-populated\">\n\t\t\t\t\t\t<div class=\"elementor-element elementor-element-4fbe92e4 elementor-widget-divider--view-line_text elementor-widget-divider--element-align-center elementor-widget elementor-widget-divider\" data-id=\"4fbe92e4\" data-element_type=\"widget\" data-e-type=\"widget\" data-widget_type=\"divider.default\">\n\t\t\t\t\t\t\t<div class=\"elementor-divider\">\n\t\t\t<span class=\"elementor-divider-separator\">\n\t\t\t\t\t\t\t<span class=\"elementor-divider__text elementor-divider__element\">\n\t\t\t\tVenez voir nos 3 vid\u00e9os\t\t\t\t<\/span>\n\t\t\t\t\t\t<\/span>\n\t\t<\/div>\n\t\t\t\t\t\t<\/div>\n\t\t\t\t\t<\/div>\n\t\t<\/div>\n\t\t\t\t\t<\/div>\n\t\t<\/section>\n\t\t\t\t<section class=\"elementor-section elementor-top-section elementor-element elementor-element-48637e6f elementor-section-boxed elementor-section-height-default elementor-section-height-default\" data-id=\"48637e6f\" data-element_type=\"section\" data-e-type=\"section\">\n\t\t\t\t\t\t<div class=\"elementor-container elementor-column-gap-default\">\n\t\t\t\t\t<div class=\"elementor-column elementor-col-100 elementor-top-column elementor-element elementor-element-59592a9a\" data-id=\"59592a9a\" data-element_type=\"column\" data-e-type=\"column\">\n\t\t\t<div class=\"elementor-widget-wrap elementor-element-populated\">\n\t\t\t\t\t\t<div class=\"elementor-element elementor-element-3456029e elementor-widget elementor-widget-shortcode\" data-id=\"3456029e\" data-element_type=\"widget\" data-e-type=\"widget\" data-widget_type=\"shortcode.default\">\n\t\t\t\t\t\t\t<div class=\"elementor-shortcode\"><iframe src=\"https:\/\/public.joomeo.com\/albums\/65539d9a9fded\/slideshow?sls_ap=1&sls_ac=1&sls_dbp=10&sls_afs=1&iframe=1\" scrolling=\"no\" frameborder=\"0\" width=\"500\" height=\"333\" allowfullscreen><\/iframe><\/div>\n\t\t\t\t\t\t<\/div>\n\t\t\t\t\t<\/div>\n\t\t<\/div>\n\t\t\t\t\t<\/div>\n\t\t<\/section>\n\t\t\t\t<section class=\"elementor-section elementor-top-section elementor-element elementor-element-17e4235 elementor-section-boxed elementor-section-height-default elementor-section-height-default\" data-id=\"17e4235\" data-element_type=\"section\" data-e-type=\"section\">\n\t\t\t\t\t\t<div class=\"elementor-container elementor-column-gap-default\">\n\t\t\t\t\t<div class=\"elementor-column elementor-col-100 elementor-top-column elementor-element elementor-element-b289645\" data-id=\"b289645\" data-element_type=\"column\" data-e-type=\"column\">\n\t\t\t<div class=\"elementor-widget-wrap elementor-element-populated\">\n\t\t\t\t\t\t<div class=\"elementor-element elementor-element-3224d12b elementor-widget-divider--view-line_text elementor-widget-divider--element-align-center elementor-widget elementor-widget-divider\" data-id=\"3224d12b\" data-element_type=\"widget\" data-e-type=\"widget\" data-widget_type=\"divider.default\">\n\t\t\t\t\t\t\t<div class=\"elementor-divider\">\n\t\t\t<span class=\"elementor-divider-separator\">\n\t\t\t\t\t\t\t<span class=\"elementor-divider__text elementor-divider__element\">\n\t\t\t\tMenu de ce voyage\t\t\t\t<\/span>\n\t\t\t\t\t\t<\/span>\n\t\t<\/div>\n\t\t\t\t\t\t<\/div>\n\t\t\t\t\t<\/div>\n\t\t<\/div>\n\t\t\t\t\t<\/div>\n\t\t<\/section>\n\t\t\t\t<section class=\"elementor-section elementor-top-section elementor-element elementor-element-754b4fa6 elementor-section-boxed elementor-section-height-default elementor-section-height-default\" data-id=\"754b4fa6\" data-element_type=\"section\" data-e-type=\"section\">\n\t\t\t\t\t\t<div class=\"elementor-container elementor-column-gap-default\">\n\t\t\t\t\t<div class=\"elementor-column elementor-col-100 elementor-top-column elementor-element elementor-element-3d00a41b\" data-id=\"3d00a41b\" data-element_type=\"column\" data-e-type=\"column\">\n\t\t\t<div class=\"elementor-widget-wrap elementor-element-populated\">\n\t\t\t\t<div class=\"elementor-element elementor-element-243dba3e e-flex e-con-boxed e-con e-parent\" data-id=\"243dba3e\" data-element_type=\"container\" data-e-type=\"container\">\n\t\t\t\t\t<div class=\"e-con-inner\">\n\t\t\t\t<div class=\"elementor-element elementor-element-3798e10a elementor-widget elementor-widget-text-editor\" data-id=\"3798e10a\" data-element_type=\"widget\" data-e-type=\"widget\" data-widget_type=\"text-editor.default\">\n\t\t\t\t\t\t\t\t\t<table border=\"0\" width=\"100%\" cellspacing=\"10\" align=\"center\">\n<tbody>\n<tr>\n<th class=\"menugroslettre\" colspan=\"2\" scope=\"col\" width=\"90%\">MENU DU S\u00c9JOUR EN AFRIQUE&nbsp;DU&nbsp;SUD ET ROYAUME D&rsquo;ESWATINI<\/th>\n<\/tr>\n<tr>\n<th width=\"90%\" colspan=\"2\" align=\"center\"><a href=\"https:\/\/mondedesylvieetpierre.ca\/voyage\/?p=41236\">PORTAIL DU S\u00c9JOUR EN AFRIQUE&nbsp;DU&nbsp;SUD ET ROYAUME D&rsquo;ESWATINI<\/a><\/th>\n<\/tr>\n<tr>\n<th width=\"90%\" colspan=\"2\" align=\"center\"><span style=\"text-transform: none;\"><strong>\u00c0&nbsp;SAVOIR&nbsp;:<\/strong> le premier, le deuxi\u00e8me et le quinzi\u00e8me jour n&rsquo;ont&nbsp;pas de page,<br \/>\ncar nous \u00e9tions dans les a\u00e9roports et dans les avions.<\/span><\/th>\n<\/tr>\n<\/tbody>\n<\/table>\t\t\t\t\t\t\t\t<\/div>\n\t\t\t\t\t<\/div>\n\t\t\t\t<\/div>\n\t\t\t\t\t<\/div>\n\t\t<\/div>\n\t\t\t\t\t<\/div>\n\t\t<\/section>\n\t\t<div class=\"elementor-element elementor-element-10f13e15 e-flex e-con-boxed e-con e-parent\" data-id=\"10f13e15\" data-element_type=\"container\" data-e-type=\"container\">\n\t\t\t\t\t<div class=\"e-con-inner\">\n\t\t<div class=\"elementor-element elementor-element-79d55ec e-con-full e-flex e-con e-child\" data-id=\"79d55ec\" data-element_type=\"container\" data-e-type=\"container\">\n\t\t\t\t<\/div>\n\t\t<div class=\"elementor-element elementor-element-59ba4fb4 e-con-full e-flex e-con e-child\" data-id=\"59ba4fb4\" data-element_type=\"container\" data-e-type=\"container\">\n\t\t\t\t<div class=\"elementor-element elementor-element-7fc321b5 elementor-widget elementor-widget-text-editor\" data-id=\"7fc321b5\" data-element_type=\"widget\" data-e-type=\"widget\" data-widget_type=\"text-editor.default\">\n\t\t\t\t\t\t\t\t\t<ol>\n \t<li>Premier&nbsp;jour &#8212; 18&nbsp;octobre<\/li>\n \t<li>Deuxi\u00e8me&nbsp;jour &#8212; 19&nbsp;octobre<\/li>\n    <li><a href=\"https:\/\/mondedesylvieetpierre.ca\/voyage\/?page_id=41599\">Troisi\u00e8me&nbsp;jour &#8212; 20&nbsp;octobre<\/a><\/li>\n    <li><a href=\"https:\/\/mondedesylvieetpierre.ca\/voyage\/?page_id=41601\">Quatri\u00e8me&nbsp;jour &#8212; 21&nbsp;octobre<\/a><\/li>\n    <li><a href=\"https:\/\/mondedesylvieetpierre.ca\/voyage\/?page_id=41603\">Cinqui\u00e8me&nbsp;jour &#8212; 22&nbsp;octobre<\/a><\/li>\n    <li><a href=\"https:\/\/mondedesylvieetpierre.ca\/voyage\/?page_id=41606\">Sixi\u00e8me&nbsp;jour &#8212; 23&nbsp;octobre<\/a><\/li>\n    <li><a href=\"https:\/\/mondedesylvieetpierre.ca\/voyage\/?page_id=41608\">Septi\u00e8me&nbsp;jour &#8212; 24&nbsp;octobre<\/a><\/li>\n    <li><span style=\"color: #cccccc; font-size: large;\">Huiti\u00e8me&nbsp;jour &#8212; 25&nbsp;octobre<\/span><\/li>\n<\/ol>\t\t\t\t\t\t\t\t<\/div>\n\t\t\t\t<\/div>\n\t\t<div class=\"elementor-element elementor-element-71793532 e-con-full e-flex e-con e-child\" data-id=\"71793532\" data-element_type=\"container\" data-e-type=\"container\">\n\t\t\t\t<div class=\"elementor-element elementor-element-376d211c elementor-widget elementor-widget-text-editor\" data-id=\"376d211c\" data-element_type=\"widget\" data-e-type=\"widget\" data-widget_type=\"text-editor.default\">\n\t\t\t\t\t\t\t\t\t<ol start=\"9\">\n \t<li><a href=\"https:\/\/mondedesylvieetpierre.ca\/voyage\/?page_id=41612\">Neuvi\u00e8me&nbsp;jour &#8212; 26&nbsp;octobre<\/a><\/li>\n \t<li><a href=\"https:\/\/mondedesylvieetpierre.ca\/voyage\/?page_id=41614\">Dixi\u00e8me&nbsp;jour &#8212; 27&nbsp;octobre<\/a><\/li>\n    <li><a href=\"https:\/\/mondedesylvieetpierre.ca\/voyage\/?page_id=41616\">Onzi\u00e8me&nbsp;jour &#8212; 28&nbsp;octobre<\/a><\/li>\n    <li><a href=\"https:\/\/mondedesylvieetpierre.ca\/voyage\/?page_id=41618\">Douzi\u00e8me&nbsp;jour &#8212; 29&nbsp;octobre<\/a><\/li>\n    <li><a href=\"https:\/\/mondedesylvieetpierre.ca\/voyage\/?page_id=41620\">Treizi\u00e8me&nbsp;jour &#8212; 30&nbsp;octobre<\/a><\/li>\n    <li><a href=\"https:\/\/mondedesylvieetpierre.ca\/voyage\/?page_id=41622\">Quatorzi\u00e8me&nbsp;jour &#8212; 31&nbsp;octobre<\/a><\/li>\n    <li>Quinzi\u00e8me&nbsp;jour &#8212; 1<sup>er<\/sup>&nbsp;novembre<\/li>\n<\/ol>\t\t\t\t\t\t\t\t<\/div>\n\t\t\t\t<\/div>\n\t\t<div class=\"elementor-element elementor-element-19bd40d5 e-con-full e-flex e-con e-child\" data-id=\"19bd40d5\" data-element_type=\"container\" data-e-type=\"container\">\n\t\t\t\t<\/div>\n\t\t\t\t\t<\/div>\n\t\t\t\t<\/div>\n\t\t\t\t<\/div>\n\t\t","protected":false},"excerpt":{"rendered":"<p>Huiti\u00e8me journ\u00e9e Mercredi, le 25 octobre 2023 Venez voir nos 208 photos Venez voir nos 3 vid\u00e9os Menu de ce voyage MENU DU S\u00c9JOUR EN AFRIQUE&nbsp;DU&nbsp;SUD ET ROYAUME D&rsquo;ESWATINI PORTAIL DU S\u00c9JOUR EN AFRIQUE&nbsp;DU&nbsp;SUD ET ROYAUME D&rsquo;ESWATINI \u00c0&nbsp;SAVOIR&nbsp;: le premier, le deuxi\u00e8me et le quinzi\u00e8me jour n&rsquo;ont&nbsp;pas de page, car nous \u00e9tions dans les a\u00e9roports&#8230; <span class=\"more\"><a class=\"more-link\" href=\"https:\/\/mondedesylvieetpierre.ca\/voyage\/?page_id=41610\">Lire la suite<\/a><\/span><\/p>\n","protected":false},"author":1,"featured_media":0,"parent":0,"menu_order":0,"comment_status":"closed","ping_status":"closed","template":"elementor_header_footer","meta":{"footnotes":""},"categories":[209],"tags":[],"class_list":["post-41610","page","type-page","status-publish","hentry","category-afrique_du_sud_2023"],"_links":{"self":[{"href":"https:\/\/mondedesylvieetpierre.ca\/voyage\/index.php?rest_route=\/wp\/v2\/pages\/41610","targetHints":{"allow":["GET"]}}],"collection":[{"href":"https:\/\/mondedesylvieetpierre.ca\/voyage\/index.php?rest_route=\/wp\/v2\/pages"}],"about":[{"href":"https:\/\/mondedesylvieetpierre.ca\/voyage\/index.php?rest_route=\/wp\/v2\/types\/page"}],"author":[{"embeddable":true,"href":"https:\/\/mondedesylvieetpierre.ca\/voyage\/index.php?rest_route=\/wp\/v2\/users\/1"}],"replies":[{"embeddable":true,"href":"https:\/\/mondedesylvieetpierre.ca\/voyage\/index.php?rest_route=%2Fwp%2Fv2%2Fcomments&post=41610"}],"version-history":[{"count":0,"href":"https:\/\/mondedesylvieetpierre.ca\/voyage\/index.php?rest_route=\/wp\/v2\/pages\/41610\/revisions"}],"wp:attachment":[{"href":"https:\/\/mondedesylvieetpierre.ca\/voyage\/index.php?rest_route=%2Fwp%2Fv2%2Fmedia&parent=41610"}],"wp:term":[{"taxonomy":"category","embeddable":true,"href":"https:\/\/mondedesylvieetpierre.ca\/voyage\/index.php?rest_route=%2Fwp%2Fv2%2Fcategories&post=41610"},{"taxonomy":"post_tag","embeddable":true,"href":"https:\/\/mondedesylvieetpierre.ca\/voyage\/index.php?rest_route=%2Fwp%2Fv2%2Ftags&post=41610"}],"curies":[{"name":"wp","href":"https:\/\/api.w.org\/{rel}","templated":true}]}}