{"id":41614,"date":"2023-11-12T15:13:05","date_gmt":"2023-11-12T20:13:05","guid":{"rendered":"https:\/\/mondedesylvieetpierre.ca\/voyage\/?page_id=41614"},"modified":"2024-06-12T07:48:45","modified_gmt":"2024-06-12T12:48:45","slug":"jour-10-27-octobre","status":"publish","type":"page","link":"https:\/\/mondedesylvieetpierre.ca\/voyage\/?page_id=41614","title":{"rendered":"Jour 10 &#8211; 27 octobre"},"content":{"rendered":"\t\t<div data-elementor-type=\"wp-page\" data-elementor-id=\"41614\" class=\"elementor elementor-41614\" data-elementor-post-type=\"page\">\n\t\t\t\t<div class=\"elementor-element elementor-element-c7f190c e-flex e-con-boxed e-con e-parent\" data-id=\"c7f190c\" data-element_type=\"container\" data-e-type=\"container\">\n\t\t\t\t\t<div class=\"e-con-inner\">\n\t\t\t\t<div class=\"elementor-element elementor-element-4866030 elementor-widget elementor-widget-heading\" data-id=\"4866030\" data-element_type=\"widget\" data-e-type=\"widget\" data-widget_type=\"heading.default\">\n\t\t\t\t\t<h2 class=\"elementor-heading-title elementor-size-xl\">Dixi\u00e8me journ\u00e9e<\/h2>\t\t\t\t<\/div>\n\t\t\t\t\t<\/div>\n\t\t\t\t<\/div>\n\t\t\t\t<section class=\"elementor-section elementor-top-section elementor-element elementor-element-6799f5bc elementor-section-boxed elementor-section-height-default elementor-section-height-default\" data-id=\"6799f5bc\" data-element_type=\"section\" data-e-type=\"section\">\n\t\t\t\t\t\t<div class=\"elementor-container elementor-column-gap-default\">\n\t\t\t\t\t<div class=\"elementor-column elementor-col-100 elementor-top-column elementor-element elementor-element-6251981e\" data-id=\"6251981e\" data-element_type=\"column\" data-e-type=\"column\">\n\t\t\t<div class=\"elementor-widget-wrap elementor-element-populated\">\n\t\t\t\t\t\t<div class=\"elementor-element elementor-element-14b58f8 elementor-widget elementor-widget-heading\" data-id=\"14b58f8\" data-element_type=\"widget\" data-e-type=\"widget\" data-widget_type=\"heading.default\">\n\t\t\t\t\t<h2 class=\"elementor-heading-title elementor-size-large\">Vendredi, le 27 octobre 2023<\/h2>\t\t\t\t<\/div>\n\t\t\t\t\t<\/div>\n\t\t<\/div>\n\t\t\t\t\t<\/div>\n\t\t<\/section>\n\t\t\t\t<section class=\"elementor-section elementor-top-section elementor-element elementor-element-53277aea elementor-section-boxed elementor-section-height-default elementor-section-height-default\" data-id=\"53277aea\" data-element_type=\"section\" data-e-type=\"section\">\n\t\t\t\t\t\t<div class=\"elementor-container elementor-column-gap-default\">\n\t\t\t\t\t<div class=\"elementor-column elementor-col-100 elementor-top-column elementor-element elementor-element-3cc9a1c9\" data-id=\"3cc9a1c9\" data-element_type=\"column\" data-e-type=\"column\">\n\t\t\t<div class=\"elementor-widget-wrap elementor-element-populated\">\n\t\t\t\t\t\t<div class=\"elementor-element elementor-element-1bc4b1d elementor-widget elementor-widget-image\" data-id=\"1bc4b1d\" data-element_type=\"widget\" data-e-type=\"widget\" data-widget_type=\"image.default\">\n\t\t\t\t\t\t\t\t\t\t\t\t\t\t\t<img decoding=\"async\" width=\"400\" height=\"65\" src=\"https:\/\/mondedesylvieetpierre.ca\/voyage\/wp-content\/uploads\/2023\/11\/Logo-south-Africa-400x65-1.png\" class=\"attachment-large size-large wp-image-41351\" alt=\"\" srcset=\"https:\/\/mondedesylvieetpierre.ca\/voyage\/wp-content\/uploads\/2023\/11\/Logo-south-Africa-400x65-1.png 400w, https:\/\/mondedesylvieetpierre.ca\/voyage\/wp-content\/uploads\/2023\/11\/Logo-south-Africa-400x65-1-300x49.png 300w\" sizes=\"(max-width: 400px) 100vw, 400px\" \/>\t\t\t\t\t\t\t\t\t\t\t\t\t\t\t<\/div>\n\t\t\t\t\t<\/div>\n\t\t<\/div>\n\t\t\t\t\t<\/div>\n\t\t<\/section>\n\t\t<div class=\"elementor-element elementor-element-62534ff9 e-flex e-con-boxed e-con e-parent\" data-id=\"62534ff9\" data-element_type=\"container\" data-e-type=\"container\">\n\t\t\t\t\t<div class=\"e-con-inner\">\n\t\t<div class=\"elementor-element elementor-element-334970d2 e-con-full e-flex e-con e-child\" data-id=\"334970d2\" data-element_type=\"container\" data-e-type=\"container\">\n\t\t\t\t<\/div>\n\t\t<div class=\"elementor-element elementor-element-3c19d021 e-con-full e-flex e-con e-child\" data-id=\"3c19d021\" data-element_type=\"container\" data-e-type=\"container\">\n\t\t\t\t<div class=\"elementor-element elementor-element-7c467054 elementor-widget elementor-widget-shortcode\" data-id=\"7c467054\" data-element_type=\"widget\" data-e-type=\"widget\" data-widget_type=\"shortcode.default\">\n\t\t\t\t\t\t\t<div class=\"elementor-shortcode\">\n<table id=\"tablepress-11\" class=\"tablepress tablepress-id-11\">\n<thead>\n<tr class=\"row-1\">\n\t<th colspan=\"2\" class=\"column-1\"><center><strong>Parc Kruger | Hazyview | Parc Kruger <\/strong><\/center><\/th>\n<\/tr>\n<\/thead>\n<tbody class=\"row-striping row-hover\">\n<tr class=\"row-2\">\n\t<td class=\"column-1\"><strong>AM<\/strong><\/td><td class=\"column-2\"><span style=\"color:#a9a9a9;\">\u21d2&nbsp;<\/span>R\u00e9veil et petit d\u00e9jeuner \u00e0 <em><strong>Nkambeni&nbsp;Safari&nbsp;Camp<\/strong><\/em>.<br \/><br \/>\n<span style=\"color:#a9a9a9;\">\u21d2&nbsp;<\/span>D\u00e9part pour un <em><strong>safari en&nbsp;4x4<\/strong><\/em> au c\u0153ur du c\u00e9l\u00e8bre <em><strong>parc&nbsp;national&nbsp;Kruger<\/strong><\/em>. Avec plus de 12,000&nbsp;\u00e9l\u00e9phants, de 27,000&nbsp;buffles et de 1,000&nbsp;l\u00e9opards, le fameux \u00ab&nbsp;<em><strong>Big&nbsp;Five<\/strong><\/em>&nbsp;\u00bb (<em>lion, l\u00e9opard, \u00e9l\u00e9phant, rhinoc\u00e9ros, buffle<\/em>) y est bien repr\u00e9sent\u00e9. Le <strong>Kruger<\/strong> abrite 147&nbsp;esp\u00e8ces de mammif\u00e8res, 517&nbsp;esp\u00e8ces d\u2019oiseaux et six&nbsp;\u00e9cosyst\u00e8mes diff\u00e9rents. Le v\u00e9hicule 4x4 permet de vous approcher de la v\u00e9g\u00e9tation pendant que votre ranger exp\u00e9riment\u00e9 piste les traces fra\u00eeches.<br \/><br \/>\n<span style=\"color:#a9a9a9;\">\u21d2&nbsp;<\/span>En fin de matin\u00e9e, un arr\u00eat dans l\u2019un des relais \"<em>rest-camps<\/em>\" du parc vous permettra de vous d\u00e9gourdir les jambes et de vous rafra\u00eechir.<\/td>\n<\/tr>\n<tr class=\"row-3\">\n\t<td class=\"column-1\"><strong>D\u00eener<\/strong><\/td><td class=\"column-2\"><span style=\"color:#a9a9a9;\">\u21d2&nbsp;<\/span>D\u00eener sera servi dans l\u2019un des restaurants du site.<\/td>\n<\/tr>\n<tr class=\"row-4\">\n\t<td class=\"column-1\"><strong>PM<\/strong><\/td><td class=\"column-2\"><span style=\"color:#a9a9a9;\">\u21d2&nbsp;<\/span>En route vers notre h\u00e9bergement <em><strong>Hazyview Sun Lodge<\/strong><\/em> pour 2 nuits.<br \/><br \/>\n<span style=\"color:#a9a9a9;\">\u21d2&nbsp;<\/span>Temps libre.<\/td>\n<\/tr>\n<tr class=\"row-5\">\n\t<td class=\"column-1\"><strong>Souper<\/strong><\/td><td class=\"column-2\"><span style=\"color:#a9a9a9;\">\u21d2&nbsp;<\/span>Soupr au restaurant <em><strong>Hazyview Sun Lodge<\/strong><\/em>.<\/td>\n<\/tr>\n<tr class=\"row-6\">\n\t<td class=\"column-1\"><strong>Soir\u00e9e<\/strong><\/td><td class=\"column-2\"><span style=\"color:#a9a9a9;\">\u21d2&nbsp;<\/span>Retour \u00e0 notre h\u00e9bergement <em><strong>Hazyview Sun Lodge<\/strong><\/em> pour la nuit.<\/td>\n<\/tr>\n<\/tbody>\n<tfoot>\n<tr class=\"row-7\">\n\t<td colspan=\"2\" class=\"column-1\"><\/td>\n<\/tr>\n<\/tfoot>\n<\/table>\n<!-- #tablepress-11 from cache --><\/div>\n\t\t\t\t\t\t<\/div>\n\t\t\t\t<\/div>\n\t\t<div class=\"elementor-element elementor-element-799773c8 e-con-full e-flex e-con e-child\" data-id=\"799773c8\" data-element_type=\"container\" data-e-type=\"container\">\n\t\t\t\t<\/div>\n\t\t\t\t\t<\/div>\n\t\t\t\t<\/div>\n\t\t\t\t<section class=\"elementor-section elementor-top-section elementor-element elementor-element-224a4032 elementor-section-boxed elementor-section-height-default elementor-section-height-default\" data-id=\"224a4032\" data-element_type=\"section\" data-e-type=\"section\">\n\t\t\t\t\t\t<div class=\"elementor-container elementor-column-gap-default\">\n\t\t\t\t\t<div class=\"elementor-column elementor-col-100 elementor-top-column elementor-element elementor-element-4bfadd1b\" data-id=\"4bfadd1b\" data-element_type=\"column\" data-e-type=\"column\">\n\t\t\t<div class=\"elementor-widget-wrap elementor-element-populated\">\n\t\t\t\t\t\t<div class=\"elementor-element elementor-element-66f63a7f elementor-widget-divider--view-line_text elementor-widget-divider--element-align-center elementor-widget elementor-widget-divider\" data-id=\"66f63a7f\" data-element_type=\"widget\" data-e-type=\"widget\" data-widget_type=\"divider.default\">\n\t\t\t\t\t\t\t<div class=\"elementor-divider\">\n\t\t\t<span class=\"elementor-divider-separator\">\n\t\t\t\t\t\t\t<span class=\"elementor-divider__text elementor-divider__element\">\n\t\t\t\tVenez voir nos 147 photos\t\t\t\t<\/span>\n\t\t\t\t\t\t<\/span>\n\t\t<\/div>\n\t\t\t\t\t\t<\/div>\n\t\t\t\t\t<\/div>\n\t\t<\/div>\n\t\t\t\t\t<\/div>\n\t\t<\/section>\n\t\t\t\t<section class=\"elementor-section elementor-top-section elementor-element elementor-element-7ca7561d elementor-section-boxed elementor-section-height-default elementor-section-height-default\" data-id=\"7ca7561d\" data-element_type=\"section\" data-e-type=\"section\">\n\t\t\t\t\t\t<div class=\"elementor-container elementor-column-gap-default\">\n\t\t\t\t\t<div class=\"elementor-column elementor-col-100 elementor-top-column elementor-element elementor-element-2f347418\" data-id=\"2f347418\" data-element_type=\"column\" data-e-type=\"column\">\n\t\t\t<div class=\"elementor-widget-wrap elementor-element-populated\">\n\t\t\t\t\t\t<div class=\"elementor-element elementor-element-4f47be91 elementor-widget elementor-widget-shortcode\" data-id=\"4f47be91\" data-element_type=\"widget\" data-e-type=\"widget\" data-widget_type=\"shortcode.default\">\n\t\t\t\t\t\t\t<div class=\"elementor-shortcode\"><iframe src=\"https:\/\/public.joomeo.com\/albums\/65539e6d5f967\/slideshow?sls_ap=1&sls_ac=1&sls_dbp=10&sls_afs=1&iframe=1\" scrolling=\"no\" frameborder=\"0\" width=\"500\" height=\"333\" allowfullscreen><\/iframe><\/div>\n\t\t\t\t\t\t<\/div>\n\t\t\t\t\t<\/div>\n\t\t<\/div>\n\t\t\t\t\t<\/div>\n\t\t<\/section>\n\t\t\t\t<section class=\"elementor-section elementor-top-section elementor-element elementor-element-40ffcc36 elementor-section-boxed elementor-section-height-default elementor-section-height-default\" data-id=\"40ffcc36\" data-element_type=\"section\" data-e-type=\"section\">\n\t\t\t\t\t\t<div class=\"elementor-container elementor-column-gap-default\">\n\t\t\t\t\t<div class=\"elementor-column elementor-col-100 elementor-top-column elementor-element elementor-element-296343b1\" data-id=\"296343b1\" data-element_type=\"column\" data-e-type=\"column\">\n\t\t\t<div class=\"elementor-widget-wrap elementor-element-populated\">\n\t\t\t\t\t\t<div class=\"elementor-element elementor-element-5ec50e94 elementor-widget-divider--view-line_text elementor-widget-divider--element-align-center elementor-widget elementor-widget-divider\" data-id=\"5ec50e94\" data-element_type=\"widget\" data-e-type=\"widget\" data-widget_type=\"divider.default\">\n\t\t\t\t\t\t\t<div class=\"elementor-divider\">\n\t\t\t<span class=\"elementor-divider-separator\">\n\t\t\t\t\t\t\t<span class=\"elementor-divider__text elementor-divider__element\">\n\t\t\t\tVenez voir nos 2 vid\u00e9os\t\t\t\t<\/span>\n\t\t\t\t\t\t<\/span>\n\t\t<\/div>\n\t\t\t\t\t\t<\/div>\n\t\t\t\t\t<\/div>\n\t\t<\/div>\n\t\t\t\t\t<\/div>\n\t\t<\/section>\n\t\t\t\t<section class=\"elementor-section elementor-top-section elementor-element elementor-element-2e8197c2 elementor-section-boxed elementor-section-height-default elementor-section-height-default\" data-id=\"2e8197c2\" data-element_type=\"section\" data-e-type=\"section\">\n\t\t\t\t\t\t<div class=\"elementor-container elementor-column-gap-default\">\n\t\t\t\t\t<div class=\"elementor-column elementor-col-100 elementor-top-column elementor-element elementor-element-7d40d07e\" data-id=\"7d40d07e\" data-element_type=\"column\" data-e-type=\"column\">\n\t\t\t<div class=\"elementor-widget-wrap elementor-element-populated\">\n\t\t\t\t\t\t<div class=\"elementor-element elementor-element-578a0f63 elementor-widget elementor-widget-shortcode\" data-id=\"578a0f63\" data-element_type=\"widget\" data-e-type=\"widget\" data-widget_type=\"shortcode.default\">\n\t\t\t\t\t\t\t<div class=\"elementor-shortcode\"><iframe src=\"https:\/\/public.joomeo.com\/albums\/65539e92a011c\/slideshow?sls_ap=1&sls_ac=1&sls_dbp=10&sls_afs=1&iframe=1\" scrolling=\"no\" frameborder=\"0\" width=\"500\" height=\"333\" allowfullscreen><\/iframe><\/div>\n\t\t\t\t\t\t<\/div>\n\t\t\t\t\t<\/div>\n\t\t<\/div>\n\t\t\t\t\t<\/div>\n\t\t<\/section>\n\t\t\t\t<section class=\"elementor-section elementor-top-section elementor-element elementor-element-1163f72b elementor-section-boxed elementor-section-height-default elementor-section-height-default\" data-id=\"1163f72b\" data-element_type=\"section\" data-e-type=\"section\">\n\t\t\t\t\t\t<div class=\"elementor-container elementor-column-gap-default\">\n\t\t\t\t\t<div class=\"elementor-column elementor-col-100 elementor-top-column elementor-element elementor-element-6683eb39\" data-id=\"6683eb39\" data-element_type=\"column\" data-e-type=\"column\">\n\t\t\t<div class=\"elementor-widget-wrap elementor-element-populated\">\n\t\t\t\t\t\t<div class=\"elementor-element elementor-element-4c0a1465 elementor-widget-divider--view-line_text elementor-widget-divider--element-align-center elementor-widget elementor-widget-divider\" data-id=\"4c0a1465\" data-element_type=\"widget\" data-e-type=\"widget\" data-widget_type=\"divider.default\">\n\t\t\t\t\t\t\t<div class=\"elementor-divider\">\n\t\t\t<span class=\"elementor-divider-separator\">\n\t\t\t\t\t\t\t<span class=\"elementor-divider__text elementor-divider__element\">\n\t\t\t\tMenu de ce voyage\t\t\t\t<\/span>\n\t\t\t\t\t\t<\/span>\n\t\t<\/div>\n\t\t\t\t\t\t<\/div>\n\t\t\t\t\t<\/div>\n\t\t<\/div>\n\t\t\t\t\t<\/div>\n\t\t<\/section>\n\t\t\t\t<section class=\"elementor-section elementor-top-section elementor-element elementor-element-f578355 elementor-section-boxed elementor-section-height-default elementor-section-height-default\" data-id=\"f578355\" data-element_type=\"section\" data-e-type=\"section\">\n\t\t\t\t\t\t<div class=\"elementor-container elementor-column-gap-default\">\n\t\t\t\t\t<div class=\"elementor-column elementor-col-100 elementor-top-column elementor-element elementor-element-fca7f15\" data-id=\"fca7f15\" data-element_type=\"column\" data-e-type=\"column\">\n\t\t\t<div class=\"elementor-widget-wrap elementor-element-populated\">\n\t\t\t\t<div class=\"elementor-element elementor-element-2b2bb11d e-flex e-con-boxed e-con e-parent\" data-id=\"2b2bb11d\" data-element_type=\"container\" data-e-type=\"container\">\n\t\t\t\t\t<div class=\"e-con-inner\">\n\t\t\t\t<div class=\"elementor-element elementor-element-62426505 elementor-widget elementor-widget-text-editor\" data-id=\"62426505\" data-element_type=\"widget\" data-e-type=\"widget\" data-widget_type=\"text-editor.default\">\n\t\t\t\t\t\t\t\t\t<table border=\"0\" width=\"100%\" cellspacing=\"10\" align=\"center\">\n<tbody>\n<tr>\n<th class=\"menugroslettre\" colspan=\"2\" scope=\"col\" width=\"90%\">MENU DU S\u00c9JOUR EN AFRIQUE&nbsp;DU&nbsp;SUD ET ROYAUME D&rsquo;ESWATINI<\/th>\n<\/tr>\n<tr>\n<th width=\"90%\" colspan=\"2\" align=\"center\"><a href=\"https:\/\/mondedesylvieetpierre.ca\/voyage\/?p=41236\">PORTAIL DU S\u00c9JOUR EN AFRIQUE&nbsp;DU&nbsp;SUD ET ROYAUME D&rsquo;ESWATINI<\/a><\/th>\n<\/tr>\n<tr>\n<th width=\"90%\" colspan=\"2\" align=\"center\"><span style=\"text-transform: none;\"><strong>\u00c0&nbsp;SAVOIR&nbsp;:<\/strong> le premier, le deuxi\u00e8me et le quinzi\u00e8me jour n&rsquo;ont&nbsp;pas de page,<br \/>\ncar nous \u00e9tions dans les a\u00e9roports et dans les avions.<\/span><\/th>\n<\/tr>\n<\/tbody>\n<\/table>\t\t\t\t\t\t\t\t<\/div>\n\t\t\t\t\t<\/div>\n\t\t\t\t<\/div>\n\t\t\t\t\t<\/div>\n\t\t<\/div>\n\t\t\t\t\t<\/div>\n\t\t<\/section>\n\t\t<div class=\"elementor-element elementor-element-731d459f e-flex e-con-boxed e-con e-parent\" data-id=\"731d459f\" data-element_type=\"container\" data-e-type=\"container\">\n\t\t\t\t\t<div class=\"e-con-inner\">\n\t\t<div class=\"elementor-element elementor-element-2fd23c95 e-con-full e-flex e-con e-child\" data-id=\"2fd23c95\" data-element_type=\"container\" data-e-type=\"container\">\n\t\t\t\t<\/div>\n\t\t<div class=\"elementor-element elementor-element-3771cc6d e-con-full e-flex e-con e-child\" data-id=\"3771cc6d\" data-element_type=\"container\" data-e-type=\"container\">\n\t\t\t\t<div class=\"elementor-element elementor-element-56cccb98 elementor-widget elementor-widget-text-editor\" data-id=\"56cccb98\" data-element_type=\"widget\" data-e-type=\"widget\" data-widget_type=\"text-editor.default\">\n\t\t\t\t\t\t\t\t\t<ol>\n \t<li>Premier&nbsp;jour &#8212; 18&nbsp;octobre<\/li>\n \t<li>Deuxi\u00e8me&nbsp;jour &#8212; 19&nbsp;octobre<\/li>\n    <li><a href=\"https:\/\/mondedesylvieetpierre.ca\/voyage\/?page_id=41599\">Troisi\u00e8me&nbsp;jour &#8212; 20&nbsp;octobre<\/a><\/li>\n    <li><a href=\"https:\/\/mondedesylvieetpierre.ca\/voyage\/?page_id=41601\">Quatri\u00e8me&nbsp;jour &#8212; 21&nbsp;octobre<\/a><\/li>\n    <li><a href=\"https:\/\/mondedesylvieetpierre.ca\/voyage\/?page_id=41603\">Cinqui\u00e8me&nbsp;jour &#8212; 22&nbsp;octobre<\/a><\/li>\n    <li><a href=\"https:\/\/mondedesylvieetpierre.ca\/voyage\/?page_id=41606\">Sixi\u00e8me&nbsp;jour &#8212; 23&nbsp;octobre<\/a><\/li>\n    <li><a href=\"https:\/\/mondedesylvieetpierre.ca\/voyage\/?page_id=41608\">Septi\u00e8me&nbsp;jour &#8212; 24&nbsp;octobre<\/a><\/li>\n    <li><a href=\"https:\/\/mondedesylvieetpierre.ca\/voyage\/?page_id=41610\">Huiti\u00e8me&nbsp;jour &#8212; 25&nbsp;octobre<\/a><\/li>\n<\/ol>\t\t\t\t\t\t\t\t<\/div>\n\t\t\t\t<\/div>\n\t\t<div class=\"elementor-element elementor-element-6efe161d e-con-full e-flex e-con e-child\" data-id=\"6efe161d\" data-element_type=\"container\" data-e-type=\"container\">\n\t\t\t\t<div class=\"elementor-element elementor-element-50c547e4 elementor-widget elementor-widget-text-editor\" data-id=\"50c547e4\" data-element_type=\"widget\" data-e-type=\"widget\" data-widget_type=\"text-editor.default\">\n\t\t\t\t\t\t\t\t\t<ol start=\"9\">\n \t<li><a href=\"https:\/\/mondedesylvieetpierre.ca\/voyage\/?page_id=41612\">Neuvi\u00e8me&nbsp;jour &#8212; 26&nbsp;octobre<\/a><\/li>\n \t<li><span style=\"color: #cccccc; font-size: large;\">Dixi\u00e8me&nbsp;jour &#8212; 27&nbsp;octobre<\/span><\/li>\n    <li><a href=\"https:\/\/mondedesylvieetpierre.ca\/voyage\/?page_id=41616\">Onzi\u00e8me&nbsp;jour &#8212; 28&nbsp;octobre<\/a><\/li>\n    <li><a href=\"https:\/\/mondedesylvieetpierre.ca\/voyage\/?page_id=41618\">Douzi\u00e8me&nbsp;jour &#8212; 29&nbsp;octobre<\/a><\/li>\n    <li><a href=\"https:\/\/mondedesylvieetpierre.ca\/voyage\/?page_id=41620\">Treizi\u00e8me&nbsp;jour &#8212; 30&nbsp;octobre<\/a><\/li>\n    <li><a href=\"https:\/\/mondedesylvieetpierre.ca\/voyage\/?page_id=41622\">Quatorzi\u00e8me&nbsp;jour &#8212; 31&nbsp;octobre<\/a><\/li>\n    <li>Quinzi\u00e8me&nbsp;jour &#8212; 1<sup>er<\/sup>&nbsp;novembre<\/li>\n<\/ol>\t\t\t\t\t\t\t\t<\/div>\n\t\t\t\t<\/div>\n\t\t<div class=\"elementor-element elementor-element-4ccd1cf5 e-con-full e-flex e-con e-child\" data-id=\"4ccd1cf5\" data-element_type=\"container\" data-e-type=\"container\">\n\t\t\t\t<\/div>\n\t\t\t\t\t<\/div>\n\t\t\t\t<\/div>\n\t\t\t\t<\/div>\n\t\t","protected":false},"excerpt":{"rendered":"<p>Dixi\u00e8me journ\u00e9e Vendredi, le 27 octobre 2023 Venez voir nos 147 photos Venez voir nos 2 vid\u00e9os Menu de ce voyage MENU DU S\u00c9JOUR EN AFRIQUE&nbsp;DU&nbsp;SUD ET ROYAUME D&rsquo;ESWATINI PORTAIL DU S\u00c9JOUR EN AFRIQUE&nbsp;DU&nbsp;SUD ET ROYAUME D&rsquo;ESWATINI \u00c0&nbsp;SAVOIR&nbsp;: le premier, le deuxi\u00e8me et le quinzi\u00e8me jour n&rsquo;ont&nbsp;pas de page, car nous \u00e9tions dans les a\u00e9roports&#8230; <span class=\"more\"><a class=\"more-link\" href=\"https:\/\/mondedesylvieetpierre.ca\/voyage\/?page_id=41614\">Lire la suite<\/a><\/span><\/p>\n","protected":false},"author":1,"featured_media":0,"parent":0,"menu_order":0,"comment_status":"closed","ping_status":"closed","template":"elementor_header_footer","meta":{"footnotes":""},"categories":[209],"tags":[],"class_list":["post-41614","page","type-page","status-publish","hentry","category-afrique_du_sud_2023"],"_links":{"self":[{"href":"https:\/\/mondedesylvieetpierre.ca\/voyage\/index.php?rest_route=\/wp\/v2\/pages\/41614","targetHints":{"allow":["GET"]}}],"collection":[{"href":"https:\/\/mondedesylvieetpierre.ca\/voyage\/index.php?rest_route=\/wp\/v2\/pages"}],"about":[{"href":"https:\/\/mondedesylvieetpierre.ca\/voyage\/index.php?rest_route=\/wp\/v2\/types\/page"}],"author":[{"embeddable":true,"href":"https:\/\/mondedesylvieetpierre.ca\/voyage\/index.php?rest_route=\/wp\/v2\/users\/1"}],"replies":[{"embeddable":true,"href":"https:\/\/mondedesylvieetpierre.ca\/voyage\/index.php?rest_route=%2Fwp%2Fv2%2Fcomments&post=41614"}],"version-history":[{"count":0,"href":"https:\/\/mondedesylvieetpierre.ca\/voyage\/index.php?rest_route=\/wp\/v2\/pages\/41614\/revisions"}],"wp:attachment":[{"href":"https:\/\/mondedesylvieetpierre.ca\/voyage\/index.php?rest_route=%2Fwp%2Fv2%2Fmedia&parent=41614"}],"wp:term":[{"taxonomy":"category","embeddable":true,"href":"https:\/\/mondedesylvieetpierre.ca\/voyage\/index.php?rest_route=%2Fwp%2Fv2%2Fcategories&post=41614"},{"taxonomy":"post_tag","embeddable":true,"href":"https:\/\/mondedesylvieetpierre.ca\/voyage\/index.php?rest_route=%2Fwp%2Fv2%2Ftags&post=41614"}],"curies":[{"name":"wp","href":"https:\/\/api.w.org\/{rel}","templated":true}]}}