{"id":41616,"date":"2023-11-12T15:14:10","date_gmt":"2023-11-12T20:14:10","guid":{"rendered":"https:\/\/mondedesylvieetpierre.ca\/voyage\/?page_id=41616"},"modified":"2023-12-07T12:16:07","modified_gmt":"2023-12-07T17:16:07","slug":"jour-11-28-octobre","status":"publish","type":"page","link":"https:\/\/mondedesylvieetpierre.ca\/voyage\/?page_id=41616","title":{"rendered":"Jour 11 &#8211; 28 octobre"},"content":{"rendered":"\t\t<div data-elementor-type=\"wp-page\" data-elementor-id=\"41616\" class=\"elementor elementor-41616\" data-elementor-post-type=\"page\">\n\t\t\t\t<div class=\"elementor-element elementor-element-ada55d5 e-flex e-con-boxed e-con e-parent\" data-id=\"ada55d5\" data-element_type=\"container\" data-e-type=\"container\">\n\t\t\t\t\t<div class=\"e-con-inner\">\n\t\t\t\t<div class=\"elementor-element elementor-element-51bc9df elementor-widget elementor-widget-heading\" data-id=\"51bc9df\" data-element_type=\"widget\" data-e-type=\"widget\" data-widget_type=\"heading.default\">\n\t\t\t\t\t<h2 class=\"elementor-heading-title elementor-size-xl\">Onzi\u00e8me journ\u00e9e<\/h2>\t\t\t\t<\/div>\n\t\t\t\t\t<\/div>\n\t\t\t\t<\/div>\n\t\t\t\t<section class=\"elementor-section elementor-top-section elementor-element elementor-element-20ac886e elementor-section-boxed elementor-section-height-default elementor-section-height-default\" data-id=\"20ac886e\" data-element_type=\"section\" data-e-type=\"section\">\n\t\t\t\t\t\t<div class=\"elementor-container elementor-column-gap-default\">\n\t\t\t\t\t<div class=\"elementor-column elementor-col-100 elementor-top-column elementor-element elementor-element-5d9fbf2a\" data-id=\"5d9fbf2a\" data-element_type=\"column\" data-e-type=\"column\">\n\t\t\t<div class=\"elementor-widget-wrap elementor-element-populated\">\n\t\t\t\t\t\t<div class=\"elementor-element elementor-element-1d421acb elementor-widget elementor-widget-heading\" data-id=\"1d421acb\" data-element_type=\"widget\" data-e-type=\"widget\" data-widget_type=\"heading.default\">\n\t\t\t\t\t<h2 class=\"elementor-heading-title elementor-size-large\">Samedi, le 28 octobre 2023<\/h2>\t\t\t\t<\/div>\n\t\t\t\t\t<\/div>\n\t\t<\/div>\n\t\t\t\t\t<\/div>\n\t\t<\/section>\n\t\t\t\t<section class=\"elementor-section elementor-top-section elementor-element elementor-element-28dc0af8 elementor-section-boxed elementor-section-height-default elementor-section-height-default\" data-id=\"28dc0af8\" data-element_type=\"section\" data-e-type=\"section\">\n\t\t\t\t\t\t<div class=\"elementor-container elementor-column-gap-default\">\n\t\t\t\t\t<div class=\"elementor-column elementor-col-100 elementor-top-column elementor-element elementor-element-a7dd39f\" data-id=\"a7dd39f\" data-element_type=\"column\" data-e-type=\"column\">\n\t\t\t<div class=\"elementor-widget-wrap elementor-element-populated\">\n\t\t\t\t\t\t<div class=\"elementor-element elementor-element-36f5899b elementor-widget elementor-widget-image\" data-id=\"36f5899b\" data-element_type=\"widget\" data-e-type=\"widget\" data-widget_type=\"image.default\">\n\t\t\t\t\t\t\t\t\t\t\t\t\t\t\t<img decoding=\"async\" width=\"400\" height=\"65\" src=\"https:\/\/mondedesylvieetpierre.ca\/voyage\/wp-content\/uploads\/2023\/11\/Logo-south-Africa-400x65-1.png\" class=\"attachment-large size-large wp-image-41351\" alt=\"\" srcset=\"https:\/\/mondedesylvieetpierre.ca\/voyage\/wp-content\/uploads\/2023\/11\/Logo-south-Africa-400x65-1.png 400w, https:\/\/mondedesylvieetpierre.ca\/voyage\/wp-content\/uploads\/2023\/11\/Logo-south-Africa-400x65-1-300x49.png 300w\" sizes=\"(max-width: 400px) 100vw, 400px\" \/>\t\t\t\t\t\t\t\t\t\t\t\t\t\t\t<\/div>\n\t\t\t\t\t<\/div>\n\t\t<\/div>\n\t\t\t\t\t<\/div>\n\t\t<\/section>\n\t\t<div class=\"elementor-element elementor-element-4b6536dc e-flex e-con-boxed e-con e-parent\" data-id=\"4b6536dc\" data-element_type=\"container\" data-e-type=\"container\">\n\t\t\t\t\t<div class=\"e-con-inner\">\n\t\t<div class=\"elementor-element elementor-element-246caf72 e-con-full e-flex e-con e-child\" data-id=\"246caf72\" data-element_type=\"container\" data-e-type=\"container\">\n\t\t\t\t<\/div>\n\t\t<div class=\"elementor-element elementor-element-48ae2a8a e-con-full e-flex e-con e-child\" data-id=\"48ae2a8a\" data-element_type=\"container\" data-e-type=\"container\">\n\t\t\t\t<div class=\"elementor-element elementor-element-3cd598b5 elementor-widget elementor-widget-shortcode\" data-id=\"3cd598b5\" data-element_type=\"widget\" data-e-type=\"widget\" data-widget_type=\"shortcode.default\">\n\t\t\t\t\t\t\t<div class=\"elementor-shortcode\">\n<table id=\"tablepress-12\" class=\"tablepress tablepress-id-12\">\n<thead>\n<tr class=\"row-1\">\n\t<th colspan=\"2\" class=\"column-1\"><center><strong>Parc Kruger | Hazyview | Parc Kruger<\/strong><\/center><\/th>\n<\/tr>\n<\/thead>\n<tbody class=\"row-striping row-hover\">\n<tr class=\"row-2\">\n\t<td class=\"column-1\"><strong>AM<\/strong><\/td><td class=\"column-2\"><span style=\"color:#a9a9a9;\">\u21d2&nbsp;<\/span>R\u00e9veil et petit d\u00e9jeuner \u00e0 <em><strong>Hazyview Sun Lodge<\/strong><\/em>.<br \/><br \/>\n<span style=\"color:#a9a9a9;\">\u21d2&nbsp;<\/span>D\u00e9part vers le <em><strong>sanctuaire d\u2019\u00e9l\u00e9phants de Hazyview<\/strong><\/em> pour une visite de ce lieu incroyable o\u00f9 vous pourrez int\u00e9ragir avec ces merveilleuses cr\u00e9atures.<\/td>\n<\/tr>\n<tr class=\"row-3\">\n\t<td class=\"column-1\"><strong>D\u00eener<\/strong><\/td><td class=\"column-2\"><span style=\"color:#a9a9a9;\">\u21d2&nbsp;<\/span>D\u00eener au restaurant <em><strong>Hazyview Sun Lodge<\/strong><\/em>.<\/td>\n<\/tr>\n<tr class=\"row-4\">\n\t<td class=\"column-1\"><strong>PM<\/strong><\/td><td class=\"column-2\"><span style=\"color:#a9a9a9;\">\u21d2&nbsp;<\/span>Temps libre.<\/td>\n<\/tr>\n<tr class=\"row-5\">\n\t<td class=\"column-1\"><strong>Souper<\/strong><\/td><td class=\"column-2\"><span style=\"color:#a9a9a9;\">\u21d2&nbsp;<\/span>Souper au restaurant <em><strong>Hazyview Sun Lodge<\/strong><\/em>.<\/td>\n<\/tr>\n<tr class=\"row-6\">\n\t<td class=\"column-1\"><strong>Soir\u00e9e<\/strong><\/td><td class=\"column-2\"><span style=\"color:#a9a9a9;\">\u21d2&nbsp;<\/span>Retour \u00e0 notre h\u00e9bergement <em><strong>Hazyview Sun Lodge<\/strong><\/em> pour la nuit.<\/td>\n<\/tr>\n<\/tbody>\n<tfoot>\n<tr class=\"row-7\">\n\t<td colspan=\"2\" class=\"column-1\"><\/td>\n<\/tr>\n<\/tfoot>\n<\/table>\n<!-- #tablepress-12 from cache --><\/div>\n\t\t\t\t\t\t<\/div>\n\t\t\t\t<\/div>\n\t\t<div class=\"elementor-element elementor-element-30631c18 e-con-full e-flex e-con e-child\" data-id=\"30631c18\" data-element_type=\"container\" data-e-type=\"container\">\n\t\t\t\t<\/div>\n\t\t\t\t\t<\/div>\n\t\t\t\t<\/div>\n\t\t\t\t<section class=\"elementor-section elementor-top-section elementor-element elementor-element-79c7a6b7 elementor-section-boxed elementor-section-height-default elementor-section-height-default\" data-id=\"79c7a6b7\" data-element_type=\"section\" data-e-type=\"section\">\n\t\t\t\t\t\t<div class=\"elementor-container elementor-column-gap-default\">\n\t\t\t\t\t<div class=\"elementor-column elementor-col-100 elementor-top-column elementor-element elementor-element-4c53d033\" data-id=\"4c53d033\" data-element_type=\"column\" data-e-type=\"column\">\n\t\t\t<div class=\"elementor-widget-wrap elementor-element-populated\">\n\t\t\t\t\t\t<div class=\"elementor-element elementor-element-1b034c8b elementor-widget-divider--view-line_text elementor-widget-divider--element-align-center elementor-widget elementor-widget-divider\" data-id=\"1b034c8b\" data-element_type=\"widget\" data-e-type=\"widget\" data-widget_type=\"divider.default\">\n\t\t\t\t\t\t\t<div class=\"elementor-divider\">\n\t\t\t<span class=\"elementor-divider-separator\">\n\t\t\t\t\t\t\t<span class=\"elementor-divider__text elementor-divider__element\">\n\t\t\t\tVenez voir nos 92 photos\t\t\t\t<\/span>\n\t\t\t\t\t\t<\/span>\n\t\t<\/div>\n\t\t\t\t\t\t<\/div>\n\t\t\t\t\t<\/div>\n\t\t<\/div>\n\t\t\t\t\t<\/div>\n\t\t<\/section>\n\t\t\t\t<section class=\"elementor-section elementor-top-section elementor-element elementor-element-5b57cb80 elementor-section-boxed elementor-section-height-default elementor-section-height-default\" data-id=\"5b57cb80\" data-element_type=\"section\" data-e-type=\"section\">\n\t\t\t\t\t\t<div class=\"elementor-container elementor-column-gap-default\">\n\t\t\t\t\t<div class=\"elementor-column elementor-col-100 elementor-top-column elementor-element elementor-element-564349e4\" data-id=\"564349e4\" data-element_type=\"column\" data-e-type=\"column\">\n\t\t\t<div class=\"elementor-widget-wrap elementor-element-populated\">\n\t\t\t\t\t\t<div class=\"elementor-element elementor-element-7c136825 elementor-widget elementor-widget-shortcode\" data-id=\"7c136825\" data-element_type=\"widget\" data-e-type=\"widget\" data-widget_type=\"shortcode.default\">\n\t\t\t\t\t\t\t<div class=\"elementor-shortcode\"><iframe src=\"https:\/\/public.joomeo.com\/albums\/65539f1491514\/slideshow?sls_ap=1&sls_ac=1&sls_dbp=10&sls_afs=1&iframe=1\" scrolling=\"no\" frameborder=\"0\" width=\"500\" height=\"333\" allowfullscreen><\/iframe><\/div>\n\t\t\t\t\t\t<\/div>\n\t\t\t\t\t<\/div>\n\t\t<\/div>\n\t\t\t\t\t<\/div>\n\t\t<\/section>\n\t\t\t\t<section class=\"elementor-section elementor-top-section elementor-element elementor-element-5ff51e9f elementor-section-boxed elementor-section-height-default elementor-section-height-default\" data-id=\"5ff51e9f\" data-element_type=\"section\" data-e-type=\"section\">\n\t\t\t\t\t\t<div class=\"elementor-container elementor-column-gap-default\">\n\t\t\t\t\t<div class=\"elementor-column elementor-col-100 elementor-top-column elementor-element elementor-element-4834f496\" data-id=\"4834f496\" data-element_type=\"column\" data-e-type=\"column\">\n\t\t\t<div class=\"elementor-widget-wrap elementor-element-populated\">\n\t\t\t\t\t\t<div class=\"elementor-element elementor-element-6a95591a elementor-widget-divider--view-line_text elementor-widget-divider--element-align-center elementor-widget elementor-widget-divider\" data-id=\"6a95591a\" data-element_type=\"widget\" data-e-type=\"widget\" data-widget_type=\"divider.default\">\n\t\t\t\t\t\t\t<div class=\"elementor-divider\">\n\t\t\t<span class=\"elementor-divider-separator\">\n\t\t\t\t\t\t\t<span class=\"elementor-divider__text elementor-divider__element\">\n\t\t\t\tVenez voir nos 3 vid\u00e9os\t\t\t\t<\/span>\n\t\t\t\t\t\t<\/span>\n\t\t<\/div>\n\t\t\t\t\t\t<\/div>\n\t\t\t\t\t<\/div>\n\t\t<\/div>\n\t\t\t\t\t<\/div>\n\t\t<\/section>\n\t\t\t\t<section class=\"elementor-section elementor-top-section elementor-element elementor-element-3642d8c9 elementor-section-boxed elementor-section-height-default elementor-section-height-default\" data-id=\"3642d8c9\" data-element_type=\"section\" data-e-type=\"section\">\n\t\t\t\t\t\t<div class=\"elementor-container elementor-column-gap-default\">\n\t\t\t\t\t<div class=\"elementor-column elementor-col-100 elementor-top-column elementor-element elementor-element-7da9474f\" data-id=\"7da9474f\" data-element_type=\"column\" data-e-type=\"column\">\n\t\t\t<div class=\"elementor-widget-wrap elementor-element-populated\">\n\t\t\t\t\t\t<div class=\"elementor-element elementor-element-4f202e3c elementor-widget elementor-widget-shortcode\" data-id=\"4f202e3c\" data-element_type=\"widget\" data-e-type=\"widget\" data-widget_type=\"shortcode.default\">\n\t\t\t\t\t\t\t<div class=\"elementor-shortcode\"><iframe src=\"https:\/\/public.joomeo.com\/albums\/65539f3819c28\/slideshow?sls_ap=1&sls_ac=1&sls_dbp=10&sls_afs=1&iframe=1\" scrolling=\"no\" frameborder=\"0\" width=\"500\" height=\"333\" allowfullscreen><\/iframe><\/div>\n\t\t\t\t\t\t<\/div>\n\t\t\t\t\t<\/div>\n\t\t<\/div>\n\t\t\t\t\t<\/div>\n\t\t<\/section>\n\t\t\t\t<section class=\"elementor-section elementor-top-section elementor-element elementor-element-505347c8 elementor-section-boxed elementor-section-height-default elementor-section-height-default\" data-id=\"505347c8\" data-element_type=\"section\" data-e-type=\"section\">\n\t\t\t\t\t\t<div class=\"elementor-container elementor-column-gap-default\">\n\t\t\t\t\t<div class=\"elementor-column elementor-col-100 elementor-top-column elementor-element elementor-element-3507238e\" data-id=\"3507238e\" data-element_type=\"column\" data-e-type=\"column\">\n\t\t\t<div class=\"elementor-widget-wrap elementor-element-populated\">\n\t\t\t\t\t\t<div class=\"elementor-element elementor-element-217c6ed3 elementor-widget-divider--view-line_text elementor-widget-divider--element-align-center elementor-widget elementor-widget-divider\" data-id=\"217c6ed3\" data-element_type=\"widget\" data-e-type=\"widget\" data-widget_type=\"divider.default\">\n\t\t\t\t\t\t\t<div class=\"elementor-divider\">\n\t\t\t<span class=\"elementor-divider-separator\">\n\t\t\t\t\t\t\t<span class=\"elementor-divider__text elementor-divider__element\">\n\t\t\t\tMenu de ce voyage\t\t\t\t<\/span>\n\t\t\t\t\t\t<\/span>\n\t\t<\/div>\n\t\t\t\t\t\t<\/div>\n\t\t\t\t\t<\/div>\n\t\t<\/div>\n\t\t\t\t\t<\/div>\n\t\t<\/section>\n\t\t\t\t<section class=\"elementor-section elementor-top-section elementor-element elementor-element-2fed3c53 elementor-section-boxed elementor-section-height-default elementor-section-height-default\" data-id=\"2fed3c53\" data-element_type=\"section\" data-e-type=\"section\">\n\t\t\t\t\t\t<div class=\"elementor-container elementor-column-gap-default\">\n\t\t\t\t\t<div class=\"elementor-column elementor-col-100 elementor-top-column elementor-element elementor-element-65ef7b9c\" data-id=\"65ef7b9c\" data-element_type=\"column\" data-e-type=\"column\">\n\t\t\t<div class=\"elementor-widget-wrap elementor-element-populated\">\n\t\t\t\t<div class=\"elementor-element elementor-element-58f52dfa e-flex e-con-boxed e-con e-parent\" data-id=\"58f52dfa\" data-element_type=\"container\" data-e-type=\"container\">\n\t\t\t\t\t<div class=\"e-con-inner\">\n\t\t\t\t<div class=\"elementor-element elementor-element-3b7d7c2d elementor-widget elementor-widget-text-editor\" data-id=\"3b7d7c2d\" data-element_type=\"widget\" data-e-type=\"widget\" data-widget_type=\"text-editor.default\">\n\t\t\t\t\t\t\t\t\t<table border=\"0\" width=\"100%\" cellspacing=\"10\" align=\"center\">\n<tbody>\n<tr>\n<th class=\"menugroslettre\" colspan=\"2\" scope=\"col\" width=\"90%\">MENU DU S\u00c9JOUR EN AFRIQUE&nbsp;DU&nbsp;SUD ET ROYAUME D&rsquo;ESWATINI<\/th>\n<\/tr>\n<tr>\n<th width=\"90%\" colspan=\"2\" align=\"center\"><a href=\"https:\/\/mondedesylvieetpierre.ca\/voyage\/?p=41236\">PORTAIL DU S\u00c9JOUR EN AFRIQUE&nbsp;DU&nbsp;SUD ET ROYAUME D&rsquo;ESWATINI<\/a><\/th>\n<\/tr>\n<tr>\n<th width=\"90%\" colspan=\"2\" align=\"center\"><span style=\"text-transform: none;\"><strong>\u00c0&nbsp;SAVOIR&nbsp;:<\/strong> le premier, le deuxi\u00e8me et le quinzi\u00e8me jour n&rsquo;ont&nbsp;pas de page,<br \/>\ncar nous \u00e9tions dans les a\u00e9roports et dans les avions.<\/span><\/th>\n<\/tr>\n<\/tbody>\n<\/table>\t\t\t\t\t\t\t\t<\/div>\n\t\t\t\t\t<\/div>\n\t\t\t\t<\/div>\n\t\t\t\t\t<\/div>\n\t\t<\/div>\n\t\t\t\t\t<\/div>\n\t\t<\/section>\n\t\t<div class=\"elementor-element elementor-element-42cf7112 e-flex e-con-boxed e-con e-parent\" data-id=\"42cf7112\" data-element_type=\"container\" data-e-type=\"container\">\n\t\t\t\t\t<div class=\"e-con-inner\">\n\t\t<div class=\"elementor-element elementor-element-38d261a0 e-con-full e-flex e-con e-child\" data-id=\"38d261a0\" data-element_type=\"container\" data-e-type=\"container\">\n\t\t\t\t<\/div>\n\t\t<div class=\"elementor-element elementor-element-2cc1c35c e-con-full e-flex e-con e-child\" data-id=\"2cc1c35c\" data-element_type=\"container\" data-e-type=\"container\">\n\t\t\t\t<div class=\"elementor-element elementor-element-18aed17e elementor-widget elementor-widget-text-editor\" data-id=\"18aed17e\" data-element_type=\"widget\" data-e-type=\"widget\" data-widget_type=\"text-editor.default\">\n\t\t\t\t\t\t\t\t\t<ol>\n \t<li>Premier&nbsp;jour &#8212; 18&nbsp;octobre<\/li>\n \t<li>Deuxi\u00e8me&nbsp;jour &#8212; 19&nbsp;octobre<\/li>\n    <li><a href=\"https:\/\/mondedesylvieetpierre.ca\/voyage\/?page_id=41599\">Troisi\u00e8me&nbsp;jour &#8212; 20&nbsp;octobre<\/a><\/li>\n    <li><a href=\"https:\/\/mondedesylvieetpierre.ca\/voyage\/?page_id=41601\">Quatri\u00e8me&nbsp;jour &#8212; 21&nbsp;octobre<\/a><\/li>\n    <li><a href=\"https:\/\/mondedesylvieetpierre.ca\/voyage\/?page_id=41603\">Cinqui\u00e8me&nbsp;jour &#8212; 22&nbsp;octobre<\/a><\/li>\n    <li><a href=\"https:\/\/mondedesylvieetpierre.ca\/voyage\/?page_id=41606\">Sixi\u00e8me&nbsp;jour &#8212; 23&nbsp;octobre<\/a><\/li>\n    <li><a href=\"https:\/\/mondedesylvieetpierre.ca\/voyage\/?page_id=41608\">Septi\u00e8me&nbsp;jour &#8212; 24&nbsp;octobre<\/a><\/li>\n    <li><a href=\"https:\/\/mondedesylvieetpierre.ca\/voyage\/?page_id=41610\">Huiti\u00e8me&nbsp;jour &#8212; 25&nbsp;octobre<\/a><\/li>\n<\/ol>\t\t\t\t\t\t\t\t<\/div>\n\t\t\t\t<\/div>\n\t\t<div class=\"elementor-element elementor-element-9f5c133 e-con-full e-flex e-con e-child\" data-id=\"9f5c133\" data-element_type=\"container\" data-e-type=\"container\">\n\t\t\t\t<div class=\"elementor-element elementor-element-206fe304 elementor-widget elementor-widget-text-editor\" data-id=\"206fe304\" data-element_type=\"widget\" data-e-type=\"widget\" data-widget_type=\"text-editor.default\">\n\t\t\t\t\t\t\t\t\t<ol start=\"9\">\n \t<li><a href=\"https:\/\/mondedesylvieetpierre.ca\/voyage\/?page_id=41612\">Neuvi\u00e8me&nbsp;jour &#8212; 26&nbsp;octobre<\/a><\/li>\n \t<li><a href=\"https:\/\/mondedesylvieetpierre.ca\/voyage\/?page_id=41614\">Dixi\u00e8me&nbsp;jour &#8212; 27&nbsp;octobre<\/a><\/li>\n    <li><span style=\"color: #cccccc; font-size: large;\">Onzi\u00e8me&nbsp;jour &#8212; 28&nbsp;octobre<\/span><\/li>\n    <li><a href=\"https:\/\/mondedesylvieetpierre.ca\/voyage\/?page_id=41618\">Douzi\u00e8me&nbsp;jour &#8212; 29&nbsp;octobre<\/a><\/li>\n    <li><a href=\"https:\/\/mondedesylvieetpierre.ca\/voyage\/?page_id=41620\">Treizi\u00e8me&nbsp;jour &#8212; 30&nbsp;octobre<\/a><\/li>\n    <li><a href=\"https:\/\/mondedesylvieetpierre.ca\/voyage\/?page_id=41622\">Quatorzi\u00e8me&nbsp;jour &#8212; 31&nbsp;octobre<\/a><\/li>\n    <li>Quinzi\u00e8me&nbsp;jour &#8212; 1<sup>er<\/sup>&nbsp;novembre<\/li>\n<\/ol>\t\t\t\t\t\t\t\t<\/div>\n\t\t\t\t<\/div>\n\t\t<div class=\"elementor-element elementor-element-49b1917e e-con-full e-flex e-con e-child\" data-id=\"49b1917e\" data-element_type=\"container\" data-e-type=\"container\">\n\t\t\t\t<\/div>\n\t\t\t\t\t<\/div>\n\t\t\t\t<\/div>\n\t\t\t\t<\/div>\n\t\t","protected":false},"excerpt":{"rendered":"<p>Onzi\u00e8me journ\u00e9e Samedi, le 28 octobre 2023 Venez voir nos 92 photos Venez voir nos 3 vid\u00e9os Menu de ce voyage MENU DU S\u00c9JOUR EN AFRIQUE&nbsp;DU&nbsp;SUD ET ROYAUME D&rsquo;ESWATINI PORTAIL DU S\u00c9JOUR EN AFRIQUE&nbsp;DU&nbsp;SUD ET ROYAUME D&rsquo;ESWATINI \u00c0&nbsp;SAVOIR&nbsp;: le premier, le deuxi\u00e8me et le quinzi\u00e8me jour n&rsquo;ont&nbsp;pas de page, car nous \u00e9tions dans les a\u00e9roports&#8230; <span class=\"more\"><a class=\"more-link\" href=\"https:\/\/mondedesylvieetpierre.ca\/voyage\/?page_id=41616\">Lire la suite<\/a><\/span><\/p>\n","protected":false},"author":1,"featured_media":0,"parent":0,"menu_order":0,"comment_status":"closed","ping_status":"closed","template":"elementor_header_footer","meta":{"footnotes":""},"categories":[209],"tags":[],"class_list":["post-41616","page","type-page","status-publish","hentry","category-afrique_du_sud_2023"],"_links":{"self":[{"href":"https:\/\/mondedesylvieetpierre.ca\/voyage\/index.php?rest_route=\/wp\/v2\/pages\/41616","targetHints":{"allow":["GET"]}}],"collection":[{"href":"https:\/\/mondedesylvieetpierre.ca\/voyage\/index.php?rest_route=\/wp\/v2\/pages"}],"about":[{"href":"https:\/\/mondedesylvieetpierre.ca\/voyage\/index.php?rest_route=\/wp\/v2\/types\/page"}],"author":[{"embeddable":true,"href":"https:\/\/mondedesylvieetpierre.ca\/voyage\/index.php?rest_route=\/wp\/v2\/users\/1"}],"replies":[{"embeddable":true,"href":"https:\/\/mondedesylvieetpierre.ca\/voyage\/index.php?rest_route=%2Fwp%2Fv2%2Fcomments&post=41616"}],"version-history":[{"count":0,"href":"https:\/\/mondedesylvieetpierre.ca\/voyage\/index.php?rest_route=\/wp\/v2\/pages\/41616\/revisions"}],"wp:attachment":[{"href":"https:\/\/mondedesylvieetpierre.ca\/voyage\/index.php?rest_route=%2Fwp%2Fv2%2Fmedia&parent=41616"}],"wp:term":[{"taxonomy":"category","embeddable":true,"href":"https:\/\/mondedesylvieetpierre.ca\/voyage\/index.php?rest_route=%2Fwp%2Fv2%2Fcategories&post=41616"},{"taxonomy":"post_tag","embeddable":true,"href":"https:\/\/mondedesylvieetpierre.ca\/voyage\/index.php?rest_route=%2Fwp%2Fv2%2Ftags&post=41616"}],"curies":[{"name":"wp","href":"https:\/\/api.w.org\/{rel}","templated":true}]}}