{"id":43581,"date":"2024-05-28T15:16:32","date_gmt":"2024-05-28T20:16:32","guid":{"rendered":"https:\/\/mondedesylvieetpierre.ca\/voyage\/?page_id=43581"},"modified":"2025-10-15T09:48:16","modified_gmt":"2025-10-15T14:48:16","slug":"la-corogne-espagne-2024","status":"publish","type":"page","link":"https:\/\/mondedesylvieetpierre.ca\/voyage\/?page_id=43581","title":{"rendered":"La Corogne \u2014 Espagne 2024"},"content":{"rendered":"\t\t<div data-elementor-type=\"wp-page\" data-elementor-id=\"43581\" class=\"elementor elementor-43581\" data-elementor-post-type=\"page\">\n\t\t\t\t\t\t<section class=\"elementor-section elementor-top-section elementor-element elementor-element-472a0574 elementor-section-boxed elementor-section-height-default elementor-section-height-default\" data-id=\"472a0574\" data-element_type=\"section\" data-e-type=\"section\">\n\t\t\t\t\t\t<div class=\"elementor-container elementor-column-gap-default\">\n\t\t\t\t\t<div class=\"elementor-column elementor-col-100 elementor-top-column elementor-element elementor-element-6b55926d\" data-id=\"6b55926d\" data-element_type=\"column\" data-e-type=\"column\">\n\t\t\t<div class=\"elementor-widget-wrap elementor-element-populated\">\n\t\t\t\t\t\t<div class=\"elementor-element elementor-element-28961758 elementor-widget elementor-widget-heading\" data-id=\"28961758\" data-element_type=\"widget\" data-e-type=\"widget\" data-widget_type=\"heading.default\">\n\t\t\t\t\t<h2 class=\"elementor-heading-title elementor-size-xl\">La Corogne<\/h2>\t\t\t\t<\/div>\n\t\t\t\t\t<\/div>\n\t\t<\/div>\n\t\t\t\t\t<\/div>\n\t\t<\/section>\n\t\t\t\t<section class=\"elementor-section elementor-top-section elementor-element elementor-element-6e6b4762 elementor-section-boxed elementor-section-height-default elementor-section-height-default\" data-id=\"6e6b4762\" data-element_type=\"section\" data-e-type=\"section\">\n\t\t\t\t\t\t<div class=\"elementor-container elementor-column-gap-default\">\n\t\t\t\t\t<div class=\"elementor-column elementor-col-100 elementor-top-column elementor-element elementor-element-40008ef2\" data-id=\"40008ef2\" data-element_type=\"column\" data-e-type=\"column\">\n\t\t\t<div class=\"elementor-widget-wrap elementor-element-populated\">\n\t\t\t\t\t\t<div class=\"elementor-element elementor-element-467b3a96 elementor-widget elementor-widget-heading\" data-id=\"467b3a96\" data-element_type=\"widget\" data-e-type=\"widget\" data-widget_type=\"heading.default\">\n\t\t\t\t\t<h2 class=\"elementor-heading-title elementor-size-default\">Province de La Corogne<\/h2>\t\t\t\t<\/div>\n\t\t\t\t\t<\/div>\n\t\t<\/div>\n\t\t\t\t\t<\/div>\n\t\t<\/section>\n\t\t\t\t<section class=\"elementor-section elementor-top-section elementor-element elementor-element-72cad0f elementor-section-boxed elementor-section-height-default elementor-section-height-default\" data-id=\"72cad0f\" data-element_type=\"section\" data-e-type=\"section\">\n\t\t\t\t\t\t<div class=\"elementor-container elementor-column-gap-default\">\n\t\t\t\t\t<div class=\"elementor-column elementor-col-100 elementor-top-column elementor-element elementor-element-5e26e69b\" data-id=\"5e26e69b\" data-element_type=\"column\" data-e-type=\"column\">\n\t\t\t<div class=\"elementor-widget-wrap elementor-element-populated\">\n\t\t\t\t\t\t<div class=\"elementor-element elementor-element-3c3baaa9 elementor-widget elementor-widget-image\" data-id=\"3c3baaa9\" data-element_type=\"widget\" data-e-type=\"widget\" data-widget_type=\"image.default\">\n\t\t\t\t\t\t\t\t\t\t\t\t\t\t\t<img decoding=\"async\" width=\"100\" height=\"67\" src=\"https:\/\/mondedesylvieetpierre.ca\/voyage\/wp-content\/uploads\/2016\/03\/Flag_of_Spain.png\" class=\"attachment-large size-large wp-image-8462\" alt=\"\" \/>\t\t\t\t\t\t\t\t\t\t\t\t\t\t\t<\/div>\n\t\t\t\t\t<\/div>\n\t\t<\/div>\n\t\t\t\t\t<\/div>\n\t\t<\/section>\n\t\t\t\t<section class=\"elementor-section elementor-top-section elementor-element elementor-element-30d39173 elementor-section-boxed elementor-section-height-default elementor-section-height-default\" data-id=\"30d39173\" data-element_type=\"section\" data-e-type=\"section\">\n\t\t\t\t\t\t<div class=\"elementor-container elementor-column-gap-default\">\n\t\t\t\t\t<div class=\"elementor-column elementor-col-100 elementor-top-column elementor-element elementor-element-488e34d9\" data-id=\"488e34d9\" data-element_type=\"column\" data-e-type=\"column\">\n\t\t\t<div class=\"elementor-widget-wrap elementor-element-populated\">\n\t\t\t\t\t\t<div class=\"elementor-element elementor-element-80a5a37 elementor-widget elementor-widget-heading\" data-id=\"80a5a37\" data-element_type=\"widget\" data-e-type=\"widget\" data-widget_type=\"heading.default\">\n\t\t\t\t\t<h2 class=\"elementor-heading-title elementor-size-default\">Espagne<\/h2>\t\t\t\t<\/div>\n\t\t\t\t\t<\/div>\n\t\t<\/div>\n\t\t\t\t\t<\/div>\n\t\t<\/section>\n\t\t\t\t<section class=\"elementor-section elementor-top-section elementor-element elementor-element-50036806 elementor-section-boxed elementor-section-height-default elementor-section-height-default\" data-id=\"50036806\" data-element_type=\"section\" data-e-type=\"section\">\n\t\t\t\t\t\t<div class=\"elementor-container elementor-column-gap-default\">\n\t\t\t\t\t<div class=\"elementor-column elementor-col-100 elementor-top-column elementor-element elementor-element-774e01ea\" data-id=\"774e01ea\" data-element_type=\"column\" data-e-type=\"column\">\n\t\t\t<div class=\"elementor-widget-wrap elementor-element-populated\">\n\t\t\t\t\t\t<div class=\"elementor-element elementor-element-7daf8f9d elementor-widget-divider--view-line_text elementor-widget-divider--element-align-center elementor-widget elementor-widget-divider\" data-id=\"7daf8f9d\" data-element_type=\"widget\" data-e-type=\"widget\" data-widget_type=\"divider.default\">\n\t\t\t\t\t\t\t<div class=\"elementor-divider\">\n\t\t\t<span class=\"elementor-divider-separator\">\n\t\t\t\t\t\t\t<span class=\"elementor-divider__text elementor-divider__element\">\n\t\t\t\tHistorique de l'endroit\t\t\t\t<\/span>\n\t\t\t\t\t\t<\/span>\n\t\t<\/div>\n\t\t\t\t\t\t<\/div>\n\t\t\t\t\t<\/div>\n\t\t<\/div>\n\t\t\t\t\t<\/div>\n\t\t<\/section>\n\t\t\t\t<section class=\"elementor-section elementor-top-section elementor-element elementor-element-2b0fcf90 elementor-section-boxed elementor-section-height-default elementor-section-height-default\" data-id=\"2b0fcf90\" data-element_type=\"section\" data-e-type=\"section\">\n\t\t\t\t\t\t<div class=\"elementor-container elementor-column-gap-default\">\n\t\t\t\t\t<div class=\"elementor-column elementor-col-100 elementor-top-column elementor-element elementor-element-49efd4d7\" data-id=\"49efd4d7\" data-element_type=\"column\" data-e-type=\"column\">\n\t\t\t<div class=\"elementor-widget-wrap elementor-element-populated\">\n\t\t\t\t\t\t<div class=\"elementor-element elementor-element-ae550be elementor-widget elementor-widget-image\" data-id=\"ae550be\" data-element_type=\"widget\" data-e-type=\"widget\" data-widget_type=\"image.default\">\n\t\t\t\t\t\t\t\t\t\t\t\t<figure class=\"wp-caption\">\n\t\t\t\t\t\t\t\t\t\t\t<a href=\"https:\/\/mondedesylvieetpierre.ca\/voyage\/wp-content\/uploads\/2024\/05\/20240529-Tour-dHercule-La-Corogne-Espagne-1200x630-1.jpg\" data-elementor-open-lightbox=\"yes\" data-elementor-lightbox-title=\"20240529-Tour dHercule - La Corogne - Espagne - 1200x630\" data-e-action-hash=\"#elementor-action%3Aaction%3Dlightbox%26settings%3DeyJpZCI6NDM3NTEsInVybCI6Imh0dHBzOlwvXC9tb25kZWRlc3lsdmllZXRwaWVycmUuY2FcL3ZveWFnZVwvd3AtY29udGVudFwvdXBsb2Fkc1wvMjAyNFwvMDVcLzIwMjQwNTI5LVRvdXItZEhlcmN1bGUtTGEtQ29yb2duZS1Fc3BhZ25lLTEyMDB4NjMwLTEuanBnIn0%3D\">\n\t\t\t\t\t\t\t<img decoding=\"async\" src=\"https:\/\/mondedesylvieetpierre.ca\/voyage\/wp-content\/uploads\/elementor\/thumbs\/20240529-Tour-dHercule-La-Corogne-Espagne-1200x630-1-qovmuvskkd4pijh3x94umfrsoruw63bmssfvwvdp30.jpg\" title=\"20240529-Tour dHercule &#8211; La Corogne &#8211; Espagne &#8211; 1200&#215;630\" alt=\"20240529-Tour dHercule - La Corogne - Espagne - 1200x630\" loading=\"lazy\" \/>\t\t\t\t\t\t\t\t<\/a>\n\t\t\t\t\t\t\t\t\t\t\t<figcaption class=\"widget-image-caption wp-caption-text\">La tour et la statue  d'Hercule  \u00e0 Corogne en Espagne<\/figcaption>\n\t\t\t\t\t\t\t\t\t\t<\/figure>\n\t\t\t\t\t\t\t\t\t<\/div>\n\t\t\t\t\t<\/div>\n\t\t<\/div>\n\t\t\t\t\t<\/div>\n\t\t<\/section>\n\t\t\t\t<section class=\"elementor-section elementor-top-section elementor-element elementor-element-588c8f7b elementor-section-boxed elementor-section-height-default elementor-section-height-default\" data-id=\"588c8f7b\" data-element_type=\"section\" data-e-type=\"section\">\n\t\t\t\t\t\t<div class=\"elementor-container elementor-column-gap-default\">\n\t\t\t\t\t<div class=\"elementor-column elementor-col-100 elementor-top-column elementor-element elementor-element-6909a3c6\" data-id=\"6909a3c6\" data-element_type=\"column\" data-e-type=\"column\">\n\t\t\t<div class=\"elementor-widget-wrap elementor-element-populated\">\n\t\t\t\t\t\t<div class=\"elementor-element elementor-element-5850089 elementor-widget elementor-widget-text-editor\" data-id=\"5850089\" data-element_type=\"widget\" data-e-type=\"widget\" data-widget_type=\"text-editor.default\">\n\t\t\t\t\t\t\t\t\t<p style=\"text-align: center;\"><strong>La Corogne<\/strong> est la capitale de la <em><strong>province de La Corogne<\/strong><\/em> en <em>Galice<\/em>, au nord-ouest de l&rsquo;<em>Espagne<\/em>.<br \/>\nImportant port historique, <strong>La Corogne<\/strong> se situe sur la c\u00f4te nord-ouest de la p\u00e9ninsule Ib\u00e9rique, dans les <em>R\u00edas&nbsp;Altas<\/em>.<br \/>\nLe centre de la ville s&rsquo;\u00e9tend sur une p\u00e9ninsule reli\u00e9e au continent par un isthme qui pr\u00e9sente deux fa\u00e7ades maritimes distinctes&nbsp;: le port vers l&rsquo;estuaire de <strong>La Corogne<\/strong> et la mer ouverte jusqu&rsquo;\u00e0 la baie d&rsquo;Orz\u00e1n sur lesquels s&rsquo;\u00e9tendent les principales plages <em>Riazor<\/em> et <em>Orz\u00e1n<\/em>.<br \/>\n<strong>La Corogne<\/strong> compte une population de 245,468&nbsp;habitants en&nbsp;2021, ce qui en fait la deuxi\u00e8me commune de <em>Galice<\/em> apr\u00e8s Vigo dans la province de <em>Pontevedra<\/em>.<br \/>\nSelon la l\u00e9gende, <em><strong>Hercule<\/strong><\/em>, apr\u00e8s avoir tu\u00e9 le <em>g\u00e9ant G\u00e9ryon<\/em>, aurait enterr\u00e9 sa t\u00eate dans les fondations du phare et c&rsquo;est lui-m\u00eame qui aurait install\u00e9 au sommet de la tour, un miroir dont la fonction \u00e9tait de r\u00e9fl\u00e9chir les flammes d&rsquo;un foyer afin de guider les marins dans la nuit.<\/p>\t\t\t\t\t\t\t\t<\/div>\n\t\t\t\t\t<\/div>\n\t\t<\/div>\n\t\t\t\t\t<\/div>\n\t\t<\/section>\n\t\t\t\t<section class=\"elementor-section elementor-top-section elementor-element elementor-element-6ff7e35a elementor-section-boxed elementor-section-height-default elementor-section-height-default\" data-id=\"6ff7e35a\" data-element_type=\"section\" data-e-type=\"section\">\n\t\t\t\t\t\t<div class=\"elementor-container elementor-column-gap-default\">\n\t\t\t\t\t<div class=\"elementor-column elementor-col-100 elementor-top-column elementor-element elementor-element-44d89f27\" data-id=\"44d89f27\" data-element_type=\"column\" data-e-type=\"column\">\n\t\t\t<div class=\"elementor-widget-wrap elementor-element-populated\">\n\t\t\t\t\t\t<div class=\"elementor-element elementor-element-7a7b2d39 elementor-widget-divider--view-line_text elementor-widget-divider--element-align-center elementor-widget elementor-widget-divider\" data-id=\"7a7b2d39\" data-element_type=\"widget\" data-e-type=\"widget\" data-widget_type=\"divider.default\">\n\t\t\t\t\t\t\t<div class=\"elementor-divider\">\n\t\t\t<span class=\"elementor-divider-separator\">\n\t\t\t\t\t\t\t<span class=\"elementor-divider__text elementor-divider__element\">\n\t\t\t\tVenez voir nos 61 photos\t\t\t\t<\/span>\n\t\t\t\t\t\t<\/span>\n\t\t<\/div>\n\t\t\t\t\t\t<\/div>\n\t\t\t\t\t<\/div>\n\t\t<\/div>\n\t\t\t\t\t<\/div>\n\t\t<\/section>\n\t\t\t\t<section class=\"elementor-section elementor-top-section elementor-element elementor-element-2145d04b elementor-section-boxed elementor-section-height-default elementor-section-height-default\" data-id=\"2145d04b\" data-element_type=\"section\" data-e-type=\"section\">\n\t\t\t\t\t\t<div class=\"elementor-container elementor-column-gap-default\">\n\t\t\t\t\t<div class=\"elementor-column elementor-col-100 elementor-top-column elementor-element elementor-element-1ca1afed\" data-id=\"1ca1afed\" data-element_type=\"column\" data-e-type=\"column\">\n\t\t\t<div class=\"elementor-widget-wrap elementor-element-populated\">\n\t\t\t\t\t\t<div class=\"elementor-element elementor-element-15069efe elementor-widget elementor-widget-shortcode\" data-id=\"15069efe\" data-element_type=\"widget\" data-e-type=\"widget\" data-widget_type=\"shortcode.default\">\n\t\t\t\t\t\t\t<div class=\"elementor-shortcode\"><iframe src=\"https:\/\/public.joomeo.com\/albums\/665773a2cc7bd\/slideshow?sls_ap=1&sls_ac=1&sls_dbp=10&sls_afs=1&iframe=1\" scrolling=\"no\" frameborder=\"0\" width=\"500\" height=\"333\" allowfullscreen><\/iframe><\/div>\n\t\t\t\t\t\t<\/div>\n\t\t\t\t\t<\/div>\n\t\t<\/div>\n\t\t\t\t\t<\/div>\n\t\t<\/section>\n\t\t\t\t<section class=\"elementor-section elementor-top-section elementor-element elementor-element-1eca828d elementor-section-boxed elementor-section-height-default elementor-section-height-default\" data-id=\"1eca828d\" data-element_type=\"section\" data-e-type=\"section\">\n\t\t\t\t\t\t<div class=\"elementor-container elementor-column-gap-default\">\n\t\t\t\t\t<div class=\"elementor-column elementor-col-100 elementor-top-column elementor-element elementor-element-4f0f2603\" data-id=\"4f0f2603\" data-element_type=\"column\" data-e-type=\"column\">\n\t\t\t<div class=\"elementor-widget-wrap elementor-element-populated\">\n\t\t\t\t\t\t<div class=\"elementor-element elementor-element-34863827 elementor-widget-divider--view-line_text elementor-widget-divider--element-align-center elementor-widget elementor-widget-divider\" data-id=\"34863827\" data-element_type=\"widget\" data-e-type=\"widget\" data-widget_type=\"divider.default\">\n\t\t\t\t\t\t\t<div class=\"elementor-divider\">\n\t\t\t<span class=\"elementor-divider-separator\">\n\t\t\t\t\t\t\t<span class=\"elementor-divider__text elementor-divider__element\">\n\t\t\t\tVenez voir nos 6 vid\u00e9os\t\t\t\t<\/span>\n\t\t\t\t\t\t<\/span>\n\t\t<\/div>\n\t\t\t\t\t\t<\/div>\n\t\t\t\t\t<\/div>\n\t\t<\/div>\n\t\t\t\t\t<\/div>\n\t\t<\/section>\n\t\t\t\t<section class=\"elementor-section elementor-top-section elementor-element elementor-element-2faae516 elementor-section-boxed elementor-section-height-default elementor-section-height-default\" data-id=\"2faae516\" data-element_type=\"section\" data-e-type=\"section\">\n\t\t\t\t\t\t<div class=\"elementor-container elementor-column-gap-default\">\n\t\t\t\t\t<div class=\"elementor-column elementor-col-100 elementor-top-column elementor-element elementor-element-6ca96809\" data-id=\"6ca96809\" data-element_type=\"column\" data-e-type=\"column\">\n\t\t\t<div class=\"elementor-widget-wrap elementor-element-populated\">\n\t\t\t\t\t\t<div class=\"elementor-element elementor-element-70656300 elementor-widget elementor-widget-shortcode\" data-id=\"70656300\" data-element_type=\"widget\" data-e-type=\"widget\" data-widget_type=\"shortcode.default\">\n\t\t\t\t\t\t\t<div class=\"elementor-shortcode\"><iframe src=\"https:\/\/public.joomeo.com\/albums\/665773c6447f5\/slideshow?sls_ap=1&sls_ac=1&sls_dbp=10&sls_afs=1&iframe=1\" scrolling=\"no\" frameborder=\"0\" width=\"500\" height=\"333\" allowfullscreen><\/iframe><\/div>\n\t\t\t\t\t\t<\/div>\n\t\t\t\t\t<\/div>\n\t\t<\/div>\n\t\t\t\t\t<\/div>\n\t\t<\/section>\n\t\t\t\t<section class=\"elementor-section elementor-top-section elementor-element elementor-element-56ffdf7e elementor-section-boxed elementor-section-height-default elementor-section-height-default\" data-id=\"56ffdf7e\" data-element_type=\"section\" data-e-type=\"section\">\n\t\t\t\t\t\t<div class=\"elementor-container elementor-column-gap-default\">\n\t\t\t\t\t<div class=\"elementor-column elementor-col-100 elementor-top-column elementor-element elementor-element-1ebf8ab8\" data-id=\"1ebf8ab8\" data-element_type=\"column\" data-e-type=\"column\">\n\t\t\t<div class=\"elementor-widget-wrap elementor-element-populated\">\n\t\t\t\t\t\t<div class=\"elementor-element elementor-element-2a350c0b elementor-widget-divider--view-line_text elementor-widget-divider--element-align-center elementor-widget elementor-widget-divider\" data-id=\"2a350c0b\" data-element_type=\"widget\" data-e-type=\"widget\" data-widget_type=\"divider.default\">\n\t\t\t\t\t\t\t<div class=\"elementor-divider\">\n\t\t\t<span class=\"elementor-divider-separator\">\n\t\t\t\t\t\t\t<span class=\"elementor-divider__text elementor-divider__element\">\n\t\t\t\tMenu de ce voyage\t\t\t\t<\/span>\n\t\t\t\t\t\t<\/span>\n\t\t<\/div>\n\t\t\t\t\t\t<\/div>\n\t\t\t\t\t<\/div>\n\t\t<\/div>\n\t\t\t\t\t<\/div>\n\t\t<\/section>\n\t\t\t\t<section class=\"elementor-section elementor-top-section elementor-element elementor-element-4b61e780 elementor-section-boxed elementor-section-height-default elementor-section-height-default\" data-id=\"4b61e780\" data-element_type=\"section\" data-e-type=\"section\">\n\t\t\t\t\t\t<div class=\"elementor-container elementor-column-gap-default\">\n\t\t\t\t\t<div class=\"elementor-column elementor-col-100 elementor-top-column elementor-element elementor-element-5821e5ab\" data-id=\"5821e5ab\" data-element_type=\"column\" data-e-type=\"column\">\n\t\t\t<div class=\"elementor-widget-wrap elementor-element-populated\">\n\t\t\t\t\t\t<div class=\"elementor-element elementor-element-2abd357a elementor-widget elementor-widget-text-editor\" data-id=\"2abd357a\" data-element_type=\"widget\" data-e-type=\"widget\" data-widget_type=\"text-editor.default\">\n\t\t\t\t\t\t\t\t\t<table border=\"0\" width=\"100%\" cellspacing=\"10\"><tbody><tr><th class=\"menugroslettre\" colspan=\"2\" scope=\"col\">MENU DE LA CROISI\u00c8RE TRANSATLANTIQUE \u2014 EUROPE DE L&rsquo;OUEST \u2014 \u00ceLES CANARIES<\/th><\/tr><tr><th colspan=\"2\" align=\"center\" width=\"90%\"><a href=\"https:\/\/mondedesylvieetpierre.ca\/voyage\/?p=43501\">Portail de la croisi\u00e8re<br \/>Transatlantique \u2014 Europe\u00a0de\u00a0l&rsquo;Ouest \u2014 \u00celes\u00a0Canaries<\/a><\/th><\/tr><tr><th scope=\"row\" align=\"left\" valign=\"middle\" width=\"18%\">Aux\u00a0\u00celes<br \/>Anglo-Normandes\u00a0:<\/th><td align=\"left\" valign=\"middle\"><a href=\"https:\/\/mondedesylvieetpierre.ca\/voyage\/?page_id=43579\">Saint-Pierre-Port<\/a><\/td><\/tr><tr><th scope=\"row\" align=\"left\" valign=\"middle\" width=\"18%\">Bermude\u00a0:<\/th><td align=\"left\" valign=\"middle\"><a href=\"https:\/\/mondedesylvieetpierre.ca\/voyage\/?page_id=43569\">King&rsquo;s\u00a0Wharf<\/a><\/td><\/tr><tr><th scope=\"row\" align=\"left\" valign=\"middle\" width=\"18%\">France\u00a0:<\/th><td align=\"left\" valign=\"middle\"><a href=\"https:\/\/mondedesylvieetpierre.ca\/voyage\/?page_id=43571\">Le\u00a0Havre<\/a><\/td><\/tr><tr><th rowspan=\"2\" scope=\"row\" align=\"left\" valign=\"middle\" width=\"18%\">Espagne\u00a0:<\/th><td align=\"left\" valign=\"middle\"><span style=\"color: #cccccc; font-size: large;\">La\u00a0Corogne<\/span><\/td><\/tr><tr><td align=\"left\" valign=\"middle\">\u2022\u00a0<strong>Les\u00a0\u00celes\u00a0Canaries\u00a0:<\/strong>\u00a0<a href=\"https:\/\/mondedesylvieetpierre.ca\/voyage\/?page_id=43583\">Arrecife\u00a0(Lanzarote)<\/a> \u2014 <a href=\"https:\/\/mondedesylvieetpierre.ca\/voyage\/?page_id=43585\">Las\u00a0Palmas (Gran\u00a0Canaria)<\/a> \u2014 <a href=\"https:\/\/mondedesylvieetpierre.ca\/voyage\/?page_id=43587\">Santa\u00a0Cruz (T\u00e9n\u00e9rife)<\/a><\/td><\/tr><tr><th scope=\"row\" align=\"left\" valign=\"middle\" width=\"18%\">Irlande\u00a0:<\/th><td align=\"left\" valign=\"middle\"><a href=\"https:\/\/mondedesylvieetpierre.ca\/voyage\/?page_id=43565\">Cobh<\/a><\/td><\/tr><tr><th scope=\"row\" align=\"left\" valign=\"middle\" width=\"18%\">Pays-Bas\u00a0:<\/th><td align=\"left\" valign=\"middle\"><a href=\"https:\/\/mondedesylvieetpierre.ca\/voyage\/?page_id=43573\">Rotterdam<\/a><\/td><\/tr><tr><th scope=\"row\" align=\"left\" valign=\"middle\" width=\"18%\">Portugal\u00a0:<\/th><td align=\"left\" valign=\"middle\"><a href=\"https:\/\/mondedesylvieetpierre.ca\/voyage\/?page_id=43567\">Funchal\u00a0de\u00a0Mad\u00e8re<\/a><\/td><\/tr><tr><th scope=\"row\" align=\"left\" valign=\"middle\" width=\"18%\">Royaume-Unis\u00a0:<\/th><td align=\"left\" valign=\"middle\"><a href=\"https:\/\/mondedesylvieetpierre.ca\/voyage\/?page_id=43575\">Douvres<\/a> \u2014\u00a0<a href=\"https:\/\/mondedesylvieetpierre.ca\/voyage\/?page_id=43577\">Gibratar<\/a><\/td><\/tr><tr><th scope=\"row\" align=\"left\" valign=\"middle\" width=\"18%\">Le\u00a0bateau\u00a0:<\/th><td align=\"left\" valign=\"middle\"><a href=\"https:\/\/mondedesylvieetpierre.ca\/voyage\/?page_id=43589\">MS\u00a0Nieuw\u00a0Statendam<\/a><\/td><\/tr><\/tbody><\/table>\t\t\t\t\t\t\t\t<\/div>\n\t\t\t\t\t<\/div>\n\t\t<\/div>\n\t\t\t\t\t<\/div>\n\t\t<\/section>\n\t\t\t\t<\/div>\n\t\t","protected":false},"excerpt":{"rendered":"<p>La Corogne Province de La Corogne Espagne Historique de l&rsquo;endroit La tour et la statue d&rsquo;Hercule \u00e0 Corogne en Espagne La Corogne est la capitale de la province de La Corogne en Galice, au nord-ouest de l&rsquo;Espagne. Important port historique, La Corogne se situe sur la c\u00f4te nord-ouest de la p\u00e9ninsule Ib\u00e9rique, dans les R\u00edas&nbsp;Altas&#8230;. <span class=\"more\"><a class=\"more-link\" href=\"https:\/\/mondedesylvieetpierre.ca\/voyage\/?page_id=43581\">Lire la suite<\/a><\/span><\/p>\n","protected":false},"author":1,"featured_media":0,"parent":0,"menu_order":0,"comment_status":"closed","ping_status":"closed","template":"elementor_header_footer","meta":{"footnotes":""},"categories":[211],"tags":[],"class_list":["post-43581","page","type-page","status-publish","hentry","category-transatlantique_europe-ouest_iles-canaries_2024"],"_links":{"self":[{"href":"https:\/\/mondedesylvieetpierre.ca\/voyage\/index.php?rest_route=\/wp\/v2\/pages\/43581","targetHints":{"allow":["GET"]}}],"collection":[{"href":"https:\/\/mondedesylvieetpierre.ca\/voyage\/index.php?rest_route=\/wp\/v2\/pages"}],"about":[{"href":"https:\/\/mondedesylvieetpierre.ca\/voyage\/index.php?rest_route=\/wp\/v2\/types\/page"}],"author":[{"embeddable":true,"href":"https:\/\/mondedesylvieetpierre.ca\/voyage\/index.php?rest_route=\/wp\/v2\/users\/1"}],"replies":[{"embeddable":true,"href":"https:\/\/mondedesylvieetpierre.ca\/voyage\/index.php?rest_route=%2Fwp%2Fv2%2Fcomments&post=43581"}],"version-history":[{"count":9,"href":"https:\/\/mondedesylvieetpierre.ca\/voyage\/index.php?rest_route=\/wp\/v2\/pages\/43581\/revisions"}],"predecessor-version":[{"id":46047,"href":"https:\/\/mondedesylvieetpierre.ca\/voyage\/index.php?rest_route=\/wp\/v2\/pages\/43581\/revisions\/46047"}],"wp:attachment":[{"href":"https:\/\/mondedesylvieetpierre.ca\/voyage\/index.php?rest_route=%2Fwp%2Fv2%2Fmedia&parent=43581"}],"wp:term":[{"taxonomy":"category","embeddable":true,"href":"https:\/\/mondedesylvieetpierre.ca\/voyage\/index.php?rest_route=%2Fwp%2Fv2%2Fcategories&post=43581"},{"taxonomy":"post_tag","embeddable":true,"href":"https:\/\/mondedesylvieetpierre.ca\/voyage\/index.php?rest_route=%2Fwp%2Fv2%2Ftags&post=43581"}],"curies":[{"name":"wp","href":"https:\/\/api.w.org\/{rel}","templated":true}]}}