{"id":43587,"date":"2024-05-28T16:14:44","date_gmt":"2024-05-28T21:14:44","guid":{"rendered":"https:\/\/mondedesylvieetpierre.ca\/voyage\/?page_id=43587"},"modified":"2025-10-15T09:44:53","modified_gmt":"2025-10-15T14:44:53","slug":"iles-canaries-santa-cruz-2024","status":"publish","type":"page","link":"https:\/\/mondedesylvieetpierre.ca\/voyage\/?page_id=43587","title":{"rendered":"Iles-Canaries \u2014 Santa Cruz 2024"},"content":{"rendered":"\t\t<div data-elementor-type=\"wp-page\" data-elementor-id=\"43587\" class=\"elementor elementor-43587\" data-elementor-post-type=\"page\">\n\t\t\t\t\t\t<section class=\"elementor-section elementor-top-section elementor-element elementor-element-53b5123b elementor-section-boxed elementor-section-height-default elementor-section-height-default\" data-id=\"53b5123b\" data-element_type=\"section\" data-e-type=\"section\">\n\t\t\t\t\t\t<div class=\"elementor-container elementor-column-gap-default\">\n\t\t\t\t\t<div class=\"elementor-column elementor-col-100 elementor-top-column elementor-element elementor-element-64a94b6a\" data-id=\"64a94b6a\" data-element_type=\"column\" data-e-type=\"column\">\n\t\t\t<div class=\"elementor-widget-wrap elementor-element-populated\">\n\t\t\t\t\t\t<div class=\"elementor-element elementor-element-49f16045 elementor-widget elementor-widget-heading\" data-id=\"49f16045\" data-element_type=\"widget\" data-e-type=\"widget\" data-widget_type=\"heading.default\">\n\t\t\t\t\t<h2 class=\"elementor-heading-title elementor-size-xl\">Santa Cruz<\/h2>\t\t\t\t<\/div>\n\t\t\t\t\t<\/div>\n\t\t<\/div>\n\t\t\t\t\t<\/div>\n\t\t<\/section>\n\t\t\t\t<section class=\"elementor-section elementor-top-section elementor-element elementor-element-43ffeba6 elementor-section-boxed elementor-section-height-default elementor-section-height-default\" data-id=\"43ffeba6\" data-element_type=\"section\" data-e-type=\"section\">\n\t\t\t\t\t\t<div class=\"elementor-container elementor-column-gap-default\">\n\t\t\t\t\t<div class=\"elementor-column elementor-col-100 elementor-top-column elementor-element elementor-element-5f7313fa\" data-id=\"5f7313fa\" data-element_type=\"column\" data-e-type=\"column\">\n\t\t\t<div class=\"elementor-widget-wrap elementor-element-populated\">\n\t\t\t\t\t\t<div class=\"elementor-element elementor-element-31f8bbbd elementor-widget elementor-widget-heading\" data-id=\"31f8bbbd\" data-element_type=\"widget\" data-e-type=\"widget\" data-widget_type=\"heading.default\">\n\t\t\t\t\t<h2 class=\"elementor-heading-title elementor-size-default\">Province de Santa Cruz de Tenerife<\/h2>\t\t\t\t<\/div>\n\t\t\t\t\t<\/div>\n\t\t<\/div>\n\t\t\t\t\t<\/div>\n\t\t<\/section>\n\t\t<div class=\"elementor-element elementor-element-1d71ab3 e-flex e-con-boxed e-con e-parent\" data-id=\"1d71ab3\" data-element_type=\"container\" data-e-type=\"container\">\n\t\t\t\t\t<div class=\"e-con-inner\">\n\t\t\t\t<div class=\"elementor-element elementor-element-4aef45f elementor-widget elementor-widget-heading\" data-id=\"4aef45f\" data-element_type=\"widget\" data-e-type=\"widget\" data-widget_type=\"heading.default\">\n\t\t\t\t\t<h2 class=\"elementor-heading-title elementor-size-default\">Les \u00celes Canaries<\/h2>\t\t\t\t<\/div>\n\t\t\t\t\t<\/div>\n\t\t\t\t<\/div>\n\t\t\t\t<section class=\"elementor-section elementor-top-section elementor-element elementor-element-62db79d elementor-section-boxed elementor-section-height-default elementor-section-height-default\" data-id=\"62db79d\" data-element_type=\"section\" data-e-type=\"section\">\n\t\t\t\t\t\t<div class=\"elementor-container elementor-column-gap-default\">\n\t\t\t\t\t<div class=\"elementor-column elementor-col-33 elementor-top-column elementor-element elementor-element-ffea14b\" data-id=\"ffea14b\" data-element_type=\"column\" data-e-type=\"column\">\n\t\t\t<div class=\"elementor-widget-wrap elementor-element-populated\">\n\t\t\t\t\t\t<div class=\"elementor-element elementor-element-220a577 elementor-widget elementor-widget-image\" data-id=\"220a577\" data-element_type=\"widget\" data-e-type=\"widget\" data-widget_type=\"image.default\">\n\t\t\t\t\t\t\t\t\t\t\t\t\t\t\t<img decoding=\"async\" width=\"100\" height=\"67\" src=\"https:\/\/mondedesylvieetpierre.ca\/voyage\/wp-content\/uploads\/2024\/05\/Flag_of_the_Canary_Islands100x67.jpg\" class=\"attachment-pixelwars_theme_image_size_nullx500 size-pixelwars_theme_image_size_nullx500 wp-image-43756\" alt=\"\" \/>\t\t\t\t\t\t\t\t\t\t\t\t\t\t\t<\/div>\n\t\t\t\t\t<\/div>\n\t\t<\/div>\n\t\t\t\t<div class=\"elementor-column elementor-col-33 elementor-top-column elementor-element elementor-element-dec6b00\" data-id=\"dec6b00\" data-element_type=\"column\" data-e-type=\"column\">\n\t\t\t<div class=\"elementor-widget-wrap\">\n\t\t\t\t\t\t\t<\/div>\n\t\t<\/div>\n\t\t\t\t<div class=\"elementor-column elementor-col-33 elementor-top-column elementor-element elementor-element-95edacd\" data-id=\"95edacd\" data-element_type=\"column\" data-e-type=\"column\">\n\t\t\t<div class=\"elementor-widget-wrap elementor-element-populated\">\n\t\t\t\t\t\t<div class=\"elementor-element elementor-element-c8587d0 elementor-widget elementor-widget-image\" data-id=\"c8587d0\" data-element_type=\"widget\" data-e-type=\"widget\" data-widget_type=\"image.default\">\n\t\t\t\t\t\t\t\t\t\t\t\t\t\t\t<img decoding=\"async\" width=\"100\" height=\"67\" src=\"https:\/\/mondedesylvieetpierre.ca\/voyage\/wp-content\/uploads\/2016\/03\/Flag_of_Spain.png\" class=\"attachment-pixelwars_theme_image_size_nullx500 size-pixelwars_theme_image_size_nullx500 wp-image-8462\" alt=\"\" \/>\t\t\t\t\t\t\t\t\t\t\t\t\t\t\t<\/div>\n\t\t\t\t\t<\/div>\n\t\t<\/div>\n\t\t\t\t\t<\/div>\n\t\t<\/section>\n\t\t\t\t<section class=\"elementor-section elementor-top-section elementor-element elementor-element-1c4391b6 elementor-section-boxed elementor-section-height-default elementor-section-height-default\" data-id=\"1c4391b6\" data-element_type=\"section\" data-e-type=\"section\">\n\t\t\t\t\t\t<div class=\"elementor-container elementor-column-gap-default\">\n\t\t\t\t\t<div class=\"elementor-column elementor-col-100 elementor-top-column elementor-element elementor-element-667cdef8\" data-id=\"667cdef8\" data-element_type=\"column\" data-e-type=\"column\">\n\t\t\t<div class=\"elementor-widget-wrap elementor-element-populated\">\n\t\t\t\t\t\t<div class=\"elementor-element elementor-element-6955bb2f elementor-widget elementor-widget-heading\" data-id=\"6955bb2f\" data-element_type=\"widget\" data-e-type=\"widget\" data-widget_type=\"heading.default\">\n\t\t\t\t\t<h2 class=\"elementor-heading-title elementor-size-default\">Espagne<\/h2>\t\t\t\t<\/div>\n\t\t\t\t\t<\/div>\n\t\t<\/div>\n\t\t\t\t\t<\/div>\n\t\t<\/section>\n\t\t\t\t<section class=\"elementor-section elementor-top-section elementor-element elementor-element-15940af2 elementor-section-boxed elementor-section-height-default elementor-section-height-default\" data-id=\"15940af2\" data-element_type=\"section\" data-e-type=\"section\">\n\t\t\t\t\t\t<div class=\"elementor-container elementor-column-gap-default\">\n\t\t\t\t\t<div class=\"elementor-column elementor-col-100 elementor-top-column elementor-element elementor-element-77c5d5b8\" data-id=\"77c5d5b8\" data-element_type=\"column\" data-e-type=\"column\">\n\t\t\t<div class=\"elementor-widget-wrap elementor-element-populated\">\n\t\t\t\t\t\t<div class=\"elementor-element elementor-element-6afa10df elementor-widget-divider--view-line_text elementor-widget-divider--element-align-center elementor-widget elementor-widget-divider\" data-id=\"6afa10df\" data-element_type=\"widget\" data-e-type=\"widget\" data-widget_type=\"divider.default\">\n\t\t\t\t\t\t\t<div class=\"elementor-divider\">\n\t\t\t<span class=\"elementor-divider-separator\">\n\t\t\t\t\t\t\t<span class=\"elementor-divider__text elementor-divider__element\">\n\t\t\t\tHistorique de l'endroit\t\t\t\t<\/span>\n\t\t\t\t\t\t<\/span>\n\t\t<\/div>\n\t\t\t\t\t\t<\/div>\n\t\t\t\t\t<\/div>\n\t\t<\/div>\n\t\t\t\t\t<\/div>\n\t\t<\/section>\n\t\t\t\t<section class=\"elementor-section elementor-top-section elementor-element elementor-element-b120984 elementor-section-boxed elementor-section-height-default elementor-section-height-default\" data-id=\"b120984\" data-element_type=\"section\" data-e-type=\"section\">\n\t\t\t\t\t\t<div class=\"elementor-container elementor-column-gap-default\">\n\t\t\t\t\t<div class=\"elementor-column elementor-col-100 elementor-top-column elementor-element elementor-element-3c61b9f4\" data-id=\"3c61b9f4\" data-element_type=\"column\" data-e-type=\"column\">\n\t\t\t<div class=\"elementor-widget-wrap elementor-element-populated\">\n\t\t\t\t\t\t<div class=\"elementor-element elementor-element-346438ef elementor-widget elementor-widget-image\" data-id=\"346438ef\" data-element_type=\"widget\" data-e-type=\"widget\" data-widget_type=\"image.default\">\n\t\t\t\t\t\t\t\t\t\t\t\t<figure class=\"wp-caption\">\n\t\t\t\t\t\t\t\t\t\t\t<a href=\"https:\/\/mondedesylvieetpierre.ca\/voyage\/wp-content\/uploads\/2024\/05\/202404026-Volcan-Teide-1200x678-1.jpg\" data-elementor-open-lightbox=\"yes\" data-elementor-lightbox-title=\"202404026-Volcan Teide 1200x678\" data-e-action-hash=\"#elementor-action%3Aaction%3Dlightbox%26settings%3DeyJpZCI6NDM3ODUsInVybCI6Imh0dHBzOlwvXC9tb25kZWRlc3lsdmllZXRwaWVycmUuY2FcL3ZveWFnZVwvd3AtY29udGVudFwvdXBsb2Fkc1wvMjAyNFwvMDVcLzIwMjQwNDAyNi1Wb2xjYW4tVGVpZGUtMTIwMHg2NzgtMS5qcGcifQ%3D%3D\">\n\t\t\t\t\t\t\t<img decoding=\"async\" src=\"https:\/\/mondedesylvieetpierre.ca\/voyage\/wp-content\/uploads\/elementor\/thumbs\/202404026-Volcan-Teide-1200x678-1-qovvitiem25gj7u6asz7an5ppw1vv732jfhcs869z8.jpg\" title=\"202404026-Volcan Teide 1200&#215;678\" alt=\"202404026-Volcan Teide 1200x678\" loading=\"lazy\" \/>\t\t\t\t\t\t\t\t<\/a>\n\t\t\t\t\t\t\t\t\t\t\t<figcaption class=\"widget-image-caption wp-caption-text\">Le volcan Teide, le troisi\u00e8me volcan le plus haut du monde en Espagne.<\/figcaption>\n\t\t\t\t\t\t\t\t\t\t<\/figure>\n\t\t\t\t\t\t\t\t\t<\/div>\n\t\t\t\t\t<\/div>\n\t\t<\/div>\n\t\t\t\t\t<\/div>\n\t\t<\/section>\n\t\t\t\t<section class=\"elementor-section elementor-top-section elementor-element elementor-element-d5640fc elementor-section-boxed elementor-section-height-default elementor-section-height-default\" data-id=\"d5640fc\" data-element_type=\"section\" data-e-type=\"section\">\n\t\t\t\t\t\t<div class=\"elementor-container elementor-column-gap-default\">\n\t\t\t\t\t<div class=\"elementor-column elementor-col-100 elementor-top-column elementor-element elementor-element-b2f7c8e\" data-id=\"b2f7c8e\" data-element_type=\"column\" data-e-type=\"column\">\n\t\t\t<div class=\"elementor-widget-wrap elementor-element-populated\">\n\t\t\t\t\t\t<div class=\"elementor-element elementor-element-4230ade elementor-widget elementor-widget-text-editor\" data-id=\"4230ade\" data-element_type=\"widget\" data-e-type=\"widget\" data-widget_type=\"text-editor.default\">\n\t\t\t\t\t\t\t\t\t<p style=\"text-align: center;\"><strong>Santa&nbsp;Cruz<\/strong> est une commune de la province de <em>Santa&nbsp;Cruz de Tenerife<\/em>, dont elle est la capitale, dans la communaut\u00e9 autonome des \u00eeles&nbsp;Canaries en&nbsp;<em>Espagne<\/em>.<br \/>\n<strong>Santa&nbsp;Cruz<\/strong> est la deuxi\u00e8me&nbsp;ville la plus peupl\u00e9e des <em>\u00eeles&nbsp;Canaries<\/em>, et elle est \u00e9galement l&rsquo;une de ses deux capitales, avec <em>Las&nbsp;Palmas<\/em> de <em>Gran&nbsp;Canaria<\/em>.<br \/>\nL&rsquo;\u00e9conomie de la ville d\u00e9pend beaucoup du tourisme, mais le secteur industriel est \u00e9galement d\u00e9velopp\u00e9, surtout dans les domaines de la chimie et du raffinage.<br \/>\nLa population d&rsquo;environ 450,000&nbsp;habitants en&nbsp;2020 et c&rsquo;est la deuxi\u00e8me plus grande zone urbaine des <em>\u00eeles&nbsp;Canaries<\/em> et la seizi\u00e8me d&rsquo;<em>Espagne<\/em>.<br \/>\nLa ville poss\u00e8de une architecture diversifi\u00e9e, son \u00e9difice contemporain le plus c\u00e9l\u00e8bre \u00e9tant l&rsquo;Auditorium de&nbsp;<em>Tenerife<\/em> r\u00e9alis\u00e9 par <em>Santiago&nbsp;Calatrava<\/em>.<br \/>\nElle accueille chaque ann\u00e9e le Carnaval de <strong>Santa&nbsp;Cruz<\/strong> de&nbsp;<em>Tenerife<\/em>, le plus important d&rsquo;<em>Espagne<\/em> et l&rsquo;un des plus grands au monde.<br \/>\nLe <em><strong>volcan Teide<\/strong><\/em> est la troisi\u00e8me structure volcanique la plus haute et volumineuse de la plan\u00e8te, derri\u00e8re le <em>Mauna&nbsp;Loa<\/em> et le <em>Mauna&nbsp;Kea<\/em> \u00e0 <em>Hawa\u00ef<\/em>, et le plus haut sommet des <em>\u00eeles&nbsp;Canaries<\/em> et de toute l\u2019<em>Espagne<\/em>.<\/p>\t\t\t\t\t\t\t\t<\/div>\n\t\t\t\t\t<\/div>\n\t\t<\/div>\n\t\t\t\t\t<\/div>\n\t\t<\/section>\n\t\t\t\t<section class=\"elementor-section elementor-top-section elementor-element elementor-element-1961d9f8 elementor-section-boxed elementor-section-height-default elementor-section-height-default\" data-id=\"1961d9f8\" data-element_type=\"section\" data-e-type=\"section\">\n\t\t\t\t\t\t<div class=\"elementor-container elementor-column-gap-default\">\n\t\t\t\t\t<div class=\"elementor-column elementor-col-100 elementor-top-column elementor-element elementor-element-21a0a91f\" data-id=\"21a0a91f\" data-element_type=\"column\" data-e-type=\"column\">\n\t\t\t<div class=\"elementor-widget-wrap elementor-element-populated\">\n\t\t\t\t\t\t<div class=\"elementor-element elementor-element-724e4cdf elementor-widget-divider--view-line_text elementor-widget-divider--element-align-center elementor-widget elementor-widget-divider\" data-id=\"724e4cdf\" data-element_type=\"widget\" data-e-type=\"widget\" data-widget_type=\"divider.default\">\n\t\t\t\t\t\t\t<div class=\"elementor-divider\">\n\t\t\t<span class=\"elementor-divider-separator\">\n\t\t\t\t\t\t\t<span class=\"elementor-divider__text elementor-divider__element\">\n\t\t\t\tVenez voir nos 163 photos\t\t\t\t<\/span>\n\t\t\t\t\t\t<\/span>\n\t\t<\/div>\n\t\t\t\t\t\t<\/div>\n\t\t\t\t\t<\/div>\n\t\t<\/div>\n\t\t\t\t\t<\/div>\n\t\t<\/section>\n\t\t\t\t<section class=\"elementor-section elementor-top-section elementor-element elementor-element-273b3b92 elementor-section-boxed elementor-section-height-default elementor-section-height-default\" data-id=\"273b3b92\" data-element_type=\"section\" data-e-type=\"section\">\n\t\t\t\t\t\t<div class=\"elementor-container elementor-column-gap-default\">\n\t\t\t\t\t<div class=\"elementor-column elementor-col-100 elementor-top-column elementor-element elementor-element-4cfc2128\" data-id=\"4cfc2128\" data-element_type=\"column\" data-e-type=\"column\">\n\t\t\t<div class=\"elementor-widget-wrap elementor-element-populated\">\n\t\t\t\t\t\t<div class=\"elementor-element elementor-element-199b52a4 elementor-widget elementor-widget-shortcode\" data-id=\"199b52a4\" data-element_type=\"widget\" data-e-type=\"widget\" data-widget_type=\"shortcode.default\">\n\t\t\t\t\t\t\t<div class=\"elementor-shortcode\"><iframe src=\"https:\/\/public.joomeo.com\/albums\/665775404529d\/slideshow?sls_ap=1&sls_ac=1&sls_dbp=10&sls_afs=1&iframe=1\" scrolling=\"no\" frameborder=\"0\" width=\"500\" height=\"333\" allowfullscreen><\/iframe><\/div>\n\t\t\t\t\t\t<\/div>\n\t\t\t\t\t<\/div>\n\t\t<\/div>\n\t\t\t\t\t<\/div>\n\t\t<\/section>\n\t\t\t\t<section class=\"elementor-section elementor-top-section elementor-element elementor-element-44a6f20b elementor-section-boxed elementor-section-height-default elementor-section-height-default\" data-id=\"44a6f20b\" data-element_type=\"section\" data-e-type=\"section\">\n\t\t\t\t\t\t<div class=\"elementor-container elementor-column-gap-default\">\n\t\t\t\t\t<div class=\"elementor-column elementor-col-100 elementor-top-column elementor-element elementor-element-11c287b2\" data-id=\"11c287b2\" data-element_type=\"column\" data-e-type=\"column\">\n\t\t\t<div class=\"elementor-widget-wrap elementor-element-populated\">\n\t\t\t\t\t\t<div class=\"elementor-element elementor-element-549e7b45 elementor-widget-divider--view-line_text elementor-widget-divider--element-align-center elementor-widget elementor-widget-divider\" data-id=\"549e7b45\" data-element_type=\"widget\" data-e-type=\"widget\" data-widget_type=\"divider.default\">\n\t\t\t\t\t\t\t<div class=\"elementor-divider\">\n\t\t\t<span class=\"elementor-divider-separator\">\n\t\t\t\t\t\t\t<span class=\"elementor-divider__text elementor-divider__element\">\n\t\t\t\tVenez voir nos 8 vid\u00e9os\t\t\t\t<\/span>\n\t\t\t\t\t\t<\/span>\n\t\t<\/div>\n\t\t\t\t\t\t<\/div>\n\t\t\t\t\t<\/div>\n\t\t<\/div>\n\t\t\t\t\t<\/div>\n\t\t<\/section>\n\t\t\t\t<section class=\"elementor-section elementor-top-section elementor-element elementor-element-63ea9371 elementor-section-boxed elementor-section-height-default elementor-section-height-default\" data-id=\"63ea9371\" data-element_type=\"section\" data-e-type=\"section\">\n\t\t\t\t\t\t<div class=\"elementor-container elementor-column-gap-default\">\n\t\t\t\t\t<div class=\"elementor-column elementor-col-100 elementor-top-column elementor-element elementor-element-3fd9002e\" data-id=\"3fd9002e\" data-element_type=\"column\" data-e-type=\"column\">\n\t\t\t<div class=\"elementor-widget-wrap elementor-element-populated\">\n\t\t\t\t\t\t<div class=\"elementor-element elementor-element-b3c7124 elementor-widget elementor-widget-shortcode\" data-id=\"b3c7124\" data-element_type=\"widget\" data-e-type=\"widget\" data-widget_type=\"shortcode.default\">\n\t\t\t\t\t\t\t<div class=\"elementor-shortcode\"><iframe src=\"https:\/\/public.joomeo.com\/albums\/6657756f9cb9e\/slideshow?sls_ap=1&sls_ac=1&sls_dbp=10&sls_afs=1&iframe=1\" scrolling=\"no\" frameborder=\"0\" width=\"500\" height=\"333\" allowfullscreen><\/iframe><\/div>\n\t\t\t\t\t\t<\/div>\n\t\t\t\t\t<\/div>\n\t\t<\/div>\n\t\t\t\t\t<\/div>\n\t\t<\/section>\n\t\t\t\t<section class=\"elementor-section elementor-top-section elementor-element elementor-element-58865045 elementor-section-boxed elementor-section-height-default elementor-section-height-default\" data-id=\"58865045\" data-element_type=\"section\" data-e-type=\"section\">\n\t\t\t\t\t\t<div class=\"elementor-container elementor-column-gap-default\">\n\t\t\t\t\t<div class=\"elementor-column elementor-col-100 elementor-top-column elementor-element elementor-element-77467c69\" data-id=\"77467c69\" data-element_type=\"column\" data-e-type=\"column\">\n\t\t\t<div class=\"elementor-widget-wrap elementor-element-populated\">\n\t\t\t\t\t\t<div class=\"elementor-element elementor-element-6ff5be2e elementor-widget-divider--view-line_text elementor-widget-divider--element-align-center elementor-widget elementor-widget-divider\" data-id=\"6ff5be2e\" data-element_type=\"widget\" data-e-type=\"widget\" data-widget_type=\"divider.default\">\n\t\t\t\t\t\t\t<div class=\"elementor-divider\">\n\t\t\t<span class=\"elementor-divider-separator\">\n\t\t\t\t\t\t\t<span class=\"elementor-divider__text elementor-divider__element\">\n\t\t\t\tMenu de ce voyage\t\t\t\t<\/span>\n\t\t\t\t\t\t<\/span>\n\t\t<\/div>\n\t\t\t\t\t\t<\/div>\n\t\t\t\t\t<\/div>\n\t\t<\/div>\n\t\t\t\t\t<\/div>\n\t\t<\/section>\n\t\t\t\t<section class=\"elementor-section elementor-top-section elementor-element elementor-element-3a9c17c0 elementor-section-boxed elementor-section-height-default elementor-section-height-default\" data-id=\"3a9c17c0\" data-element_type=\"section\" data-e-type=\"section\">\n\t\t\t\t\t\t<div class=\"elementor-container elementor-column-gap-default\">\n\t\t\t\t\t<div class=\"elementor-column elementor-col-100 elementor-top-column elementor-element elementor-element-3481f1c4\" data-id=\"3481f1c4\" data-element_type=\"column\" data-e-type=\"column\">\n\t\t\t<div class=\"elementor-widget-wrap elementor-element-populated\">\n\t\t\t\t\t\t<div class=\"elementor-element elementor-element-19b88901 elementor-widget elementor-widget-text-editor\" data-id=\"19b88901\" data-element_type=\"widget\" data-e-type=\"widget\" data-widget_type=\"text-editor.default\">\n\t\t\t\t\t\t\t\t\t<table border=\"0\" width=\"100%\" cellspacing=\"10\"><tbody><tr><th class=\"menugroslettre\" colspan=\"2\" scope=\"col\">MENU DE LA CROISI\u00c8RE TRANSATLANTIQUE \u2014 EUROPE DE L&rsquo;OUEST \u2014 \u00ceLES CANARIES<\/th><\/tr><tr><th colspan=\"2\" align=\"center\" width=\"90%\"><a href=\"https:\/\/mondedesylvieetpierre.ca\/voyage\/?p=43501\">Portail de la croisi\u00e8re<br \/>Transatlantique \u2014 Europe\u00a0de\u00a0l&rsquo;Ouest \u2014 \u00celes\u00a0Canaries<\/a><\/th><\/tr><tr><th scope=\"row\" align=\"left\" valign=\"middle\" width=\"18%\">Aux\u00a0\u00celes<br \/>Anglo-Normandes\u00a0:<\/th><td align=\"left\" valign=\"middle\"><a href=\"https:\/\/mondedesylvieetpierre.ca\/voyage\/?page_id=43579\">Saint-Pierre-Port<\/a><\/td><\/tr><tr><th scope=\"row\" align=\"left\" valign=\"middle\" width=\"18%\">Bermude\u00a0:<\/th><td align=\"left\" valign=\"middle\"><a href=\"https:\/\/mondedesylvieetpierre.ca\/voyage\/?page_id=43569\">King&rsquo;s\u00a0Wharf<\/a><\/td><\/tr><tr><th scope=\"row\" align=\"left\" valign=\"middle\" width=\"18%\">France\u00a0:<\/th><td align=\"left\" valign=\"middle\"><a href=\"https:\/\/mondedesylvieetpierre.ca\/voyage\/?page_id=43571\">Le\u00a0Havre<\/a><\/td><\/tr><tr><th rowspan=\"2\" scope=\"row\" align=\"left\" valign=\"middle\" width=\"18%\">Espagne\u00a0:<\/th><td align=\"left\" valign=\"middle\"><a href=\"https:\/\/mondedesylvieetpierre.ca\/voyage\/?page_id=43581\">La\u00a0Corogne<\/a><\/td><\/tr><tr><td align=\"left\" valign=\"middle\">\u2022\u00a0<strong>Les\u00a0\u00celes\u00a0Canaries\u00a0:<\/strong>\u00a0<a href=\"https:\/\/mondedesylvieetpierre.ca\/voyage\/?page_id=43583\">Arrecife\u00a0(Lanzarote)<\/a> \u2014 <a href=\"https:\/\/mondedesylvieetpierre.ca\/voyage\/?page_id=43585\">Las\u00a0Palmas (Gran\u00a0Canaria)<\/a> \u2014 <span style=\"color: #cccccc; font-size: large;\">Santa\u00a0Cruz (T\u00e9n\u00e9rife)<\/span><\/td><\/tr><tr><th scope=\"row\" align=\"left\" valign=\"middle\" width=\"18%\">Irlande\u00a0:<\/th><td align=\"left\" valign=\"middle\"><a href=\"https:\/\/mondedesylvieetpierre.ca\/voyage\/?page_id=43565\">Cobh<\/a><\/td><\/tr><tr><th scope=\"row\" align=\"left\" valign=\"middle\" width=\"18%\">Pays-Bas\u00a0:<\/th><td align=\"left\" valign=\"middle\"><a href=\"https:\/\/mondedesylvieetpierre.ca\/voyage\/?page_id=43573\">Rotterdam<\/a><\/td><\/tr><tr><th scope=\"row\" align=\"left\" valign=\"middle\" width=\"18%\">Portugal\u00a0:<\/th><td align=\"left\" valign=\"middle\"><a href=\"https:\/\/mondedesylvieetpierre.ca\/voyage\/?page_id=43567\">Funchal\u00a0de\u00a0Mad\u00e8re<\/a><\/td><\/tr><tr><th scope=\"row\" align=\"left\" valign=\"middle\" width=\"18%\">Royaume-Unis\u00a0:<\/th><td align=\"left\" valign=\"middle\"><a href=\"https:\/\/mondedesylvieetpierre.ca\/voyage\/?page_id=43575\">Douvres<\/a> \u2014\u00a0<a href=\"https:\/\/mondedesylvieetpierre.ca\/voyage\/?page_id=43577\">Gibratar<\/a><\/td><\/tr><tr><th scope=\"row\" align=\"left\" valign=\"middle\" width=\"18%\">Le\u00a0bateau\u00a0:<\/th><td align=\"left\" valign=\"middle\"><a href=\"https:\/\/mondedesylvieetpierre.ca\/voyage\/?page_id=43589\">MS\u00a0Nieuw\u00a0Statendam<\/a><\/td><\/tr><\/tbody><\/table>\t\t\t\t\t\t\t\t<\/div>\n\t\t\t\t\t<\/div>\n\t\t<\/div>\n\t\t\t\t\t<\/div>\n\t\t<\/section>\n\t\t\t\t<\/div>\n\t\t","protected":false},"excerpt":{"rendered":"<p>Santa Cruz Province de Santa Cruz de Tenerife Les \u00celes Canaries Espagne Historique de l&rsquo;endroit Le volcan Teide, le troisi\u00e8me volcan le plus haut du monde en Espagne. Santa&nbsp;Cruz est une commune de la province de Santa&nbsp;Cruz de Tenerife, dont elle est la capitale, dans la communaut\u00e9 autonome des \u00eeles&nbsp;Canaries en&nbsp;Espagne. Santa&nbsp;Cruz est la deuxi\u00e8me&nbsp;ville&#8230; <span class=\"more\"><a class=\"more-link\" href=\"https:\/\/mondedesylvieetpierre.ca\/voyage\/?page_id=43587\">Lire la suite<\/a><\/span><\/p>\n","protected":false},"author":1,"featured_media":0,"parent":0,"menu_order":0,"comment_status":"closed","ping_status":"closed","template":"elementor_header_footer","meta":{"footnotes":""},"categories":[211],"tags":[],"class_list":["post-43587","page","type-page","status-publish","hentry","category-transatlantique_europe-ouest_iles-canaries_2024"],"_links":{"self":[{"href":"https:\/\/mondedesylvieetpierre.ca\/voyage\/index.php?rest_route=\/wp\/v2\/pages\/43587","targetHints":{"allow":["GET"]}}],"collection":[{"href":"https:\/\/mondedesylvieetpierre.ca\/voyage\/index.php?rest_route=\/wp\/v2\/pages"}],"about":[{"href":"https:\/\/mondedesylvieetpierre.ca\/voyage\/index.php?rest_route=\/wp\/v2\/types\/page"}],"author":[{"embeddable":true,"href":"https:\/\/mondedesylvieetpierre.ca\/voyage\/index.php?rest_route=\/wp\/v2\/users\/1"}],"replies":[{"embeddable":true,"href":"https:\/\/mondedesylvieetpierre.ca\/voyage\/index.php?rest_route=%2Fwp%2Fv2%2Fcomments&post=43587"}],"version-history":[{"count":9,"href":"https:\/\/mondedesylvieetpierre.ca\/voyage\/index.php?rest_route=\/wp\/v2\/pages\/43587\/revisions"}],"predecessor-version":[{"id":46032,"href":"https:\/\/mondedesylvieetpierre.ca\/voyage\/index.php?rest_route=\/wp\/v2\/pages\/43587\/revisions\/46032"}],"wp:attachment":[{"href":"https:\/\/mondedesylvieetpierre.ca\/voyage\/index.php?rest_route=%2Fwp%2Fv2%2Fmedia&parent=43587"}],"wp:term":[{"taxonomy":"category","embeddable":true,"href":"https:\/\/mondedesylvieetpierre.ca\/voyage\/index.php?rest_route=%2Fwp%2Fv2%2Fcategories&post=43587"},{"taxonomy":"post_tag","embeddable":true,"href":"https:\/\/mondedesylvieetpierre.ca\/voyage\/index.php?rest_route=%2Fwp%2Fv2%2Ftags&post=43587"}],"curies":[{"name":"wp","href":"https:\/\/api.w.org\/{rel}","templated":true}]}}