{"id":44578,"date":"2025-03-28T10:01:06","date_gmt":"2025-03-28T15:01:06","guid":{"rendered":"https:\/\/mondedesylvieetpierre.ca\/voyage\/?page_id=44578"},"modified":"2025-03-31T11:22:38","modified_gmt":"2025-03-31T16:22:38","slug":"19-fevrier-2025-%e2%94%80-santarem-bresil","status":"publish","type":"page","link":"https:\/\/mondedesylvieetpierre.ca\/voyage\/?page_id=44578","title":{"rendered":"19 f\u00e9vrier 2025 \u2500 Santarem (Br\u00e9sil)"},"content":{"rendered":"\t\t<div data-elementor-type=\"wp-page\" data-elementor-id=\"44578\" class=\"elementor elementor-44578\" data-elementor-post-type=\"page\">\n\t\t\t\t\t\t<section class=\"elementor-section elementor-top-section elementor-element elementor-element-22e2a1f2 elementor-section-boxed elementor-section-height-default elementor-section-height-default\" data-id=\"22e2a1f2\" data-element_type=\"section\" data-e-type=\"section\">\n\t\t\t\t\t\t<div class=\"elementor-container elementor-column-gap-default\">\n\t\t\t\t\t<div class=\"elementor-column elementor-col-100 elementor-top-column elementor-element elementor-element-16386309\" data-id=\"16386309\" data-element_type=\"column\" data-e-type=\"column\">\n\t\t\t<div class=\"elementor-widget-wrap elementor-element-populated\">\n\t\t\t\t\t\t<div class=\"elementor-element elementor-element-ef6b868 elementor-widget elementor-widget-heading\" data-id=\"ef6b868\" data-element_type=\"widget\" data-e-type=\"widget\" data-widget_type=\"heading.default\">\n\t\t\t\t\t<h2 class=\"elementor-heading-title elementor-size-xl\">Santar\u00e9m<\/h2>\t\t\t\t<\/div>\n\t\t\t\t\t<\/div>\n\t\t<\/div>\n\t\t\t\t\t<\/div>\n\t\t<\/section>\n\t\t\t\t<section class=\"elementor-section elementor-top-section elementor-element elementor-element-336274e4 elementor-section-boxed elementor-section-height-default elementor-section-height-default\" data-id=\"336274e4\" data-element_type=\"section\" data-e-type=\"section\">\n\t\t\t\t\t\t<div class=\"elementor-container elementor-column-gap-default\">\n\t\t\t\t\t<div class=\"elementor-column elementor-col-100 elementor-top-column elementor-element elementor-element-32dfa649\" data-id=\"32dfa649\" data-element_type=\"column\" data-e-type=\"column\">\n\t\t\t<div class=\"elementor-widget-wrap elementor-element-populated\">\n\t\t\t\t\t\t<div class=\"elementor-element elementor-element-10e8084d elementor-widget elementor-widget-heading\" data-id=\"10e8084d\" data-element_type=\"widget\" data-e-type=\"widget\" data-widget_type=\"heading.default\">\n\t\t\t\t\t<h2 class=\"elementor-heading-title elementor-size-default\">\u00c9tat de Par\u00e1<\/h2>\t\t\t\t<\/div>\n\t\t\t\t\t<\/div>\n\t\t<\/div>\n\t\t\t\t\t<\/div>\n\t\t<\/section>\n\t\t\t\t<section class=\"elementor-section elementor-top-section elementor-element elementor-element-7263a82a elementor-section-boxed elementor-section-height-default elementor-section-height-default\" data-id=\"7263a82a\" data-element_type=\"section\" data-e-type=\"section\">\n\t\t\t\t\t\t<div class=\"elementor-container elementor-column-gap-default\">\n\t\t\t\t\t<div class=\"elementor-column elementor-col-100 elementor-top-column elementor-element elementor-element-3c498601\" data-id=\"3c498601\" data-element_type=\"column\" data-e-type=\"column\">\n\t\t\t<div class=\"elementor-widget-wrap elementor-element-populated\">\n\t\t\t\t\t\t<div class=\"elementor-element elementor-element-29f7c3ea elementor-widget elementor-widget-image\" data-id=\"29f7c3ea\" data-element_type=\"widget\" data-e-type=\"widget\" data-widget_type=\"image.default\">\n\t\t\t\t\t\t\t\t\t\t\t\t\t\t\t<img decoding=\"async\" width=\"100\" height=\"70\" src=\"https:\/\/mondedesylvieetpierre.ca\/voyage\/wp-content\/uploads\/2016\/01\/Flag_of_Brazil.png\" class=\"attachment-pixelwars_theme_image_size_nullx500 size-pixelwars_theme_image_size_nullx500 wp-image-6415\" alt=\"\" \/>\t\t\t\t\t\t\t\t\t\t\t\t\t\t\t<\/div>\n\t\t\t\t\t<\/div>\n\t\t<\/div>\n\t\t\t\t\t<\/div>\n\t\t<\/section>\n\t\t\t\t<section class=\"elementor-section elementor-top-section elementor-element elementor-element-2c843885 elementor-section-boxed elementor-section-height-default elementor-section-height-default\" data-id=\"2c843885\" data-element_type=\"section\" data-e-type=\"section\">\n\t\t\t\t\t\t<div class=\"elementor-container elementor-column-gap-default\">\n\t\t\t\t\t<div class=\"elementor-column elementor-col-100 elementor-top-column elementor-element elementor-element-6ae5d87d\" data-id=\"6ae5d87d\" data-element_type=\"column\" data-e-type=\"column\">\n\t\t\t<div class=\"elementor-widget-wrap elementor-element-populated\">\n\t\t\t\t\t\t<div class=\"elementor-element elementor-element-6c7f3fab elementor-widget elementor-widget-heading\" data-id=\"6c7f3fab\" data-element_type=\"widget\" data-e-type=\"widget\" data-widget_type=\"heading.default\">\n\t\t\t\t\t<h2 class=\"elementor-heading-title elementor-size-default\">Br\u00e9sil<\/h2>\t\t\t\t<\/div>\n\t\t\t\t\t<\/div>\n\t\t<\/div>\n\t\t\t\t\t<\/div>\n\t\t<\/section>\n\t\t\t\t<section class=\"elementor-section elementor-top-section elementor-element elementor-element-1ceb2ccd elementor-section-boxed elementor-section-height-default elementor-section-height-default\" data-id=\"1ceb2ccd\" data-element_type=\"section\" data-e-type=\"section\">\n\t\t\t\t\t\t<div class=\"elementor-container elementor-column-gap-default\">\n\t\t\t\t\t<div class=\"elementor-column elementor-col-100 elementor-top-column elementor-element elementor-element-76408baa\" data-id=\"76408baa\" data-element_type=\"column\" data-e-type=\"column\">\n\t\t\t<div class=\"elementor-widget-wrap elementor-element-populated\">\n\t\t\t\t\t\t<div class=\"elementor-element elementor-element-642e9175 elementor-widget-divider--view-line_text elementor-widget-divider--element-align-center elementor-widget elementor-widget-divider\" data-id=\"642e9175\" data-element_type=\"widget\" data-e-type=\"widget\" data-widget_type=\"divider.default\">\n\t\t\t\t\t\t\t<div class=\"elementor-divider\">\n\t\t\t<span class=\"elementor-divider-separator\">\n\t\t\t\t\t\t\t<span class=\"elementor-divider__text elementor-divider__element\">\n\t\t\t\tHistorique de l'endroit\t\t\t\t<\/span>\n\t\t\t\t\t\t<\/span>\n\t\t<\/div>\n\t\t\t\t\t\t<\/div>\n\t\t\t\t\t<\/div>\n\t\t<\/div>\n\t\t\t\t\t<\/div>\n\t\t<\/section>\n\t\t\t\t<section class=\"elementor-section elementor-top-section elementor-element elementor-element-166b5460 elementor-section-boxed elementor-section-height-default elementor-section-height-default\" data-id=\"166b5460\" data-element_type=\"section\" data-e-type=\"section\">\n\t\t\t\t\t\t<div class=\"elementor-container elementor-column-gap-default\">\n\t\t\t\t\t<div class=\"elementor-column elementor-col-100 elementor-top-column elementor-element elementor-element-4b243e7d\" data-id=\"4b243e7d\" data-element_type=\"column\" data-e-type=\"column\">\n\t\t\t<div class=\"elementor-widget-wrap elementor-element-populated\">\n\t\t\t\t\t\t<div class=\"elementor-element elementor-element-2616352 elementor-widget elementor-widget-image\" data-id=\"2616352\" data-element_type=\"widget\" data-e-type=\"widget\" data-widget_type=\"image.default\">\n\t\t\t\t\t\t\t\t\t\t\t\t<figure class=\"wp-caption\">\n\t\t\t\t\t\t\t\t\t\t\t<a href=\"https:\/\/mondedesylvieetpierre.ca\/voyage\/wp-content\/uploads\/2025\/03\/20250329-Santarem-Para-1000x506-1.jpg\" data-elementor-open-lightbox=\"yes\" data-elementor-lightbox-title=\"20250329-Santarem-Para 1000x506\" data-e-action-hash=\"#elementor-action%3Aaction%3Dlightbox%26settings%3DeyJpZCI6NDQ3NDksInVybCI6Imh0dHBzOlwvXC9tb25kZWRlc3lsdmllZXRwaWVycmUuY2FcL3ZveWFnZVwvd3AtY29udGVudFwvdXBsb2Fkc1wvMjAyNVwvMDNcLzIwMjUwMzI5LVNhbnRhcmVtLVBhcmEtMTAwMHg1MDYtMS5qcGcifQ%3D%3D\">\n\t\t\t\t\t\t\t<img decoding=\"async\" src=\"https:\/\/mondedesylvieetpierre.ca\/voyage\/wp-content\/uploads\/elementor\/thumbs\/20250329-Santarem-Para-1000x506-1-r3kvwpygddzkpklsj7hozjfzybigbhctjo214d8m3m.jpg\" title=\"20250329-Santarem-Para 1000&#215;506\" alt=\"20250329-Santarem-Para 1000x506\" loading=\"lazy\" \/>\t\t\t\t\t\t\t\t<\/a>\n\t\t\t\t\t\t\t\t\t\t\t<figcaption class=\"widget-image-caption wp-caption-text\">Santarem au Br\u00e9sil<\/figcaption>\n\t\t\t\t\t\t\t\t\t\t<\/figure>\n\t\t\t\t\t\t\t\t\t<\/div>\n\t\t\t\t\t<\/div>\n\t\t<\/div>\n\t\t\t\t\t<\/div>\n\t\t<\/section>\n\t\t\t\t<section class=\"elementor-section elementor-top-section elementor-element elementor-element-632e24d5 elementor-section-boxed elementor-section-height-default elementor-section-height-default\" data-id=\"632e24d5\" data-element_type=\"section\" data-e-type=\"section\">\n\t\t\t\t\t\t<div class=\"elementor-container elementor-column-gap-default\">\n\t\t\t\t\t<div class=\"elementor-column elementor-col-100 elementor-top-column elementor-element elementor-element-1e204e70\" data-id=\"1e204e70\" data-element_type=\"column\" data-e-type=\"column\">\n\t\t\t<div class=\"elementor-widget-wrap elementor-element-populated\">\n\t\t\t\t\t\t<div class=\"elementor-element elementor-element-51c9f18 elementor-widget elementor-widget-text-editor\" data-id=\"51c9f18\" data-element_type=\"widget\" data-e-type=\"widget\" data-widget_type=\"text-editor.default\">\n\t\t\t\t\t\t\t\t\t<p style=\"text-align: center;\"><strong>Santar\u00e9m<\/strong> est une ville br\u00e9silienne de l&rsquo;ouest de l&rsquo;<em>\u00c9tat du Par\u00e1<\/em>, sur le cours inf\u00e9rieur du fleuve Amazone.<br \/>\nC\u2019est la deuxi\u00e8me ville la plus importante de l\u2019\u00c9tat et le centre financier et \u00e9conomique de la partie ouest de l\u2019\u00c9tat.<br \/>\nIl est situ\u00e9 \u00e0 environ 600-700km des deux plus grandes villes de l\u2019Amazonie br\u00e9silienne, <em>Manaus<\/em> et <em>Bel\u00e9m<\/em>.<br \/>\nIl abritait autrefois les <em>Indiens Tapaj\u00f3s<\/em>, une tribu d\u2019Am\u00e9rindiens qui a donn\u00e9 son nom \u00e0 la rivi\u00e8re.<br \/>\nEn raison des eaux cristallines de la rivi\u00e8re <em>Tapaj\u00f3s<\/em>, <strong>Santar\u00e9m<\/strong> poss\u00e8de plus de 100km de plages naturelles.<\/p>\t\t\t\t\t\t\t\t<\/div>\n\t\t\t\t\t<\/div>\n\t\t<\/div>\n\t\t\t\t\t<\/div>\n\t\t<\/section>\n\t\t\t\t<section class=\"elementor-section elementor-top-section elementor-element elementor-element-76ea9ad3 elementor-section-boxed elementor-section-height-default elementor-section-height-default\" data-id=\"76ea9ad3\" data-element_type=\"section\" data-e-type=\"section\">\n\t\t\t\t\t\t<div class=\"elementor-container elementor-column-gap-default\">\n\t\t\t\t\t<div class=\"elementor-column elementor-col-100 elementor-top-column elementor-element elementor-element-58beed8d\" data-id=\"58beed8d\" data-element_type=\"column\" data-e-type=\"column\">\n\t\t\t<div class=\"elementor-widget-wrap elementor-element-populated\">\n\t\t\t\t\t\t<div class=\"elementor-element elementor-element-10021505 elementor-widget-divider--view-line_text elementor-widget-divider--element-align-center elementor-widget elementor-widget-divider\" data-id=\"10021505\" data-element_type=\"widget\" data-e-type=\"widget\" data-widget_type=\"divider.default\">\n\t\t\t\t\t\t\t<div class=\"elementor-divider\">\n\t\t\t<span class=\"elementor-divider-separator\">\n\t\t\t\t\t\t\t<span class=\"elementor-divider__text elementor-divider__element\">\n\t\t\t\tVenez voir nos 56 photos\t\t\t\t<\/span>\n\t\t\t\t\t\t<\/span>\n\t\t<\/div>\n\t\t\t\t\t\t<\/div>\n\t\t\t\t\t<\/div>\n\t\t<\/div>\n\t\t\t\t\t<\/div>\n\t\t<\/section>\n\t\t\t\t<section class=\"elementor-section elementor-top-section elementor-element elementor-element-51daffd elementor-section-boxed elementor-section-height-default elementor-section-height-default\" data-id=\"51daffd\" data-element_type=\"section\" data-e-type=\"section\">\n\t\t\t\t\t\t<div class=\"elementor-container elementor-column-gap-default\">\n\t\t\t\t\t<div class=\"elementor-column elementor-col-100 elementor-top-column elementor-element elementor-element-1f49d54c\" data-id=\"1f49d54c\" data-element_type=\"column\" data-e-type=\"column\">\n\t\t\t<div class=\"elementor-widget-wrap elementor-element-populated\">\n\t\t\t\t\t\t<div class=\"elementor-element elementor-element-6aa916a1 elementor-widget elementor-widget-shortcode\" data-id=\"6aa916a1\" data-element_type=\"widget\" data-e-type=\"widget\" data-widget_type=\"shortcode.default\">\n\t\t\t\t\t\t\t<div class=\"elementor-shortcode\"><iframe src=\"https:\/\/public.joomeo.com\/albums\/67eac109a1695\/slideshow?sls_ap=1&sls_ac=1&sls_dbp=10&sls_afs=1&iframe=1\" scrolling=\"no\" frameborder=\"0\" width=\"500\" height=\"333\" allowfullscreen><\/iframe><\/div>\n\t\t\t\t\t\t<\/div>\n\t\t\t\t\t<\/div>\n\t\t<\/div>\n\t\t\t\t\t<\/div>\n\t\t<\/section>\n\t\t\t\t<section class=\"elementor-section elementor-top-section elementor-element elementor-element-5cb12525 elementor-section-boxed elementor-section-height-default elementor-section-height-default\" data-id=\"5cb12525\" data-element_type=\"section\" data-e-type=\"section\">\n\t\t\t\t\t\t<div class=\"elementor-container elementor-column-gap-default\">\n\t\t\t\t\t<div class=\"elementor-column elementor-col-100 elementor-top-column elementor-element elementor-element-354daa72\" data-id=\"354daa72\" data-element_type=\"column\" data-e-type=\"column\">\n\t\t\t<div class=\"elementor-widget-wrap elementor-element-populated\">\n\t\t\t\t\t\t<div class=\"elementor-element elementor-element-c913161 elementor-widget-divider--view-line_text elementor-widget-divider--element-align-center elementor-widget elementor-widget-divider\" data-id=\"c913161\" data-element_type=\"widget\" data-e-type=\"widget\" data-widget_type=\"divider.default\">\n\t\t\t\t\t\t\t<div class=\"elementor-divider\">\n\t\t\t<span class=\"elementor-divider-separator\">\n\t\t\t\t\t\t\t<span class=\"elementor-divider__text elementor-divider__element\">\n\t\t\t\tVenez voir nos 3 vid\u00e9os\t\t\t\t<\/span>\n\t\t\t\t\t\t<\/span>\n\t\t<\/div>\n\t\t\t\t\t\t<\/div>\n\t\t\t\t\t<\/div>\n\t\t<\/div>\n\t\t\t\t\t<\/div>\n\t\t<\/section>\n\t\t\t\t<section class=\"elementor-section elementor-top-section elementor-element elementor-element-6877bcc5 elementor-section-boxed elementor-section-height-default elementor-section-height-default\" data-id=\"6877bcc5\" data-element_type=\"section\" data-e-type=\"section\">\n\t\t\t\t\t\t<div class=\"elementor-container elementor-column-gap-default\">\n\t\t\t\t\t<div class=\"elementor-column elementor-col-100 elementor-top-column elementor-element elementor-element-43468beb\" data-id=\"43468beb\" data-element_type=\"column\" data-e-type=\"column\">\n\t\t\t<div class=\"elementor-widget-wrap elementor-element-populated\">\n\t\t\t\t\t\t<div class=\"elementor-element elementor-element-4297a58 elementor-widget elementor-widget-shortcode\" data-id=\"4297a58\" data-element_type=\"widget\" data-e-type=\"widget\" data-widget_type=\"shortcode.default\">\n\t\t\t\t\t\t\t<div class=\"elementor-shortcode\"><iframe src=\"https:\/\/public.joomeo.com\/albums\/67eac1321f206\/slideshow?sls_ap=1&sls_ac=1&sls_dbp=10&sls_afs=1&iframe=1\" scrolling=\"no\" frameborder=\"0\" width=\"500\" height=\"333\" allowfullscreen><\/iframe><\/div>\n\t\t\t\t\t\t<\/div>\n\t\t\t\t\t<\/div>\n\t\t<\/div>\n\t\t\t\t\t<\/div>\n\t\t<\/section>\n\t\t\t\t<section class=\"elementor-section elementor-top-section elementor-element elementor-element-4bd2887c elementor-section-boxed elementor-section-height-default elementor-section-height-default\" data-id=\"4bd2887c\" data-element_type=\"section\" data-e-type=\"section\">\n\t\t\t\t\t\t<div class=\"elementor-container elementor-column-gap-default\">\n\t\t\t\t\t<div class=\"elementor-column elementor-col-100 elementor-top-column elementor-element elementor-element-42b57e16\" data-id=\"42b57e16\" data-element_type=\"column\" data-e-type=\"column\">\n\t\t\t<div class=\"elementor-widget-wrap elementor-element-populated\">\n\t\t\t\t\t\t<div class=\"elementor-element elementor-element-319dd430 elementor-widget-divider--view-line_text elementor-widget-divider--element-align-center elementor-widget elementor-widget-divider\" data-id=\"319dd430\" data-element_type=\"widget\" data-e-type=\"widget\" data-widget_type=\"divider.default\">\n\t\t\t\t\t\t\t<div class=\"elementor-divider\">\n\t\t\t<span class=\"elementor-divider-separator\">\n\t\t\t\t\t\t\t<span class=\"elementor-divider__text elementor-divider__element\">\n\t\t\t\tMenu de ce voyage\t\t\t\t<\/span>\n\t\t\t\t\t\t<\/span>\n\t\t<\/div>\n\t\t\t\t\t\t<\/div>\n\t\t\t\t\t<\/div>\n\t\t<\/div>\n\t\t\t\t\t<\/div>\n\t\t<\/section>\n\t\t<div class=\"elementor-element elementor-element-69d60a1 e-flex e-con-boxed e-con e-parent\" data-id=\"69d60a1\" data-element_type=\"container\" data-e-type=\"container\">\n\t\t\t\t\t<div class=\"e-con-inner\">\n\t\t<div class=\"elementor-element elementor-element-d9c21f7 e-con-full e-flex e-con e-child\" data-id=\"d9c21f7\" data-element_type=\"container\" data-e-type=\"container\">\n\t\t\t\t<div class=\"elementor-element elementor-element-a7e97a2 elementor-widget elementor-widget-text-editor\" data-id=\"a7e97a2\" data-element_type=\"widget\" data-e-type=\"widget\" data-widget_type=\"text-editor.default\">\n\t\t\t\t\t\t\t\t\t<table border=\"0\" width=\"100%\" cellspacing=\"10\" align=\"center\">\n<tbody>\n<tr>\n<th class=\"menugroslettre\" colspan=\"2\" scope=\"col\" width=\"90%\">MENU DE LA CROISI\u00c8RE CARA&Iuml;BES + EXPLORATION DE L&rsquo;AMAZONE<br \/>\nDU 8 F\u00c9VRIER AU 7 MARS 2025<\/th>\n<\/tr>\n<tr>\n<th width=\"90%\" colspan=\"2\" align=\"center\"><a href=\"https:\/\/mondedesylvieetpierre.ca\/voyage\/?p=44363\">Portail de la croisi\u00e8re Cara\u00efbes + Exploration de l&rsquo;Amazone<\/a><\/th>\n<\/tr>\n<tr>\n<th width=\"90%\" colspan=\"2\" align=\"center\"><span style=\"text-transform: none;\"><strong>\u00c0&nbsp;SAVOIR&nbsp;: <\/strong>Dans le menu, les textes en caract\u00e8re noir, non pas de page.<\/span><\/th>\n<\/tr>\n<\/tbody>\n<\/table>\t\t\t\t\t\t\t\t<\/div>\n\t\t\t\t<\/div>\n\t\t\t\t\t<\/div>\n\t\t\t\t<\/div>\n\t\t<div class=\"elementor-element elementor-element-6d0cd678 e-grid e-con-boxed e-con e-parent\" data-id=\"6d0cd678\" data-element_type=\"container\" data-e-type=\"container\">\n\t\t\t\t\t<div class=\"e-con-inner\">\n\t\t\t\t<div class=\"elementor-element elementor-element-7316e0bc elementor-widget elementor-widget-heading\" data-id=\"7316e0bc\" data-element_type=\"widget\" data-e-type=\"widget\" data-widget_type=\"heading.default\">\n\t\t\t\t\t<h4 class=\"elementor-heading-title elementor-size-default\"><ul style=\"list-style-type: none;border-left: 5px solid #e4087e;background: #f2f2f2;padding-top: 20px;padding-bottom: 20px\">\n    <li><span style=\"color:#a9a9a9\">\u21d2&nbsp;<\/span>8 f\u00e9vrier \u2500 Port maritime de Miami (\u00c9.U)<\/li>\n    <li><span style=\"color:#a9a9a9\">\u21d2&nbsp;<\/span>9 et 10 f\u00e9vrier \u2500 [En mer]<\/li>\n    <li><span style=\"color:#a9a9a9\">\u21d2&nbsp;<\/span><a href=\"https:\/\/mondedesylvieetpierre.ca\/voyage\/?page_id=44899\">11 f\u00e9vrier \u2500 Philipsburg (Saint-Martin)<\/a><\/li>\n    <li><span style=\"color:#a9a9a9\">\u21d2&nbsp;<\/span><a href=\"https:\/\/mondedesylvieetpierre.ca\/voyage\/?page_id=44518\">12 f\u00e9vrier \u2500 Castries (Sainte-Lucie)<\/a><\/li>\n    <li><span style=\"color:#a9a9a9\">\u21d2&nbsp;<\/span><a href=\"https:\/\/mondedesylvieetpierre.ca\/voyage\/?page_id=44571\">13 f\u00e9vrier \u2500 Scarborough (Trinit\u00e9-et-Tobago)<\/a><\/li>\n    <li><span style=\"color:#a9a9a9\">\u21d2&nbsp;<\/span>14 au 16 f\u00e9vrier \u2500 [En mer]<\/li>\n    <li><span style=\"color:#a9a9a9\">\u21d2&nbsp;<\/span><a href=\"https:\/\/mondedesylvieetpierre.ca\/voyage\/?page_id=44574\">17 f\u00e9vrier \u2500 Macapa (Br\u00e9sil)<\/a><\/li>\n    <li><span style=\"color:#a9a9a9\">\u21d2&nbsp;<\/span><a href=\"https:\/\/mondedesylvieetpierre.ca\/voyage\/?page_id=44576\">18 f\u00e9vrier \u2500 Fleuve Amazone (Br\u00e9sil)<\/a><\/li>\n    <li><span style=\"color:#a9a9a9\">\u21d2&nbsp;<\/span><span style=\"color: #cccccc;font-size: large\">19 f\u00e9vrier \u2500 Santarem (Br\u00e9sil)<\/span><\/li>\n    <li><span style=\"color:#a9a9a9\">\u21d2&nbsp;<\/span><a href=\"https:\/\/mondedesylvieetpierre.ca\/voyage\/?page_id=44580\">20 f\u00e9vrier \u2500 Boca da Valeria (Br\u00e9sil)<\/a><\/li>\n    <li><span style=\"color:#a9a9a9\">\u21d2&nbsp;<\/span><a href=\"https:\/\/mondedesylvieetpierre.ca\/voyage\/?page_id=44582\">21 et 22 f\u00e9vrier \u2500 Manaus (Br\u00e9sil)<\/a><\/li>\n<\/ul><\/h4>\t\t\t\t<\/div>\n\t\t\t\t<div class=\"elementor-element elementor-element-f6f6647 elementor-widget elementor-widget-heading\" data-id=\"f6f6647\" data-element_type=\"widget\" data-e-type=\"widget\" data-widget_type=\"heading.default\">\n\t\t\t\t\t<h4 class=\"elementor-heading-title elementor-size-default\"><ul style=\"list-style-type: none;border-left: 5px solid #e4087e;background: #f2f2f2;padding-top: 20px;padding-bottom: 20px\">\t\n \t<li><span style=\"color:#a9a9a9\">\u21d2&nbsp;<\/span><a href=\"https:\/\/mondedesylvieetpierre.ca\/voyage\/?page_id=44584\">23 f\u00e9vrier \u2500 Parintins (Br\u00e9sil)<\/a><\/li>\n    <li><span style=\"color:#a9a9a9\">\u21d2&nbsp;<\/span><a href=\"https:\/\/mondedesylvieetpierre.ca\/voyage\/?page_id=44586\">24 f\u00e9vrier \u2500 Alter Do Chao (Br\u00e9sil)<\/a><\/li>\n    <li><span style=\"color:#a9a9a9\">\u21d2&nbsp;<\/span>25 et 26 f\u00e9vrier \u2500 [En mer]<\/li>\n    <li><span style=\"color:#a9a9a9\">\u21d2&nbsp;<\/span><a href=\"https:\/\/mondedesylvieetpierre.ca\/voyage\/?page_id=44588\">27 f\u00e9vrier \u2500 Devil's Island (GF)<\/a><\/li>\n    <li><span style=\"color:#a9a9a9\">\u21d2&nbsp;<\/span>28 f\u00e9vrier et 1<sup>er<\/sup> mars \u2500 [En mer]<\/li>\n    <li><span style=\"color:#a9a9a9\">\u21d2&nbsp;<\/span>2 mars \u2500 Bridgetown (Barbade)<\/li>\n    <li><span style=\"color:#a9a9a9\">\u21d2&nbsp;<\/span><a href=\"https:\/\/mondedesylvieetpierre.ca\/voyage\/?page_id=44590\">3 mars \u2500 Roseau (Dominique)<\/a><\/li>\n    <li><span style=\"color:#a9a9a9\">\u21d2&nbsp;<\/span><a href=\"https:\/\/mondedesylvieetpierre.ca\/voyage\/?page_id=44592\">4 mars \u2500 Road Town - Tortola (\u00ceVB)<\/a><\/li>\n    <li><span style=\"color:#a9a9a9\">\u21d2&nbsp;<\/span>5 et 6 mars \u2500 [En mer]<\/li>  \n    <li><span style=\"color:#a9a9a9\">\u21d2&nbsp;<\/span>7 mars \u2500 Port maritime de Miami (\u00c9.U)<\/li>\n    <li><span style=\"color:#a9a9a9\">\u21d2&nbsp;<\/span><a href=\"https:\/\/mondedesylvieetpierre.ca\/voyage\/?page_id=44569\">BATEAU \u2500 MS-Zaandam (HAL)<\/a><\/li>\n<\/ul><\/h4>\t\t\t\t<\/div>\n\t\t\t\t\t<\/div>\n\t\t\t\t<\/div>\n\t\t\t\t<\/div>\n\t\t","protected":false},"excerpt":{"rendered":"<p>Santar\u00e9m \u00c9tat de Par\u00e1 Br\u00e9sil Historique de l&rsquo;endroit Santarem au Br\u00e9sil Santar\u00e9m est une ville br\u00e9silienne de l&rsquo;ouest de l&rsquo;\u00c9tat du Par\u00e1, sur le cours inf\u00e9rieur du fleuve Amazone. C\u2019est la deuxi\u00e8me ville la plus importante de l\u2019\u00c9tat et le centre financier et \u00e9conomique de la partie ouest de l\u2019\u00c9tat. Il est situ\u00e9 \u00e0 environ&#8230; <span class=\"more\"><a class=\"more-link\" href=\"https:\/\/mondedesylvieetpierre.ca\/voyage\/?page_id=44578\">Lire la suite<\/a><\/span><\/p>\n","protected":false},"author":1,"featured_media":0,"parent":0,"menu_order":0,"comment_status":"closed","ping_status":"closed","template":"elementor_header_footer","meta":{"footnotes":""},"categories":[213],"tags":[],"class_list":["post-44578","page","type-page","status-publish","hentry","category-caraibes-amazone_2025"],"_links":{"self":[{"href":"https:\/\/mondedesylvieetpierre.ca\/voyage\/index.php?rest_route=\/wp\/v2\/pages\/44578","targetHints":{"allow":["GET"]}}],"collection":[{"href":"https:\/\/mondedesylvieetpierre.ca\/voyage\/index.php?rest_route=\/wp\/v2\/pages"}],"about":[{"href":"https:\/\/mondedesylvieetpierre.ca\/voyage\/index.php?rest_route=\/wp\/v2\/types\/page"}],"author":[{"embeddable":true,"href":"https:\/\/mondedesylvieetpierre.ca\/voyage\/index.php?rest_route=\/wp\/v2\/users\/1"}],"replies":[{"embeddable":true,"href":"https:\/\/mondedesylvieetpierre.ca\/voyage\/index.php?rest_route=%2Fwp%2Fv2%2Fcomments&post=44578"}],"version-history":[{"count":0,"href":"https:\/\/mondedesylvieetpierre.ca\/voyage\/index.php?rest_route=\/wp\/v2\/pages\/44578\/revisions"}],"wp:attachment":[{"href":"https:\/\/mondedesylvieetpierre.ca\/voyage\/index.php?rest_route=%2Fwp%2Fv2%2Fmedia&parent=44578"}],"wp:term":[{"taxonomy":"category","embeddable":true,"href":"https:\/\/mondedesylvieetpierre.ca\/voyage\/index.php?rest_route=%2Fwp%2Fv2%2Fcategories&post=44578"},{"taxonomy":"post_tag","embeddable":true,"href":"https:\/\/mondedesylvieetpierre.ca\/voyage\/index.php?rest_route=%2Fwp%2Fv2%2Ftags&post=44578"}],"curies":[{"name":"wp","href":"https:\/\/api.w.org\/{rel}","templated":true}]}}