{"id":44590,"date":"2025-03-28T10:07:33","date_gmt":"2025-03-28T15:07:33","guid":{"rendered":"https:\/\/mondedesylvieetpierre.ca\/voyage\/?page_id=44590"},"modified":"2025-03-31T11:36:37","modified_gmt":"2025-03-31T16:36:37","slug":"3-mars-2025-%e2%94%80-roseau-dominique","status":"publish","type":"page","link":"https:\/\/mondedesylvieetpierre.ca\/voyage\/?page_id=44590","title":{"rendered":"3 mars 2025 \u2500 Roseau (Dominique)"},"content":{"rendered":"\t\t<div data-elementor-type=\"wp-page\" data-elementor-id=\"44590\" class=\"elementor elementor-44590\" data-elementor-post-type=\"page\">\n\t\t\t\t\t\t<section class=\"elementor-section elementor-top-section elementor-element elementor-element-5245c501 elementor-section-boxed elementor-section-height-default elementor-section-height-default\" data-id=\"5245c501\" data-element_type=\"section\" data-e-type=\"section\">\n\t\t\t\t\t\t<div class=\"elementor-container elementor-column-gap-default\">\n\t\t\t\t\t<div class=\"elementor-column elementor-col-100 elementor-top-column elementor-element elementor-element-7d493f18\" data-id=\"7d493f18\" data-element_type=\"column\" data-e-type=\"column\">\n\t\t\t<div class=\"elementor-widget-wrap elementor-element-populated\">\n\t\t\t\t\t\t<div class=\"elementor-element elementor-element-1c78472b elementor-widget elementor-widget-heading\" data-id=\"1c78472b\" data-element_type=\"widget\" data-e-type=\"widget\" data-widget_type=\"heading.default\">\n\t\t\t\t\t<h2 class=\"elementor-heading-title elementor-size-xl\">Roseau<\/h2>\t\t\t\t<\/div>\n\t\t\t\t\t<\/div>\n\t\t<\/div>\n\t\t\t\t\t<\/div>\n\t\t<\/section>\n\t\t\t\t<section class=\"elementor-section elementor-top-section elementor-element elementor-element-20b20759 elementor-section-boxed elementor-section-height-default elementor-section-height-default\" data-id=\"20b20759\" data-element_type=\"section\" data-e-type=\"section\">\n\t\t\t\t\t\t<div class=\"elementor-container elementor-column-gap-default\">\n\t\t\t\t\t<div class=\"elementor-column elementor-col-100 elementor-top-column elementor-element elementor-element-546670\" data-id=\"546670\" data-element_type=\"column\" data-e-type=\"column\">\n\t\t\t<div class=\"elementor-widget-wrap elementor-element-populated\">\n\t\t\t\t\t\t<div class=\"elementor-element elementor-element-606fd981 elementor-widget elementor-widget-heading\" data-id=\"606fd981\" data-element_type=\"widget\" data-e-type=\"widget\" data-widget_type=\"heading.default\">\n\t\t\t\t\t<h2 class=\"elementor-heading-title elementor-size-default\">Paroisse de Saint-George<\/h2>\t\t\t\t<\/div>\n\t\t\t\t\t<\/div>\n\t\t<\/div>\n\t\t\t\t\t<\/div>\n\t\t<\/section>\n\t\t\t\t<section class=\"elementor-section elementor-top-section elementor-element elementor-element-7213cadc elementor-section-boxed elementor-section-height-default elementor-section-height-default\" data-id=\"7213cadc\" data-element_type=\"section\" data-e-type=\"section\">\n\t\t\t\t\t\t<div class=\"elementor-container elementor-column-gap-default\">\n\t\t\t\t\t<div class=\"elementor-column elementor-col-100 elementor-top-column elementor-element elementor-element-11ade54a\" data-id=\"11ade54a\" data-element_type=\"column\" data-e-type=\"column\">\n\t\t\t<div class=\"elementor-widget-wrap elementor-element-populated\">\n\t\t\t\t\t\t<div class=\"elementor-element elementor-element-2ecb3b2e elementor-widget elementor-widget-image\" data-id=\"2ecb3b2e\" data-element_type=\"widget\" data-e-type=\"widget\" data-widget_type=\"image.default\">\n\t\t\t\t\t\t\t\t\t\t\t\t\t\t\t<img decoding=\"async\" width=\"100\" height=\"66\" src=\"https:\/\/mondedesylvieetpierre.ca\/voyage\/wp-content\/uploads\/2025\/03\/Flag_of_Dominica-100X66.png\" class=\"attachment-pixelwars_theme_image_size_nullx500 size-pixelwars_theme_image_size_nullx500 wp-image-44882\" alt=\"\" \/>\t\t\t\t\t\t\t\t\t\t\t\t\t\t\t<\/div>\n\t\t\t\t\t<\/div>\n\t\t<\/div>\n\t\t\t\t\t<\/div>\n\t\t<\/section>\n\t\t\t\t<section class=\"elementor-section elementor-top-section elementor-element elementor-element-70e7a06c elementor-section-boxed elementor-section-height-default elementor-section-height-default\" data-id=\"70e7a06c\" data-element_type=\"section\" data-e-type=\"section\">\n\t\t\t\t\t\t<div class=\"elementor-container elementor-column-gap-default\">\n\t\t\t\t\t<div class=\"elementor-column elementor-col-100 elementor-top-column elementor-element elementor-element-7b141741\" data-id=\"7b141741\" data-element_type=\"column\" data-e-type=\"column\">\n\t\t\t<div class=\"elementor-widget-wrap elementor-element-populated\">\n\t\t\t\t\t\t<div class=\"elementor-element elementor-element-63dee14a elementor-widget elementor-widget-heading\" data-id=\"63dee14a\" data-element_type=\"widget\" data-e-type=\"widget\" data-widget_type=\"heading.default\">\n\t\t\t\t\t<h2 class=\"elementor-heading-title elementor-size-default\">Dominique<\/h2>\t\t\t\t<\/div>\n\t\t\t\t\t<\/div>\n\t\t<\/div>\n\t\t\t\t\t<\/div>\n\t\t<\/section>\n\t\t\t\t<section class=\"elementor-section elementor-top-section elementor-element elementor-element-790598e8 elementor-section-boxed elementor-section-height-default elementor-section-height-default\" data-id=\"790598e8\" data-element_type=\"section\" data-e-type=\"section\">\n\t\t\t\t\t\t<div class=\"elementor-container elementor-column-gap-default\">\n\t\t\t\t\t<div class=\"elementor-column elementor-col-100 elementor-top-column elementor-element elementor-element-77358921\" data-id=\"77358921\" data-element_type=\"column\" data-e-type=\"column\">\n\t\t\t<div class=\"elementor-widget-wrap elementor-element-populated\">\n\t\t\t\t\t\t<div class=\"elementor-element elementor-element-628cc86 elementor-widget-divider--view-line_text elementor-widget-divider--element-align-center elementor-widget elementor-widget-divider\" data-id=\"628cc86\" data-element_type=\"widget\" data-e-type=\"widget\" data-widget_type=\"divider.default\">\n\t\t\t\t\t\t\t<div class=\"elementor-divider\">\n\t\t\t<span class=\"elementor-divider-separator\">\n\t\t\t\t\t\t\t<span class=\"elementor-divider__text elementor-divider__element\">\n\t\t\t\tHistorique de l'endroit\t\t\t\t<\/span>\n\t\t\t\t\t\t<\/span>\n\t\t<\/div>\n\t\t\t\t\t\t<\/div>\n\t\t\t\t\t<\/div>\n\t\t<\/div>\n\t\t\t\t\t<\/div>\n\t\t<\/section>\n\t\t\t\t<section class=\"elementor-section elementor-top-section elementor-element elementor-element-2fc783c2 elementor-section-boxed elementor-section-height-default elementor-section-height-default\" data-id=\"2fc783c2\" data-element_type=\"section\" data-e-type=\"section\">\n\t\t\t\t\t\t<div class=\"elementor-container elementor-column-gap-default\">\n\t\t\t\t\t<div class=\"elementor-column elementor-col-100 elementor-top-column elementor-element elementor-element-776dba68\" data-id=\"776dba68\" data-element_type=\"column\" data-e-type=\"column\">\n\t\t\t<div class=\"elementor-widget-wrap elementor-element-populated\">\n\t\t\t\t\t\t<div class=\"elementor-element elementor-element-78cb274a elementor-widget elementor-widget-image\" data-id=\"78cb274a\" data-element_type=\"widget\" data-e-type=\"widget\" data-widget_type=\"image.default\">\n\t\t\t\t\t\t\t\t\t\t\t\t<figure class=\"wp-caption\">\n\t\t\t\t\t\t\t\t\t\t\t<a href=\"https:\/\/mondedesylvieetpierre.ca\/voyage\/wp-content\/uploads\/2025\/03\/20250331-Roseau-a-Dominique-1024x576-1.jpg\" data-elementor-open-lightbox=\"yes\" data-elementor-lightbox-title=\"20250331-Roseau \u00e0 Dominique 1024x576\" data-e-action-hash=\"#elementor-action%3Aaction%3Dlightbox%26settings%3DeyJpZCI6NDQ4ODQsInVybCI6Imh0dHBzOlwvXC9tb25kZWRlc3lsdmllZXRwaWVycmUuY2FcL3ZveWFnZVwvd3AtY29udGVudFwvdXBsb2Fkc1wvMjAyNVwvMDNcLzIwMjUwMzMxLVJvc2VhdS1hLURvbWluaXF1ZS0xMDI0eDU3Ni0xLmpwZyJ9\">\n\t\t\t\t\t\t\t<img decoding=\"async\" src=\"https:\/\/mondedesylvieetpierre.ca\/voyage\/wp-content\/uploads\/elementor\/thumbs\/20250331-Roseau-a-Dominique-1024x576-1-r3o9cm0lrss4fh1nks6coeckiyzilim1f3d3tx7ym2.jpg\" title=\"20250331-Roseau \u00e0 Dominique 1024&#215;576\" alt=\"20250331-Roseau \u00e0 Dominique 1024x576\" loading=\"lazy\" \/>\t\t\t\t\t\t\t\t<\/a>\n\t\t\t\t\t\t\t\t\t\t\t<figcaption class=\"widget-image-caption wp-caption-text\">Roseau \u00e0 Dominique<\/figcaption>\n\t\t\t\t\t\t\t\t\t\t<\/figure>\n\t\t\t\t\t\t\t\t\t<\/div>\n\t\t\t\t\t<\/div>\n\t\t<\/div>\n\t\t\t\t\t<\/div>\n\t\t<\/section>\n\t\t\t\t<section class=\"elementor-section elementor-top-section elementor-element elementor-element-4d1e4af8 elementor-section-boxed elementor-section-height-default elementor-section-height-default\" data-id=\"4d1e4af8\" data-element_type=\"section\" data-e-type=\"section\">\n\t\t\t\t\t\t<div class=\"elementor-container elementor-column-gap-default\">\n\t\t\t\t\t<div class=\"elementor-column elementor-col-100 elementor-top-column elementor-element elementor-element-793ac72f\" data-id=\"793ac72f\" data-element_type=\"column\" data-e-type=\"column\">\n\t\t\t<div class=\"elementor-widget-wrap elementor-element-populated\">\n\t\t\t\t\t\t<div class=\"elementor-element elementor-element-3abc0624 elementor-widget elementor-widget-text-editor\" data-id=\"3abc0624\" data-element_type=\"widget\" data-e-type=\"widget\" data-widget_type=\"text-editor.default\">\n\t\t\t\t\t\t\t\t\t<p style=\"text-align: center;\"><strong>Roseau<\/strong> est la capitale de la <em>Dominique<\/em>, \u00eele et pays de l&rsquo;<em>archipel des Cara\u00efbes<\/em>.<br \/>\nSa population \u00e9tait estim\u00e9e \u00e0 16,577&nbsp;habitants en&nbsp;2006.<br \/>\nC&rsquo;est une ville situ\u00e9e le long de la <em>mer des Cara\u00efbes<\/em> et travers\u00e9e par le petit fleuve c\u00f4tier <strong>Roseau<\/strong>.<br \/>\nLa ville fut construite sur l&#8217;emplacement de l&rsquo;ancien village <em>Sairi des indiens Kalinago<\/em>.<br \/>\nC&rsquo;est la plus ancienne et la plus importante ville de l&rsquo;\u00eele.<br \/>\nElle pr\u00e9sente une combinaison d&rsquo;architecture moderne et coloniale de style fran\u00e7ais.<br \/>\nIl existe un dioc\u00e8se appel\u00e9 dioc\u00e8se catholique romain de <strong>Roseau<\/strong>.<br \/>\nLe centre de <strong>Roseau<\/strong> est constitu\u00e9 d&rsquo;un amas dense de petites maisons, avec tr\u00e8s peu d&rsquo;espaces verts.<\/p>\t\t\t\t\t\t\t\t<\/div>\n\t\t\t\t\t<\/div>\n\t\t<\/div>\n\t\t\t\t\t<\/div>\n\t\t<\/section>\n\t\t\t\t<section class=\"elementor-section elementor-top-section elementor-element elementor-element-4d98c141 elementor-section-boxed elementor-section-height-default elementor-section-height-default\" data-id=\"4d98c141\" data-element_type=\"section\" data-e-type=\"section\">\n\t\t\t\t\t\t<div class=\"elementor-container elementor-column-gap-default\">\n\t\t\t\t\t<div class=\"elementor-column elementor-col-100 elementor-top-column elementor-element elementor-element-3f8a400d\" data-id=\"3f8a400d\" data-element_type=\"column\" data-e-type=\"column\">\n\t\t\t<div class=\"elementor-widget-wrap elementor-element-populated\">\n\t\t\t\t\t\t<div class=\"elementor-element elementor-element-2c79199e elementor-widget-divider--view-line_text elementor-widget-divider--element-align-center elementor-widget elementor-widget-divider\" data-id=\"2c79199e\" data-element_type=\"widget\" data-e-type=\"widget\" data-widget_type=\"divider.default\">\n\t\t\t\t\t\t\t<div class=\"elementor-divider\">\n\t\t\t<span class=\"elementor-divider-separator\">\n\t\t\t\t\t\t\t<span class=\"elementor-divider__text elementor-divider__element\">\n\t\t\t\tVenez voir nos 150 photos\t\t\t\t<\/span>\n\t\t\t\t\t\t<\/span>\n\t\t<\/div>\n\t\t\t\t\t\t<\/div>\n\t\t\t\t\t<\/div>\n\t\t<\/div>\n\t\t\t\t\t<\/div>\n\t\t<\/section>\n\t\t\t\t<section class=\"elementor-section elementor-top-section elementor-element elementor-element-33566dc7 elementor-section-boxed elementor-section-height-default elementor-section-height-default\" data-id=\"33566dc7\" data-element_type=\"section\" data-e-type=\"section\">\n\t\t\t\t\t\t<div class=\"elementor-container elementor-column-gap-default\">\n\t\t\t\t\t<div class=\"elementor-column elementor-col-100 elementor-top-column elementor-element elementor-element-fe05eb2\" data-id=\"fe05eb2\" data-element_type=\"column\" data-e-type=\"column\">\n\t\t\t<div class=\"elementor-widget-wrap elementor-element-populated\">\n\t\t\t\t\t\t<div class=\"elementor-element elementor-element-16fa8382 elementor-widget elementor-widget-shortcode\" data-id=\"16fa8382\" data-element_type=\"widget\" data-e-type=\"widget\" data-widget_type=\"shortcode.default\">\n\t\t\t\t\t\t\t<div class=\"elementor-shortcode\"><iframe src=\"https:\/\/public.joomeo.com\/albums\/67eac44a67ffc\/slideshow?sls_ap=1&sls_ac=1&sls_dbp=10&sls_afs=1&iframe=1\" scrolling=\"no\" frameborder=\"0\" width=\"500\" height=\"333\" allowfullscreen><\/iframe><\/div>\n\t\t\t\t\t\t<\/div>\n\t\t\t\t\t<\/div>\n\t\t<\/div>\n\t\t\t\t\t<\/div>\n\t\t<\/section>\n\t\t\t\t<section class=\"elementor-section elementor-top-section elementor-element elementor-element-59778eb2 elementor-section-boxed elementor-section-height-default elementor-section-height-default\" data-id=\"59778eb2\" data-element_type=\"section\" data-e-type=\"section\">\n\t\t\t\t\t\t<div class=\"elementor-container elementor-column-gap-default\">\n\t\t\t\t\t<div class=\"elementor-column elementor-col-100 elementor-top-column elementor-element elementor-element-af299f1\" data-id=\"af299f1\" data-element_type=\"column\" data-e-type=\"column\">\n\t\t\t<div class=\"elementor-widget-wrap elementor-element-populated\">\n\t\t\t\t\t\t<div class=\"elementor-element elementor-element-66cb8275 elementor-widget-divider--view-line_text elementor-widget-divider--element-align-center elementor-widget elementor-widget-divider\" data-id=\"66cb8275\" data-element_type=\"widget\" data-e-type=\"widget\" data-widget_type=\"divider.default\">\n\t\t\t\t\t\t\t<div class=\"elementor-divider\">\n\t\t\t<span class=\"elementor-divider-separator\">\n\t\t\t\t\t\t\t<span class=\"elementor-divider__text elementor-divider__element\">\n\t\t\t\tVenez voir nos 3 vid\u00e9os\t\t\t\t<\/span>\n\t\t\t\t\t\t<\/span>\n\t\t<\/div>\n\t\t\t\t\t\t<\/div>\n\t\t\t\t\t<\/div>\n\t\t<\/div>\n\t\t\t\t\t<\/div>\n\t\t<\/section>\n\t\t\t\t<section class=\"elementor-section elementor-top-section elementor-element elementor-element-9d95397 elementor-section-boxed elementor-section-height-default elementor-section-height-default\" data-id=\"9d95397\" data-element_type=\"section\" data-e-type=\"section\">\n\t\t\t\t\t\t<div class=\"elementor-container elementor-column-gap-default\">\n\t\t\t\t\t<div class=\"elementor-column elementor-col-100 elementor-top-column elementor-element elementor-element-49e511d1\" data-id=\"49e511d1\" data-element_type=\"column\" data-e-type=\"column\">\n\t\t\t<div class=\"elementor-widget-wrap elementor-element-populated\">\n\t\t\t\t\t\t<div class=\"elementor-element elementor-element-4004d7d1 elementor-widget elementor-widget-shortcode\" data-id=\"4004d7d1\" data-element_type=\"widget\" data-e-type=\"widget\" data-widget_type=\"shortcode.default\">\n\t\t\t\t\t\t\t<div class=\"elementor-shortcode\"><iframe src=\"https:\/\/public.joomeo.com\/albums\/67eac476d7280\/slideshow?sls_ap=1&sls_ac=1&sls_dbp=10&sls_afs=1&iframe=1\" scrolling=\"no\" frameborder=\"0\" width=\"500\" height=\"333\" allowfullscreen><\/iframe><\/div>\n\t\t\t\t\t\t<\/div>\n\t\t\t\t\t<\/div>\n\t\t<\/div>\n\t\t\t\t\t<\/div>\n\t\t<\/section>\n\t\t\t\t<section class=\"elementor-section elementor-top-section elementor-element elementor-element-7a3c5a79 elementor-section-boxed elementor-section-height-default elementor-section-height-default\" data-id=\"7a3c5a79\" data-element_type=\"section\" data-e-type=\"section\">\n\t\t\t\t\t\t<div class=\"elementor-container elementor-column-gap-default\">\n\t\t\t\t\t<div class=\"elementor-column elementor-col-100 elementor-top-column elementor-element elementor-element-114971a9\" data-id=\"114971a9\" data-element_type=\"column\" data-e-type=\"column\">\n\t\t\t<div class=\"elementor-widget-wrap elementor-element-populated\">\n\t\t\t\t\t\t<div class=\"elementor-element elementor-element-7a4e4ac7 elementor-widget-divider--view-line_text elementor-widget-divider--element-align-center elementor-widget elementor-widget-divider\" data-id=\"7a4e4ac7\" data-element_type=\"widget\" data-e-type=\"widget\" data-widget_type=\"divider.default\">\n\t\t\t\t\t\t\t<div class=\"elementor-divider\">\n\t\t\t<span class=\"elementor-divider-separator\">\n\t\t\t\t\t\t\t<span class=\"elementor-divider__text elementor-divider__element\">\n\t\t\t\tMenu de ce voyage\t\t\t\t<\/span>\n\t\t\t\t\t\t<\/span>\n\t\t<\/div>\n\t\t\t\t\t\t<\/div>\n\t\t\t\t\t<\/div>\n\t\t<\/div>\n\t\t\t\t\t<\/div>\n\t\t<\/section>\n\t\t<div class=\"elementor-element elementor-element-e45c356 e-flex e-con-boxed e-con e-parent\" data-id=\"e45c356\" data-element_type=\"container\" data-e-type=\"container\">\n\t\t\t\t\t<div class=\"e-con-inner\">\n\t\t<div class=\"elementor-element elementor-element-906b3c6 e-con-full e-flex e-con e-child\" data-id=\"906b3c6\" data-element_type=\"container\" data-e-type=\"container\">\n\t\t\t\t<div class=\"elementor-element elementor-element-939f086 elementor-widget elementor-widget-text-editor\" data-id=\"939f086\" data-element_type=\"widget\" data-e-type=\"widget\" data-widget_type=\"text-editor.default\">\n\t\t\t\t\t\t\t\t\t<table border=\"0\" width=\"100%\" cellspacing=\"10\" align=\"center\">\n<tbody>\n<tr>\n<th class=\"menugroslettre\" colspan=\"2\" scope=\"col\" width=\"90%\">MENU DE LA CROISI\u00c8RE CARA&Iuml;BES + EXPLORATION DE L&rsquo;AMAZONE<br \/>\nDU 8 F\u00c9VRIER AU 7 MARS 2025<\/th>\n<\/tr>\n<tr>\n<th width=\"90%\" colspan=\"2\" align=\"center\"><a href=\"https:\/\/mondedesylvieetpierre.ca\/voyage\/?p=44363\">Portail de la croisi\u00e8re Cara\u00efbes + Exploration de l&rsquo;Amazone<\/a><\/th>\n<\/tr>\n<tr>\n<th width=\"90%\" colspan=\"2\" align=\"center\"><span style=\"text-transform: none;\"><strong>\u00c0&nbsp;SAVOIR&nbsp;: <\/strong>Dans le menu, les textes en caract\u00e8re noir, non pas de page.<\/span><\/th>\n<\/tr>\n<\/tbody>\n<\/table>\t\t\t\t\t\t\t\t<\/div>\n\t\t\t\t<\/div>\n\t\t\t\t\t<\/div>\n\t\t\t\t<\/div>\n\t\t<div class=\"elementor-element elementor-element-3ff4a170 e-grid e-con-boxed e-con e-parent\" data-id=\"3ff4a170\" data-element_type=\"container\" data-e-type=\"container\">\n\t\t\t\t\t<div class=\"e-con-inner\">\n\t\t\t\t<div class=\"elementor-element elementor-element-7428d98e elementor-widget elementor-widget-heading\" data-id=\"7428d98e\" data-element_type=\"widget\" data-e-type=\"widget\" data-widget_type=\"heading.default\">\n\t\t\t\t\t<h4 class=\"elementor-heading-title elementor-size-default\"><ul style=\"list-style-type: none;border-left: 5px solid #e4087e;background: #f2f2f2;padding-top: 20px;padding-bottom: 20px\">\n    <li><span style=\"color:#a9a9a9\">\u21d2&nbsp;<\/span>8 f\u00e9vrier \u2500 Port maritime de Miami (\u00c9.U)<\/li>\n    <li><span style=\"color:#a9a9a9\">\u21d2&nbsp;<\/span>9 et 10 f\u00e9vrier \u2500 [En mer]<\/li>\n    <li><span style=\"color:#a9a9a9\">\u21d2&nbsp;<\/span><a href=\"https:\/\/mondedesylvieetpierre.ca\/voyage\/?page_id=44899\">11 f\u00e9vrier \u2500 Philipsburg (Saint-Martin)<\/a><\/li>\n    <li><span style=\"color:#a9a9a9\">\u21d2&nbsp;<\/span><a href=\"https:\/\/mondedesylvieetpierre.ca\/voyage\/?page_id=44518\">12 f\u00e9vrier \u2500 Castries (Sainte-Lucie)<\/a><\/li>\n    <li><span style=\"color:#a9a9a9\">\u21d2&nbsp;<\/span><a href=\"https:\/\/mondedesylvieetpierre.ca\/voyage\/?page_id=44571\">13 f\u00e9vrier \u2500 Scarborough (Trinit\u00e9-et-Tobago)<\/a><\/li>\n    <li><span style=\"color:#a9a9a9\">\u21d2&nbsp;<\/span>14 au 16 f\u00e9vrier \u2500 [En mer]<\/li>\n    <li><span style=\"color:#a9a9a9\">\u21d2&nbsp;<\/span><a href=\"https:\/\/mondedesylvieetpierre.ca\/voyage\/?page_id=44574\">17 f\u00e9vrier \u2500 Macapa (Br\u00e9sil)<\/a><\/li>\n    <li><span style=\"color:#a9a9a9\">\u21d2&nbsp;<\/span><a href=\"https:\/\/mondedesylvieetpierre.ca\/voyage\/?page_id=44576\">18 f\u00e9vrier \u2500 Fleuve Amazone (Br\u00e9sil)<\/a><\/li>\n    <li><span style=\"color:#a9a9a9\">\u21d2&nbsp;<\/span><a href=\"https:\/\/mondedesylvieetpierre.ca\/voyage\/?page_id=44578\">19 f\u00e9vrier \u2500 Santarem (Br\u00e9sil)<\/a><\/li>\n    <li><span style=\"color:#a9a9a9\">\u21d2&nbsp;<\/span><a href=\"https:\/\/mondedesylvieetpierre.ca\/voyage\/?page_id=44580\">20 f\u00e9vrier \u2500 Boca da Valeria (Br\u00e9sil)<\/a><\/li>\n    <li><span style=\"color:#a9a9a9\">\u21d2&nbsp;<\/span><a href=\"https:\/\/mondedesylvieetpierre.ca\/voyage\/?page_id=44582\">21 et 22 f\u00e9vrier \u2500 Manaus (Br\u00e9sil)<\/a><\/li>\n<\/ul><\/h4>\t\t\t\t<\/div>\n\t\t\t\t<div class=\"elementor-element elementor-element-4a67906c elementor-widget elementor-widget-heading\" data-id=\"4a67906c\" data-element_type=\"widget\" data-e-type=\"widget\" data-widget_type=\"heading.default\">\n\t\t\t\t\t<h4 class=\"elementor-heading-title elementor-size-default\"><ul style=\"list-style-type: none;border-left: 5px solid #e4087e;background: #f2f2f2;padding-top: 20px;padding-bottom: 20px\">\t\n \t<li><span style=\"color:#a9a9a9\">\u21d2&nbsp;<\/span><a href=\"https:\/\/mondedesylvieetpierre.ca\/voyage\/?page_id=44584\">23 f\u00e9vrier \u2500 Parintins (Br\u00e9sil)<\/a><\/li>\n    <li><span style=\"color:#a9a9a9\">\u21d2&nbsp;<\/span><a href=\"https:\/\/mondedesylvieetpierre.ca\/voyage\/?page_id=44586\">24 f\u00e9vrier \u2500 Alter Do Chao (Br\u00e9sil)<\/a><\/li>\n    <li><span style=\"color:#a9a9a9\">\u21d2&nbsp;<\/span>25 et 26 f\u00e9vrier \u2500 [En mer]<\/li>\n    <li><span style=\"color:#a9a9a9\">\u21d2&nbsp;<\/span><a href=\"https:\/\/mondedesylvieetpierre.ca\/voyage\/?page_id=44588\">27 f\u00e9vrier \u2500 Devil's Island (GF)<\/a><\/li>\n    <li><span style=\"color:#a9a9a9\">\u21d2&nbsp;<\/span>28 f\u00e9vrier et 1<sup>er<\/sup> mars \u2500 [En mer]<\/li>\n    <li><span style=\"color:#a9a9a9\">\u21d2&nbsp;<\/span>2 mars \u2500 Bridgetown (Barbade)<\/li>\n    <li><span style=\"color:#a9a9a9\">\u21d2&nbsp;<\/span><span style=\"color: #cccccc;font-size: large\">3 mars \u2500 Roseau (Dominique)<\/span><\/li>\n    <li><span style=\"color:#a9a9a9\">\u21d2&nbsp;<\/span><a href=\"https:\/\/mondedesylvieetpierre.ca\/voyage\/?page_id=44592\">4 mars \u2500 Road Town - Tortola (\u00ceVB)<\/a><\/li>\n    <li><span style=\"color:#a9a9a9\">\u21d2&nbsp;<\/span>5 et 6 mars \u2500 [En mer]<\/li>  \n    <li><span style=\"color:#a9a9a9\">\u21d2&nbsp;<\/span>7 mars \u2500 Port maritime de Miami (\u00c9.U)<\/li>\n    <li><span style=\"color:#a9a9a9\">\u21d2&nbsp;<\/span><a href=\"https:\/\/mondedesylvieetpierre.ca\/voyage\/?page_id=44569\">BATEAU \u2500 MS-Zaandam (HAL)<\/a><\/li>\n<\/ul><\/h4>\t\t\t\t<\/div>\n\t\t\t\t\t<\/div>\n\t\t\t\t<\/div>\n\t\t\t\t<\/div>\n\t\t","protected":false},"excerpt":{"rendered":"<p>Roseau Paroisse de Saint-George Dominique Historique de l&rsquo;endroit Roseau \u00e0 Dominique Roseau est la capitale de la Dominique, \u00eele et pays de l&rsquo;archipel des Cara\u00efbes. Sa population \u00e9tait estim\u00e9e \u00e0 16,577&nbsp;habitants en&nbsp;2006. C&rsquo;est une ville situ\u00e9e le long de la mer des Cara\u00efbes et travers\u00e9e par le petit fleuve c\u00f4tier Roseau. La ville fut construite&#8230; <span class=\"more\"><a class=\"more-link\" href=\"https:\/\/mondedesylvieetpierre.ca\/voyage\/?page_id=44590\">Lire la suite<\/a><\/span><\/p>\n","protected":false},"author":1,"featured_media":0,"parent":0,"menu_order":0,"comment_status":"closed","ping_status":"closed","template":"elementor_header_footer","meta":{"footnotes":""},"categories":[213],"tags":[],"class_list":["post-44590","page","type-page","status-publish","hentry","category-caraibes-amazone_2025"],"_links":{"self":[{"href":"https:\/\/mondedesylvieetpierre.ca\/voyage\/index.php?rest_route=\/wp\/v2\/pages\/44590","targetHints":{"allow":["GET"]}}],"collection":[{"href":"https:\/\/mondedesylvieetpierre.ca\/voyage\/index.php?rest_route=\/wp\/v2\/pages"}],"about":[{"href":"https:\/\/mondedesylvieetpierre.ca\/voyage\/index.php?rest_route=\/wp\/v2\/types\/page"}],"author":[{"embeddable":true,"href":"https:\/\/mondedesylvieetpierre.ca\/voyage\/index.php?rest_route=\/wp\/v2\/users\/1"}],"replies":[{"embeddable":true,"href":"https:\/\/mondedesylvieetpierre.ca\/voyage\/index.php?rest_route=%2Fwp%2Fv2%2Fcomments&post=44590"}],"version-history":[{"count":0,"href":"https:\/\/mondedesylvieetpierre.ca\/voyage\/index.php?rest_route=\/wp\/v2\/pages\/44590\/revisions"}],"wp:attachment":[{"href":"https:\/\/mondedesylvieetpierre.ca\/voyage\/index.php?rest_route=%2Fwp%2Fv2%2Fmedia&parent=44590"}],"wp:term":[{"taxonomy":"category","embeddable":true,"href":"https:\/\/mondedesylvieetpierre.ca\/voyage\/index.php?rest_route=%2Fwp%2Fv2%2Fcategories&post=44590"},{"taxonomy":"post_tag","embeddable":true,"href":"https:\/\/mondedesylvieetpierre.ca\/voyage\/index.php?rest_route=%2Fwp%2Fv2%2Ftags&post=44590"}],"curies":[{"name":"wp","href":"https:\/\/api.w.org\/{rel}","templated":true}]}}