{"id":45187,"date":"2025-06-02T10:14:46","date_gmt":"2025-06-02T15:14:46","guid":{"rendered":"https:\/\/mondedesylvieetpierre.ca\/voyage\/?page_id=45187"},"modified":"2025-06-11T17:34:38","modified_gmt":"2025-06-11T22:34:38","slug":"20-mai-%e2%94%80-charlottetown-ipe","status":"publish","type":"page","link":"https:\/\/mondedesylvieetpierre.ca\/voyage\/?page_id=45187","title":{"rendered":"20 mai \u2500 Charlottetown (IPE)"},"content":{"rendered":"\t\t<div data-elementor-type=\"wp-page\" data-elementor-id=\"45187\" class=\"elementor elementor-45187\" data-elementor-post-type=\"page\">\n\t\t\t\t\t\t<section class=\"elementor-section elementor-top-section elementor-element elementor-element-54a5ceea elementor-section-boxed elementor-section-height-default elementor-section-height-default\" data-id=\"54a5ceea\" data-element_type=\"section\" data-e-type=\"section\">\n\t\t\t\t\t\t<div class=\"elementor-container elementor-column-gap-default\">\n\t\t\t\t\t<div class=\"elementor-column elementor-col-100 elementor-top-column elementor-element elementor-element-74b41b18\" data-id=\"74b41b18\" data-element_type=\"column\" data-e-type=\"column\">\n\t\t\t<div class=\"elementor-widget-wrap elementor-element-populated\">\n\t\t\t\t\t\t<div class=\"elementor-element elementor-element-60d430c9 elementor-widget elementor-widget-heading\" data-id=\"60d430c9\" data-element_type=\"widget\" data-e-type=\"widget\" data-widget_type=\"heading.default\">\n\t\t\t\t\t<h2 class=\"elementor-heading-title elementor-size-xl\">Charlottetown<\/h2>\t\t\t\t<\/div>\n\t\t\t\t\t<\/div>\n\t\t<\/div>\n\t\t\t\t\t<\/div>\n\t\t<\/section>\n\t\t\t\t<section class=\"elementor-section elementor-top-section elementor-element elementor-element-781bc8f0 elementor-section-boxed elementor-section-height-default elementor-section-height-default\" data-id=\"781bc8f0\" data-element_type=\"section\" data-e-type=\"section\">\n\t\t\t\t\t\t<div class=\"elementor-container elementor-column-gap-default\">\n\t\t\t\t\t<div class=\"elementor-column elementor-col-100 elementor-top-column elementor-element elementor-element-53b9b3a5\" data-id=\"53b9b3a5\" data-element_type=\"column\" data-e-type=\"column\">\n\t\t\t<div class=\"elementor-widget-wrap elementor-element-populated\">\n\t\t\t\t\t\t<div class=\"elementor-element elementor-element-2c8d0ca6 elementor-widget elementor-widget-heading\" data-id=\"2c8d0ca6\" data-element_type=\"widget\" data-e-type=\"widget\" data-widget_type=\"heading.default\">\n\t\t\t\t\t<h2 class=\"elementor-heading-title elementor-size-default\">Province de l'\u00cele-du-Prince-\u00c9douard<\/h2>\t\t\t\t<\/div>\n\t\t\t\t\t<\/div>\n\t\t<\/div>\n\t\t\t\t\t<\/div>\n\t\t<\/section>\n\t\t\t\t<section class=\"elementor-section elementor-top-section elementor-element elementor-element-6ffb1f3c elementor-section-boxed elementor-section-height-default elementor-section-height-default\" data-id=\"6ffb1f3c\" data-element_type=\"section\" data-e-type=\"section\">\n\t\t\t\t\t\t<div class=\"elementor-container elementor-column-gap-default\">\n\t\t\t\t\t<div class=\"elementor-column elementor-col-100 elementor-top-column elementor-element elementor-element-31422168\" data-id=\"31422168\" data-element_type=\"column\" data-e-type=\"column\">\n\t\t\t<div class=\"elementor-widget-wrap elementor-element-populated\">\n\t\t\t\t\t\t<div class=\"elementor-element elementor-element-77a922a3 elementor-widget elementor-widget-image\" data-id=\"77a922a3\" data-element_type=\"widget\" data-e-type=\"widget\" data-widget_type=\"image.default\">\n\t\t\t\t\t\t\t\t\t\t\t\t\t\t\t<img decoding=\"async\" width=\"100\" height=\"50\" src=\"https:\/\/mondedesylvieetpierre.ca\/voyage\/wp-content\/uploads\/2016\/01\/Flag_of_Canada.png\" class=\"attachment-large size-large wp-image-6186\" alt=\"\" \/>\t\t\t\t\t\t\t\t\t\t\t\t\t\t\t<\/div>\n\t\t\t\t\t<\/div>\n\t\t<\/div>\n\t\t\t\t\t<\/div>\n\t\t<\/section>\n\t\t\t\t<section class=\"elementor-section elementor-top-section elementor-element elementor-element-7567a618 elementor-section-boxed elementor-section-height-default elementor-section-height-default\" data-id=\"7567a618\" data-element_type=\"section\" data-e-type=\"section\">\n\t\t\t\t\t\t<div class=\"elementor-container elementor-column-gap-default\">\n\t\t\t\t\t<div class=\"elementor-column elementor-col-100 elementor-top-column elementor-element elementor-element-3cadbd3e\" data-id=\"3cadbd3e\" data-element_type=\"column\" data-e-type=\"column\">\n\t\t\t<div class=\"elementor-widget-wrap elementor-element-populated\">\n\t\t\t\t\t\t<div class=\"elementor-element elementor-element-2d629256 elementor-widget elementor-widget-heading\" data-id=\"2d629256\" data-element_type=\"widget\" data-e-type=\"widget\" data-widget_type=\"heading.default\">\n\t\t\t\t\t<h2 class=\"elementor-heading-title elementor-size-default\">Canada<\/h2>\t\t\t\t<\/div>\n\t\t\t\t\t<\/div>\n\t\t<\/div>\n\t\t\t\t\t<\/div>\n\t\t<\/section>\n\t\t\t\t<section class=\"elementor-section elementor-top-section elementor-element elementor-element-1e448382 elementor-section-boxed elementor-section-height-default elementor-section-height-default\" data-id=\"1e448382\" data-element_type=\"section\" data-e-type=\"section\">\n\t\t\t\t\t\t<div class=\"elementor-container elementor-column-gap-default\">\n\t\t\t\t\t<div class=\"elementor-column elementor-col-100 elementor-top-column elementor-element elementor-element-532c803e\" data-id=\"532c803e\" data-element_type=\"column\" data-e-type=\"column\">\n\t\t\t<div class=\"elementor-widget-wrap elementor-element-populated\">\n\t\t\t\t\t\t<div class=\"elementor-element elementor-element-677310b0 elementor-widget-divider--view-line_text elementor-widget-divider--element-align-center elementor-widget elementor-widget-divider\" data-id=\"677310b0\" data-element_type=\"widget\" data-e-type=\"widget\" data-widget_type=\"divider.default\">\n\t\t\t\t\t\t\t<div class=\"elementor-divider\">\n\t\t\t<span class=\"elementor-divider-separator\">\n\t\t\t\t\t\t\t<span class=\"elementor-divider__text elementor-divider__element\">\n\t\t\t\tHistorique de l'endroit\t\t\t\t<\/span>\n\t\t\t\t\t\t<\/span>\n\t\t<\/div>\n\t\t\t\t\t\t<\/div>\n\t\t\t\t\t<\/div>\n\t\t<\/div>\n\t\t\t\t\t<\/div>\n\t\t<\/section>\n\t\t\t\t<section class=\"elementor-section elementor-top-section elementor-element elementor-element-6b2b3994 elementor-section-boxed elementor-section-height-default elementor-section-height-default\" data-id=\"6b2b3994\" data-element_type=\"section\" data-e-type=\"section\">\n\t\t\t\t\t\t<div class=\"elementor-container elementor-column-gap-default\">\n\t\t\t\t\t<div class=\"elementor-column elementor-col-100 elementor-top-column elementor-element elementor-element-4c1055f7\" data-id=\"4c1055f7\" data-element_type=\"column\" data-e-type=\"column\">\n\t\t\t<div class=\"elementor-widget-wrap elementor-element-populated\">\n\t\t\t\t\t\t<div class=\"elementor-element elementor-element-0c8707e elementor-widget elementor-widget-image\" data-id=\"0c8707e\" data-element_type=\"widget\" data-e-type=\"widget\" data-widget_type=\"image.default\">\n\t\t\t\t\t\t\t\t\t\t\t\t<figure class=\"wp-caption\">\n\t\t\t\t\t\t\t\t\t\t\t<a href=\"https:\/\/mondedesylvieetpierre.ca\/voyage\/wp-content\/uploads\/2023\/05\/Champ-de-patate-IPE-1024x681-1.jpg\" data-elementor-open-lightbox=\"yes\" data-elementor-lightbox-title=\"Champ de patate IPE 1024x681\" data-e-action-hash=\"#elementor-action%3Aaction%3Dlightbox%26settings%3DeyJpZCI6MzgxNjgsInVybCI6Imh0dHBzOlwvXC9tb25kZWRlc3lsdmllZXRwaWVycmUuY2FcL3ZveWFnZVwvd3AtY29udGVudFwvdXBsb2Fkc1wvMjAyM1wvMDVcL0NoYW1wLWRlLXBhdGF0ZS1JUEUtMTAyNHg2ODEtMS5qcGcifQ%3D%3D\">\n\t\t\t\t\t\t\t<img decoding=\"async\" src=\"https:\/\/mondedesylvieetpierre.ca\/voyage\/wp-content\/uploads\/elementor\/thumbs\/Champ-de-patate-IPE-1024x681-1-q64keorjqt5pkepda140eo7dgv41bpxq5g4mzb9gci.jpg\" title=\"Champ de patate IPE 1024&#215;681\" alt=\"Champ de patate IPE 1024x681\" loading=\"lazy\" \/>\t\t\t\t\t\t\t\t<\/a>\n\t\t\t\t\t\t\t\t\t\t\t<figcaption class=\"widget-image-caption wp-caption-text\">Champ de patate de l'\u00cele-du-Prince-\u00c9douard<\/figcaption>\n\t\t\t\t\t\t\t\t\t\t<\/figure>\n\t\t\t\t\t\t\t\t\t<\/div>\n\t\t\t\t\t<\/div>\n\t\t<\/div>\n\t\t\t\t\t<\/div>\n\t\t<\/section>\n\t\t\t\t<section class=\"elementor-section elementor-top-section elementor-element elementor-element-60fbaa13 elementor-section-boxed elementor-section-height-default elementor-section-height-default\" data-id=\"60fbaa13\" data-element_type=\"section\" data-e-type=\"section\">\n\t\t\t\t\t\t<div class=\"elementor-container elementor-column-gap-default\">\n\t\t\t\t\t<div class=\"elementor-column elementor-col-100 elementor-top-column elementor-element elementor-element-48d3b7e7\" data-id=\"48d3b7e7\" data-element_type=\"column\" data-e-type=\"column\">\n\t\t\t<div class=\"elementor-widget-wrap elementor-element-populated\">\n\t\t\t\t\t\t<div class=\"elementor-element elementor-element-1a663de elementor-widget elementor-widget-text-editor\" data-id=\"1a663de\" data-element_type=\"widget\" data-e-type=\"widget\" data-widget_type=\"text-editor.default\">\n\t\t\t\t\t\t\t\t\t<p style=\"text-align: center;\"><strong>L&rsquo;\u00cele-du-Prince-\u00c9douard<\/strong> est une province du Canada et elle est la plus petite province du pays,<br \/>en superficie comme en population, mais la plus dens\u00e9ment peupl\u00e9e.<br \/>D&rsquo;apr\u00e8s Statistique Canada, <strong>l&rsquo;\u00cele-du-Prince-\u00c9douard<\/strong> compte 167,680\u00a0habitants en\u00a02022.<br \/>Elle poss\u00e8de plusieurs surnoms\u00a0: le \u00ab<em>\u00a0Jardin\u00a0du\u00a0Golfe\u00a0<\/em>\u00bb, \u00ab<em>\u00a0Le lieu\u00a0de\u00a0naissance de\u00a0la\u00a0Conf\u00e9d\u00e9ration\u00a0<\/em>\u00bb<br \/>et le \u00ab\u00a0Berceau de la\u00a0Conf\u00e9d\u00e9ration\u00a0\u00bb.<br \/>Sa capitale et sa plus grande ville est <em>Charlottetown<\/em>.<br \/>Elle est une des trois provinces maritimes, et l&rsquo;une des quatre de l&rsquo;Atlantique.<br \/>La production agricole avait une valeur de 317\u00a0millions de dollars en\u00a02000, dont 154\u00a0millions provenant des <em>pommes de terre<\/em>,<br \/>car l&rsquo;\u00eele poss\u00e8de en effet un climat et un sol bien adapt\u00e9s \u00e0 cette culture, et notamment pour la production de pommes de terre de semence.<\/p>\t\t\t\t\t\t\t\t<\/div>\n\t\t\t\t\t<\/div>\n\t\t<\/div>\n\t\t\t\t\t<\/div>\n\t\t<\/section>\n\t\t\t\t<section class=\"elementor-section elementor-top-section elementor-element elementor-element-3d96e7a5 elementor-section-boxed elementor-section-height-default elementor-section-height-default\" data-id=\"3d96e7a5\" data-element_type=\"section\" data-e-type=\"section\">\n\t\t\t\t\t\t<div class=\"elementor-container elementor-column-gap-default\">\n\t\t\t\t\t<div class=\"elementor-column elementor-col-100 elementor-top-column elementor-element elementor-element-75e2f605\" data-id=\"75e2f605\" data-element_type=\"column\" data-e-type=\"column\">\n\t\t\t<div class=\"elementor-widget-wrap elementor-element-populated\">\n\t\t\t\t\t\t<div class=\"elementor-element elementor-element-2b581f6d elementor-widget-divider--view-line_text elementor-widget-divider--element-align-center elementor-widget elementor-widget-divider\" data-id=\"2b581f6d\" data-element_type=\"widget\" data-e-type=\"widget\" data-widget_type=\"divider.default\">\n\t\t\t\t\t\t\t<div class=\"elementor-divider\">\n\t\t\t<span class=\"elementor-divider-separator\">\n\t\t\t\t\t\t\t<span class=\"elementor-divider__text elementor-divider__element\">\n\t\t\t\tVenez voir nos 79 photos\t\t\t\t<\/span>\n\t\t\t\t\t\t<\/span>\n\t\t<\/div>\n\t\t\t\t\t\t<\/div>\n\t\t\t\t\t<\/div>\n\t\t<\/div>\n\t\t\t\t\t<\/div>\n\t\t<\/section>\n\t\t\t\t<section class=\"elementor-section elementor-top-section elementor-element elementor-element-2f719da2 elementor-section-boxed elementor-section-height-default elementor-section-height-default\" data-id=\"2f719da2\" data-element_type=\"section\" data-e-type=\"section\">\n\t\t\t\t\t\t<div class=\"elementor-container elementor-column-gap-default\">\n\t\t\t\t\t<div class=\"elementor-column elementor-col-100 elementor-top-column elementor-element elementor-element-6fbb27da\" data-id=\"6fbb27da\" data-element_type=\"column\" data-e-type=\"column\">\n\t\t\t<div class=\"elementor-widget-wrap elementor-element-populated\">\n\t\t\t\t\t\t<div class=\"elementor-element elementor-element-1d3f7fc8 elementor-widget elementor-widget-shortcode\" data-id=\"1d3f7fc8\" data-element_type=\"widget\" data-e-type=\"widget\" data-widget_type=\"shortcode.default\">\n\t\t\t\t\t\t\t<div class=\"elementor-shortcode\"><iframe src=\"https:\/\/public.joomeo.com\/albums\/683e1d2a3ca03\/slideshow?sls_ap=1&sls_ac=1&sls_dbp=10&sls_afs=1&iframe=1\" scrolling=\"no\" frameborder=\"0\" width=\"500\" height=\"333\" allowfullscreen><\/iframe><\/div>\n\t\t\t\t\t\t<\/div>\n\t\t\t\t\t<\/div>\n\t\t<\/div>\n\t\t\t\t\t<\/div>\n\t\t<\/section>\n\t\t\t\t<section class=\"elementor-section elementor-top-section elementor-element elementor-element-24bd7b1e elementor-section-boxed elementor-section-height-default elementor-section-height-default\" data-id=\"24bd7b1e\" data-element_type=\"section\" data-e-type=\"section\">\n\t\t\t\t\t\t<div class=\"elementor-container elementor-column-gap-default\">\n\t\t\t\t\t<div class=\"elementor-column elementor-col-100 elementor-top-column elementor-element elementor-element-69d9d185\" data-id=\"69d9d185\" data-element_type=\"column\" data-e-type=\"column\">\n\t\t\t<div class=\"elementor-widget-wrap elementor-element-populated\">\n\t\t\t\t\t\t<div class=\"elementor-element elementor-element-114417c5 elementor-widget-divider--view-line_text elementor-widget-divider--element-align-center elementor-widget elementor-widget-divider\" data-id=\"114417c5\" data-element_type=\"widget\" data-e-type=\"widget\" data-widget_type=\"divider.default\">\n\t\t\t\t\t\t\t<div class=\"elementor-divider\">\n\t\t\t<span class=\"elementor-divider-separator\">\n\t\t\t\t\t\t\t<span class=\"elementor-divider__text elementor-divider__element\">\n\t\t\t\tVenez voir nos 5 vid\u00e9os\t\t\t\t<\/span>\n\t\t\t\t\t\t<\/span>\n\t\t<\/div>\n\t\t\t\t\t\t<\/div>\n\t\t\t\t\t<\/div>\n\t\t<\/div>\n\t\t\t\t\t<\/div>\n\t\t<\/section>\n\t\t\t\t<section class=\"elementor-section elementor-top-section elementor-element elementor-element-6b6dfb81 elementor-section-boxed elementor-section-height-default elementor-section-height-default\" data-id=\"6b6dfb81\" data-element_type=\"section\" data-e-type=\"section\">\n\t\t\t\t\t\t<div class=\"elementor-container elementor-column-gap-default\">\n\t\t\t\t\t<div class=\"elementor-column elementor-col-100 elementor-top-column elementor-element elementor-element-48ff832b\" data-id=\"48ff832b\" data-element_type=\"column\" data-e-type=\"column\">\n\t\t\t<div class=\"elementor-widget-wrap elementor-element-populated\">\n\t\t\t\t\t\t<div class=\"elementor-element elementor-element-6802a8d2 elementor-widget elementor-widget-shortcode\" data-id=\"6802a8d2\" data-element_type=\"widget\" data-e-type=\"widget\" data-widget_type=\"shortcode.default\">\n\t\t\t\t\t\t\t<div class=\"elementor-shortcode\"><iframe src=\"https:\/\/public.joomeo.com\/albums\/683e1d4e41f51\/slideshow?sls_ap=1&sls_ac=1&sls_dbp=10&sls_afs=1&iframe=1\" scrolling=\"no\" frameborder=\"0\" width=\"500\" height=\"333\" allowfullscreen><\/iframe><\/div>\n\t\t\t\t\t\t<\/div>\n\t\t\t\t\t<\/div>\n\t\t<\/div>\n\t\t\t\t\t<\/div>\n\t\t<\/section>\n\t\t\t\t<section class=\"elementor-section elementor-top-section elementor-element elementor-element-52deb328 elementor-section-boxed elementor-section-height-default elementor-section-height-default\" data-id=\"52deb328\" data-element_type=\"section\" data-e-type=\"section\">\n\t\t\t\t\t\t<div class=\"elementor-container elementor-column-gap-default\">\n\t\t\t\t\t<div class=\"elementor-column elementor-col-100 elementor-top-column elementor-element elementor-element-2671f3\" data-id=\"2671f3\" data-element_type=\"column\" data-e-type=\"column\">\n\t\t\t<div class=\"elementor-widget-wrap elementor-element-populated\">\n\t\t\t\t\t\t<div class=\"elementor-element elementor-element-5dc901a0 elementor-widget-divider--view-line_text elementor-widget-divider--element-align-center elementor-widget elementor-widget-divider\" data-id=\"5dc901a0\" data-element_type=\"widget\" data-e-type=\"widget\" data-widget_type=\"divider.default\">\n\t\t\t\t\t\t\t<div class=\"elementor-divider\">\n\t\t\t<span class=\"elementor-divider-separator\">\n\t\t\t\t\t\t\t<span class=\"elementor-divider__text elementor-divider__element\">\n\t\t\t\tMenu de ce voyage\t\t\t\t<\/span>\n\t\t\t\t\t\t<\/span>\n\t\t<\/div>\n\t\t\t\t\t\t<\/div>\n\t\t\t\t\t<\/div>\n\t\t<\/div>\n\t\t\t\t\t<\/div>\n\t\t<\/section>\n\t\t<div class=\"elementor-element elementor-element-614cd2a4 e-flex e-con-boxed e-con e-parent\" data-id=\"614cd2a4\" data-element_type=\"container\" data-e-type=\"container\">\n\t\t\t\t\t<div class=\"e-con-inner\">\n\t\t<div class=\"elementor-element elementor-element-54bda4e9 e-con-full e-flex e-con e-child\" data-id=\"54bda4e9\" data-element_type=\"container\" data-e-type=\"container\">\n\t\t\t\t<div class=\"elementor-element elementor-element-483fc861 elementor-widget elementor-widget-text-editor\" data-id=\"483fc861\" data-element_type=\"widget\" data-e-type=\"widget\" data-widget_type=\"text-editor.default\">\n\t\t\t\t\t\t\t\t\t<table border=\"0\" width=\"100%\" cellspacing=\"10\" align=\"center\">\n<tbody>\n<tr>\n<th class=\"menugroslettre\" colspan=\"2\" scope=\"col\" width=\"90%\">MENU DE LA CROISI\u00c8RE C\u00d4TE ATLANTIQUE COLONIALE<br \/>\nDU 9 AU 24 MAI 2025<\/th>\n<\/tr>\n<tr>\n<th width=\"90%\" colspan=\"2\" align=\"center\"><a href=\"https:\/\/mondedesylvieetpierre.ca\/voyage\/?p=45072\">Portail de la croisi\u00e8re C\u00f4te Atlantique coloniale<\/a><\/th>\n<\/tr>\n<tr>\n<th width=\"90%\" colspan=\"2\" align=\"center\"><span style=\"text-transform: none;\"><strong>\u00c0&nbsp;SAVOIR&nbsp;: <\/strong>Dans le menu, les textes en caract\u00e8re noir, non pas de page.<\/span><\/th>\n<\/tr>\n<\/tbody>\n<\/table>\t\t\t\t\t\t\t\t<\/div>\n\t\t\t\t<\/div>\n\t\t\t\t\t<\/div>\n\t\t\t\t<\/div>\n\t\t<div class=\"elementor-element elementor-element-67aab422 e-grid e-con-boxed e-con e-parent\" data-id=\"67aab422\" data-element_type=\"container\" data-e-type=\"container\">\n\t\t\t\t\t<div class=\"e-con-inner\">\n\t\t\t\t<div class=\"elementor-element elementor-element-724703bf elementor-widget elementor-widget-heading\" data-id=\"724703bf\" data-element_type=\"widget\" data-e-type=\"widget\" data-widget_type=\"heading.default\">\n\t\t\t\t\t<h4 class=\"elementor-heading-title elementor-size-default\"><ul style=\"list-style-type: none;border-left: 5px solid #e4087e;background: #f2f2f2;padding-top: 20px;padding-bottom: 20px\">\n    <li><span style=\"color:#a9a9a9\">\u21d2&nbsp;<\/span>9 mai \u2500 Port de Fort Lauderdale(\u00c9.U)<\/li>\n    <li><span style=\"color:#a9a9a9\">\u21d2&nbsp;<\/span>10 et 11 mai \u2500 [En mer]<\/li>\n    <li><span style=\"color:#a9a9a9\">\u21d2&nbsp;<\/span><a href=\"https:\/\/mondedesylvieetpierre.ca\/voyage\/?page_id=45175\">12 mai \u2500 Norfolk (VA)<\/a><\/li>\n    <li><span style=\"color:#a9a9a9\">\u21d2&nbsp;<\/span>13 mai \u2500 [En mer]<\/li>  \n    <li><span style=\"color:#a9a9a9\">\u21d2&nbsp;<\/span><a href=\"https:\/\/mondedesylvieetpierre.ca\/voyage\/?page_id=45179\">14 mai \u2500 Newport (Rhode Island)<\/a><\/li>\n    <li><span style=\"color:#a9a9a9\">\u21d2&nbsp;<\/span>15 mai \u2500 [En mer]<\/li> \n    <li><span style=\"color:#a9a9a9\">\u21d2&nbsp;<\/span><a href=\"https:\/\/mondedesylvieetpierre.ca\/voyage\/?page_id=45181\">16 mai \u2500 Boston (MA)<\/a><\/li>\n<\/ul><\/h4>\t\t\t\t<\/div>\n\t\t\t\t<div class=\"elementor-element elementor-element-4dc882f4 elementor-widget elementor-widget-heading\" data-id=\"4dc882f4\" data-element_type=\"widget\" data-e-type=\"widget\" data-widget_type=\"heading.default\">\n\t\t\t\t\t<h4 class=\"elementor-heading-title elementor-size-default\"><ul style=\"list-style-type: none;border-left: 5px solid #e4087e;background: #f2f2f2;padding-top: 20px;padding-bottom: 20px\">\t\n    <li><span style=\"color:#a9a9a9\">\u21d2&nbsp;<\/span>17 mai \u2500 Portland (ME)<\/li>\n    <li><span style=\"color:#a9a9a9\">\u21d2&nbsp;<\/span>18 mai \u2500 Halifax (NE)<\/li>\n    <li><span style=\"color:#a9a9a9\">\u21d2&nbsp;<\/span><a href=\"https:\/\/mondedesylvieetpierre.ca\/voyage\/?page_id=45185\">19 mai \u2500 Sydney (NE)<\/a><\/li>\n    <li><span style=\"color:#a9a9a9\">\u21d2&nbsp;<\/span><span style=\"color: #cccccc;font-size: large\">20 mai \u2500 Charlottetown (IPE)<\/span><\/li>\n    <li><span style=\"color:#a9a9a9\">\u21d2&nbsp;<\/span>21 et 22 mai \u2500 [En mer]<\/li>\n    <li><span style=\"color:#a9a9a9\">\u21d2&nbsp;<\/span>23 et 24 mai \u2500 Port de Qu\u00e9bec (QC)<\/li>\n    <li><span style=\"color:#a9a9a9\">\u21d2&nbsp;<\/span><a href=\"https:\/\/mondedesylvieetpierre.ca\/voyage\/?page_id=45189\">BATEAU \u2500 MS&nbsp;Zuiderdam (HAL)<\/a><\/li>\n<\/ul><\/h4>\t\t\t\t<\/div>\n\t\t\t\t\t<\/div>\n\t\t\t\t<\/div>\n\t\t\t\t<\/div>\n\t\t","protected":false},"excerpt":{"rendered":"<p>Charlottetown Province de l&rsquo;\u00cele-du-Prince-\u00c9douard Canada Historique de l&rsquo;endroit Champ de patate de l&rsquo;\u00cele-du-Prince-\u00c9douard L&rsquo;\u00cele-du-Prince-\u00c9douard est une province du Canada et elle est la plus petite province du pays,en superficie comme en population, mais la plus dens\u00e9ment peupl\u00e9e.D&rsquo;apr\u00e8s Statistique Canada, l&rsquo;\u00cele-du-Prince-\u00c9douard compte 167,680\u00a0habitants en\u00a02022.Elle poss\u00e8de plusieurs surnoms\u00a0: le \u00ab\u00a0Jardin\u00a0du\u00a0Golfe\u00a0\u00bb, \u00ab\u00a0Le lieu\u00a0de\u00a0naissance de\u00a0la\u00a0Conf\u00e9d\u00e9ration\u00a0\u00bbet le \u00ab\u00a0Berceau de la\u00a0Conf\u00e9d\u00e9ration\u00a0\u00bb.Sa&#8230; <span class=\"more\"><a class=\"more-link\" href=\"https:\/\/mondedesylvieetpierre.ca\/voyage\/?page_id=45187\">Lire la suite<\/a><\/span><\/p>\n","protected":false},"author":1,"featured_media":0,"parent":0,"menu_order":0,"comment_status":"closed","ping_status":"closed","template":"elementor_header_footer","meta":{"footnotes":""},"categories":[214],"tags":[],"class_list":["post-45187","page","type-page","status-publish","hentry","category-cote_atlantique_coloniale_2025"],"_links":{"self":[{"href":"https:\/\/mondedesylvieetpierre.ca\/voyage\/index.php?rest_route=\/wp\/v2\/pages\/45187","targetHints":{"allow":["GET"]}}],"collection":[{"href":"https:\/\/mondedesylvieetpierre.ca\/voyage\/index.php?rest_route=\/wp\/v2\/pages"}],"about":[{"href":"https:\/\/mondedesylvieetpierre.ca\/voyage\/index.php?rest_route=\/wp\/v2\/types\/page"}],"author":[{"embeddable":true,"href":"https:\/\/mondedesylvieetpierre.ca\/voyage\/index.php?rest_route=\/wp\/v2\/users\/1"}],"replies":[{"embeddable":true,"href":"https:\/\/mondedesylvieetpierre.ca\/voyage\/index.php?rest_route=%2Fwp%2Fv2%2Fcomments&post=45187"}],"version-history":[{"count":0,"href":"https:\/\/mondedesylvieetpierre.ca\/voyage\/index.php?rest_route=\/wp\/v2\/pages\/45187\/revisions"}],"wp:attachment":[{"href":"https:\/\/mondedesylvieetpierre.ca\/voyage\/index.php?rest_route=%2Fwp%2Fv2%2Fmedia&parent=45187"}],"wp:term":[{"taxonomy":"category","embeddable":true,"href":"https:\/\/mondedesylvieetpierre.ca\/voyage\/index.php?rest_route=%2Fwp%2Fv2%2Fcategories&post=45187"},{"taxonomy":"post_tag","embeddable":true,"href":"https:\/\/mondedesylvieetpierre.ca\/voyage\/index.php?rest_route=%2Fwp%2Fv2%2Ftags&post=45187"}],"curies":[{"name":"wp","href":"https:\/\/api.w.org\/{rel}","templated":true}]}}