{"id":45525,"date":"2025-08-01T14:47:23","date_gmt":"2025-08-01T19:47:23","guid":{"rendered":"https:\/\/mondedesylvieetpierre.ca\/voyage\/?page_id=45525"},"modified":"2025-08-02T11:14:14","modified_gmt":"2025-08-02T16:14:14","slug":"juillet-2025-fromagerie-perron-de-saint-prime","status":"publish","type":"page","link":"https:\/\/mondedesylvieetpierre.ca\/voyage\/?page_id=45525","title":{"rendered":"Juillet 2025 \u2014 Fromagerie Perron de Saint-Prime"},"content":{"rendered":"\t\t<div data-elementor-type=\"wp-page\" data-elementor-id=\"45525\" class=\"elementor elementor-45525\" data-elementor-post-type=\"page\">\n\t\t\t\t\t\t<section class=\"elementor-section elementor-top-section elementor-element elementor-element-41d9cfc2 elementor-section-boxed elementor-section-height-default elementor-section-height-default\" data-id=\"41d9cfc2\" data-element_type=\"section\" data-e-type=\"section\">\n\t\t\t\t\t\t<div class=\"elementor-container elementor-column-gap-default\">\n\t\t\t\t\t<div class=\"elementor-column elementor-col-100 elementor-top-column elementor-element elementor-element-2e8f3d2b\" data-id=\"2e8f3d2b\" data-element_type=\"column\" data-e-type=\"column\">\n\t\t\t<div class=\"elementor-widget-wrap elementor-element-populated\">\n\t\t\t\t\t\t<div class=\"elementor-element elementor-element-221399a elementor-widget elementor-widget-image\" data-id=\"221399a\" data-element_type=\"widget\" data-e-type=\"widget\" data-widget_type=\"image.default\">\n\t\t\t\t\t\t\t\t\t\t\t\t\t\t\t<img fetchpriority=\"high\" decoding=\"async\" width=\"460\" height=\"215\" src=\"https:\/\/mondedesylvieetpierre.ca\/voyage\/wp-content\/uploads\/2025\/08\/Logo-Fromagerie-Perron-460x215-1.png\" class=\"attachment-pixelwars_theme_image_size_nullx500 size-pixelwars_theme_image_size_nullx500 wp-image-45567\" alt=\"\" srcset=\"https:\/\/mondedesylvieetpierre.ca\/voyage\/wp-content\/uploads\/2025\/08\/Logo-Fromagerie-Perron-460x215-1.png 460w, https:\/\/mondedesylvieetpierre.ca\/voyage\/wp-content\/uploads\/2025\/08\/Logo-Fromagerie-Perron-460x215-1-300x140.png 300w\" sizes=\"(max-width: 460px) 100vw, 460px\" \/>\t\t\t\t\t\t\t\t\t\t\t\t\t\t\t<\/div>\n\t\t\t\t\t<\/div>\n\t\t<\/div>\n\t\t\t\t\t<\/div>\n\t\t<\/section>\n\t\t\t\t<section class=\"elementor-section elementor-top-section elementor-element elementor-element-13671d0c elementor-section-boxed elementor-section-height-default elementor-section-height-default\" data-id=\"13671d0c\" data-element_type=\"section\" data-e-type=\"section\">\n\t\t\t\t\t\t<div class=\"elementor-container elementor-column-gap-default\">\n\t\t\t\t\t<div class=\"elementor-column elementor-col-100 elementor-top-column elementor-element elementor-element-57c63115\" data-id=\"57c63115\" data-element_type=\"column\" data-e-type=\"column\">\n\t\t\t<div class=\"elementor-widget-wrap elementor-element-populated\">\n\t\t\t\t\t\t<div class=\"elementor-element elementor-element-fa17443 elementor-widget elementor-widget-heading\" data-id=\"fa17443\" data-element_type=\"widget\" data-e-type=\"widget\" data-widget_type=\"heading.default\">\n\t\t\t\t\t<h2 class=\"elementor-heading-title elementor-size-default\">R\u00e9gion du Saguenay\u2013Lac-Saint-Jean<\/h2>\t\t\t\t<\/div>\n\t\t\t\t\t<\/div>\n\t\t<\/div>\n\t\t\t\t\t<\/div>\n\t\t<\/section>\n\t\t\t\t<section class=\"elementor-section elementor-top-section elementor-element elementor-element-41fcbec6 elementor-section-boxed elementor-section-height-default elementor-section-height-default\" data-id=\"41fcbec6\" data-element_type=\"section\" data-e-type=\"section\">\n\t\t\t\t\t\t<div class=\"elementor-container elementor-column-gap-default\">\n\t\t\t\t\t<div class=\"elementor-column elementor-col-100 elementor-top-column elementor-element elementor-element-53aa6e48\" data-id=\"53aa6e48\" data-element_type=\"column\" data-e-type=\"column\">\n\t\t\t<div class=\"elementor-widget-wrap elementor-element-populated\">\n\t\t\t\t\t\t<div class=\"elementor-element elementor-element-1b17fa5 elementor-widget elementor-widget-image\" data-id=\"1b17fa5\" data-element_type=\"widget\" data-e-type=\"widget\" data-widget_type=\"image.default\">\n\t\t\t\t\t\t\t\t\t\t\t\t\t\t\t<img decoding=\"async\" width=\"100\" height=\"67\" src=\"https:\/\/mondedesylvieetpierre.ca\/voyage\/wp-content\/uploads\/2016\/03\/Flag_of_Quebec.png\" class=\"attachment-large size-large wp-image-9895\" alt=\"\" \/>\t\t\t\t\t\t\t\t\t\t\t\t\t\t\t<\/div>\n\t\t\t\t\t<\/div>\n\t\t<\/div>\n\t\t\t\t\t<\/div>\n\t\t<\/section>\n\t\t\t\t<section class=\"elementor-section elementor-top-section elementor-element elementor-element-5f9f7598 elementor-section-boxed elementor-section-height-default elementor-section-height-default\" data-id=\"5f9f7598\" data-element_type=\"section\" data-e-type=\"section\">\n\t\t\t\t\t\t<div class=\"elementor-container elementor-column-gap-default\">\n\t\t\t\t\t<div class=\"elementor-column elementor-col-100 elementor-top-column elementor-element elementor-element-2fb67882\" data-id=\"2fb67882\" data-element_type=\"column\" data-e-type=\"column\">\n\t\t\t<div class=\"elementor-widget-wrap elementor-element-populated\">\n\t\t\t\t\t\t<div class=\"elementor-element elementor-element-b828929 elementor-widget elementor-widget-heading\" data-id=\"b828929\" data-element_type=\"widget\" data-e-type=\"widget\" data-widget_type=\"heading.default\">\n\t\t\t\t\t<h2 class=\"elementor-heading-title elementor-size-default\">Province de Qu\u00e9bec<\/h2>\t\t\t\t<\/div>\n\t\t\t\t\t<\/div>\n\t\t<\/div>\n\t\t\t\t\t<\/div>\n\t\t<\/section>\n\t\t\t\t<section class=\"elementor-section elementor-top-section elementor-element elementor-element-2a27bd41 elementor-section-boxed elementor-section-height-default elementor-section-height-default\" data-id=\"2a27bd41\" data-element_type=\"section\" data-e-type=\"section\">\n\t\t\t\t\t\t<div class=\"elementor-container elementor-column-gap-default\">\n\t\t\t\t\t<div class=\"elementor-column elementor-col-100 elementor-top-column elementor-element elementor-element-343c5575\" data-id=\"343c5575\" data-element_type=\"column\" data-e-type=\"column\">\n\t\t\t<div class=\"elementor-widget-wrap elementor-element-populated\">\n\t\t\t\t\t\t<div class=\"elementor-element elementor-element-35685fed elementor-widget-divider--view-line_text elementor-widget-divider--element-align-center elementor-widget elementor-widget-divider\" data-id=\"35685fed\" data-element_type=\"widget\" data-e-type=\"widget\" data-widget_type=\"divider.default\">\n\t\t\t\t\t\t\t<div class=\"elementor-divider\">\n\t\t\t<span class=\"elementor-divider-separator\">\n\t\t\t\t\t\t\t<span class=\"elementor-divider__text elementor-divider__element\">\n\t\t\t\tHistorique de l'endroit\t\t\t\t<\/span>\n\t\t\t\t\t\t<\/span>\n\t\t<\/div>\n\t\t\t\t\t\t<\/div>\n\t\t\t\t\t<\/div>\n\t\t<\/div>\n\t\t\t\t\t<\/div>\n\t\t<\/section>\n\t\t\t\t<section class=\"elementor-section elementor-top-section elementor-element elementor-element-2e2927e7 elementor-section-boxed elementor-section-height-default elementor-section-height-default\" data-id=\"2e2927e7\" data-element_type=\"section\" data-e-type=\"section\">\n\t\t\t\t\t\t<div class=\"elementor-container elementor-column-gap-default\">\n\t\t\t\t\t<div class=\"elementor-column elementor-col-100 elementor-top-column elementor-element elementor-element-74a9a367\" data-id=\"74a9a367\" data-element_type=\"column\" data-e-type=\"column\">\n\t\t\t<div class=\"elementor-widget-wrap elementor-element-populated\">\n\t\t\t\t\t\t<div class=\"elementor-element elementor-element-66e8367d elementor-widget elementor-widget-image\" data-id=\"66e8367d\" data-element_type=\"widget\" data-e-type=\"widget\" data-widget_type=\"image.default\">\n\t\t\t\t\t\t\t\t\t\t\t\t<figure class=\"wp-caption\">\n\t\t\t\t\t\t\t\t\t\t<img decoding=\"async\" width=\"500\" height=\"216\" src=\"https:\/\/mondedesylvieetpierre.ca\/voyage\/wp-content\/uploads\/2025\/08\/Sorte-de-fromage-Perron-500x216-1.png\" class=\"attachment-pixelwars_theme_image_size_nullx500 size-pixelwars_theme_image_size_nullx500 wp-image-45574\" alt=\"\" srcset=\"https:\/\/mondedesylvieetpierre.ca\/voyage\/wp-content\/uploads\/2025\/08\/Sorte-de-fromage-Perron-500x216-1.png 500w, https:\/\/mondedesylvieetpierre.ca\/voyage\/wp-content\/uploads\/2025\/08\/Sorte-de-fromage-Perron-500x216-1-300x130.png 300w\" sizes=\"(max-width: 500px) 100vw, 500px\" \/>\t\t\t\t\t\t\t\t\t\t\t<figcaption class=\"widget-image-caption wp-caption-text\">Sorte de fromage Perron<\/figcaption>\n\t\t\t\t\t\t\t\t\t\t<\/figure>\n\t\t\t\t\t\t\t\t\t<\/div>\n\t\t\t\t\t<\/div>\n\t\t<\/div>\n\t\t\t\t\t<\/div>\n\t\t<\/section>\n\t\t\t\t<section class=\"elementor-section elementor-top-section elementor-element elementor-element-5ffd0b8d elementor-section-boxed elementor-section-height-default elementor-section-height-default\" data-id=\"5ffd0b8d\" data-element_type=\"section\" data-e-type=\"section\">\n\t\t\t\t\t\t<div class=\"elementor-container elementor-column-gap-default\">\n\t\t\t\t\t<div class=\"elementor-column elementor-col-100 elementor-top-column elementor-element elementor-element-45421502\" data-id=\"45421502\" data-element_type=\"column\" data-e-type=\"column\">\n\t\t\t<div class=\"elementor-widget-wrap elementor-element-populated\">\n\t\t\t\t\t\t<div class=\"elementor-element elementor-element-5889bfec elementor-widget elementor-widget-text-editor\" data-id=\"5889bfec\" data-element_type=\"widget\" data-e-type=\"widget\" data-widget_type=\"text-editor.default\">\n\t\t\t\t\t\t\t\t\t<p style=\"text-align: center;\">Depuis plus de 130 ans, la Fromagerie Perron met son savoir-faire dans ses produits.<br \/>\nAujourd\u2019hui plus que jamais, la <em><strong>Fromagerie Perron<\/strong><\/em> travaille \u00e0 poursuivre et perp\u00e9tuer cette tradition, \u00e0 offrir des fromages d\u2019excellence et d\u2019exception.<br \/>\nC\u2019est cet h\u00e9ritage du Saguenay\u2013Lac-St-Jean qui fait que la <em><strong>Fromagerie Perron<\/strong><\/em> se distingue principalement par ses fromages.<br \/>\nLe go\u00fbt et la qualit\u00e9 des ingr\u00e9dients \u00e9tant au c\u0153ur m\u00eame des produits, il n\u2019y a aucun compromis.<br \/>\nLe cheddar de la <em><strong>Fromagerie Perron<\/strong><\/em> go\u00fbte le vrai cheddar.<\/p>\n<p style=\"text-align: center;\">C\u2019est cette promesse d\u2019authenticit\u00e9 et ce c\u00f4t\u00e9 rassembleur, familial et local qui font la r\u00e9putation de la <em><strong>Fromagerie Perron<\/strong><\/em>.<\/p>\t\t\t\t\t\t\t\t<\/div>\n\t\t\t\t\t<\/div>\n\t\t<\/div>\n\t\t\t\t\t<\/div>\n\t\t<\/section>\n\t\t\t\t<section class=\"elementor-section elementor-top-section elementor-element elementor-element-78aefca2 elementor-section-boxed elementor-section-height-default elementor-section-height-default\" data-id=\"78aefca2\" data-element_type=\"section\" data-e-type=\"section\">\n\t\t\t\t\t\t<div class=\"elementor-container elementor-column-gap-default\">\n\t\t\t\t\t<div class=\"elementor-column elementor-col-100 elementor-top-column elementor-element elementor-element-77a5e865\" data-id=\"77a5e865\" data-element_type=\"column\" data-e-type=\"column\">\n\t\t\t<div class=\"elementor-widget-wrap elementor-element-populated\">\n\t\t\t\t\t\t<div class=\"elementor-element elementor-element-4e3de71f elementor-widget-divider--view-line_text elementor-widget-divider--element-align-center elementor-widget elementor-widget-divider\" data-id=\"4e3de71f\" data-element_type=\"widget\" data-e-type=\"widget\" data-widget_type=\"divider.default\">\n\t\t\t\t\t\t\t<div class=\"elementor-divider\">\n\t\t\t<span class=\"elementor-divider-separator\">\n\t\t\t\t\t\t\t<span class=\"elementor-divider__text elementor-divider__element\">\n\t\t\t\tVenez voir nos 64 photos\t\t\t\t<\/span>\n\t\t\t\t\t\t<\/span>\n\t\t<\/div>\n\t\t\t\t\t\t<\/div>\n\t\t\t\t\t<\/div>\n\t\t<\/div>\n\t\t\t\t\t<\/div>\n\t\t<\/section>\n\t\t\t\t<section class=\"elementor-section elementor-top-section elementor-element elementor-element-3a9132d2 elementor-section-boxed elementor-section-height-default elementor-section-height-default\" data-id=\"3a9132d2\" data-element_type=\"section\" data-e-type=\"section\">\n\t\t\t\t\t\t<div class=\"elementor-container elementor-column-gap-default\">\n\t\t\t\t\t<div class=\"elementor-column elementor-col-100 elementor-top-column elementor-element elementor-element-5acae350\" data-id=\"5acae350\" data-element_type=\"column\" data-e-type=\"column\">\n\t\t\t<div class=\"elementor-widget-wrap elementor-element-populated\">\n\t\t\t\t\t\t<div class=\"elementor-element elementor-element-46697a30 elementor-widget elementor-widget-shortcode\" data-id=\"46697a30\" data-element_type=\"widget\" data-e-type=\"widget\" data-widget_type=\"shortcode.default\">\n\t\t\t\t\t\t\t<div class=\"elementor-shortcode\"><iframe src=\"https:\/\/public.joomeo.com\/albums\/688e3931005a3\/slideshow?sls_ap=1&sls_ac=1&sls_dbp=10&sls_afs=1&iframe=1\" scrolling=\"no\" frameborder=\"0\" width=\"500\" height=\"333\" allowfullscreen><\/iframe><\/div>\n\t\t\t\t\t\t<\/div>\n\t\t\t\t\t<\/div>\n\t\t<\/div>\n\t\t\t\t\t<\/div>\n\t\t<\/section>\n\t\t\t\t<section class=\"elementor-section elementor-top-section elementor-element elementor-element-615a7431 elementor-section-boxed elementor-section-height-default elementor-section-height-default\" data-id=\"615a7431\" data-element_type=\"section\" data-e-type=\"section\">\n\t\t\t\t\t\t<div class=\"elementor-container elementor-column-gap-default\">\n\t\t\t\t\t<div class=\"elementor-column elementor-col-100 elementor-top-column elementor-element elementor-element-7cf5b006\" data-id=\"7cf5b006\" data-element_type=\"column\" data-e-type=\"column\">\n\t\t\t<div class=\"elementor-widget-wrap elementor-element-populated\">\n\t\t\t\t\t\t<div class=\"elementor-element elementor-element-2bdd333a elementor-widget-divider--view-line_text elementor-widget-divider--element-align-center elementor-widget elementor-widget-divider\" data-id=\"2bdd333a\" data-element_type=\"widget\" data-e-type=\"widget\" data-widget_type=\"divider.default\">\n\t\t\t\t\t\t\t<div class=\"elementor-divider\">\n\t\t\t<span class=\"elementor-divider-separator\">\n\t\t\t\t\t\t\t<span class=\"elementor-divider__text elementor-divider__element\">\n\t\t\t\tMenu de ce voyage\t\t\t\t<\/span>\n\t\t\t\t\t\t<\/span>\n\t\t<\/div>\n\t\t\t\t\t\t<\/div>\n\t\t\t\t\t<\/div>\n\t\t<\/div>\n\t\t\t\t\t<\/div>\n\t\t<\/section>\n\t\t<div class=\"elementor-element elementor-element-bae05e1 e-flex e-con-boxed e-con e-parent\" data-id=\"bae05e1\" data-element_type=\"container\" data-e-type=\"container\">\n\t\t\t\t\t<div class=\"e-con-inner\">\n\t\t<div class=\"elementor-element elementor-element-e24a662 e-con-full e-flex e-con e-child\" data-id=\"e24a662\" data-element_type=\"container\" data-e-type=\"container\">\n\t\t\t\t<div class=\"elementor-element elementor-element-baaaa5c elementor-widget elementor-widget-text-editor\" data-id=\"baaaa5c\" data-element_type=\"widget\" data-e-type=\"widget\" data-widget_type=\"text-editor.default\">\n\t\t\t\t\t\t\t\t\t<table border=\"0\" width=\"100%\" cellspacing=\"10\" align=\"center\">\n<tbody>\n<tr>\n<th class=\"menugroslettre\" colspan=\"2\" scope=\"col\" width=\"90%\"><span style=\"font-size: 20px;\">Menu au Saguenay-Lac-Saint-Jean<\/span><br \/>du 11 au 13\u00a0juillet\u00a02025<\/th>\n<\/tr>\n<tr>\n<th colspan=\"2\" align=\"center\" width=\"90%\"><a href=\"https:\/\/mondedesylvieetpierre.ca\/voyage\/?p=45417\"><span style=\"font-size: 14px;\">Revenir au portail du Saguenay-Lac-Saint-Jean<\/span><\/a><\/th>\n<\/tr>\n<\/tbody>\n<\/table>\t\t\t\t\t\t\t\t<\/div>\n\t\t\t\t<\/div>\n\t\t\t\t\t<\/div>\n\t\t\t\t<\/div>\n\t\t<div class=\"elementor-element elementor-element-895799b e-flex e-con-boxed e-con e-parent\" data-id=\"895799b\" data-element_type=\"container\" data-e-type=\"container\">\n\t\t\t\t\t<div class=\"e-con-inner\">\n\t\t<div class=\"elementor-element elementor-element-5e707d8 e-con-full e-flex e-con e-child\" data-id=\"5e707d8\" data-element_type=\"container\" data-e-type=\"container\">\n\t\t\t\t<\/div>\n\t\t<div class=\"elementor-element elementor-element-235521e e-con-full e-flex e-con e-child\" data-id=\"235521e\" data-element_type=\"container\" data-e-type=\"container\">\n\t\t\t\t<div class=\"elementor-element elementor-element-cdb7916 elementor-widget elementor-widget-heading\" data-id=\"cdb7916\" data-element_type=\"widget\" data-e-type=\"widget\" data-widget_type=\"heading.default\">\n\t\t\t\t\t<h4 class=\"elementor-heading-title elementor-size-default\"><ul style=\"list-style-type: none;border-left: 5px solid #e4087e;background: #f2f2f2;padding-top: 20px;padding-bottom: 20px\">\n    <li><span style=\"color:#a9a9a9\">\u21d2&nbsp;<\/span>Jour&nbsp;1\n      <ul style=\"list-style-type: none\">\n      <li><span style=\"color:#a9a9a9\">\u2192&nbsp;<\/span>1.1&nbsp;\u2014&nbsp;<a href=\"https:\/\/mondedesylvieetpierre.ca\/voyage\/?page_id=45523\">Village historique de Val-Jalbert<\/a><\/li>\n      <\/ul><\/li>\n    <li><span style=\"color:#a9a9a9\">\u21d2&nbsp;<\/span>Jour&nbsp;2\n    <ul style=\"list-style-type: none\">\n      <li><span style=\"color:#a9a9a9\">\u2192&nbsp;<\/span>2.1&nbsp;\u2014&nbsp;<span style=\"color: #cccccc;font-size: large\">Fromagerie Perron de Saint-Prime<\/span><\/li>\n      <li><span style=\"color:#a9a9a9\">\u2192&nbsp;<\/span>2.2&nbsp;\u2014&nbsp;<a href=\"https:\/\/mondedesylvieetpierre.ca\/voyage\/?page_id=45527\">Zoo sauvage de Saint-F\u00e9licien<\/a><\/li>\n      <li><span style=\"color:#a9a9a9\">\u2192&nbsp;<\/span>2.3&nbsp;\u2014&nbsp;<a href=\"https:\/\/mondedesylvieetpierre.ca\/voyage\/?page_id=45529\">Spectacle La Fabuleuse Histoire d'un Royaume<\/a><\/li>\n      <\/ul><\/li>\n    <li><span style=\"color:#a9a9a9\">\u21d2&nbsp;<\/span>Jour&nbsp;3\n    <ul style=\"list-style-type: none\">\n      <li><span style=\"color:#a9a9a9\">\u2192&nbsp;<\/span>3.1&nbsp;\u2014&nbsp;<a href=\"https:\/\/mondedesylvieetpierre.ca\/voyage\/?page_id=45531\">Croisi\u00e8re sur le fjord du Saguenay<\/a><\/li>\n      <li><span style=\"color:#a9a9a9\">\u2192&nbsp;<\/span>3.2&nbsp;\u2014&nbsp;<a href=\"https:\/\/mondedesylvieetpierre.ca\/voyage\/?page_id=45533\">Petite Maison Blanche et le magasin g\u00e9n\u00e9rale La Com\u00e8re<\/a><\/li>\n      <\/ul><\/li>\n<\/ul><\/h4>\t\t\t\t<\/div>\n\t\t\t\t<\/div>\n\t\t<div class=\"elementor-element elementor-element-823a5ad e-con-full e-flex e-con e-child\" data-id=\"823a5ad\" data-element_type=\"container\" data-e-type=\"container\">\n\t\t\t\t<\/div>\n\t\t\t\t\t<\/div>\n\t\t\t\t<\/div>\n\t\t\t\t<\/div>\n\t\t","protected":false},"excerpt":{"rendered":"<p>R\u00e9gion du Saguenay\u2013Lac-Saint-Jean Province de Qu\u00e9bec Historique de l&rsquo;endroit Sorte de fromage Perron Depuis plus de 130 ans, la Fromagerie Perron met son savoir-faire dans ses produits. Aujourd\u2019hui plus que jamais, la Fromagerie Perron travaille \u00e0 poursuivre et perp\u00e9tuer cette tradition, \u00e0 offrir des fromages d\u2019excellence et d\u2019exception. C\u2019est cet h\u00e9ritage du Saguenay\u2013Lac-St-Jean qui fait&#8230; <span class=\"more\"><a class=\"more-link\" href=\"https:\/\/mondedesylvieetpierre.ca\/voyage\/?page_id=45525\">Lire la suite<\/a><\/span><\/p>\n","protected":false},"author":1,"featured_media":0,"parent":0,"menu_order":0,"comment_status":"closed","ping_status":"closed","template":"elementor_header_footer","meta":{"footnotes":""},"categories":[215],"tags":[],"class_list":["post-45525","page","type-page","status-publish","hentry","category-saguenay-lac-saint-jean_2025"],"_links":{"self":[{"href":"https:\/\/mondedesylvieetpierre.ca\/voyage\/index.php?rest_route=\/wp\/v2\/pages\/45525","targetHints":{"allow":["GET"]}}],"collection":[{"href":"https:\/\/mondedesylvieetpierre.ca\/voyage\/index.php?rest_route=\/wp\/v2\/pages"}],"about":[{"href":"https:\/\/mondedesylvieetpierre.ca\/voyage\/index.php?rest_route=\/wp\/v2\/types\/page"}],"author":[{"embeddable":true,"href":"https:\/\/mondedesylvieetpierre.ca\/voyage\/index.php?rest_route=\/wp\/v2\/users\/1"}],"replies":[{"embeddable":true,"href":"https:\/\/mondedesylvieetpierre.ca\/voyage\/index.php?rest_route=%2Fwp%2Fv2%2Fcomments&post=45525"}],"version-history":[{"count":0,"href":"https:\/\/mondedesylvieetpierre.ca\/voyage\/index.php?rest_route=\/wp\/v2\/pages\/45525\/revisions"}],"wp:attachment":[{"href":"https:\/\/mondedesylvieetpierre.ca\/voyage\/index.php?rest_route=%2Fwp%2Fv2%2Fmedia&parent=45525"}],"wp:term":[{"taxonomy":"category","embeddable":true,"href":"https:\/\/mondedesylvieetpierre.ca\/voyage\/index.php?rest_route=%2Fwp%2Fv2%2Fcategories&post=45525"},{"taxonomy":"post_tag","embeddable":true,"href":"https:\/\/mondedesylvieetpierre.ca\/voyage\/index.php?rest_route=%2Fwp%2Fv2%2Ftags&post=45525"}],"curies":[{"name":"wp","href":"https:\/\/api.w.org\/{rel}","templated":true}]}}