{"id":45533,"date":"2025-08-01T14:58:18","date_gmt":"2025-08-01T19:58:18","guid":{"rendered":"https:\/\/mondedesylvieetpierre.ca\/voyage\/?page_id=45533"},"modified":"2025-08-02T11:20:07","modified_gmt":"2025-08-02T16:20:07","slug":"juillet-2025-petite-maison-blanche-et-le-magasin-generale-la-comere","status":"publish","type":"page","link":"https:\/\/mondedesylvieetpierre.ca\/voyage\/?page_id=45533","title":{"rendered":"Juillet 2025 \u2014 Petite Maison Blanche et le magasin g\u00e9n\u00e9rale La Com\u00e8re"},"content":{"rendered":"\t\t<div data-elementor-type=\"wp-page\" data-elementor-id=\"45533\" class=\"elementor elementor-45533\" data-elementor-post-type=\"page\">\n\t\t\t\t\t\t<section class=\"elementor-section elementor-top-section elementor-element elementor-element-2fdb8989 elementor-section-boxed elementor-section-height-default elementor-section-height-default\" data-id=\"2fdb8989\" data-element_type=\"section\" data-e-type=\"section\">\n\t\t\t\t\t\t<div class=\"elementor-container elementor-column-gap-default\">\n\t\t\t\t\t<div class=\"elementor-column elementor-col-100 elementor-top-column elementor-element elementor-element-2bf75902\" data-id=\"2bf75902\" data-element_type=\"column\" data-e-type=\"column\">\n\t\t\t<div class=\"elementor-widget-wrap elementor-element-populated\">\n\t\t\t\t\t\t<div class=\"elementor-element elementor-element-d1fe829 elementor-widget elementor-widget-image\" data-id=\"d1fe829\" data-element_type=\"widget\" data-e-type=\"widget\" data-widget_type=\"image.default\">\n\t\t\t\t\t\t\t\t\t\t\t\t\t\t\t<img fetchpriority=\"high\" decoding=\"async\" width=\"480\" height=\"241\" src=\"https:\/\/mondedesylvieetpierre.ca\/voyage\/wp-content\/uploads\/2025\/08\/Logo-Petite-maison-et-Magasin-La-Comere-480x241-1.jpg\" class=\"attachment-pixelwars_theme_image_size_nullx500 size-pixelwars_theme_image_size_nullx500 wp-image-45645\" alt=\"\" srcset=\"https:\/\/mondedesylvieetpierre.ca\/voyage\/wp-content\/uploads\/2025\/08\/Logo-Petite-maison-et-Magasin-La-Comere-480x241-1.jpg 480w, https:\/\/mondedesylvieetpierre.ca\/voyage\/wp-content\/uploads\/2025\/08\/Logo-Petite-maison-et-Magasin-La-Comere-480x241-1-300x151.jpg 300w\" sizes=\"(max-width: 480px) 100vw, 480px\" \/>\t\t\t\t\t\t\t\t\t\t\t\t\t\t\t<\/div>\n\t\t\t\t\t<\/div>\n\t\t<\/div>\n\t\t\t\t\t<\/div>\n\t\t<\/section>\n\t\t\t\t<section class=\"elementor-section elementor-top-section elementor-element elementor-element-6acddddb elementor-section-boxed elementor-section-height-default elementor-section-height-default\" data-id=\"6acddddb\" data-element_type=\"section\" data-e-type=\"section\">\n\t\t\t\t\t\t<div class=\"elementor-container elementor-column-gap-default\">\n\t\t\t\t\t<div class=\"elementor-column elementor-col-100 elementor-top-column elementor-element elementor-element-1c2bcfe4\" data-id=\"1c2bcfe4\" data-element_type=\"column\" data-e-type=\"column\">\n\t\t\t<div class=\"elementor-widget-wrap elementor-element-populated\">\n\t\t\t\t\t\t<div class=\"elementor-element elementor-element-98ec296 elementor-widget elementor-widget-heading\" data-id=\"98ec296\" data-element_type=\"widget\" data-e-type=\"widget\" data-widget_type=\"heading.default\">\n\t\t\t\t\t<h2 class=\"elementor-heading-title elementor-size-default\">R\u00e9gion du Saguenay\u2013Lac-Saint-Jean<\/h2>\t\t\t\t<\/div>\n\t\t\t\t\t<\/div>\n\t\t<\/div>\n\t\t\t\t\t<\/div>\n\t\t<\/section>\n\t\t\t\t<section class=\"elementor-section elementor-top-section elementor-element elementor-element-908519f elementor-section-boxed elementor-section-height-default elementor-section-height-default\" data-id=\"908519f\" data-element_type=\"section\" data-e-type=\"section\">\n\t\t\t\t\t\t<div class=\"elementor-container elementor-column-gap-default\">\n\t\t\t\t\t<div class=\"elementor-column elementor-col-100 elementor-top-column elementor-element elementor-element-5709d9e9\" data-id=\"5709d9e9\" data-element_type=\"column\" data-e-type=\"column\">\n\t\t\t<div class=\"elementor-widget-wrap elementor-element-populated\">\n\t\t\t\t\t\t<div class=\"elementor-element elementor-element-ac7ba7b elementor-widget elementor-widget-image\" data-id=\"ac7ba7b\" data-element_type=\"widget\" data-e-type=\"widget\" data-widget_type=\"image.default\">\n\t\t\t\t\t\t\t\t\t\t\t\t\t\t\t<img decoding=\"async\" width=\"100\" height=\"67\" src=\"https:\/\/mondedesylvieetpierre.ca\/voyage\/wp-content\/uploads\/2016\/03\/Flag_of_Quebec.png\" class=\"attachment-large size-large wp-image-9895\" alt=\"\" \/>\t\t\t\t\t\t\t\t\t\t\t\t\t\t\t<\/div>\n\t\t\t\t\t<\/div>\n\t\t<\/div>\n\t\t\t\t\t<\/div>\n\t\t<\/section>\n\t\t\t\t<section class=\"elementor-section elementor-top-section elementor-element elementor-element-d70d8cf elementor-section-boxed elementor-section-height-default elementor-section-height-default\" data-id=\"d70d8cf\" data-element_type=\"section\" data-e-type=\"section\">\n\t\t\t\t\t\t<div class=\"elementor-container elementor-column-gap-default\">\n\t\t\t\t\t<div class=\"elementor-column elementor-col-100 elementor-top-column elementor-element elementor-element-51501ac6\" data-id=\"51501ac6\" data-element_type=\"column\" data-e-type=\"column\">\n\t\t\t<div class=\"elementor-widget-wrap elementor-element-populated\">\n\t\t\t\t\t\t<div class=\"elementor-element elementor-element-c38141a elementor-widget elementor-widget-heading\" data-id=\"c38141a\" data-element_type=\"widget\" data-e-type=\"widget\" data-widget_type=\"heading.default\">\n\t\t\t\t\t<h2 class=\"elementor-heading-title elementor-size-default\">Province de Qu\u00e9bec<\/h2>\t\t\t\t<\/div>\n\t\t\t\t\t<\/div>\n\t\t<\/div>\n\t\t\t\t\t<\/div>\n\t\t<\/section>\n\t\t\t\t<section class=\"elementor-section elementor-top-section elementor-element elementor-element-4bcc00cc elementor-section-boxed elementor-section-height-default elementor-section-height-default\" data-id=\"4bcc00cc\" data-element_type=\"section\" data-e-type=\"section\">\n\t\t\t\t\t\t<div class=\"elementor-container elementor-column-gap-default\">\n\t\t\t\t\t<div class=\"elementor-column elementor-col-100 elementor-top-column elementor-element elementor-element-28aa3d59\" data-id=\"28aa3d59\" data-element_type=\"column\" data-e-type=\"column\">\n\t\t\t<div class=\"elementor-widget-wrap elementor-element-populated\">\n\t\t\t\t\t\t<div class=\"elementor-element elementor-element-7214b062 elementor-widget-divider--view-line_text elementor-widget-divider--element-align-center elementor-widget elementor-widget-divider\" data-id=\"7214b062\" data-element_type=\"widget\" data-e-type=\"widget\" data-widget_type=\"divider.default\">\n\t\t\t\t\t\t\t<div class=\"elementor-divider\">\n\t\t\t<span class=\"elementor-divider-separator\">\n\t\t\t\t\t\t\t<span class=\"elementor-divider__text elementor-divider__element\">\n\t\t\t\tHistorique de l'endroit\t\t\t\t<\/span>\n\t\t\t\t\t\t<\/span>\n\t\t<\/div>\n\t\t\t\t\t\t<\/div>\n\t\t\t\t\t<\/div>\n\t\t<\/div>\n\t\t\t\t\t<\/div>\n\t\t<\/section>\n\t\t\t\t<section class=\"elementor-section elementor-top-section elementor-element elementor-element-40294808 elementor-section-boxed elementor-section-height-default elementor-section-height-default\" data-id=\"40294808\" data-element_type=\"section\" data-e-type=\"section\">\n\t\t\t\t\t\t<div class=\"elementor-container elementor-column-gap-default\">\n\t\t\t\t\t<div class=\"elementor-column elementor-col-100 elementor-top-column elementor-element elementor-element-503e499b\" data-id=\"503e499b\" data-element_type=\"column\" data-e-type=\"column\">\n\t\t\t<div class=\"elementor-widget-wrap elementor-element-populated\">\n\t\t\t\t\t\t<div class=\"elementor-element elementor-element-43aaa2dd elementor-widget elementor-widget-image\" data-id=\"43aaa2dd\" data-element_type=\"widget\" data-e-type=\"widget\" data-widget_type=\"image.default\">\n\t\t\t\t\t\t\t\t\t\t\t\t\t\t\t\t<a href=\"https:\/\/mondedesylvieetpierre.ca\/voyage\/wp-content\/uploads\/2025\/08\/Petite_Maison_Blanche-1920x950-1.jpg\" data-elementor-open-lightbox=\"yes\" data-elementor-lightbox-title=\"Petite_Maison_Blanche 1920x950\" data-e-action-hash=\"#elementor-action%3Aaction%3Dlightbox%26settings%3DeyJpZCI6NDU2NTIsInVybCI6Imh0dHBzOlwvXC9tb25kZWRlc3lsdmllZXRwaWVycmUuY2FcL3ZveWFnZVwvd3AtY29udGVudFwvdXBsb2Fkc1wvMjAyNVwvMDhcL1BldGl0ZV9NYWlzb25fQmxhbmNoZS0xOTIweDk1MC0xLmpwZyJ9\">\n\t\t\t\t\t\t\t<img decoding=\"async\" src=\"https:\/\/mondedesylvieetpierre.ca\/voyage\/wp-content\/uploads\/elementor\/thumbs\/Petite_Maison_Blanche-1920x950-1-r9o6ubzqlagzazmiu9q31l7r04de85987tttqlreee.jpg\" title=\"Petite_Maison_Blanche 1920&#215;950\" alt=\"Petite_Maison_Blanche 1920x950\" loading=\"lazy\" \/>\t\t\t\t\t\t\t\t<\/a>\n\t\t\t\t\t\t\t\t\t\t\t\t\t\t\t<\/div>\n\t\t\t\t\t<\/div>\n\t\t<\/div>\n\t\t\t\t\t<\/div>\n\t\t<\/section>\n\t\t\t\t<section class=\"elementor-section elementor-top-section elementor-element elementor-element-1a920ab1 elementor-section-boxed elementor-section-height-default elementor-section-height-default\" data-id=\"1a920ab1\" data-element_type=\"section\" data-e-type=\"section\">\n\t\t\t\t\t\t<div class=\"elementor-container elementor-column-gap-default\">\n\t\t\t\t\t<div class=\"elementor-column elementor-col-100 elementor-top-column elementor-element elementor-element-394776ef\" data-id=\"394776ef\" data-element_type=\"column\" data-e-type=\"column\">\n\t\t\t<div class=\"elementor-widget-wrap elementor-element-populated\">\n\t\t\t\t\t\t<div class=\"elementor-element elementor-element-11a27e6a elementor-widget elementor-widget-text-editor\" data-id=\"11a27e6a\" data-element_type=\"widget\" data-e-type=\"widget\" data-widget_type=\"text-editor.default\">\n\t\t\t\t\t\t\t\t\t<p style=\"text-align: center;\"><strong>L\u2019\u00e9tonnante histoire de la Petite Maison Blanche de Saguenay<\/strong><\/p>\t\t\t\t\t\t\t\t<\/div>\n\t\t\t\t\t<\/div>\n\t\t<\/div>\n\t\t\t\t\t<\/div>\n\t\t<\/section>\n\t\t<div class=\"elementor-element elementor-element-d8f67b1 e-flex e-con-boxed e-con e-parent\" data-id=\"d8f67b1\" data-element_type=\"container\" data-e-type=\"container\">\n\t\t\t\t\t<div class=\"e-con-inner\">\n\t\t\t\t<div class=\"elementor-element elementor-element-14a9814 elementor-widget elementor-widget-heading\" data-id=\"14a9814\" data-element_type=\"widget\" data-e-type=\"widget\" data-widget_type=\"heading.default\">\n\t\t\t\t\t<h3 class=\"elementor-heading-title elementor-size-default\">L\u2019\u00e9tonnante histoire de la Petite Maison Blanche de Saguenay<\/h3>\t\t\t\t<\/div>\n\t\t\t\t\t<\/div>\n\t\t\t\t<\/div>\n\t\t<div class=\"elementor-element elementor-element-bcc4a9d e-flex e-con-boxed e-con e-parent\" data-id=\"bcc4a9d\" data-element_type=\"container\" data-e-type=\"container\">\n\t\t\t\t\t<div class=\"e-con-inner\">\n\t\t<div class=\"elementor-element elementor-element-66c8c3e e-con-full e-flex e-con e-child\" data-id=\"66c8c3e\" data-element_type=\"container\" data-e-type=\"container\">\n\t\t\t\t<\/div>\n\t\t<div class=\"elementor-element elementor-element-79856a6 e-con-full e-flex e-con e-child\" data-id=\"79856a6\" data-element_type=\"container\" data-e-type=\"container\">\n\t\t\t\t<div class=\"elementor-element elementor-element-08e8bff elementor-widget elementor-widget-shortcode\" data-id=\"08e8bff\" data-element_type=\"widget\" data-e-type=\"widget\" data-widget_type=\"shortcode.default\">\n\t\t\t\t\t\t\t<div class=\"elementor-shortcode\"><ul style=\"list-style-type: none;\">\n<li>1890&nbsp;\u2192 La naissance de la Petite Maison Blanche\n<ul><li>La petite maison blanche est construite sur la rue G\u00e9d\u00e9on autour de 1890, au c\u0153ur d\u2019un des premiers quartiers de la ville de Chicoutimi.<br \/>\nSes murs sont compos\u00e9s de grosses poutres empil\u00e9es les unes par-dessus les autres, comme un chalet en bois rond.<\/li><\/ul><br \/><\/li>\n<li>1947&nbsp;\u2192 La petite maison blanche subit une premi\u00e8re inondation\n<ul><li>Une nuit de juillet, d\u2019\u00e9tranges grondements r\u00e9veillent Alyre et Jeanne-d\u2019Arc Genest, les habitants de la petite maison blanche.<br \/>\nUn torrent d\u2019eau entoure leur demeure&nbsp;!<br \/>\nLe matin venu, le couple constate les d\u00e9g\u00e2ts.<br \/>\nDans le quartier, d\u2019autres maisons ont aussi subi d\u2019importants dommages.<br \/>\nC\u2019est la d\u00e9solation...<br \/>\nApr\u00e8s cet \u00e9v\u00e9nement, Alyre d\u00e9cide de doter sa propri\u00e9t\u00e9 de solides fondations encr\u00e9es dans le roc. Sa petite maison blanche sera \u00e0 toute \u00e9preuve&nbsp;!<\/li><\/ul><br \/><\/li>\n<li>1996&nbsp;\u2192 La petite maison blanche survit \u00e0 une deuxi\u00e8me inondation\n<ul><li>Les 19, 20 et 21 juillet, le Saguenay re\u00e7oit plus de 200 mm de pluie.<br \/>\nLe niveau de tous les r\u00e9servoirs grimpe \u00e0 vue d\u2019\u0153il.<br \/>\nDigues et barrages ne tiennent pas le coup.<br \/>\nL\u2019eau se d\u00e9verse dans les rues.<br \/>\nToute la r\u00e9gion est inond\u00e9e.<br \/>\nLa d\u00e9vastation est colossale, et les d\u00e9g\u00e2ts se chiffrent \u00e0 plus d\u2019un milliard de dollars.<br \/>\nC\u2019est le D\u00e9luge&nbsp;!<br \/>\n\u00c0 travers les torrents d\u2019eau, la petite maison blanche r\u00e9siste.<br \/>\nTout autour d\u2019elle est d\u00e9truit&nbsp;: r\u00e9sidences, commerces et infrastructures.<br \/>\nLes yeux du monde entier sont riv\u00e9s sur l\u2019indestructible petite maison.<\/li><\/ul><br \/><\/li>\n<li>2005&nbsp;\u2192 La naissance du Mus\u00e9e de la Petite Maison Blanche\n<ul><li>Le quartier du Bassin ne sera jamais reb\u00e2ti.<br \/>\nQuelque temps apr\u00e8s le D\u00e9luge, la Ville d\u00e9cide plut\u00f4t d\u2019am\u00e9nager un parc municipal autour de la petite maison blanche.<br \/>\nEn 2005, cette derni\u00e8re devient un mus\u00e9e.<\/li><\/ul><\/li>\n<\/ul><\/div>\n\t\t\t\t\t\t<\/div>\n\t\t\t\t<\/div>\n\t\t<div class=\"elementor-element elementor-element-2c0d62e e-con-full e-flex e-con e-child\" data-id=\"2c0d62e\" data-element_type=\"container\" data-e-type=\"container\">\n\t\t\t\t<\/div>\n\t\t\t\t\t<\/div>\n\t\t\t\t<\/div>\n\t\t\t\t<section class=\"elementor-section elementor-top-section elementor-element elementor-element-297f9d67 elementor-section-boxed elementor-section-height-default elementor-section-height-default\" data-id=\"297f9d67\" data-element_type=\"section\" data-e-type=\"section\">\n\t\t\t\t\t\t<div class=\"elementor-container elementor-column-gap-default\">\n\t\t\t\t\t<div class=\"elementor-column elementor-col-100 elementor-top-column elementor-element elementor-element-49fd7f76\" data-id=\"49fd7f76\" data-element_type=\"column\" data-e-type=\"column\">\n\t\t\t<div class=\"elementor-widget-wrap elementor-element-populated\">\n\t\t\t\t\t\t<div class=\"elementor-element elementor-element-36a30dce elementor-widget-divider--view-line_text elementor-widget-divider--element-align-center elementor-widget elementor-widget-divider\" data-id=\"36a30dce\" data-element_type=\"widget\" data-e-type=\"widget\" data-widget_type=\"divider.default\">\n\t\t\t\t\t\t\t<div class=\"elementor-divider\">\n\t\t\t<span class=\"elementor-divider-separator\">\n\t\t\t\t\t\t\t<span class=\"elementor-divider__text elementor-divider__element\">\n\t\t\t\tVenez voir nos 7 photos\t\t\t\t<\/span>\n\t\t\t\t\t\t<\/span>\n\t\t<\/div>\n\t\t\t\t\t\t<\/div>\n\t\t\t\t\t<\/div>\n\t\t<\/div>\n\t\t\t\t\t<\/div>\n\t\t<\/section>\n\t\t\t\t<section class=\"elementor-section elementor-top-section elementor-element elementor-element-71f39bcf elementor-section-boxed elementor-section-height-default elementor-section-height-default\" data-id=\"71f39bcf\" data-element_type=\"section\" data-e-type=\"section\">\n\t\t\t\t\t\t<div class=\"elementor-container elementor-column-gap-default\">\n\t\t\t\t\t<div class=\"elementor-column elementor-col-100 elementor-top-column elementor-element elementor-element-7451052b\" data-id=\"7451052b\" data-element_type=\"column\" data-e-type=\"column\">\n\t\t\t<div class=\"elementor-widget-wrap elementor-element-populated\">\n\t\t\t\t\t\t<div class=\"elementor-element elementor-element-54c69d59 elementor-widget elementor-widget-shortcode\" data-id=\"54c69d59\" data-element_type=\"widget\" data-e-type=\"widget\" data-widget_type=\"shortcode.default\">\n\t\t\t\t\t\t\t<div class=\"elementor-shortcode\"><iframe src=\"https:\/\/public.joomeo.com\/albums\/688e3a9956dad\/slideshow?sls_ap=1&sls_ac=1&sls_dbp=10&sls_afs=1&iframe=1\" scrolling=\"no\" frameborder=\"0\" width=\"500\" height=\"333\" allowfullscreen><\/iframe><\/div>\n\t\t\t\t\t\t<\/div>\n\t\t\t\t\t<\/div>\n\t\t<\/div>\n\t\t\t\t\t<\/div>\n\t\t<\/section>\n\t\t\t\t<section class=\"elementor-section elementor-top-section elementor-element elementor-element-4dc4a499 elementor-section-boxed elementor-section-height-default elementor-section-height-default\" data-id=\"4dc4a499\" data-element_type=\"section\" data-e-type=\"section\">\n\t\t\t\t\t\t<div class=\"elementor-container elementor-column-gap-default\">\n\t\t\t\t\t<div class=\"elementor-column elementor-col-100 elementor-top-column elementor-element elementor-element-45779213\" data-id=\"45779213\" data-element_type=\"column\" data-e-type=\"column\">\n\t\t\t<div class=\"elementor-widget-wrap elementor-element-populated\">\n\t\t\t\t\t\t<div class=\"elementor-element elementor-element-479e6fb4 elementor-widget-divider--view-line_text elementor-widget-divider--element-align-center elementor-widget elementor-widget-divider\" data-id=\"479e6fb4\" data-element_type=\"widget\" data-e-type=\"widget\" data-widget_type=\"divider.default\">\n\t\t\t\t\t\t\t<div class=\"elementor-divider\">\n\t\t\t<span class=\"elementor-divider-separator\">\n\t\t\t\t\t\t\t<span class=\"elementor-divider__text elementor-divider__element\">\n\t\t\t\tMenu de ce voyage\t\t\t\t<\/span>\n\t\t\t\t\t\t<\/span>\n\t\t<\/div>\n\t\t\t\t\t\t<\/div>\n\t\t\t\t\t<\/div>\n\t\t<\/div>\n\t\t\t\t\t<\/div>\n\t\t<\/section>\n\t\t<div class=\"elementor-element elementor-element-74cf7ed e-flex e-con-boxed e-con e-parent\" data-id=\"74cf7ed\" data-element_type=\"container\" data-e-type=\"container\">\n\t\t\t\t\t<div class=\"e-con-inner\">\n\t\t<div class=\"elementor-element elementor-element-cac180c e-con-full e-flex e-con e-child\" data-id=\"cac180c\" data-element_type=\"container\" data-e-type=\"container\">\n\t\t\t\t<div class=\"elementor-element elementor-element-ba82820 elementor-widget elementor-widget-text-editor\" data-id=\"ba82820\" data-element_type=\"widget\" data-e-type=\"widget\" data-widget_type=\"text-editor.default\">\n\t\t\t\t\t\t\t\t\t<table border=\"0\" width=\"100%\" cellspacing=\"10\" align=\"center\">\n<tbody>\n<tr>\n<th class=\"menugroslettre\" colspan=\"2\" scope=\"col\" width=\"90%\"><span style=\"font-size: 20px;\">Menu au Saguenay-Lac-Saint-Jean<\/span><br \/>du 11 au 13\u00a0juillet\u00a02025<\/th>\n<\/tr>\n<tr>\n<th colspan=\"2\" align=\"center\" width=\"90%\"><a href=\"https:\/\/mondedesylvieetpierre.ca\/voyage\/?p=45417\"><span style=\"font-size: 14px;\">Revenir au portail du Saguenay-Lac-Saint-Jean<\/span><\/a><\/th>\n<\/tr>\n<\/tbody>\n<\/table>\t\t\t\t\t\t\t\t<\/div>\n\t\t\t\t<\/div>\n\t\t\t\t\t<\/div>\n\t\t\t\t<\/div>\n\t\t<div class=\"elementor-element elementor-element-36f2bdf e-flex e-con-boxed e-con e-parent\" data-id=\"36f2bdf\" data-element_type=\"container\" data-e-type=\"container\">\n\t\t\t\t\t<div class=\"e-con-inner\">\n\t\t<div class=\"elementor-element elementor-element-4d7d761 e-con-full e-flex e-con e-child\" data-id=\"4d7d761\" data-element_type=\"container\" data-e-type=\"container\">\n\t\t\t\t<\/div>\n\t\t<div class=\"elementor-element elementor-element-7207a41 e-con-full e-flex e-con e-child\" data-id=\"7207a41\" data-element_type=\"container\" data-e-type=\"container\">\n\t\t\t\t<div class=\"elementor-element elementor-element-485628e elementor-widget elementor-widget-heading\" data-id=\"485628e\" data-element_type=\"widget\" data-e-type=\"widget\" data-widget_type=\"heading.default\">\n\t\t\t\t\t<h4 class=\"elementor-heading-title elementor-size-default\"><ul style=\"list-style-type: none;border-left: 5px solid #e4087e;background: #f2f2f2;padding-top: 20px;padding-bottom: 20px\">\n    <li><span style=\"color:#a9a9a9\">\u21d2&nbsp;<\/span>Jour&nbsp;1\n      <ul style=\"list-style-type: none\">\n      <li><span style=\"color:#a9a9a9\">\u2192&nbsp;<\/span>1.1&nbsp;\u2014&nbsp;<a href=\"https:\/\/mondedesylvieetpierre.ca\/voyage\/?page_id=45523\">Village historique de Val-Jalbert<\/a><\/li>\n  <\/ul><\/li>\n    <li><span style=\"color:#a9a9a9\">\u21d2&nbsp;<\/span>Jour&nbsp;2\n    <ul style=\"list-style-type: none\">\n      <li><span style=\"color:#a9a9a9\">\u2192&nbsp;<\/span>2.1&nbsp;\u2014&nbsp;<a href=\"https:\/\/mondedesylvieetpierre.ca\/voyage\/?page_id=45525\">Fromagerie Perron de Saint-Prime<\/a><\/li>\n      <li><span style=\"color:#a9a9a9\">\u2192&nbsp;<\/span>2.2&nbsp;\u2014&nbsp;<a href=\"https:\/\/mondedesylvieetpierre.ca\/voyage\/?page_id=45527\">Zoo sauvage de Saint-F\u00e9licien<\/a><\/li>\n      <li><span style=\"color:#a9a9a9\">\u2192&nbsp;<\/span>2.3&nbsp;\u2014&nbsp;<a href=\"https:\/\/mondedesylvieetpierre.ca\/voyage\/?page_id=45529\">Spectacle La Fabuleuse Histoire d'un Royaume<\/a><\/li>\n      <\/ul><\/li>\n    <li><span style=\"color:#a9a9a9\">\u21d2&nbsp;<\/span>Jour&nbsp;3\n    <ul style=\"list-style-type: none\">\n      <li><span style=\"color:#a9a9a9\">\u2192&nbsp;<\/span>3.1&nbsp;\u2014&nbsp;<a href=\"https:\/\/mondedesylvieetpierre.ca\/voyage\/?page_id=45531\">Croisi\u00e8re sur le fjord du Saguenay<\/a><\/li>\n      <li><span style=\"color:#a9a9a9\">\u2192&nbsp;<\/span>3.2&nbsp;\u2014&nbsp;<span style=\"color: #cccccc;font-size: large\">Petite Maison Blanche et le magasin g\u00e9n\u00e9rale La Com\u00e8re<\/span><\/li>\n      <\/ul><\/li>\n<\/ul><\/h4>\t\t\t\t<\/div>\n\t\t\t\t<\/div>\n\t\t<div class=\"elementor-element elementor-element-11f0925 e-con-full e-flex e-con e-child\" data-id=\"11f0925\" data-element_type=\"container\" data-e-type=\"container\">\n\t\t\t\t<\/div>\n\t\t\t\t\t<\/div>\n\t\t\t\t<\/div>\n\t\t\t\t<\/div>\n\t\t","protected":false},"excerpt":{"rendered":"<p>R\u00e9gion du Saguenay\u2013Lac-Saint-Jean Province de Qu\u00e9bec Historique de l&rsquo;endroit L\u2019\u00e9tonnante histoire de la Petite Maison Blanche de Saguenay L\u2019\u00e9tonnante histoire de la Petite Maison Blanche de Saguenay 1890&nbsp;\u2192 La naissance de la Petite Maison Blanche La petite maison blanche est construite sur la rue G\u00e9d\u00e9on autour de 1890, au c\u0153ur d\u2019un des premiers quartiers de&#8230; <span class=\"more\"><a class=\"more-link\" href=\"https:\/\/mondedesylvieetpierre.ca\/voyage\/?page_id=45533\">Lire la suite<\/a><\/span><\/p>\n","protected":false},"author":1,"featured_media":0,"parent":0,"menu_order":0,"comment_status":"closed","ping_status":"closed","template":"elementor_header_footer","meta":{"footnotes":""},"categories":[215],"tags":[],"class_list":["post-45533","page","type-page","status-publish","hentry","category-saguenay-lac-saint-jean_2025"],"_links":{"self":[{"href":"https:\/\/mondedesylvieetpierre.ca\/voyage\/index.php?rest_route=\/wp\/v2\/pages\/45533","targetHints":{"allow":["GET"]}}],"collection":[{"href":"https:\/\/mondedesylvieetpierre.ca\/voyage\/index.php?rest_route=\/wp\/v2\/pages"}],"about":[{"href":"https:\/\/mondedesylvieetpierre.ca\/voyage\/index.php?rest_route=\/wp\/v2\/types\/page"}],"author":[{"embeddable":true,"href":"https:\/\/mondedesylvieetpierre.ca\/voyage\/index.php?rest_route=\/wp\/v2\/users\/1"}],"replies":[{"embeddable":true,"href":"https:\/\/mondedesylvieetpierre.ca\/voyage\/index.php?rest_route=%2Fwp%2Fv2%2Fcomments&post=45533"}],"version-history":[{"count":0,"href":"https:\/\/mondedesylvieetpierre.ca\/voyage\/index.php?rest_route=\/wp\/v2\/pages\/45533\/revisions"}],"wp:attachment":[{"href":"https:\/\/mondedesylvieetpierre.ca\/voyage\/index.php?rest_route=%2Fwp%2Fv2%2Fmedia&parent=45533"}],"wp:term":[{"taxonomy":"category","embeddable":true,"href":"https:\/\/mondedesylvieetpierre.ca\/voyage\/index.php?rest_route=%2Fwp%2Fv2%2Fcategories&post=45533"},{"taxonomy":"post_tag","embeddable":true,"href":"https:\/\/mondedesylvieetpierre.ca\/voyage\/index.php?rest_route=%2Fwp%2Fv2%2Ftags&post=45533"}],"curies":[{"name":"wp","href":"https:\/\/api.w.org\/{rel}","templated":true}]}}