{"id":45708,"date":"2025-08-19T13:25:34","date_gmt":"2025-08-19T18:25:34","guid":{"rendered":"https:\/\/mondedesylvieetpierre.ca\/voyage\/?page_id=45708"},"modified":"2025-09-19T08:25:06","modified_gmt":"2025-09-19T13:25:06","slug":"jour-1-philadelphie-2025","status":"publish","type":"page","link":"https:\/\/mondedesylvieetpierre.ca\/voyage\/?page_id=45708","title":{"rendered":"Jour 1 \u2014 Philadelphie 2025"},"content":{"rendered":"\t\t<div data-elementor-type=\"wp-page\" data-elementor-id=\"45708\" class=\"elementor elementor-45708\" data-elementor-post-type=\"page\">\n\t\t\t\t\t\t<section class=\"elementor-section elementor-top-section elementor-element elementor-element-4d0d4408 elementor-section-boxed elementor-section-height-default elementor-section-height-default\" data-id=\"4d0d4408\" data-element_type=\"section\" data-e-type=\"section\">\n\t\t\t\t\t\t<div class=\"elementor-container elementor-column-gap-default\">\n\t\t\t\t\t<div class=\"elementor-column elementor-col-100 elementor-top-column elementor-element elementor-element-48d02101\" data-id=\"48d02101\" data-element_type=\"column\" data-e-type=\"column\">\n\t\t\t<div class=\"elementor-widget-wrap elementor-element-populated\">\n\t\t\t\t\t\t<div class=\"elementor-element elementor-element-c360f93 elementor-widget elementor-widget-heading\" data-id=\"c360f93\" data-element_type=\"widget\" data-e-type=\"widget\" data-widget_type=\"heading.default\">\n\t\t\t\t\t<h2 class=\"elementor-heading-title elementor-size-xl\">La premi\u00e8re journ\u00e9e<\/h2>\t\t\t\t<\/div>\n\t\t\t\t\t<\/div>\n\t\t<\/div>\n\t\t\t\t\t<\/div>\n\t\t<\/section>\n\t\t\t\t<section class=\"elementor-section elementor-top-section elementor-element elementor-element-356e21f1 elementor-section-boxed elementor-section-height-default elementor-section-height-default\" data-id=\"356e21f1\" data-element_type=\"section\" data-e-type=\"section\">\n\t\t\t\t\t\t<div class=\"elementor-container elementor-column-gap-default\">\n\t\t\t\t\t<div class=\"elementor-column elementor-col-100 elementor-top-column elementor-element elementor-element-2a810440\" data-id=\"2a810440\" data-element_type=\"column\" data-e-type=\"column\">\n\t\t\t<div class=\"elementor-widget-wrap elementor-element-populated\">\n\t\t\t\t\t\t<div class=\"elementor-element elementor-element-48835f3a elementor-widget elementor-widget-image\" data-id=\"48835f3a\" data-element_type=\"widget\" data-e-type=\"widget\" data-widget_type=\"image.default\">\n\t\t\t\t\t\t\t\t\t\t\t\t\t\t\t<img fetchpriority=\"high\" decoding=\"async\" width=\"460\" height=\"181\" src=\"https:\/\/mondedesylvieetpierre.ca\/voyage\/wp-content\/uploads\/2025\/08\/Logo-de-Philadelphie-460x181-1.png\" class=\"attachment-large size-large wp-image-45722\" alt=\"\" srcset=\"https:\/\/mondedesylvieetpierre.ca\/voyage\/wp-content\/uploads\/2025\/08\/Logo-de-Philadelphie-460x181-1.png 460w, https:\/\/mondedesylvieetpierre.ca\/voyage\/wp-content\/uploads\/2025\/08\/Logo-de-Philadelphie-460x181-1-300x118.png 300w\" sizes=\"(max-width: 460px) 100vw, 460px\" \/>\t\t\t\t\t\t\t\t\t\t\t\t\t\t\t<\/div>\n\t\t\t\t\t<\/div>\n\t\t<\/div>\n\t\t\t\t\t<\/div>\n\t\t<\/section>\n\t\t<div class=\"elementor-element elementor-element-6e14b84 e-flex e-con-boxed e-con e-parent\" data-id=\"6e14b84\" data-element_type=\"container\" data-e-type=\"container\">\n\t\t\t\t\t<div class=\"e-con-inner\">\n\t\t<div class=\"elementor-element elementor-element-f145859 e-con-full e-flex e-con e-child\" data-id=\"f145859\" data-element_type=\"container\" data-e-type=\"container\">\n\t\t\t\t<\/div>\n\t\t<div class=\"elementor-element elementor-element-ee531ce e-con-full e-flex e-con e-child\" data-id=\"ee531ce\" data-element_type=\"container\" data-e-type=\"container\">\n\t\t\t\t<div class=\"elementor-element elementor-element-8075353 elementor-widget elementor-widget-shortcode\" data-id=\"8075353\" data-element_type=\"widget\" data-e-type=\"widget\" data-widget_type=\"shortcode.default\">\n\t\t\t\t\t\t\t<div class=\"elementor-shortcode\">\n<table id=\"tablepress-16\" class=\"tablepress tablepress-id-16\">\n<thead>\n<tr class=\"row-1\">\n\t<th colspan=\"2\" class=\"column-1\"><center><strong>Jour 1 &#8212; Jeudi, le 7 ao\u00fbt 2025<\/strong><\/center><\/th>\n<\/tr>\n<\/thead>\n<tbody class=\"row-striping row-hover\">\n<tr class=\"row-2\">\n\t<td class=\"column-1\"><strong>AM<\/strong><\/td><td class=\"column-2\"><span style=\"color:#a9a9a9;\">\u21d2&nbsp;<\/span>D\u00e9part de Brossard au Qu\u00e9bec<br \/><br \/>\n<span style=\"color:#a9a9a9;\">\u21d2&nbsp;<\/span>Passage aux douanes am\u00e9ricaines<br \/><br \/>\n<span style=\"color:#a9a9a9;\">\u21d2&nbsp;<\/span>Pauses sant\u00e9 sur la route et d\u00e9jeuner libre<\/td>\n<\/tr>\n<tr class=\"row-3\">\n\t<td class=\"column-1\"><strong>PM<\/strong><\/td><td class=\"column-2\"><span style=\"color:#a9a9a9;\">\u21d2&nbsp;<\/span>Arriv\u00e9e \u00e0 Philadelphie<br \/><br \/>\n<span style=\"color:#a9a9a9;\">\u21d2&nbsp;<\/span>Premi\u00e8re partie de notre tour guid\u00e9 en fran\u00e7ais \u00e0 pied<br \/><br \/>\n<span style=\"color:#a9a9a9;\">\u21d2&nbsp;<\/span>Nous allons voir plusieurs endroits et symboles iconiques&nbsp;: <em>Liberty&nbsp;Bell<\/em>, <em>Independance&nbsp;Hall<\/em>, <em>monument du soldat&nbsp;inconnu<\/em> et le cimeti\u00e8re de <em>Christ&nbsp;Church<\/em><\/td>\n<\/tr>\n<tr class=\"row-4\">\n\t<td class=\"column-1\"><strong>Soir\u00e9e<\/strong><\/td><td class=\"column-2\"><span style=\"color:#a9a9a9;\">\u21d2&nbsp;<\/span>Visite libre et souper<br \/><br \/>\n<span style=\"color:#a9a9a9;\">\u21d2&nbsp;<\/span>Retour \u00e0 l'<em><strong>H\u00f4tel Hilton Garden Inn <\/strong><\/em><\/td>\n<\/tr>\n<\/tbody>\n<\/table>\n<!-- #tablepress-16 from cache --><\/div>\n\t\t\t\t\t\t<\/div>\n\t\t\t\t<\/div>\n\t\t<div class=\"elementor-element elementor-element-1c98cee e-con-full e-flex e-con e-child\" data-id=\"1c98cee\" data-element_type=\"container\" data-e-type=\"container\">\n\t\t\t\t<\/div>\n\t\t\t\t\t<\/div>\n\t\t\t\t<\/div>\n\t\t\t\t<section class=\"elementor-section elementor-top-section elementor-element elementor-element-2efebc9a elementor-section-boxed elementor-section-height-default elementor-section-height-default\" data-id=\"2efebc9a\" data-element_type=\"section\" data-e-type=\"section\">\n\t\t\t\t\t\t<div class=\"elementor-container elementor-column-gap-default\">\n\t\t\t\t\t<div class=\"elementor-column elementor-col-100 elementor-top-column elementor-element elementor-element-3744ee58\" data-id=\"3744ee58\" data-element_type=\"column\" data-e-type=\"column\">\n\t\t\t<div class=\"elementor-widget-wrap elementor-element-populated\">\n\t\t\t\t\t\t<div class=\"elementor-element elementor-element-7f98341c elementor-widget-divider--view-line_text elementor-widget-divider--element-align-center elementor-widget elementor-widget-divider\" data-id=\"7f98341c\" data-element_type=\"widget\" data-e-type=\"widget\" data-widget_type=\"divider.default\">\n\t\t\t\t\t\t\t<div class=\"elementor-divider\">\n\t\t\t<span class=\"elementor-divider-separator\">\n\t\t\t\t\t\t\t<span class=\"elementor-divider__text elementor-divider__element\">\n\t\t\t\tVenez voir nos 88 photos\t\t\t\t<\/span>\n\t\t\t\t\t\t<\/span>\n\t\t<\/div>\n\t\t\t\t\t\t<\/div>\n\t\t\t\t\t<\/div>\n\t\t<\/div>\n\t\t\t\t\t<\/div>\n\t\t<\/section>\n\t\t\t\t<section class=\"elementor-section elementor-top-section elementor-element elementor-element-28a7f468 elementor-section-boxed elementor-section-height-default elementor-section-height-default\" data-id=\"28a7f468\" data-element_type=\"section\" data-e-type=\"section\">\n\t\t\t\t\t\t<div class=\"elementor-container elementor-column-gap-default\">\n\t\t\t\t\t<div class=\"elementor-column elementor-col-100 elementor-top-column elementor-element elementor-element-191df3a6\" data-id=\"191df3a6\" data-element_type=\"column\" data-e-type=\"column\">\n\t\t\t<div class=\"elementor-widget-wrap elementor-element-populated\">\n\t\t\t\t\t\t<div class=\"elementor-element elementor-element-406427de elementor-widget elementor-widget-shortcode\" data-id=\"406427de\" data-element_type=\"widget\" data-e-type=\"widget\" data-widget_type=\"shortcode.default\">\n\t\t\t\t\t\t\t<div class=\"elementor-shortcode\"><iframe src=\"https:\/\/public.joomeo.com\/albums\/68a765254c6fb\/slideshow?sls_ap=1&sls_ac=1&sls_dbp=10&sls_afs=1&iframe=1\" scrolling=\"no\" frameborder=\"0\" width=\"500\" height=\"333\" allowfullscreen><\/iframe><\/div>\n\t\t\t\t\t\t<\/div>\n\t\t\t\t\t<\/div>\n\t\t<\/div>\n\t\t\t\t\t<\/div>\n\t\t<\/section>\n\t\t\t\t<section class=\"elementor-section elementor-top-section elementor-element elementor-element-78be217f elementor-section-boxed elementor-section-height-default elementor-section-height-default\" data-id=\"78be217f\" data-element_type=\"section\" data-e-type=\"section\">\n\t\t\t\t\t\t<div class=\"elementor-container elementor-column-gap-default\">\n\t\t\t\t\t<div class=\"elementor-column elementor-col-100 elementor-top-column elementor-element elementor-element-1261468f\" data-id=\"1261468f\" data-element_type=\"column\" data-e-type=\"column\">\n\t\t\t<div class=\"elementor-widget-wrap elementor-element-populated\">\n\t\t\t\t\t\t<div class=\"elementor-element elementor-element-2ad2f297 elementor-widget-divider--view-line_text elementor-widget-divider--element-align-center elementor-widget elementor-widget-divider\" data-id=\"2ad2f297\" data-element_type=\"widget\" data-e-type=\"widget\" data-widget_type=\"divider.default\">\n\t\t\t\t\t\t\t<div class=\"elementor-divider\">\n\t\t\t<span class=\"elementor-divider-separator\">\n\t\t\t\t\t\t\t<span class=\"elementor-divider__text elementor-divider__element\">\n\t\t\t\tVenez voir nos 6 vid\u00e9os\t\t\t\t<\/span>\n\t\t\t\t\t\t<\/span>\n\t\t<\/div>\n\t\t\t\t\t\t<\/div>\n\t\t\t\t\t<\/div>\n\t\t<\/div>\n\t\t\t\t\t<\/div>\n\t\t<\/section>\n\t\t\t\t<section class=\"elementor-section elementor-top-section elementor-element elementor-element-9103bbf elementor-section-boxed elementor-section-height-default elementor-section-height-default\" data-id=\"9103bbf\" data-element_type=\"section\" data-e-type=\"section\">\n\t\t\t\t\t\t<div class=\"elementor-container elementor-column-gap-default\">\n\t\t\t\t\t<div class=\"elementor-column elementor-col-100 elementor-top-column elementor-element elementor-element-3c74c3f3\" data-id=\"3c74c3f3\" data-element_type=\"column\" data-e-type=\"column\">\n\t\t\t<div class=\"elementor-widget-wrap elementor-element-populated\">\n\t\t\t\t\t\t<div class=\"elementor-element elementor-element-7fde39b5 elementor-widget elementor-widget-shortcode\" data-id=\"7fde39b5\" data-element_type=\"widget\" data-e-type=\"widget\" data-widget_type=\"shortcode.default\">\n\t\t\t\t\t\t\t<div class=\"elementor-shortcode\"><iframe src=\"https:\/\/public.joomeo.com\/albums\/68a76548d58e8\/slideshow?sls_ap=1&sls_ac=1&sls_dbp=10&sls_afs=1&iframe=1\" scrolling=\"no\" frameborder=\"0\" width=\"500\" height=\"333\" allowfullscreen><\/iframe><\/div>\n\t\t\t\t\t\t<\/div>\n\t\t\t\t\t<\/div>\n\t\t<\/div>\n\t\t\t\t\t<\/div>\n\t\t<\/section>\n\t\t\t\t<section class=\"elementor-section elementor-top-section elementor-element elementor-element-5feb76dd elementor-section-boxed elementor-section-height-default elementor-section-height-default\" data-id=\"5feb76dd\" data-element_type=\"section\" data-e-type=\"section\">\n\t\t\t\t\t\t<div class=\"elementor-container elementor-column-gap-default\">\n\t\t\t\t\t<div class=\"elementor-column elementor-col-100 elementor-top-column elementor-element elementor-element-2bc0b897\" data-id=\"2bc0b897\" data-element_type=\"column\" data-e-type=\"column\">\n\t\t\t<div class=\"elementor-widget-wrap elementor-element-populated\">\n\t\t\t\t\t\t<div class=\"elementor-element elementor-element-56679328 elementor-widget-divider--view-line_text elementor-widget-divider--element-align-center elementor-widget elementor-widget-divider\" data-id=\"56679328\" data-element_type=\"widget\" data-e-type=\"widget\" data-widget_type=\"divider.default\">\n\t\t\t\t\t\t\t<div class=\"elementor-divider\">\n\t\t\t<span class=\"elementor-divider-separator\">\n\t\t\t\t\t\t\t<span class=\"elementor-divider__text elementor-divider__element\">\n\t\t\t\tMenu de ce voyage\t\t\t\t<\/span>\n\t\t\t\t\t\t<\/span>\n\t\t<\/div>\n\t\t\t\t\t\t<\/div>\n\t\t\t\t\t<\/div>\n\t\t<\/div>\n\t\t\t\t\t<\/div>\n\t\t<\/section>\n\t\t<div class=\"elementor-element elementor-element-5e2d0480 e-flex e-con-boxed e-con e-parent\" data-id=\"5e2d0480\" data-element_type=\"container\" data-e-type=\"container\">\n\t\t\t\t\t<div class=\"e-con-inner\">\n\t\t<div class=\"elementor-element elementor-element-7a7824f5 e-con-full e-flex e-con e-child\" data-id=\"7a7824f5\" data-element_type=\"container\" data-e-type=\"container\">\n\t\t\t\t<div class=\"elementor-element elementor-element-709a329 elementor-widget elementor-widget-text-editor\" data-id=\"709a329\" data-element_type=\"widget\" data-e-type=\"widget\" data-widget_type=\"text-editor.default\">\n\t\t\t\t\t\t\t\t\t<table border=\"0\" width=\"100%\" cellspacing=\"10\" align=\"center\">\n<tbody>\n<tr>\n<th class=\"menugroslettre\" colspan=\"2\" scope=\"col\" width=\"90%\"><span style=\"font-size: 20px;\">Menu \u00e0 Philadelphie<\/span><br \/>du 7 au 10\u00a0ao\u00fbt\u00a02025<\/th>\n<\/tr>\n<tr>\n<th colspan=\"2\" align=\"center\" width=\"90%\"><a href=\"https:\/\/mondedesylvieetpierre.ca\/voyage\/?p=45706\"><span style=\"font-size: 18px;\">Revenir au portail de Philadelphie<\/span><\/a><\/th>\n<\/tr>\n<\/tbody>\n<\/table>\t\t\t\t\t\t\t\t<\/div>\n\t\t\t\t<\/div>\n\t\t\t\t\t<\/div>\n\t\t\t\t<\/div>\n\t\t<div class=\"elementor-element elementor-element-3f4559b e-flex e-con-boxed e-con e-parent\" data-id=\"3f4559b\" data-element_type=\"container\" data-e-type=\"container\">\n\t\t\t\t\t<div class=\"e-con-inner\">\n\t\t<div class=\"elementor-element elementor-element-115101b e-con-full e-flex e-con e-child\" data-id=\"115101b\" data-element_type=\"container\" data-e-type=\"container\">\n\t\t\t\t<\/div>\n\t\t<div class=\"elementor-element elementor-element-1066687 e-con-full e-flex e-con e-child\" data-id=\"1066687\" data-element_type=\"container\" data-e-type=\"container\">\n\t\t\t\t<div class=\"elementor-element elementor-element-7d2960f elementor-widget elementor-widget-heading\" data-id=\"7d2960f\" data-element_type=\"widget\" data-e-type=\"widget\" data-widget_type=\"heading.default\">\n\t\t\t\t\t<h4 class=\"elementor-heading-title elementor-size-default\"><ul style=\"list-style-type: none;border-left: 5px solid #e4087e;background: #f2f2f2;padding-top: 20px;padding-bottom: 20px\">\n    <li><span style=\"color:#a9a9a9\">\u21d2&nbsp;<\/span><span style=\"color: #cccccc;font-size: large\">Jour&nbsp;1&nbsp;\u2014&nbsp;7 ao\u00fbt 2025<\/span><\/li>\n    <li><span style=\"color:#a9a9a9\">\u21d2&nbsp;<\/span><a href=\"https:\/\/mondedesylvieetpierre.ca\/voyage\/?page_id=45710\">Jour&nbsp;2&nbsp;\u2014&nbsp;8 ao\u00fbt 2025<\/a><\/li>\n    <li><span style=\"color:#a9a9a9\">\u21d2&nbsp;<\/span><a href=\"https:\/\/mondedesylvieetpierre.ca\/voyage\/?page_id=45712\">Jour&nbsp;3&nbsp;\u2014&nbsp;9 ao\u00fbt 2025<\/a><\/li>\n    <li><span style=\"color:#a9a9a9\">\u21d2&nbsp;<\/span>Jour&nbsp;4&nbsp;\u2014&nbsp;10 ao\u00fbt 2025 (Pas de photo et de vid\u00e9o)<\/li>\n<\/ul><\/h4>\t\t\t\t<\/div>\n\t\t\t\t<\/div>\n\t\t<div class=\"elementor-element elementor-element-937133f e-con-full e-flex e-con e-child\" data-id=\"937133f\" data-element_type=\"container\" data-e-type=\"container\">\n\t\t\t\t<\/div>\n\t\t\t\t\t<\/div>\n\t\t\t\t<\/div>\n\t\t\t\t<\/div>\n\t\t","protected":false},"excerpt":{"rendered":"<p>La premi\u00e8re journ\u00e9e Venez voir nos 88 photos Venez voir nos 6 vid\u00e9os Menu de ce voyage Menu \u00e0 Philadelphiedu 7 au 10\u00a0ao\u00fbt\u00a02025 Revenir au portail de Philadelphie \u21d2&nbsp;Jour&nbsp;1&nbsp;\u2014&nbsp;7 ao\u00fbt 2025 \u21d2&nbsp;Jour&nbsp;2&nbsp;\u2014&nbsp;8 ao\u00fbt 2025 \u21d2&nbsp;Jour&nbsp;3&nbsp;\u2014&nbsp;9 ao\u00fbt 2025 \u21d2&nbsp;Jour&nbsp;4&nbsp;\u2014&nbsp;10 ao\u00fbt 2025 (Pas de photo et de vid\u00e9o)<\/p>\n","protected":false},"author":1,"featured_media":0,"parent":0,"menu_order":0,"comment_status":"closed","ping_status":"closed","template":"elementor_header_footer","meta":{"footnotes":""},"categories":[216],"tags":[],"class_list":["post-45708","page","type-page","status-publish","hentry","category-sejour_philadelphie_2025"],"_links":{"self":[{"href":"https:\/\/mondedesylvieetpierre.ca\/voyage\/index.php?rest_route=\/wp\/v2\/pages\/45708","targetHints":{"allow":["GET"]}}],"collection":[{"href":"https:\/\/mondedesylvieetpierre.ca\/voyage\/index.php?rest_route=\/wp\/v2\/pages"}],"about":[{"href":"https:\/\/mondedesylvieetpierre.ca\/voyage\/index.php?rest_route=\/wp\/v2\/types\/page"}],"author":[{"embeddable":true,"href":"https:\/\/mondedesylvieetpierre.ca\/voyage\/index.php?rest_route=\/wp\/v2\/users\/1"}],"replies":[{"embeddable":true,"href":"https:\/\/mondedesylvieetpierre.ca\/voyage\/index.php?rest_route=%2Fwp%2Fv2%2Fcomments&post=45708"}],"version-history":[{"count":6,"href":"https:\/\/mondedesylvieetpierre.ca\/voyage\/index.php?rest_route=\/wp\/v2\/pages\/45708\/revisions"}],"predecessor-version":[{"id":45933,"href":"https:\/\/mondedesylvieetpierre.ca\/voyage\/index.php?rest_route=\/wp\/v2\/pages\/45708\/revisions\/45933"}],"wp:attachment":[{"href":"https:\/\/mondedesylvieetpierre.ca\/voyage\/index.php?rest_route=%2Fwp%2Fv2%2Fmedia&parent=45708"}],"wp:term":[{"taxonomy":"category","embeddable":true,"href":"https:\/\/mondedesylvieetpierre.ca\/voyage\/index.php?rest_route=%2Fwp%2Fv2%2Fcategories&post=45708"},{"taxonomy":"post_tag","embeddable":true,"href":"https:\/\/mondedesylvieetpierre.ca\/voyage\/index.php?rest_route=%2Fwp%2Fv2%2Ftags&post=45708"}],"curies":[{"name":"wp","href":"https:\/\/api.w.org\/{rel}","templated":true}]}}