{"id":46157,"date":"2026-01-30T08:58:32","date_gmt":"2026-01-30T13:58:32","guid":{"rendered":"https:\/\/mondedesylvieetpierre.ca\/voyage\/?page_id=46157"},"modified":"2026-01-30T11:39:12","modified_gmt":"2026-01-30T16:39:12","slug":"bateau-%e2%94%80-ms-koningsdam-hal-2025-2026","status":"publish","type":"page","link":"https:\/\/mondedesylvieetpierre.ca\/voyage\/?page_id=46157","title":{"rendered":"BATEAU \u2500 MS Koningsdam (HAL) 2025-2026"},"content":{"rendered":"\t\t<div data-elementor-type=\"wp-page\" data-elementor-id=\"46157\" class=\"elementor elementor-46157\" data-elementor-post-type=\"page\">\n\t\t\t\t<div class=\"elementor-element elementor-element-8bda282 e-flex e-con-boxed e-con e-parent\" data-id=\"8bda282\" data-element_type=\"container\" data-e-type=\"container\">\n\t\t\t\t\t<div class=\"e-con-inner\">\n\t\t\t\t<div class=\"elementor-element elementor-element-4423fa3 elementor-widget elementor-widget-heading\" data-id=\"4423fa3\" data-element_type=\"widget\" data-e-type=\"widget\" data-widget_type=\"heading.default\">\n\t\t\t\t\t<h2 class=\"elementor-heading-title elementor-size-default\">MS&nbsp;Koningdam<\/h2>\t\t\t\t<\/div>\n\t\t\t\t\t<\/div>\n\t\t\t\t<\/div>\n\t\t<div class=\"elementor-element elementor-element-db734d1 e-flex e-con-boxed e-con e-parent\" data-id=\"db734d1\" data-element_type=\"container\" data-e-type=\"container\">\n\t\t\t\t\t<div class=\"e-con-inner\">\n\t\t\t\t<div class=\"elementor-element elementor-element-b8bf1ce elementor-widget elementor-widget-image\" data-id=\"b8bf1ce\" data-element_type=\"widget\" data-e-type=\"widget\" data-widget_type=\"image.default\">\n\t\t\t\t\t\t\t\t\t\t\t\t\t\t\t<img fetchpriority=\"high\" decoding=\"async\" width=\"539\" height=\"400\" src=\"https:\/\/mondedesylvieetpierre.ca\/voyage\/wp-content\/uploads\/2023\/02\/MS-Koningsdam-Holland-America-Line-600x445-1-539x400.jpg\" class=\"attachment-pixelwars_theme_image_size_nullx500 size-pixelwars_theme_image_size_nullx500 wp-image-27045\" alt=\"\" srcset=\"https:\/\/mondedesylvieetpierre.ca\/voyage\/wp-content\/uploads\/2023\/02\/MS-Koningsdam-Holland-America-Line-600x445-1-539x400.jpg 539w, https:\/\/mondedesylvieetpierre.ca\/voyage\/wp-content\/uploads\/2023\/02\/MS-Koningsdam-Holland-America-Line-600x445-1-300x223.jpg 300w, https:\/\/mondedesylvieetpierre.ca\/voyage\/wp-content\/uploads\/2023\/02\/MS-Koningsdam-Holland-America-Line-600x445-1.jpg 600w\" sizes=\"(max-width: 539px) 100vw, 539px\" \/>\t\t\t\t\t\t\t\t\t\t\t\t\t\t\t<\/div>\n\t\t\t\t\t<\/div>\n\t\t\t\t<\/div>\n\t\t<div class=\"elementor-element elementor-element-e92e3aa e-flex e-con-boxed e-con e-parent\" data-id=\"e92e3aa\" data-element_type=\"container\" data-e-type=\"container\">\n\t\t\t\t\t<div class=\"e-con-inner\">\n\t\t\t\t<div class=\"elementor-element elementor-element-86cd209 elementor-widget-divider--view-line_text elementor-widget-divider--element-align-center elementor-widget elementor-widget-divider\" data-id=\"86cd209\" data-element_type=\"widget\" data-e-type=\"widget\" data-widget_type=\"divider.default\">\n\t\t\t\t\t\t\t<div class=\"elementor-divider\">\n\t\t\t<span class=\"elementor-divider-separator\">\n\t\t\t\t\t\t\t<span class=\"elementor-divider__text elementor-divider__element\">\n\t\t\t\tHistorique du bateau de croisi\u00e8re\t\t\t\t<\/span>\n\t\t\t\t\t\t<\/span>\n\t\t<\/div>\n\t\t\t\t\t\t<\/div>\n\t\t\t\t\t<\/div>\n\t\t\t\t<\/div>\n\t\t<div class=\"elementor-element elementor-element-4d928d9 e-flex e-con-boxed e-con e-parent\" data-id=\"4d928d9\" data-element_type=\"container\" data-e-type=\"container\">\n\t\t\t\t\t<div class=\"e-con-inner\">\n\t\t\t\t<div class=\"elementor-element elementor-element-76b81ef elementor-widget elementor-widget-text-editor\" data-id=\"76b81ef\" data-element_type=\"widget\" data-e-type=\"widget\" data-widget_type=\"text-editor.default\">\n\t\t\t\t\t\t\t\t\t<p style=\"text-align: center;\">Le <strong>MS\u00a0Koningsdam<\/strong> est un navire de croisi\u00e8re de classe Pinnacle exploit\u00e9 par Holland\u00a0America\u00a0Line (HAL), une division de Carnival\u00a0Corporation &amp; plc.<br \/>Le <strong>MS\u00a0Koningsdam<\/strong> est le navire de t\u00eate de la classe Pinnacle de HAL, qui comprend le <em>MS\u00a0Nieuw\u00a0Statendam<\/em> (2018) et le <em>MS\u00a0Rotterdam<\/em> (2021), tous construits par le constructeur naval italien <em>Fincantieri<\/em>.<br \/>Deux ans apr\u00e8s la premi\u00e8re coupe en f\u00e9vrier\u00a02014 pour commencer la construction, il a \u00e9t\u00e9 livr\u00e9 \u00e0 HAL en mars 2016 et a commenc\u00e9 \u00e0 fonctionner le mois suivant.<br \/>Avec 99,863\u00a0GT (GT\u00a0= La jauge brute (Gross\u00a0Tonnage) est une mesure non lin\u00e9aire du volume interne global d\u2019un navire), il est devenu le plus grand navire jamais mis en service pour HAL lors de sa livraison.<\/p>\t\t\t\t\t\t\t\t<\/div>\n\t\t\t\t\t<\/div>\n\t\t\t\t<\/div>\n\t\t<div class=\"elementor-element elementor-element-b085494 e-flex e-con-boxed e-con e-parent\" data-id=\"b085494\" data-element_type=\"container\" data-e-type=\"container\">\n\t\t\t\t\t<div class=\"e-con-inner\">\n\t\t\t\t<div class=\"elementor-element elementor-element-572a206 elementor-widget-divider--view-line_text elementor-widget-divider--element-align-center elementor-widget elementor-widget-divider\" data-id=\"572a206\" data-element_type=\"widget\" data-e-type=\"widget\" data-widget_type=\"divider.default\">\n\t\t\t\t\t\t\t<div class=\"elementor-divider\">\n\t\t\t<span class=\"elementor-divider-separator\">\n\t\t\t\t\t\t\t<span class=\"elementor-divider__text elementor-divider__element\">\n\t\t\t\tVenez voir nos 11 photos\t\t\t\t<\/span>\n\t\t\t\t\t\t<\/span>\n\t\t<\/div>\n\t\t\t\t\t\t<\/div>\n\t\t\t\t\t<\/div>\n\t\t\t\t<\/div>\n\t\t\t\t<section class=\"elementor-section elementor-top-section elementor-element elementor-element-630bd51 elementor-section-boxed elementor-section-height-default elementor-section-height-default\" data-id=\"630bd51\" data-element_type=\"section\" data-e-type=\"section\">\n\t\t\t\t\t\t<div class=\"elementor-container elementor-column-gap-default\">\n\t\t\t\t\t<div class=\"elementor-column elementor-col-100 elementor-top-column elementor-element elementor-element-001db26\" data-id=\"001db26\" data-element_type=\"column\" data-e-type=\"column\">\n\t\t\t<div class=\"elementor-widget-wrap elementor-element-populated\">\n\t\t\t\t\t\t<div class=\"elementor-element elementor-element-ecfd276 elementor-widget elementor-widget-shortcode\" data-id=\"ecfd276\" data-element_type=\"widget\" data-e-type=\"widget\" data-widget_type=\"shortcode.default\">\n\t\t\t\t\t\t\t<div class=\"elementor-shortcode\"><iframe src=\"https:\/\/public.joomeo.com\/albums\/697cde71930ef\/slideshow?sls_ap=1&sls_ac=1&sls_dbp=10&sls_afs=1&iframe=1\" scrolling=\"no\" frameborder=\"0\" width=\"500\" height=\"333\" allowfullscreen><\/iframe><\/div>\n\t\t\t\t\t\t<\/div>\n\t\t\t\t\t<\/div>\n\t\t<\/div>\n\t\t\t\t\t<\/div>\n\t\t<\/section>\n\t\t<div class=\"elementor-element elementor-element-5a5cd0e e-flex e-con-boxed e-con e-parent\" data-id=\"5a5cd0e\" data-element_type=\"container\" data-e-type=\"container\">\n\t\t\t\t\t<div class=\"e-con-inner\">\n\t\t\t\t<div class=\"elementor-element elementor-element-1805c53 elementor-widget-divider--view-line_text elementor-widget-divider--element-align-center elementor-widget elementor-widget-divider\" data-id=\"1805c53\" data-element_type=\"widget\" data-e-type=\"widget\" data-widget_type=\"divider.default\">\n\t\t\t\t\t\t\t<div class=\"elementor-divider\">\n\t\t\t<span class=\"elementor-divider-separator\">\n\t\t\t\t\t\t\t<span class=\"elementor-divider__text elementor-divider__element\">\n\t\t\t\tVenez voir notre vid\u00e9o\t\t\t\t<\/span>\n\t\t\t\t\t\t<\/span>\n\t\t<\/div>\n\t\t\t\t\t\t<\/div>\n\t\t\t\t\t<\/div>\n\t\t\t\t<\/div>\n\t\t\t\t<section class=\"elementor-section elementor-top-section elementor-element elementor-element-fe29e96 elementor-section-boxed elementor-section-height-default elementor-section-height-default\" data-id=\"fe29e96\" data-element_type=\"section\" data-e-type=\"section\">\n\t\t\t\t\t\t<div class=\"elementor-container elementor-column-gap-default\">\n\t\t\t\t\t<div class=\"elementor-column elementor-col-100 elementor-top-column elementor-element elementor-element-16c4cc6\" data-id=\"16c4cc6\" data-element_type=\"column\" data-e-type=\"column\">\n\t\t\t<div class=\"elementor-widget-wrap elementor-element-populated\">\n\t\t\t\t\t\t<div class=\"elementor-element elementor-element-6b7bf0e elementor-widget elementor-widget-shortcode\" data-id=\"6b7bf0e\" data-element_type=\"widget\" data-e-type=\"widget\" data-widget_type=\"shortcode.default\">\n\t\t\t\t\t\t\t<div class=\"elementor-shortcode\"><iframe src=\"https:\/\/public.joomeo.com\/albums\/697cde927be0d\/slideshow?sls_ap=1&sls_ac=1&sls_dbp=10&sls_afs=1&iframe=1\" scrolling=\"no\" frameborder=\"0\" width=\"500\" height=\"333\" allowfullscreen><\/iframe><\/div>\n\t\t\t\t\t\t<\/div>\n\t\t\t\t\t<\/div>\n\t\t<\/div>\n\t\t\t\t\t<\/div>\n\t\t<\/section>\n\t\t<div class=\"elementor-element elementor-element-c851b0f e-flex e-con-boxed e-con e-parent\" data-id=\"c851b0f\" data-element_type=\"container\" data-e-type=\"container\">\n\t\t\t\t\t<div class=\"e-con-inner\">\n\t\t\t\t<div class=\"elementor-element elementor-element-f3cf428 elementor-widget-divider--view-line_text elementor-widget-divider--element-align-center elementor-widget elementor-widget-divider\" data-id=\"f3cf428\" data-element_type=\"widget\" data-e-type=\"widget\" data-widget_type=\"divider.default\">\n\t\t\t\t\t\t\t<div class=\"elementor-divider\">\n\t\t\t<span class=\"elementor-divider-separator\">\n\t\t\t\t\t\t\t<span class=\"elementor-divider__text elementor-divider__element\">\n\t\t\t\tMenu de ce voyage\t\t\t\t<\/span>\n\t\t\t\t\t\t<\/span>\n\t\t<\/div>\n\t\t\t\t\t\t<\/div>\n\t\t\t\t\t<\/div>\n\t\t\t\t<\/div>\n\t\t<div class=\"elementor-element elementor-element-2a2d4c3 e-flex e-con-boxed e-con e-parent\" data-id=\"2a2d4c3\" data-element_type=\"container\" data-e-type=\"container\">\n\t\t\t\t\t<div class=\"e-con-inner\">\n\t\t<div class=\"elementor-element elementor-element-bdf157b e-con-full e-flex e-con e-child\" data-id=\"bdf157b\" data-element_type=\"container\" data-e-type=\"container\">\n\t\t\t\t<div class=\"elementor-element elementor-element-68fef0a elementor-widget elementor-widget-text-editor\" data-id=\"68fef0a\" data-element_type=\"widget\" data-e-type=\"widget\" data-widget_type=\"text-editor.default\">\n\t\t\t\t\t\t\t\t\t<table border=\"0\" width=\"100%\" cellspacing=\"10\" align=\"center\">\n<tbody>\n<tr>\n<th class=\"menugroslettre\" colspan=\"2\" scope=\"col\" width=\"90%\">MENU DE LA CROISI\u00c8RE ANTILLES ORIENTALES<br \/>\nDU 26 D\u00c9CEMBRE 2025 AU 14 JANVIER 2026<\/th>\n<\/tr>\n<tr>\n<th width=\"90%\" colspan=\"2\" align=\"center\"><a href=\"https:\/\/mondedesylvieetpierre.ca\/voyage\/?p=46082\">Portail de la croisi\u00e8re Antilles Orientales 2025-2026<\/a><\/th>\n<\/tr>\n<tr>\n<th width=\"90%\" colspan=\"2\" align=\"center\"><span style=\"text-transform: none;\"><strong>\u00c0&nbsp;SAVOIR&nbsp;: <\/strong>Dans le menu, les textes en caract\u00e8re noir, non pas de page.<\/span><\/th>\n<\/tr>\n<\/tbody>\n<\/table>\t\t\t\t\t\t\t\t<\/div>\n\t\t\t\t<\/div>\n\t\t\t\t\t<\/div>\n\t\t\t\t<\/div>\n\t\t<div class=\"elementor-element elementor-element-c8ab685 e-grid e-con-boxed e-con e-parent\" data-id=\"c8ab685\" data-element_type=\"container\" data-e-type=\"container\">\n\t\t\t\t\t<div class=\"e-con-inner\">\n\t\t\t\t<div class=\"elementor-element elementor-element-6aba987 elementor-widget elementor-widget-heading\" data-id=\"6aba987\" data-element_type=\"widget\" data-e-type=\"widget\" data-widget_type=\"heading.default\">\n\t\t\t\t\t<h4 class=\"elementor-heading-title elementor-size-default\"><ul style=\"list-style-type: none;border-left: 5px solid #e4087e;background: #f2f2f2;padding-top: 20px;padding-bottom: 20px\">\n    <li><span style=\"color:#a9a9a9\">\u21d2&nbsp;<\/span>27 d\u00e9cembre \u2500 Port de Fort Lauderdale(\u00c9.U)<\/li>\n    <li><span style=\"color:#a9a9a9\">\u21d2&nbsp;<\/span>28 d\u00e9cembre \u2500 [En mer]<\/li>\n    <li><span style=\"color:#a9a9a9\">\u21d2&nbsp;<\/span>29 d\u00e9cembre \u2500 Grand Turk (Turks et Caicos)<\/li>\n    <li><span style=\"color:#a9a9a9\">\u21d2&nbsp;<\/span><a href=\"https:\/\/mondedesylvieetpierre.ca\/voyage\/?page_id=46147\">30 d\u00e9cembre \u2500 San Juan (Porto Rico - \u00c9.U.)<\/a><\/li>\n    <li><span style=\"color:#a9a9a9\">\u21d2&nbsp;<\/span>31 d\u00e9cembre \u2500 Saint-Thomas (U.S.V.I.)<\/li>\n    <li><span style=\"color:#a9a9a9\">\u21d2&nbsp;<\/span>1 janvier \u2500 [En mer]<\/li>\n    <li><span style=\"color:#a9a9a9\">\u21d2&nbsp;<\/span>2 janvier \u2500 Half Moon Cay (Bahamas)<\/li>\n    <li><span style=\"color:#a9a9a9\">\u21d2&nbsp;<\/span>3 janvier \u2500 Port de Fort Lauderdale(\u00c9.U)<\/li>\n    <li><span style=\"color:#a9a9a9\">\u21d2&nbsp;<\/span>4 janvier \u2500 Half Moon Cay (Bahamas)<\/li>\n    <li><span style=\"color:#a9a9a9\">\u21d2&nbsp;<\/span>5 janvier \u2500 [En mer]<\/li>   \n<\/ul><\/h4>\t\t\t\t<\/div>\n\t\t\t\t<div class=\"elementor-element elementor-element-5d2bbf2 elementor-widget elementor-widget-heading\" data-id=\"5d2bbf2\" data-element_type=\"widget\" data-e-type=\"widget\" data-widget_type=\"heading.default\">\n\t\t\t\t\t<h4 class=\"elementor-heading-title elementor-size-default\"><ul style=\"list-style-type: none;border-left: 5px solid #e4087e;background: #f2f2f2;padding-top: 20px;padding-bottom: 20px\">\n    <li><span style=\"color:#a9a9a9\">\u21d2&nbsp;<\/span>6 janvier \u2500 Saint-Thomas (U.S.V.I.)<\/li> \n    <li><span style=\"color:#a9a9a9\">\u21d2&nbsp;<\/span><a href=\"https:\/\/mondedesylvieetpierre.ca\/voyage\/?page_id=46149\">7 janvier \u2500 Saint-John (Antigua et Barbura)<\/a><\/li>\n    <li><span style=\"color:#a9a9a9\">\u21d2&nbsp;<\/span><a href=\"https:\/\/mondedesylvieetpierre.ca\/voyage\/?page_id=46151\">8 janvier \u2500 Fort de France  (Martinique)<\/a><\/li>  \n    <li><span style=\"color:#a9a9a9\">\u21d2&nbsp;<\/span><a href=\"https:\/\/mondedesylvieetpierre.ca\/voyage\/?page_id=46153\">9 janvier \u2500 Roseau (Dominique)<\/a><\/li>\n    <li><span style=\"color:#a9a9a9\">\u21d2&nbsp;<\/span><a href=\"https:\/\/mondedesylvieetpierre.ca\/voyage\/?page_id=46155\">10 janvier \u2500 Basseterre (St-Kitts et Nevis)<\/a><\/li>\n    <li><span style=\"color:#a9a9a9\">\u21d2&nbsp;<\/span>11 janvier \u2500 Philipburg (Saint Maarten)<\/li>\n    <li><span style=\"color:#a9a9a9\">\u21d2&nbsp;<\/span>12 janvier \u2500 [En mer]<\/li>\n    <li><span style=\"color:#a9a9a9\">\u21d2&nbsp;<\/span>13 janvier \u2500 [En mer]<\/li>\n    <li><span style=\"color:#a9a9a9\">\u21d2&nbsp;<\/span>14 janvier \u2500 Port de Fort Lauderdale(\u00c9.U)<\/li>\n    <li><span style=\"color:#a9a9a9\">\u21d2&nbsp;<\/span><span style=\"color: #cccccc;font-size: large\">BATEAU \u2500 MS&nbsp;Koningsdam (HAL)<\/span><\/li>\n<\/ul><\/h4>\t\t\t\t<\/div>\n\t\t\t\t\t<\/div>\n\t\t\t\t<\/div>\n\t\t\t\t<\/div>\n\t\t","protected":false},"excerpt":{"rendered":"<p>MS&nbsp;Koningdam Historique du bateau de croisi\u00e8re Le MS\u00a0Koningsdam est un navire de croisi\u00e8re de classe Pinnacle exploit\u00e9 par Holland\u00a0America\u00a0Line (HAL), une division de Carnival\u00a0Corporation &amp; plc.Le MS\u00a0Koningsdam est le navire de t\u00eate de la classe Pinnacle de HAL, qui comprend le MS\u00a0Nieuw\u00a0Statendam (2018) et le MS\u00a0Rotterdam (2021), tous construits par le constructeur naval italien Fincantieri.Deux&#8230; <span class=\"more\"><a class=\"more-link\" href=\"https:\/\/mondedesylvieetpierre.ca\/voyage\/?page_id=46157\">Lire la suite<\/a><\/span><\/p>\n","protected":false},"author":1,"featured_media":0,"parent":0,"menu_order":0,"comment_status":"closed","ping_status":"closed","template":"elementor_header_footer","meta":{"footnotes":""},"categories":[217],"tags":[],"class_list":["post-46157","page","type-page","status-publish","hentry","category-croisiere_antilles_orientales_2025-2026"],"_links":{"self":[{"href":"https:\/\/mondedesylvieetpierre.ca\/voyage\/index.php?rest_route=\/wp\/v2\/pages\/46157","targetHints":{"allow":["GET"]}}],"collection":[{"href":"https:\/\/mondedesylvieetpierre.ca\/voyage\/index.php?rest_route=\/wp\/v2\/pages"}],"about":[{"href":"https:\/\/mondedesylvieetpierre.ca\/voyage\/index.php?rest_route=\/wp\/v2\/types\/page"}],"author":[{"embeddable":true,"href":"https:\/\/mondedesylvieetpierre.ca\/voyage\/index.php?rest_route=\/wp\/v2\/users\/1"}],"replies":[{"embeddable":true,"href":"https:\/\/mondedesylvieetpierre.ca\/voyage\/index.php?rest_route=%2Fwp%2Fv2%2Fcomments&post=46157"}],"version-history":[{"count":22,"href":"https:\/\/mondedesylvieetpierre.ca\/voyage\/index.php?rest_route=\/wp\/v2\/pages\/46157\/revisions"}],"predecessor-version":[{"id":46330,"href":"https:\/\/mondedesylvieetpierre.ca\/voyage\/index.php?rest_route=\/wp\/v2\/pages\/46157\/revisions\/46330"}],"wp:attachment":[{"href":"https:\/\/mondedesylvieetpierre.ca\/voyage\/index.php?rest_route=%2Fwp%2Fv2%2Fmedia&parent=46157"}],"wp:term":[{"taxonomy":"category","embeddable":true,"href":"https:\/\/mondedesylvieetpierre.ca\/voyage\/index.php?rest_route=%2Fwp%2Fv2%2Fcategories&post=46157"},{"taxonomy":"post_tag","embeddable":true,"href":"https:\/\/mondedesylvieetpierre.ca\/voyage\/index.php?rest_route=%2Fwp%2Fv2%2Ftags&post=46157"}],"curies":[{"name":"wp","href":"https:\/\/api.w.org\/{rel}","templated":true}]}}