{"id":6276,"date":"2013-01-18T16:35:58","date_gmt":"2013-01-18T21:35:58","guid":{"rendered":"https:\/\/mondedesylvieetpierre.ca\/voyage\/?page_id=6276"},"modified":"2023-12-15T18:15:12","modified_gmt":"2023-12-15T23:15:12","slug":"puerto-montt","status":"publish","type":"page","link":"https:\/\/mondedesylvieetpierre.ca\/voyage\/?page_id=6276","title":{"rendered":"Puerto Montt 2013"},"content":{"rendered":"\t\t<div data-elementor-type=\"wp-page\" data-elementor-id=\"6276\" class=\"elementor elementor-6276\" data-elementor-post-type=\"page\">\n\t\t\t\t\t\t<section class=\"elementor-section elementor-top-section elementor-element elementor-element-3012c316 elementor-section-boxed elementor-section-height-default elementor-section-height-default\" data-id=\"3012c316\" data-element_type=\"section\" data-e-type=\"section\">\n\t\t\t\t\t\t<div class=\"elementor-container elementor-column-gap-default\">\n\t\t\t\t\t<div class=\"elementor-column elementor-col-100 elementor-top-column elementor-element elementor-element-26008fa9\" data-id=\"26008fa9\" data-element_type=\"column\" data-e-type=\"column\">\n\t\t\t<div class=\"elementor-widget-wrap elementor-element-populated\">\n\t\t\t\t\t\t<div class=\"elementor-element elementor-element-421332d1 elementor-widget elementor-widget-heading\" data-id=\"421332d1\" data-element_type=\"widget\" data-e-type=\"widget\" data-widget_type=\"heading.default\">\n\t\t\t\t\t<h2 class=\"elementor-heading-title elementor-size-xl\">Puerto&nbsp;Montt<\/h2>\t\t\t\t<\/div>\n\t\t\t\t\t<\/div>\n\t\t<\/div>\n\t\t\t\t\t<\/div>\n\t\t<\/section>\n\t\t\t\t<section class=\"elementor-section elementor-top-section elementor-element elementor-element-119be930 elementor-section-boxed elementor-section-height-default elementor-section-height-default\" data-id=\"119be930\" data-element_type=\"section\" data-e-type=\"section\">\n\t\t\t\t\t\t<div class=\"elementor-container elementor-column-gap-default\">\n\t\t\t\t\t<div class=\"elementor-column elementor-col-100 elementor-top-column elementor-element elementor-element-f2c1998\" data-id=\"f2c1998\" data-element_type=\"column\" data-e-type=\"column\">\n\t\t\t<div class=\"elementor-widget-wrap elementor-element-populated\">\n\t\t\t\t\t\t<div class=\"elementor-element elementor-element-18272c11 elementor-widget elementor-widget-heading\" data-id=\"18272c11\" data-element_type=\"widget\" data-e-type=\"widget\" data-widget_type=\"heading.default\">\n\t\t\t\t\t<h2 class=\"elementor-heading-title elementor-size-default\">Province de Llanquihue<\/h2>\t\t\t\t<\/div>\n\t\t\t\t\t<\/div>\n\t\t<\/div>\n\t\t\t\t\t<\/div>\n\t\t<\/section>\n\t\t\t\t<section class=\"elementor-section elementor-top-section elementor-element elementor-element-3c1273f9 elementor-section-boxed elementor-section-height-default elementor-section-height-default\" data-id=\"3c1273f9\" data-element_type=\"section\" data-e-type=\"section\">\n\t\t\t\t\t\t<div class=\"elementor-container elementor-column-gap-default\">\n\t\t\t\t\t<div class=\"elementor-column elementor-col-100 elementor-top-column elementor-element elementor-element-4a0d318f\" data-id=\"4a0d318f\" data-element_type=\"column\" data-e-type=\"column\">\n\t\t\t<div class=\"elementor-widget-wrap elementor-element-populated\">\n\t\t\t\t\t\t<div class=\"elementor-element elementor-element-6c149e12 elementor-widget elementor-widget-image\" data-id=\"6c149e12\" data-element_type=\"widget\" data-e-type=\"widget\" data-widget_type=\"image.default\">\n\t\t\t\t\t\t\t\t\t\t\t\t\t\t\t<img decoding=\"async\" width=\"100\" height=\"67\" src=\"https:\/\/mondedesylvieetpierre.ca\/voyage\/wp-content\/uploads\/2016\/01\/Flag_of_Chile.png\" class=\"attachment-pixelwars_theme_image_size_nullx500 size-pixelwars_theme_image_size_nullx500 wp-image-6423\" alt=\"\" \/>\t\t\t\t\t\t\t\t\t\t\t\t\t\t\t<\/div>\n\t\t\t\t\t<\/div>\n\t\t<\/div>\n\t\t\t\t\t<\/div>\n\t\t<\/section>\n\t\t\t\t<section class=\"elementor-section elementor-top-section elementor-element elementor-element-3794e601 elementor-section-boxed elementor-section-height-default elementor-section-height-default\" data-id=\"3794e601\" data-element_type=\"section\" data-e-type=\"section\">\n\t\t\t\t\t\t<div class=\"elementor-container elementor-column-gap-default\">\n\t\t\t\t\t<div class=\"elementor-column elementor-col-100 elementor-top-column elementor-element elementor-element-26677520\" data-id=\"26677520\" data-element_type=\"column\" data-e-type=\"column\">\n\t\t\t<div class=\"elementor-widget-wrap elementor-element-populated\">\n\t\t\t\t\t\t<div class=\"elementor-element elementor-element-fc74c6a elementor-widget elementor-widget-heading\" data-id=\"fc74c6a\" data-element_type=\"widget\" data-e-type=\"widget\" data-widget_type=\"heading.default\">\n\t\t\t\t\t<h2 class=\"elementor-heading-title elementor-size-default\">Chili<\/h2>\t\t\t\t<\/div>\n\t\t\t\t\t<\/div>\n\t\t<\/div>\n\t\t\t\t\t<\/div>\n\t\t<\/section>\n\t\t\t\t<section class=\"elementor-section elementor-top-section elementor-element elementor-element-850fb9f elementor-section-boxed elementor-section-height-default elementor-section-height-default\" data-id=\"850fb9f\" data-element_type=\"section\" data-e-type=\"section\">\n\t\t\t\t\t\t<div class=\"elementor-container elementor-column-gap-default\">\n\t\t\t\t\t<div class=\"elementor-column elementor-col-100 elementor-top-column elementor-element elementor-element-633964f9\" data-id=\"633964f9\" data-element_type=\"column\" data-e-type=\"column\">\n\t\t\t<div class=\"elementor-widget-wrap elementor-element-populated\">\n\t\t\t\t\t\t<div class=\"elementor-element elementor-element-57a0e117 elementor-widget-divider--view-line_text elementor-widget-divider--element-align-center elementor-widget elementor-widget-divider\" data-id=\"57a0e117\" data-element_type=\"widget\" data-e-type=\"widget\" data-widget_type=\"divider.default\">\n\t\t\t\t\t\t\t<div class=\"elementor-divider\">\n\t\t\t<span class=\"elementor-divider-separator\">\n\t\t\t\t\t\t\t<span class=\"elementor-divider__text elementor-divider__element\">\n\t\t\t\tHistorique de l'endroit\t\t\t\t<\/span>\n\t\t\t\t\t\t<\/span>\n\t\t<\/div>\n\t\t\t\t\t\t<\/div>\n\t\t\t\t\t<\/div>\n\t\t<\/div>\n\t\t\t\t\t<\/div>\n\t\t<\/section>\n\t\t\t\t<section class=\"elementor-section elementor-top-section elementor-element elementor-element-6de92556 elementor-section-boxed elementor-section-height-default elementor-section-height-default\" data-id=\"6de92556\" data-element_type=\"section\" data-e-type=\"section\">\n\t\t\t\t\t\t<div class=\"elementor-container elementor-column-gap-default\">\n\t\t\t\t\t<div class=\"elementor-column elementor-col-100 elementor-top-column elementor-element elementor-element-49164658\" data-id=\"49164658\" data-element_type=\"column\" data-e-type=\"column\">\n\t\t\t<div class=\"elementor-widget-wrap elementor-element-populated\">\n\t\t\t\t\t\t<div class=\"elementor-element elementor-element-622371b6 elementor-widget elementor-widget-image\" data-id=\"622371b6\" data-element_type=\"widget\" data-e-type=\"widget\" data-widget_type=\"image.default\">\n\t\t\t\t\t\t\t\t\t\t\t\t<figure class=\"wp-caption\">\n\t\t\t\t\t\t\t\t\t\t<img fetchpriority=\"high\" decoding=\"async\" width=\"300\" height=\"199\" src=\"https:\/\/mondedesylvieetpierre.ca\/voyage\/wp-content\/uploads\/2016\/01\/Puerto-montt.jpg\" class=\"attachment-pixelwars_theme_image_size_nullx500 size-pixelwars_theme_image_size_nullx500 wp-image-6446\" alt=\"\" \/>\t\t\t\t\t\t\t\t\t\t\t<figcaption class=\"widget-image-caption wp-caption-text\">Puerto&nbsp;Montt au Chili<\/figcaption>\n\t\t\t\t\t\t\t\t\t\t<\/figure>\n\t\t\t\t\t\t\t\t\t<\/div>\n\t\t\t\t\t<\/div>\n\t\t<\/div>\n\t\t\t\t\t<\/div>\n\t\t<\/section>\n\t\t\t\t<section class=\"elementor-section elementor-top-section elementor-element elementor-element-384549c5 elementor-section-boxed elementor-section-height-default elementor-section-height-default\" data-id=\"384549c5\" data-element_type=\"section\" data-e-type=\"section\">\n\t\t\t\t\t\t<div class=\"elementor-container elementor-column-gap-default\">\n\t\t\t\t\t<div class=\"elementor-column elementor-col-100 elementor-top-column elementor-element elementor-element-7251baca\" data-id=\"7251baca\" data-element_type=\"column\" data-e-type=\"column\">\n\t\t\t<div class=\"elementor-widget-wrap elementor-element-populated\">\n\t\t\t\t\t\t<div class=\"elementor-element elementor-element-74a6fabc elementor-widget elementor-widget-text-editor\" data-id=\"74a6fabc\" data-element_type=\"widget\" data-e-type=\"widget\" data-widget_type=\"text-editor.default\">\n\t\t\t\t\t\t\t\t\t<p style=\"text-align: center;\"><strong>Puerto&nbsp;Montt<\/strong> est un port de la ville et de la commune dans le sud du Chili, situ\u00e9 \u00e0 l&rsquo;extr\u00e9mit\u00e9 nord de l&rsquo;acoustique&nbsp;Reloncav\u00ed<br \/>\ndans la province de&nbsp;Llanquihue, r\u00e9gion de los&nbsp;Lagos, 1,055&nbsp;km au&nbsp;sud de la capitale&nbsp;Santiago.<br \/>\n<strong>Puerto&nbsp;Montt<\/strong> a acquis une renomm\u00e9e et consid\u00e9rablement augment\u00e9 en raison de la hausse du&nbsp;Chili en tant que plus grand producteur de saumon<br \/>\ndeuxi\u00e8me du monde pendant les ann\u00e9es&nbsp;1990 et&nbsp;2000.<\/p>\t\t\t\t\t\t\t\t<\/div>\n\t\t\t\t\t<\/div>\n\t\t<\/div>\n\t\t\t\t\t<\/div>\n\t\t<\/section>\n\t\t\t\t<section class=\"elementor-section elementor-top-section elementor-element elementor-element-37309ef0 elementor-section-boxed elementor-section-height-default elementor-section-height-default\" data-id=\"37309ef0\" data-element_type=\"section\" data-e-type=\"section\">\n\t\t\t\t\t\t<div class=\"elementor-container elementor-column-gap-default\">\n\t\t\t\t\t<div class=\"elementor-column elementor-col-100 elementor-top-column elementor-element elementor-element-53840f95\" data-id=\"53840f95\" data-element_type=\"column\" data-e-type=\"column\">\n\t\t\t<div class=\"elementor-widget-wrap elementor-element-populated\">\n\t\t\t\t\t\t<div class=\"elementor-element elementor-element-7b668c58 elementor-widget-divider--view-line_text elementor-widget-divider--element-align-center elementor-widget elementor-widget-divider\" data-id=\"7b668c58\" data-element_type=\"widget\" data-e-type=\"widget\" data-widget_type=\"divider.default\">\n\t\t\t\t\t\t\t<div class=\"elementor-divider\">\n\t\t\t<span class=\"elementor-divider-separator\">\n\t\t\t\t\t\t\t<span class=\"elementor-divider__text elementor-divider__element\">\n\t\t\t\tVenez voir nos 52 photos\t\t\t\t<\/span>\n\t\t\t\t\t\t<\/span>\n\t\t<\/div>\n\t\t\t\t\t\t<\/div>\n\t\t\t\t\t<\/div>\n\t\t<\/div>\n\t\t\t\t\t<\/div>\n\t\t<\/section>\n\t\t\t\t<section class=\"elementor-section elementor-top-section elementor-element elementor-element-147a35be elementor-section-boxed elementor-section-height-default elementor-section-height-default\" data-id=\"147a35be\" data-element_type=\"section\" data-e-type=\"section\">\n\t\t\t\t\t\t<div class=\"elementor-container elementor-column-gap-default\">\n\t\t\t\t\t<div class=\"elementor-column elementor-col-100 elementor-top-column elementor-element elementor-element-2811618b\" data-id=\"2811618b\" data-element_type=\"column\" data-e-type=\"column\">\n\t\t\t<div class=\"elementor-widget-wrap elementor-element-populated\">\n\t\t\t\t\t\t<div class=\"elementor-element elementor-element-2f1dc9a elementor-widget elementor-widget-shortcode\" data-id=\"2f1dc9a\" data-element_type=\"widget\" data-e-type=\"widget\" data-widget_type=\"shortcode.default\">\n\t\t\t\t\t\t\t<div class=\"elementor-shortcode\"><iframe class=\"aligncenter\" src=\"https:\/\/public.joomeo.com\/albums\/623229a660c3f\/slideshow?iframe=1\" width=\"500\" height=\"333\" frameborder=\"0\" scrolling=\"no\" allowfullscreen=\"allowfullscreen\"><\/iframe><\/div>\n\t\t\t\t\t\t<\/div>\n\t\t\t\t\t<\/div>\n\t\t<\/div>\n\t\t\t\t\t<\/div>\n\t\t<\/section>\n\t\t\t\t<section class=\"elementor-section elementor-top-section elementor-element elementor-element-3b4f460a elementor-section-boxed elementor-section-height-default elementor-section-height-default\" data-id=\"3b4f460a\" data-element_type=\"section\" data-e-type=\"section\">\n\t\t\t\t\t\t<div class=\"elementor-container elementor-column-gap-default\">\n\t\t\t\t\t<div class=\"elementor-column elementor-col-100 elementor-top-column elementor-element elementor-element-427a31d5\" data-id=\"427a31d5\" data-element_type=\"column\" data-e-type=\"column\">\n\t\t\t<div class=\"elementor-widget-wrap elementor-element-populated\">\n\t\t\t\t\t\t<div class=\"elementor-element elementor-element-768e9447 elementor-widget-divider--view-line_text elementor-widget-divider--element-align-center elementor-widget elementor-widget-divider\" data-id=\"768e9447\" data-element_type=\"widget\" data-e-type=\"widget\" data-widget_type=\"divider.default\">\n\t\t\t\t\t\t\t<div class=\"elementor-divider\">\n\t\t\t<span class=\"elementor-divider-separator\">\n\t\t\t\t\t\t\t<span class=\"elementor-divider__text elementor-divider__element\">\n\t\t\t\tVenez voir nos 4 vid\u00e9os\t\t\t\t<\/span>\n\t\t\t\t\t\t<\/span>\n\t\t<\/div>\n\t\t\t\t\t\t<\/div>\n\t\t\t\t\t<\/div>\n\t\t<\/div>\n\t\t\t\t\t<\/div>\n\t\t<\/section>\n\t\t\t\t<section class=\"elementor-section elementor-top-section elementor-element elementor-element-17c02268 elementor-section-boxed elementor-section-height-default elementor-section-height-default\" data-id=\"17c02268\" data-element_type=\"section\" data-e-type=\"section\">\n\t\t\t\t\t\t<div class=\"elementor-container elementor-column-gap-default\">\n\t\t\t\t\t<div class=\"elementor-column elementor-col-100 elementor-top-column elementor-element elementor-element-49dfb74c\" data-id=\"49dfb74c\" data-element_type=\"column\" data-e-type=\"column\">\n\t\t\t<div class=\"elementor-widget-wrap elementor-element-populated\">\n\t\t\t\t\t\t<div class=\"elementor-element elementor-element-412821d elementor-widget elementor-widget-shortcode\" data-id=\"412821d\" data-element_type=\"widget\" data-e-type=\"widget\" data-widget_type=\"shortcode.default\">\n\t\t\t\t\t\t\t<div class=\"elementor-shortcode\"><iframe class=\"aligncenter\" src=\"https:\/\/public.joomeo.com\/albums\/623229cf12a36\/slideshow?iframe=1\" width=\"500\" height=\"333\" frameborder=\"0\" scrolling=\"no\" allowfullscreen=\"allowfullscreen\"><\/iframe><\/div>\n\t\t\t\t\t\t<\/div>\n\t\t\t\t\t<\/div>\n\t\t<\/div>\n\t\t\t\t\t<\/div>\n\t\t<\/section>\n\t\t<div class=\"elementor-element elementor-element-6cbc488 e-flex e-con-boxed e-con e-parent\" data-id=\"6cbc488\" data-element_type=\"container\" data-e-type=\"container\">\n\t\t\t\t\t<div class=\"e-con-inner\">\n\t\t\t\t<div class=\"elementor-element elementor-element-51d8cb9 elementor-widget-divider--view-line_text elementor-widget-divider--element-align-center elementor-widget elementor-widget-divider\" data-id=\"51d8cb9\" data-element_type=\"widget\" data-e-type=\"widget\" data-widget_type=\"divider.default\">\n\t\t\t\t\t\t\t<div class=\"elementor-divider\">\n\t\t\t<span class=\"elementor-divider-separator\">\n\t\t\t\t\t\t\t<span class=\"elementor-divider__text elementor-divider__element\">\n\t\t\t\tMenu de ce voyage\t\t\t\t<\/span>\n\t\t\t\t\t\t<\/span>\n\t\t<\/div>\n\t\t\t\t\t\t<\/div>\n\t\t\t\t\t<\/div>\n\t\t\t\t<\/div>\n\t\t\t\t<section class=\"elementor-section elementor-top-section elementor-element elementor-element-5945fe7b elementor-section-boxed elementor-section-height-default elementor-section-height-default\" data-id=\"5945fe7b\" data-element_type=\"section\" data-e-type=\"section\">\n\t\t\t\t\t\t<div class=\"elementor-container elementor-column-gap-default\">\n\t\t\t\t\t<div class=\"elementor-column elementor-col-100 elementor-top-column elementor-element elementor-element-2a6cdff2\" data-id=\"2a6cdff2\" data-element_type=\"column\" data-e-type=\"column\">\n\t\t\t<div class=\"elementor-widget-wrap elementor-element-populated\">\n\t\t\t\t\t\t<div class=\"elementor-element elementor-element-1f63888b elementor-widget elementor-widget-text-editor\" data-id=\"1f63888b\" data-element_type=\"widget\" data-e-type=\"widget\" data-widget_type=\"text-editor.default\">\n\t\t\t\t\t\t\t\t\t<table border=\"0\" width=\"100%\" cellspacing=\"10\" align=\"center\">\n<tbody>\n<tr>\n<th class=\"menugroslettre\" colspan=\"2\" scope=\"col\" width=\"90%\">MENU DE LA CROISI\u00c8RE EN ANTARCTIQUE ET L&rsquo;AM\u00c9RIQUE DU SUD<\/th>\n<\/tr>\n<tr>\n<th width=\"90%\" colspan=\"2\" align=\"center\"><a href=\"https:\/\/mondedesylvieetpierre.ca\/voyage\/?p=3527\">Portail de la Croisi\u00e8re en Antarctique et l&rsquo;Am\u00e9rique&nbsp;du&nbsp;Sud<\/a><\/th>\n<\/tr>\n<tr>\n<th rowspan=\"4\" scope=\"row\" align=\"left\" valign=\"middle\" width=\"12%\">En&nbsp;Am\u00e9rique&nbsp;du&nbsp;Sud&nbsp;:<\/th>\n<td align=\"left\" valign=\"middle\">\u2022&nbsp;<strong>En Argentine&nbsp;: <\/strong><a href=\"https:\/\/mondedesylvieetpierre.ca\/voyage\/?page_id=6258\">Buenos&nbsp;Aires<\/a> \u2014 <a href=\"https:\/\/mondedesylvieetpierre.ca\/voyage\/?page_id=6261\">Canal&nbsp;Beagle<\/a> \u2014 <a href=\"https:\/\/mondedesylvieetpierre.ca\/voyage\/?page_id=6264\">Ushuaia<\/a><\/td>\n<\/tr>\n<tr>\n<td align=\"left\" valign=\"middle\">\u2022&nbsp;<strong>Au&nbsp;Br\u00e9sil&nbsp;: <\/strong><a href=\"https:\/\/mondedesylvieetpierre.ca\/voyage\/?page_id=6267\">Rio&nbsp;De&nbsp;Janeiro<\/a><\/td>\n<\/tr>\n<tr>\n<td align=\"left\" valign=\"middle\">\u2022&nbsp;<strong>Au&nbsp;Chili&nbsp;: <\/strong><a href=\"https:\/\/mondedesylvieetpierre.ca\/voyage\/?page_id=6261\">Canal&nbsp;Beagle<\/a> \u2014 <a href=\"https:\/\/mondedesylvieetpierre.ca\/voyage\/?page_id=6273\">Petrohue&nbsp;Falls<\/a> \u2014 <span style=\"color: #cccccc; font-size: large;\">Puerto&nbsp;Montt<\/span> \u2014 <a href=\"https:\/\/mondedesylvieetpierre.ca\/voyage\/?page_id=6279\">Punta&nbsp;Arenas<\/a> \u2014 <a href=\"https:\/\/mondedesylvieetpierre.ca\/voyage\/?page_id=6282\">Santiago<\/a> \u2014 <a href=\"https:\/\/mondedesylvieetpierre.ca\/voyage\/?page_id=6285\">Turis-Otway<\/a> \u2014 <a href=\"https:\/\/mondedesylvieetpierre.ca\/voyage\/?page_id=6288\">Valparaiso<\/a><\/td>\n<\/tr>\n<tr>\n<td align=\"left\" valign=\"middle\">\u2022&nbsp;<strong>En&nbsp;Uruguay&nbsp;: <\/strong><a href=\"https:\/\/mondedesylvieetpierre.ca\/voyage\/?page_id=6291\">Montevideo<\/a><\/td>\n<\/tr>\n<tr>\n<th scope=\"row\" align=\"left\" valign=\"middle\" width=\"12%\">En&nbsp;Antarctique&nbsp;:<\/th>\n<td align=\"left\" valign=\"middle\"><a href=\"https:\/\/mondedesylvieetpierre.ca\/voyage\/?page_id=6294\">Antarctique<\/a> \u2014 <a href=\"https:\/\/mondedesylvieetpierre.ca\/voyage\/?page_id=6297\">Paradise&nbsp;Bay<\/a><\/td>\n<\/tr>\n<tr>\n<th scope=\"row\" align=\"left\" valign=\"middle\" width=\"12%\">Aux&nbsp;\u00celes&nbsp;Malouines&nbsp;:<\/th>\n<td align=\"left\" valign=\"middle\"><a href=\"https:\/\/mondedesylvieetpierre.ca\/voyage\/?page_id=6300\">Port&nbsp;Stanley<\/a><\/td>\n<\/tr>\n<tr>\n<th scope=\"row\" align=\"left\" valign=\"middle\" width=\"12%\">Le&nbsp;bateau&nbsp;:<\/th>\n<td align=\"left\" valign=\"middle\"><a href=\"https:\/\/mondedesylvieetpierre.ca\/voyage\/?page_id=6303\">MS&nbsp;Veendam<\/a> \u2014 <a href=\"https:\/\/mondedesylvieetpierre.ca\/voyage\/?page_id=6309\">Jour&nbsp;de&nbsp;l&rsquo;An<\/a><\/td>\n<\/tr>\n<\/tbody>\n<\/table>\t\t\t\t\t\t\t\t<\/div>\n\t\t\t\t\t<\/div>\n\t\t<\/div>\n\t\t\t\t\t<\/div>\n\t\t<\/section>\n\t\t\t\t<\/div>\n\t\t","protected":false},"excerpt":{"rendered":"<p>Puerto&nbsp;Montt Province de Llanquihue Chili Historique de l&rsquo;endroit Puerto&nbsp;Montt au Chili Puerto&nbsp;Montt est un port de la ville et de la commune dans le sud du Chili, situ\u00e9 \u00e0 l&rsquo;extr\u00e9mit\u00e9 nord de l&rsquo;acoustique&nbsp;Reloncav\u00ed dans la province de&nbsp;Llanquihue, r\u00e9gion de los&nbsp;Lagos, 1,055&nbsp;km au&nbsp;sud de la capitale&nbsp;Santiago. Puerto&nbsp;Montt a acquis une renomm\u00e9e et consid\u00e9rablement augment\u00e9 en raison&#8230; <span class=\"more\"><a class=\"more-link\" href=\"https:\/\/mondedesylvieetpierre.ca\/voyage\/?page_id=6276\">Lire la suite<\/a><\/span><\/p>\n","protected":false},"author":1,"featured_media":0,"parent":0,"menu_order":0,"comment_status":"closed","ping_status":"closed","template":"elementor_header_footer","meta":{"footnotes":""},"categories":[137],"tags":[],"class_list":["post-6276","page","type-page","status-publish","hentry","category-antartique_2013"],"_links":{"self":[{"href":"https:\/\/mondedesylvieetpierre.ca\/voyage\/index.php?rest_route=\/wp\/v2\/pages\/6276","targetHints":{"allow":["GET"]}}],"collection":[{"href":"https:\/\/mondedesylvieetpierre.ca\/voyage\/index.php?rest_route=\/wp\/v2\/pages"}],"about":[{"href":"https:\/\/mondedesylvieetpierre.ca\/voyage\/index.php?rest_route=\/wp\/v2\/types\/page"}],"author":[{"embeddable":true,"href":"https:\/\/mondedesylvieetpierre.ca\/voyage\/index.php?rest_route=\/wp\/v2\/users\/1"}],"replies":[{"embeddable":true,"href":"https:\/\/mondedesylvieetpierre.ca\/voyage\/index.php?rest_route=%2Fwp%2Fv2%2Fcomments&post=6276"}],"version-history":[{"count":0,"href":"https:\/\/mondedesylvieetpierre.ca\/voyage\/index.php?rest_route=\/wp\/v2\/pages\/6276\/revisions"}],"wp:attachment":[{"href":"https:\/\/mondedesylvieetpierre.ca\/voyage\/index.php?rest_route=%2Fwp%2Fv2%2Fmedia&parent=6276"}],"wp:term":[{"taxonomy":"category","embeddable":true,"href":"https:\/\/mondedesylvieetpierre.ca\/voyage\/index.php?rest_route=%2Fwp%2Fv2%2Fcategories&post=6276"},{"taxonomy":"post_tag","embeddable":true,"href":"https:\/\/mondedesylvieetpierre.ca\/voyage\/index.php?rest_route=%2Fwp%2Fv2%2Ftags&post=6276"}],"curies":[{"name":"wp","href":"https:\/\/api.w.org\/{rel}","templated":true}]}}