{"id":6608,"date":"2012-06-30T10:38:20","date_gmt":"2012-06-30T15:38:20","guid":{"rendered":"https:\/\/mondedesylvieetpierre.ca\/voyage\/?page_id=6608"},"modified":"2023-12-15T18:22:37","modified_gmt":"2023-12-15T23:22:37","slug":"visby-2012","status":"publish","type":"page","link":"https:\/\/mondedesylvieetpierre.ca\/voyage\/?page_id=6608","title":{"rendered":"Visby 2012"},"content":{"rendered":"\t\t<div data-elementor-type=\"wp-page\" data-elementor-id=\"6608\" class=\"elementor elementor-6608\" data-elementor-post-type=\"page\">\n\t\t\t\t\t\t<section class=\"elementor-section elementor-top-section elementor-element elementor-element-1d15dc69 elementor-section-boxed elementor-section-height-default elementor-section-height-default\" data-id=\"1d15dc69\" data-element_type=\"section\" data-e-type=\"section\">\n\t\t\t\t\t\t<div class=\"elementor-container elementor-column-gap-default\">\n\t\t\t\t\t<div class=\"elementor-column elementor-col-100 elementor-top-column elementor-element elementor-element-6b2d95ce\" data-id=\"6b2d95ce\" data-element_type=\"column\" data-e-type=\"column\">\n\t\t\t<div class=\"elementor-widget-wrap elementor-element-populated\">\n\t\t\t\t\t\t<div class=\"elementor-element elementor-element-46a1bd80 elementor-widget elementor-widget-heading\" data-id=\"46a1bd80\" data-element_type=\"widget\" data-e-type=\"widget\" data-widget_type=\"heading.default\">\n\t\t\t\t\t<h2 class=\"elementor-heading-title elementor-size-xl\">Visby<\/h2>\t\t\t\t<\/div>\n\t\t\t\t\t<\/div>\n\t\t<\/div>\n\t\t\t\t\t<\/div>\n\t\t<\/section>\n\t\t\t\t<section class=\"elementor-section elementor-top-section elementor-element elementor-element-74aa3756 elementor-section-boxed elementor-section-height-default elementor-section-height-default\" data-id=\"74aa3756\" data-element_type=\"section\" data-e-type=\"section\">\n\t\t\t\t\t\t<div class=\"elementor-container elementor-column-gap-default\">\n\t\t\t\t\t<div class=\"elementor-column elementor-col-100 elementor-top-column elementor-element elementor-element-2a469795\" data-id=\"2a469795\" data-element_type=\"column\" data-e-type=\"column\">\n\t\t\t<div class=\"elementor-widget-wrap elementor-element-populated\">\n\t\t\t\t\t\t<div class=\"elementor-element elementor-element-59348745 elementor-widget elementor-widget-heading\" data-id=\"59348745\" data-element_type=\"widget\" data-e-type=\"widget\" data-widget_type=\"heading.default\">\n\t\t\t\t\t<h2 class=\"elementor-heading-title elementor-size-default\">Province de Gotland<\/h2>\t\t\t\t<\/div>\n\t\t\t\t\t<\/div>\n\t\t<\/div>\n\t\t\t\t\t<\/div>\n\t\t<\/section>\n\t\t\t\t<section class=\"elementor-section elementor-top-section elementor-element elementor-element-75f51d9a elementor-section-boxed elementor-section-height-default elementor-section-height-default\" data-id=\"75f51d9a\" data-element_type=\"section\" data-e-type=\"section\">\n\t\t\t\t\t\t<div class=\"elementor-container elementor-column-gap-default\">\n\t\t\t\t\t<div class=\"elementor-column elementor-col-100 elementor-top-column elementor-element elementor-element-1986b85a\" data-id=\"1986b85a\" data-element_type=\"column\" data-e-type=\"column\">\n\t\t\t<div class=\"elementor-widget-wrap elementor-element-populated\">\n\t\t\t\t\t\t<div class=\"elementor-element elementor-element-436744a4 elementor-widget elementor-widget-image\" data-id=\"436744a4\" data-element_type=\"widget\" data-e-type=\"widget\" data-widget_type=\"image.default\">\n\t\t\t\t\t\t\t\t\t\t\t\t\t\t\t<img decoding=\"async\" width=\"100\" height=\"62\" src=\"https:\/\/mondedesylvieetpierre.ca\/voyage\/wp-content\/uploads\/2016\/02\/Flag_of_Sweden.png\" class=\"attachment-pixelwars_theme_image_size_nullx500 size-pixelwars_theme_image_size_nullx500 wp-image-6780\" alt=\"\" \/>\t\t\t\t\t\t\t\t\t\t\t\t\t\t\t<\/div>\n\t\t\t\t\t<\/div>\n\t\t<\/div>\n\t\t\t\t\t<\/div>\n\t\t<\/section>\n\t\t\t\t<section class=\"elementor-section elementor-top-section elementor-element elementor-element-2c58c5b4 elementor-section-boxed elementor-section-height-default elementor-section-height-default\" data-id=\"2c58c5b4\" data-element_type=\"section\" data-e-type=\"section\">\n\t\t\t\t\t\t<div class=\"elementor-container elementor-column-gap-default\">\n\t\t\t\t\t<div class=\"elementor-column elementor-col-100 elementor-top-column elementor-element elementor-element-6564def8\" data-id=\"6564def8\" data-element_type=\"column\" data-e-type=\"column\">\n\t\t\t<div class=\"elementor-widget-wrap elementor-element-populated\">\n\t\t\t\t\t\t<div class=\"elementor-element elementor-element-2b39682b elementor-widget elementor-widget-heading\" data-id=\"2b39682b\" data-element_type=\"widget\" data-e-type=\"widget\" data-widget_type=\"heading.default\">\n\t\t\t\t\t<h2 class=\"elementor-heading-title elementor-size-default\">Su\u00e8de<\/h2>\t\t\t\t<\/div>\n\t\t\t\t\t<\/div>\n\t\t<\/div>\n\t\t\t\t\t<\/div>\n\t\t<\/section>\n\t\t\t\t<section class=\"elementor-section elementor-top-section elementor-element elementor-element-985adf8 elementor-section-boxed elementor-section-height-default elementor-section-height-default\" data-id=\"985adf8\" data-element_type=\"section\" data-e-type=\"section\">\n\t\t\t\t\t\t<div class=\"elementor-container elementor-column-gap-default\">\n\t\t\t\t\t<div class=\"elementor-column elementor-col-100 elementor-top-column elementor-element elementor-element-5c13e7b9\" data-id=\"5c13e7b9\" data-element_type=\"column\" data-e-type=\"column\">\n\t\t\t<div class=\"elementor-widget-wrap elementor-element-populated\">\n\t\t\t\t\t\t<div class=\"elementor-element elementor-element-2b30884d elementor-widget-divider--view-line_text elementor-widget-divider--element-align-center elementor-widget elementor-widget-divider\" data-id=\"2b30884d\" data-element_type=\"widget\" data-e-type=\"widget\" data-widget_type=\"divider.default\">\n\t\t\t\t\t\t\t<div class=\"elementor-divider\">\n\t\t\t<span class=\"elementor-divider-separator\">\n\t\t\t\t\t\t\t<span class=\"elementor-divider__text elementor-divider__element\">\n\t\t\t\tHistorique de l'endroit\t\t\t\t<\/span>\n\t\t\t\t\t\t<\/span>\n\t\t<\/div>\n\t\t\t\t\t\t<\/div>\n\t\t\t\t\t<\/div>\n\t\t<\/div>\n\t\t\t\t\t<\/div>\n\t\t<\/section>\n\t\t\t\t<section class=\"elementor-section elementor-top-section elementor-element elementor-element-7df6d2b0 elementor-section-boxed elementor-section-height-default elementor-section-height-default\" data-id=\"7df6d2b0\" data-element_type=\"section\" data-e-type=\"section\">\n\t\t\t\t\t\t<div class=\"elementor-container elementor-column-gap-default\">\n\t\t\t\t\t<div class=\"elementor-column elementor-col-100 elementor-top-column elementor-element elementor-element-4f17cb74\" data-id=\"4f17cb74\" data-element_type=\"column\" data-e-type=\"column\">\n\t\t\t<div class=\"elementor-widget-wrap elementor-element-populated\">\n\t\t\t\t\t\t<div class=\"elementor-element elementor-element-55ff3c8d elementor-widget elementor-widget-image\" data-id=\"55ff3c8d\" data-element_type=\"widget\" data-e-type=\"widget\" data-widget_type=\"image.default\">\n\t\t\t\t\t\t\t\t\t\t\t\t<figure class=\"wp-caption\">\n\t\t\t\t\t\t\t\t\t\t\t<a href=\"https:\/\/mondedesylvieetpierre.ca\/voyage\/wp-content\/uploads\/2023\/03\/Visby_1200x798.jpg\" data-elementor-open-lightbox=\"yes\" data-elementor-lightbox-title=\"Visby_1200x798\" data-e-action-hash=\"#elementor-action%3Aaction%3Dlightbox%26settings%3DeyJpZCI6MzUwMzMsInVybCI6Imh0dHBzOlwvXC9tb25kZWRlc3lsdmllZXRwaWVycmUuY2FcL3ZveWFnZVwvd3AtY29udGVudFwvdXBsb2Fkc1wvMjAyM1wvMDNcL1Zpc2J5XzEyMDB4Nzk4LmpwZyJ9\">\n\t\t\t\t\t\t\t<img decoding=\"async\" src=\"https:\/\/mondedesylvieetpierre.ca\/voyage\/wp-content\/uploads\/elementor\/thumbs\/Visby_1200x798-q485h5nf5qqb7f5tylu3uc7l5kfzeh7dy2wfqmnwfs.jpg\" title=\"Visby_1200x798\" alt=\"Visby_1200x798\" loading=\"lazy\" \/>\t\t\t\t\t\t\t\t<\/a>\n\t\t\t\t\t\t\t\t\t\t\t<figcaption class=\"widget-image-caption wp-caption-text\">Visby en Su\u00e8de<\/figcaption>\n\t\t\t\t\t\t\t\t\t\t<\/figure>\n\t\t\t\t\t\t\t\t\t<\/div>\n\t\t\t\t\t<\/div>\n\t\t<\/div>\n\t\t\t\t\t<\/div>\n\t\t<\/section>\n\t\t\t\t<section class=\"elementor-section elementor-top-section elementor-element elementor-element-20f2fea9 elementor-section-boxed elementor-section-height-default elementor-section-height-default\" data-id=\"20f2fea9\" data-element_type=\"section\" data-e-type=\"section\">\n\t\t\t\t\t\t<div class=\"elementor-container elementor-column-gap-default\">\n\t\t\t\t\t<div class=\"elementor-column elementor-col-100 elementor-top-column elementor-element elementor-element-633fce53\" data-id=\"633fce53\" data-element_type=\"column\" data-e-type=\"column\">\n\t\t\t<div class=\"elementor-widget-wrap elementor-element-populated\">\n\t\t\t\t\t\t<div class=\"elementor-element elementor-element-65c1c06d elementor-widget elementor-widget-text-editor\" data-id=\"65c1c06d\" data-element_type=\"widget\" data-e-type=\"widget\" data-widget_type=\"text-editor.default\">\n\t\t\t\t\t\t\t\t\t<p style=\"text-align: center;\"><strong>Visby<\/strong> est la seule ville&nbsp;su\u00e9doise situ\u00e9e sur l&rsquo;\u00eele&nbsp;de&nbsp;<em>Gotland<\/em>, au milieu de la mer&nbsp;Baltique, \u00e0 90&nbsp;km des c\u00f4tes su\u00e9doises.<br \/>\nAvec 22,593&nbsp;habitants, elle constitue plus du tiers de la population totale de l&rsquo;\u00eele.<br \/>\n<strong>Visby<\/strong> est surtout connue pour son mur de pierre, pratiquement intact, de 3,4&nbsp;kilom\u00e8tres de long qui entoure la vieille ville, et la vieille-ville elle-m\u00eame, tous les deux class\u00e9s patrimoine mondial de l&rsquo;<strong>UNESCO<\/strong>.<br \/>\nCe patrimoine, ainsi que les attraits naturels de l&rsquo;\u00eele ont permis un d\u00e9veloppement important du tourisme, qui est maintenant une des principales industries de la ville.<br \/>\nLa ville est parfois affectueusement appel\u00e9e \u00ab&nbsp;ville&nbsp;des&nbsp;roses&nbsp;et&nbsp;des&nbsp;ruines&nbsp;\u00bb.<\/p>\t\t\t\t\t\t\t\t<\/div>\n\t\t\t\t\t<\/div>\n\t\t<\/div>\n\t\t\t\t\t<\/div>\n\t\t<\/section>\n\t\t\t\t<section class=\"elementor-section elementor-top-section elementor-element elementor-element-547d8055 elementor-section-boxed elementor-section-height-default elementor-section-height-default\" data-id=\"547d8055\" data-element_type=\"section\" data-e-type=\"section\">\n\t\t\t\t\t\t<div class=\"elementor-container elementor-column-gap-default\">\n\t\t\t\t\t<div class=\"elementor-column elementor-col-100 elementor-top-column elementor-element elementor-element-28736f78\" data-id=\"28736f78\" data-element_type=\"column\" data-e-type=\"column\">\n\t\t\t<div class=\"elementor-widget-wrap elementor-element-populated\">\n\t\t\t\t\t\t<div class=\"elementor-element elementor-element-46961031 elementor-widget-divider--view-line_text elementor-widget-divider--element-align-center elementor-widget elementor-widget-divider\" data-id=\"46961031\" data-element_type=\"widget\" data-e-type=\"widget\" data-widget_type=\"divider.default\">\n\t\t\t\t\t\t\t<div class=\"elementor-divider\">\n\t\t\t<span class=\"elementor-divider-separator\">\n\t\t\t\t\t\t\t<span class=\"elementor-divider__text elementor-divider__element\">\n\t\t\t\tVenez voir nos 212 photos\t\t\t\t<\/span>\n\t\t\t\t\t\t<\/span>\n\t\t<\/div>\n\t\t\t\t\t\t<\/div>\n\t\t\t\t\t<\/div>\n\t\t<\/div>\n\t\t\t\t\t<\/div>\n\t\t<\/section>\n\t\t\t\t<section class=\"elementor-section elementor-top-section elementor-element elementor-element-7bb1b73f elementor-section-boxed elementor-section-height-default elementor-section-height-default\" data-id=\"7bb1b73f\" data-element_type=\"section\" data-e-type=\"section\">\n\t\t\t\t\t\t<div class=\"elementor-container elementor-column-gap-default\">\n\t\t\t\t\t<div class=\"elementor-column elementor-col-100 elementor-top-column elementor-element elementor-element-1016060a\" data-id=\"1016060a\" data-element_type=\"column\" data-e-type=\"column\">\n\t\t\t<div class=\"elementor-widget-wrap elementor-element-populated\">\n\t\t\t\t\t\t<div class=\"elementor-element elementor-element-71da1e02 elementor-widget elementor-widget-shortcode\" data-id=\"71da1e02\" data-element_type=\"widget\" data-e-type=\"widget\" data-widget_type=\"shortcode.default\">\n\t\t\t\t\t\t\t<div class=\"elementor-shortcode\"><iframe src=\"https:\/\/public.joomeo.com\/albums\/6424242e804db\/slideshow?iframe=1\" scrolling=\"no\" frameborder=\"0\" width=\"500\" height=\"333\" allowfullscreen><\/iframe><\/div>\n\t\t\t\t\t\t<\/div>\n\t\t\t\t\t<\/div>\n\t\t<\/div>\n\t\t\t\t\t<\/div>\n\t\t<\/section>\n\t\t\t\t<section class=\"elementor-section elementor-top-section elementor-element elementor-element-2fafdc22 elementor-section-boxed elementor-section-height-default elementor-section-height-default\" data-id=\"2fafdc22\" data-element_type=\"section\" data-e-type=\"section\">\n\t\t\t\t\t\t<div class=\"elementor-container elementor-column-gap-default\">\n\t\t\t\t\t<div class=\"elementor-column elementor-col-100 elementor-top-column elementor-element elementor-element-78e6fb87\" data-id=\"78e6fb87\" data-element_type=\"column\" data-e-type=\"column\">\n\t\t\t<div class=\"elementor-widget-wrap elementor-element-populated\">\n\t\t\t\t\t\t<div class=\"elementor-element elementor-element-6eef4ccb elementor-widget-divider--view-line_text elementor-widget-divider--element-align-center elementor-widget elementor-widget-divider\" data-id=\"6eef4ccb\" data-element_type=\"widget\" data-e-type=\"widget\" data-widget_type=\"divider.default\">\n\t\t\t\t\t\t\t<div class=\"elementor-divider\">\n\t\t\t<span class=\"elementor-divider-separator\">\n\t\t\t\t\t\t\t<span class=\"elementor-divider__text elementor-divider__element\">\n\t\t\t\tVenez voir nos 3 vid\u00e9os\t\t\t\t<\/span>\n\t\t\t\t\t\t<\/span>\n\t\t<\/div>\n\t\t\t\t\t\t<\/div>\n\t\t\t\t\t<\/div>\n\t\t<\/div>\n\t\t\t\t\t<\/div>\n\t\t<\/section>\n\t\t\t\t<section class=\"elementor-section elementor-top-section elementor-element elementor-element-4b34f1fe elementor-section-boxed elementor-section-height-default elementor-section-height-default\" data-id=\"4b34f1fe\" data-element_type=\"section\" data-e-type=\"section\">\n\t\t\t\t\t\t<div class=\"elementor-container elementor-column-gap-default\">\n\t\t\t\t\t<div class=\"elementor-column elementor-col-100 elementor-top-column elementor-element elementor-element-58729929\" data-id=\"58729929\" data-element_type=\"column\" data-e-type=\"column\">\n\t\t\t<div class=\"elementor-widget-wrap elementor-element-populated\">\n\t\t\t\t\t\t<div class=\"elementor-element elementor-element-47a3908b elementor-widget elementor-widget-shortcode\" data-id=\"47a3908b\" data-element_type=\"widget\" data-e-type=\"widget\" data-widget_type=\"shortcode.default\">\n\t\t\t\t\t\t\t<div class=\"elementor-shortcode\"><iframe src=\"https:\/\/public.joomeo.com\/albums\/6424244aa0a73\/slideshow?iframe=1\" scrolling=\"no\" frameborder=\"0\" width=\"500\" height=\"333\" allowfullscreen><\/iframe><\/div>\n\t\t\t\t\t\t<\/div>\n\t\t\t\t\t<\/div>\n\t\t<\/div>\n\t\t\t\t\t<\/div>\n\t\t<\/section>\n\t\t\t\t<section class=\"elementor-section elementor-top-section elementor-element elementor-element-9125db elementor-section-boxed elementor-section-height-default elementor-section-height-default\" data-id=\"9125db\" data-element_type=\"section\" data-e-type=\"section\">\n\t\t\t\t\t\t<div class=\"elementor-container elementor-column-gap-default\">\n\t\t\t\t\t<div class=\"elementor-column elementor-col-100 elementor-top-column elementor-element elementor-element-66c4c433\" data-id=\"66c4c433\" data-element_type=\"column\" data-e-type=\"column\">\n\t\t\t<div class=\"elementor-widget-wrap elementor-element-populated\">\n\t\t\t\t\t\t<div class=\"elementor-element elementor-element-274db237 elementor-widget-divider--view-line_text elementor-widget-divider--element-align-center elementor-widget elementor-widget-divider\" data-id=\"274db237\" data-element_type=\"widget\" data-e-type=\"widget\" data-widget_type=\"divider.default\">\n\t\t\t\t\t\t\t<div class=\"elementor-divider\">\n\t\t\t<span class=\"elementor-divider-separator\">\n\t\t\t\t\t\t\t<span class=\"elementor-divider__text elementor-divider__element\">\n\t\t\t\tMenu de ce voyage\t\t\t\t<\/span>\n\t\t\t\t\t\t<\/span>\n\t\t<\/div>\n\t\t\t\t\t\t<\/div>\n\t\t\t\t\t<\/div>\n\t\t<\/div>\n\t\t\t\t\t<\/div>\n\t\t<\/section>\n\t\t\t\t<section class=\"elementor-section elementor-top-section elementor-element elementor-element-694cc9cd elementor-section-boxed elementor-section-height-default elementor-section-height-default\" data-id=\"694cc9cd\" data-element_type=\"section\" data-e-type=\"section\">\n\t\t\t\t\t\t<div class=\"elementor-container elementor-column-gap-default\">\n\t\t\t\t\t<div class=\"elementor-column elementor-col-100 elementor-top-column elementor-element elementor-element-7d609557\" data-id=\"7d609557\" data-element_type=\"column\" data-e-type=\"column\">\n\t\t\t<div class=\"elementor-widget-wrap elementor-element-populated\">\n\t\t\t\t\t\t<div class=\"elementor-element elementor-element-a9e1dfe elementor-widget elementor-widget-text-editor\" data-id=\"a9e1dfe\" data-element_type=\"widget\" data-e-type=\"widget\" data-widget_type=\"text-editor.default\">\n\t\t\t\t\t\t\t\t\t<table border=\"0\" width=\"100%\" cellspacing=\"10\" align=\"center\">\n<tbody>\n<tr>\n<th class=\"menugroslettre\" colspan=\"2\" scope=\"col\" width=\"90%\">MENU DE LA CROISI\u00c8RE EN SCANDINAVIE, ALLEMAGNE ET RUSSIE<\/th>\n<\/tr>\n<tr>\n<th width=\"90%\" colspan=\"2\" align=\"center\"><a href=\"https:\/\/mondedesylvieetpierre.ca\/voyage\/?p=3522\">Portail de la Croisi\u00e8re en Scandinavie, Allemagne et Russie<\/a><\/th>\n<\/tr>\n<tr>\n<th scope=\"row\" align=\"left\" valign=\"middle\" width=\"12%\">Au&nbsp;Royaume-Uni&nbsp;:<\/th>\n<td align=\"left\" valign=\"middle\"><a href=\"https:\/\/mondedesylvieetpierre.ca\/voyage\/?page_id=6574\">Douvres<\/a> \u2014 <a href=\"https:\/\/mondedesylvieetpierre.ca\/voyage\/?page_id=6577\">Londres<\/a><\/td>\n<\/tr>\n<tr>\n<th scope=\"row\" align=\"left\" valign=\"middle\" width=\"12%\">En&nbsp;Scandinavie&nbsp;:<\/th>\n<td align=\"left\" valign=\"middle\"><a href=\"https:\/\/mondedesylvieetpierre.ca\/voyage\/?page_id=6595\">Copenhague&nbsp;(Danemark)<\/a> \u2014 <a href=\"https:\/\/mondedesylvieetpierre.ca\/voyage\/?page_id=6598\">Helsinki&nbsp;(Finlande)<\/a> \u2014 <a href=\"https:\/\/mondedesylvieetpierre.ca\/voyage\/?page_id=6601\">Stockholm&nbsp;(Su\u00e8de)<\/a> \u2014 <a href=\"https:\/\/mondedesylvieetpierre.ca\/voyage\/?page_id=6604\">Tallinn&nbsp;(Estonie)<\/a> \u2014 <span style=\"color: #cccccc; font-size: large;\">Visby&nbsp;(Su\u00e8de)<\/span><\/td>\n<\/tr>\n<tr>\n<th scope=\"row\" align=\"left\" valign=\"middle\" width=\"12%\">En&nbsp;Russie&nbsp;:<\/th>\n<td align=\"left\" valign=\"middle\"><a href=\"https:\/\/mondedesylvieetpierre.ca\/voyage\/?page_id=6611\">Cath\u00e9drale Saint-Sauveur-sur-le-Sang-Vers\u00e9<\/a> \u2014 <a href=\"https:\/\/mondedesylvieetpierre.ca\/voyage\/?page_id=6614\">Palais&nbsp;de&nbsp;Peterhof<\/a> \u2014 <a href=\"https:\/\/mondedesylvieetpierre.ca\/voyage\/?page_id=6617\">Saint-Petersbourg<\/a><\/td>\n<\/tr>\n<tr>\n<th scope=\"row\" align=\"left\" valign=\"middle\" width=\"12%\">En&nbsp;Allemagne&nbsp;:<\/th>\n<td align=\"left\" valign=\"middle\"><a href=\"https:\/\/mondedesylvieetpierre.ca\/voyage\/?page_id=6621\">Berlin<\/a> \u2014 <a href=\"https:\/\/mondedesylvieetpierre.ca\/voyage\/?page_id=6624\">Camp&nbsp;de concentration&nbsp;Sachsenhausen<\/a> \u2014 <a href=\"https:\/\/mondedesylvieetpierre.ca\/voyage\/?page_id=6627\">Rostock<\/a> \u2014 <a href=\"https:\/\/mondedesylvieetpierre.ca\/voyage\/?page_id=6630\">Warnem\u00fcnde<\/a><\/td>\n<\/tr>\n<tr>\n<th scope=\"row\" align=\"left\" valign=\"middle\" width=\"12%\">Le&nbsp;bateau&nbsp;:<\/th>\n<td align=\"left\" valign=\"middle\"><a href=\"https:\/\/mondedesylvieetpierre.ca\/voyage\/?page_id=6582\">MS&nbsp;Ryndam<\/a> \u2014 <a href=\"https:\/\/mondedesylvieetpierre.ca\/voyage\/?page_id=6591\">Poste&nbsp;de&nbsp;navigation<\/a> \u2014 <a href=\"https:\/\/mondedesylvieetpierre.ca\/voyage\/?page_id=6585\">Dessert&nbsp;Extravaganza<\/a> \u2014 <a href=\"https:\/\/mondedesylvieetpierre.ca\/voyage\/?page_id=6588\">Farewell&nbsp;Dinner<\/a><\/td>\n<\/tr>\n<\/tbody>\n<\/table>\t\t\t\t\t\t\t\t<\/div>\n\t\t\t\t\t<\/div>\n\t\t<\/div>\n\t\t\t\t\t<\/div>\n\t\t<\/section>\n\t\t\t\t<\/div>\n\t\t","protected":false},"excerpt":{"rendered":"<p>Visby Province de Gotland Su\u00e8de Historique de l&rsquo;endroit Visby en Su\u00e8de Visby est la seule ville&nbsp;su\u00e9doise situ\u00e9e sur l&rsquo;\u00eele&nbsp;de&nbsp;Gotland, au milieu de la mer&nbsp;Baltique, \u00e0 90&nbsp;km des c\u00f4tes su\u00e9doises. Avec 22,593&nbsp;habitants, elle constitue plus du tiers de la population totale de l&rsquo;\u00eele. Visby est surtout connue pour son mur de pierre, pratiquement intact, de 3,4&nbsp;kilom\u00e8tres&#8230; <span class=\"more\"><a class=\"more-link\" href=\"https:\/\/mondedesylvieetpierre.ca\/voyage\/?page_id=6608\">Lire la suite<\/a><\/span><\/p>\n","protected":false},"author":1,"featured_media":0,"parent":0,"menu_order":0,"comment_status":"closed","ping_status":"closed","template":"elementor_header_footer","meta":{"footnotes":""},"categories":[138],"tags":[],"class_list":["post-6608","page","type-page","status-publish","hentry","category-scandinavie_russie"],"_links":{"self":[{"href":"https:\/\/mondedesylvieetpierre.ca\/voyage\/index.php?rest_route=\/wp\/v2\/pages\/6608","targetHints":{"allow":["GET"]}}],"collection":[{"href":"https:\/\/mondedesylvieetpierre.ca\/voyage\/index.php?rest_route=\/wp\/v2\/pages"}],"about":[{"href":"https:\/\/mondedesylvieetpierre.ca\/voyage\/index.php?rest_route=\/wp\/v2\/types\/page"}],"author":[{"embeddable":true,"href":"https:\/\/mondedesylvieetpierre.ca\/voyage\/index.php?rest_route=\/wp\/v2\/users\/1"}],"replies":[{"embeddable":true,"href":"https:\/\/mondedesylvieetpierre.ca\/voyage\/index.php?rest_route=%2Fwp%2Fv2%2Fcomments&post=6608"}],"version-history":[{"count":0,"href":"https:\/\/mondedesylvieetpierre.ca\/voyage\/index.php?rest_route=\/wp\/v2\/pages\/6608\/revisions"}],"wp:attachment":[{"href":"https:\/\/mondedesylvieetpierre.ca\/voyage\/index.php?rest_route=%2Fwp%2Fv2%2Fmedia&parent=6608"}],"wp:term":[{"taxonomy":"category","embeddable":true,"href":"https:\/\/mondedesylvieetpierre.ca\/voyage\/index.php?rest_route=%2Fwp%2Fv2%2Fcategories&post=6608"},{"taxonomy":"post_tag","embeddable":true,"href":"https:\/\/mondedesylvieetpierre.ca\/voyage\/index.php?rest_route=%2Fwp%2Fv2%2Ftags&post=6608"}],"curies":[{"name":"wp","href":"https:\/\/api.w.org\/{rel}","templated":true}]}}