{"id":8020,"date":"2011-02-27T09:51:46","date_gmt":"2011-02-27T14:51:46","guid":{"rendered":"https:\/\/mondedesylvieetpierre.ca\/voyage\/?page_id=8020"},"modified":"2023-12-15T18:42:11","modified_gmt":"2023-12-15T23:42:11","slug":"burnie-2011","status":"publish","type":"page","link":"https:\/\/mondedesylvieetpierre.ca\/voyage\/?page_id=8020","title":{"rendered":"Burnie 2011"},"content":{"rendered":"\t\t<div data-elementor-type=\"wp-page\" data-elementor-id=\"8020\" class=\"elementor elementor-8020\" data-elementor-post-type=\"page\">\n\t\t\t\t\t\t<section class=\"elementor-section elementor-top-section elementor-element elementor-element-13a4fd7c elementor-section-boxed elementor-section-height-default elementor-section-height-default\" data-id=\"13a4fd7c\" data-element_type=\"section\" data-e-type=\"section\">\n\t\t\t\t\t\t<div class=\"elementor-container elementor-column-gap-default\">\n\t\t\t\t\t<div class=\"elementor-column elementor-col-100 elementor-top-column elementor-element elementor-element-220b5b82\" data-id=\"220b5b82\" data-element_type=\"column\" data-e-type=\"column\">\n\t\t\t<div class=\"elementor-widget-wrap elementor-element-populated\">\n\t\t\t\t\t\t<div class=\"elementor-element elementor-element-2a64ee5e elementor-widget elementor-widget-heading\" data-id=\"2a64ee5e\" data-element_type=\"widget\" data-e-type=\"widget\" data-widget_type=\"heading.default\">\n\t\t\t\t\t<h2 class=\"elementor-heading-title elementor-size-xl\">Burnie<\/h2>\t\t\t\t<\/div>\n\t\t\t\t\t<\/div>\n\t\t<\/div>\n\t\t\t\t\t<\/div>\n\t\t<\/section>\n\t\t\t\t<section class=\"elementor-section elementor-top-section elementor-element elementor-element-4d00ab3 elementor-section-boxed elementor-section-height-default elementor-section-height-default\" data-id=\"4d00ab3\" data-element_type=\"section\" data-e-type=\"section\">\n\t\t\t\t\t\t<div class=\"elementor-container elementor-column-gap-default\">\n\t\t\t\t\t<div class=\"elementor-column elementor-col-100 elementor-top-column elementor-element elementor-element-3ff4ea45\" data-id=\"3ff4ea45\" data-element_type=\"column\" data-e-type=\"column\">\n\t\t\t<div class=\"elementor-widget-wrap elementor-element-populated\">\n\t\t\t\t\t\t<div class=\"elementor-element elementor-element-5400a83 elementor-widget elementor-widget-heading\" data-id=\"5400a83\" data-element_type=\"widget\" data-e-type=\"widget\" data-widget_type=\"heading.default\">\n\t\t\t\t\t<h2 class=\"elementor-heading-title elementor-size-default\">\u00c9tat de Tasmanie<\/h2>\t\t\t\t<\/div>\n\t\t\t\t\t<\/div>\n\t\t<\/div>\n\t\t\t\t\t<\/div>\n\t\t<\/section>\n\t\t\t\t<section class=\"elementor-section elementor-top-section elementor-element elementor-element-3e17c33f elementor-section-boxed elementor-section-height-default elementor-section-height-default\" data-id=\"3e17c33f\" data-element_type=\"section\" data-e-type=\"section\">\n\t\t\t\t\t\t<div class=\"elementor-container elementor-column-gap-default\">\n\t\t\t\t\t<div class=\"elementor-column elementor-col-100 elementor-top-column elementor-element elementor-element-68015641\" data-id=\"68015641\" data-element_type=\"column\" data-e-type=\"column\">\n\t\t\t<div class=\"elementor-widget-wrap elementor-element-populated\">\n\t\t\t\t\t\t<div class=\"elementor-element elementor-element-65d03dfb elementor-widget elementor-widget-image\" data-id=\"65d03dfb\" data-element_type=\"widget\" data-e-type=\"widget\" data-widget_type=\"image.default\">\n\t\t\t\t\t\t\t\t\t\t\t\t\t\t\t<img decoding=\"async\" width=\"100\" height=\"50\" src=\"https:\/\/mondedesylvieetpierre.ca\/voyage\/wp-content\/uploads\/2016\/02\/Flag_of_Australia.png\" class=\"attachment-pixelwars_theme_image_size_nullx500 size-pixelwars_theme_image_size_nullx500 wp-image-8094\" alt=\"\" \/>\t\t\t\t\t\t\t\t\t\t\t\t\t\t\t<\/div>\n\t\t\t\t\t<\/div>\n\t\t<\/div>\n\t\t\t\t\t<\/div>\n\t\t<\/section>\n\t\t\t\t<section class=\"elementor-section elementor-top-section elementor-element elementor-element-796306b6 elementor-section-boxed elementor-section-height-default elementor-section-height-default\" data-id=\"796306b6\" data-element_type=\"section\" data-e-type=\"section\">\n\t\t\t\t\t\t<div class=\"elementor-container elementor-column-gap-default\">\n\t\t\t\t\t<div class=\"elementor-column elementor-col-100 elementor-top-column elementor-element elementor-element-67aea9b6\" data-id=\"67aea9b6\" data-element_type=\"column\" data-e-type=\"column\">\n\t\t\t<div class=\"elementor-widget-wrap elementor-element-populated\">\n\t\t\t\t\t\t<div class=\"elementor-element elementor-element-970748a elementor-widget elementor-widget-heading\" data-id=\"970748a\" data-element_type=\"widget\" data-e-type=\"widget\" data-widget_type=\"heading.default\">\n\t\t\t\t\t<h2 class=\"elementor-heading-title elementor-size-default\">Australie<\/h2>\t\t\t\t<\/div>\n\t\t\t\t\t<\/div>\n\t\t<\/div>\n\t\t\t\t\t<\/div>\n\t\t<\/section>\n\t\t\t\t<section class=\"elementor-section elementor-top-section elementor-element elementor-element-7d04d463 elementor-section-boxed elementor-section-height-default elementor-section-height-default\" data-id=\"7d04d463\" data-element_type=\"section\" data-e-type=\"section\">\n\t\t\t\t\t\t<div class=\"elementor-container elementor-column-gap-default\">\n\t\t\t\t\t<div class=\"elementor-column elementor-col-100 elementor-top-column elementor-element elementor-element-1dea5e81\" data-id=\"1dea5e81\" data-element_type=\"column\" data-e-type=\"column\">\n\t\t\t<div class=\"elementor-widget-wrap elementor-element-populated\">\n\t\t\t\t\t\t<div class=\"elementor-element elementor-element-625d1f49 elementor-widget-divider--view-line_text elementor-widget-divider--element-align-center elementor-widget elementor-widget-divider\" data-id=\"625d1f49\" data-element_type=\"widget\" data-e-type=\"widget\" data-widget_type=\"divider.default\">\n\t\t\t\t\t\t\t<div class=\"elementor-divider\">\n\t\t\t<span class=\"elementor-divider-separator\">\n\t\t\t\t\t\t\t<span class=\"elementor-divider__text elementor-divider__element\">\n\t\t\t\tHistorique de l'endroit\t\t\t\t<\/span>\n\t\t\t\t\t\t<\/span>\n\t\t<\/div>\n\t\t\t\t\t\t<\/div>\n\t\t\t\t\t<\/div>\n\t\t<\/div>\n\t\t\t\t\t<\/div>\n\t\t<\/section>\n\t\t\t\t<section class=\"elementor-section elementor-top-section elementor-element elementor-element-2ff8edf8 elementor-section-boxed elementor-section-height-default elementor-section-height-default\" data-id=\"2ff8edf8\" data-element_type=\"section\" data-e-type=\"section\">\n\t\t\t\t\t\t<div class=\"elementor-container elementor-column-gap-default\">\n\t\t\t\t\t<div class=\"elementor-column elementor-col-100 elementor-top-column elementor-element elementor-element-701ab2b7\" data-id=\"701ab2b7\" data-element_type=\"column\" data-e-type=\"column\">\n\t\t\t<div class=\"elementor-widget-wrap elementor-element-populated\">\n\t\t\t\t\t\t<div class=\"elementor-element elementor-element-14d7f499 elementor-widget elementor-widget-image\" data-id=\"14d7f499\" data-element_type=\"widget\" data-e-type=\"widget\" data-widget_type=\"image.default\">\n\t\t\t\t\t\t\t\t\t\t\t\t<figure class=\"wp-caption\">\n\t\t\t\t\t\t\t\t\t\t<img fetchpriority=\"high\" decoding=\"async\" width=\"400\" height=\"265\" src=\"https:\/\/mondedesylvieetpierre.ca\/voyage\/wp-content\/uploads\/2016\/02\/burnie-80458_960_720.jpg\" class=\"attachment-pixelwars_theme_image_size_nullx500 size-pixelwars_theme_image_size_nullx500 wp-image-8112\" alt=\"\" srcset=\"https:\/\/mondedesylvieetpierre.ca\/voyage\/wp-content\/uploads\/2016\/02\/burnie-80458_960_720.jpg 400w, https:\/\/mondedesylvieetpierre.ca\/voyage\/wp-content\/uploads\/2016\/02\/burnie-80458_960_720-300x199.jpg 300w\" sizes=\"(max-width: 400px) 100vw, 400px\" \/>\t\t\t\t\t\t\t\t\t\t\t<figcaption class=\"widget-image-caption wp-caption-text\">Burnie en Australie<\/figcaption>\n\t\t\t\t\t\t\t\t\t\t<\/figure>\n\t\t\t\t\t\t\t\t\t<\/div>\n\t\t\t\t\t<\/div>\n\t\t<\/div>\n\t\t\t\t\t<\/div>\n\t\t<\/section>\n\t\t\t\t<section class=\"elementor-section elementor-top-section elementor-element elementor-element-2fa84e72 elementor-section-boxed elementor-section-height-default elementor-section-height-default\" data-id=\"2fa84e72\" data-element_type=\"section\" data-e-type=\"section\">\n\t\t\t\t\t\t<div class=\"elementor-container elementor-column-gap-default\">\n\t\t\t\t\t<div class=\"elementor-column elementor-col-100 elementor-top-column elementor-element elementor-element-5b8ad2c1\" data-id=\"5b8ad2c1\" data-element_type=\"column\" data-e-type=\"column\">\n\t\t\t<div class=\"elementor-widget-wrap elementor-element-populated\">\n\t\t\t\t\t\t<div class=\"elementor-element elementor-element-2c0d3299 elementor-widget elementor-widget-text-editor\" data-id=\"2c0d3299\" data-element_type=\"widget\" data-e-type=\"widget\" data-widget_type=\"text-editor.default\">\n\t\t\t\t\t\t\t\t\t<p style=\"text-align: center;\"><strong>Burnie<\/strong> est une ville portuaire sur la c\u00f4te&nbsp;nord de la&nbsp;Tasmanie en&nbsp;Australie \u00e0&nbsp;47&nbsp;kilom\u00e8tres de&nbsp;Devonport et \u00e0 296&nbsp;kilom\u00e8tres d&rsquo;Hobart.<br \/>\nElle compte 19,160&nbsp;habitants.<\/p>\t\t\t\t\t\t\t\t<\/div>\n\t\t\t\t\t<\/div>\n\t\t<\/div>\n\t\t\t\t\t<\/div>\n\t\t<\/section>\n\t\t\t\t<section class=\"elementor-section elementor-top-section elementor-element elementor-element-6ceea524 elementor-section-boxed elementor-section-height-default elementor-section-height-default\" data-id=\"6ceea524\" data-element_type=\"section\" data-e-type=\"section\">\n\t\t\t\t\t\t<div class=\"elementor-container elementor-column-gap-default\">\n\t\t\t\t\t<div class=\"elementor-column elementor-col-100 elementor-top-column elementor-element elementor-element-1eb62590\" data-id=\"1eb62590\" data-element_type=\"column\" data-e-type=\"column\">\n\t\t\t<div class=\"elementor-widget-wrap elementor-element-populated\">\n\t\t\t\t\t\t<div class=\"elementor-element elementor-element-3c58caba elementor-widget-divider--view-line_text elementor-widget-divider--element-align-center elementor-widget elementor-widget-divider\" data-id=\"3c58caba\" data-element_type=\"widget\" data-e-type=\"widget\" data-widget_type=\"divider.default\">\n\t\t\t\t\t\t\t<div class=\"elementor-divider\">\n\t\t\t<span class=\"elementor-divider-separator\">\n\t\t\t\t\t\t\t<span class=\"elementor-divider__text elementor-divider__element\">\n\t\t\t\tVenez voir nos 85 photos\t\t\t\t<\/span>\n\t\t\t\t\t\t<\/span>\n\t\t<\/div>\n\t\t\t\t\t\t<\/div>\n\t\t\t\t\t<\/div>\n\t\t<\/div>\n\t\t\t\t\t<\/div>\n\t\t<\/section>\n\t\t\t\t<section class=\"elementor-section elementor-top-section elementor-element elementor-element-22119364 elementor-section-boxed elementor-section-height-default elementor-section-height-default\" data-id=\"22119364\" data-element_type=\"section\" data-e-type=\"section\">\n\t\t\t\t\t\t<div class=\"elementor-container elementor-column-gap-default\">\n\t\t\t\t\t<div class=\"elementor-column elementor-col-100 elementor-top-column elementor-element elementor-element-181f150a\" data-id=\"181f150a\" data-element_type=\"column\" data-e-type=\"column\">\n\t\t\t<div class=\"elementor-widget-wrap elementor-element-populated\">\n\t\t\t\t\t\t<div class=\"elementor-element elementor-element-2a8563e5 elementor-widget elementor-widget-shortcode\" data-id=\"2a8563e5\" data-element_type=\"widget\" data-e-type=\"widget\" data-widget_type=\"shortcode.default\">\n\t\t\t\t\t\t\t<div class=\"elementor-shortcode\"><iframe src=\"https:\/\/public.joomeo.com\/albums\/642b42af84622\/slideshow?iframe=1\" scrolling=\"no\" frameborder=\"0\" width=\"500\" height=\"333\" allowfullscreen><\/iframe><\/div>\n\t\t\t\t\t\t<\/div>\n\t\t\t\t\t<\/div>\n\t\t<\/div>\n\t\t\t\t\t<\/div>\n\t\t<\/section>\n\t\t\t\t<section class=\"elementor-section elementor-top-section elementor-element elementor-element-7ef7aea8 elementor-section-boxed elementor-section-height-default elementor-section-height-default\" data-id=\"7ef7aea8\" data-element_type=\"section\" data-e-type=\"section\">\n\t\t\t\t\t\t<div class=\"elementor-container elementor-column-gap-default\">\n\t\t\t\t\t<div class=\"elementor-column elementor-col-100 elementor-top-column elementor-element elementor-element-7845e553\" data-id=\"7845e553\" data-element_type=\"column\" data-e-type=\"column\">\n\t\t\t<div class=\"elementor-widget-wrap elementor-element-populated\">\n\t\t\t\t\t\t<div class=\"elementor-element elementor-element-74f109a9 elementor-widget-divider--view-line_text elementor-widget-divider--element-align-center elementor-widget elementor-widget-divider\" data-id=\"74f109a9\" data-element_type=\"widget\" data-e-type=\"widget\" data-widget_type=\"divider.default\">\n\t\t\t\t\t\t\t<div class=\"elementor-divider\">\n\t\t\t<span class=\"elementor-divider-separator\">\n\t\t\t\t\t\t\t<span class=\"elementor-divider__text elementor-divider__element\">\n\t\t\t\tVenez voir nos 6 vid\u00e9os\t\t\t\t<\/span>\n\t\t\t\t\t\t<\/span>\n\t\t<\/div>\n\t\t\t\t\t\t<\/div>\n\t\t\t\t\t<\/div>\n\t\t<\/div>\n\t\t\t\t\t<\/div>\n\t\t<\/section>\n\t\t\t\t<section class=\"elementor-section elementor-top-section elementor-element elementor-element-7ef9c59f elementor-section-boxed elementor-section-height-default elementor-section-height-default\" data-id=\"7ef9c59f\" data-element_type=\"section\" data-e-type=\"section\">\n\t\t\t\t\t\t<div class=\"elementor-container elementor-column-gap-default\">\n\t\t\t\t\t<div class=\"elementor-column elementor-col-100 elementor-top-column elementor-element elementor-element-de29ff1\" data-id=\"de29ff1\" data-element_type=\"column\" data-e-type=\"column\">\n\t\t\t<div class=\"elementor-widget-wrap elementor-element-populated\">\n\t\t\t\t\t\t<div class=\"elementor-element elementor-element-6581c805 elementor-widget elementor-widget-shortcode\" data-id=\"6581c805\" data-element_type=\"widget\" data-e-type=\"widget\" data-widget_type=\"shortcode.default\">\n\t\t\t\t\t\t\t<div class=\"elementor-shortcode\"><iframe src=\"https:\/\/public.joomeo.com\/albums\/642b42cbe583a\/slideshow?iframe=1\" scrolling=\"no\" frameborder=\"0\" width=\"500\" height=\"333\" allowfullscreen><\/iframe><\/div>\n\t\t\t\t\t\t<\/div>\n\t\t\t\t\t<\/div>\n\t\t<\/div>\n\t\t\t\t\t<\/div>\n\t\t<\/section>\n\t\t\t\t<section class=\"elementor-section elementor-top-section elementor-element elementor-element-1d09180e elementor-section-boxed elementor-section-height-default elementor-section-height-default\" data-id=\"1d09180e\" data-element_type=\"section\" data-e-type=\"section\">\n\t\t\t\t\t\t<div class=\"elementor-container elementor-column-gap-default\">\n\t\t\t\t\t<div class=\"elementor-column elementor-col-100 elementor-top-column elementor-element elementor-element-3d58926d\" data-id=\"3d58926d\" data-element_type=\"column\" data-e-type=\"column\">\n\t\t\t<div class=\"elementor-widget-wrap elementor-element-populated\">\n\t\t\t\t\t\t<div class=\"elementor-element elementor-element-257c3122 elementor-widget-divider--view-line_text elementor-widget-divider--element-align-center elementor-widget elementor-widget-divider\" data-id=\"257c3122\" data-element_type=\"widget\" data-e-type=\"widget\" data-widget_type=\"divider.default\">\n\t\t\t\t\t\t\t<div class=\"elementor-divider\">\n\t\t\t<span class=\"elementor-divider-separator\">\n\t\t\t\t\t\t\t<span class=\"elementor-divider__text elementor-divider__element\">\n\t\t\t\tMenu de ce voyage\t\t\t\t<\/span>\n\t\t\t\t\t\t<\/span>\n\t\t<\/div>\n\t\t\t\t\t\t<\/div>\n\t\t\t\t\t<\/div>\n\t\t<\/div>\n\t\t\t\t\t<\/div>\n\t\t<\/section>\n\t\t\t\t<section class=\"elementor-section elementor-top-section elementor-element elementor-element-7cb12e83 elementor-section-boxed elementor-section-height-default elementor-section-height-default\" data-id=\"7cb12e83\" data-element_type=\"section\" data-e-type=\"section\">\n\t\t\t\t\t\t<div class=\"elementor-container elementor-column-gap-default\">\n\t\t\t\t\t<div class=\"elementor-column elementor-col-100 elementor-top-column elementor-element elementor-element-f4b4261\" data-id=\"f4b4261\" data-element_type=\"column\" data-e-type=\"column\">\n\t\t\t<div class=\"elementor-widget-wrap elementor-element-populated\">\n\t\t\t\t\t\t<div class=\"elementor-element elementor-element-7d18f9a8 elementor-widget elementor-widget-text-editor\" data-id=\"7d18f9a8\" data-element_type=\"widget\" data-e-type=\"widget\" data-widget_type=\"text-editor.default\">\n\t\t\t\t\t\t\t\t\t<table border=\"0\" width=\"100%\" cellspacing=\"10\" align=\"center\">\n<tbody>\n<tr>\n<th class=\"menugroslettre\" colspan=\"2\" scope=\"col\" width=\"90%\">MENU DE LA CROISI\u00c8RE EN AUSTRALIE ET NOUVELLE-Z\u00c9LANDE<\/th>\n<\/tr>\n<tr>\n<th colspan=\"2\" align=\"center\" width=\"90%\"><a href=\"https:\/\/mondedesylvieetpierre.ca\/voyage\/?p=3513\">Portail de la Croisi\u00e8re en Australie et Nouvelle-Z\u00e9lande<\/a><\/th>\n<\/tr>\n<tr>\n<th scope=\"row\" align=\"left\" valign=\"middle\" width=\"18%\">En&nbsp;Australie&nbsp;:<\/th>\n<td align=\"left\" valign=\"middle\"><span style=\"color: #cccccc; font-size: large;\">Burnie<\/span> \u2014 <a href=\"https:\/\/mondedesylvieetpierre.ca\/voyage\/?page_id=8026\">Melbourne<\/a> \u2014 <a href=\"https:\/\/mondedesylvieetpierre.ca\/voyage\/?page_id=8034\">Sydney<\/a><\/td>\n<\/tr>\n<tr>\n<th scope=\"row\" align=\"left\" valign=\"middle\" width=\"18%\">En&nbsp;Nouvelle-Z\u00e9lande&nbsp;:<\/th>\n<td align=\"left\" valign=\"middle\"><a href=\"https:\/\/mondedesylvieetpierre.ca\/voyage\/?page_id=8014\">Auckland<\/a> \u2014 <a href=\"https:\/\/mondedesylvieetpierre.ca\/voyage\/?page_id=8018\">Antarctic&nbsp;Centre<\/a> \u2014 <a href=\"https:\/\/mondedesylvieetpierre.ca\/voyage\/?page_id=8022\">Christchurch<\/a> \u2014 <a href=\"https:\/\/mondedesylvieetpierre.ca\/voyage\/?page_id=8024\">Dunedin<\/a> \u2014 <a href=\"https:\/\/mondedesylvieetpierre.ca\/voyage\/?page_id=8028\">Milford<\/a> \u2014 <a href=\"https:\/\/mondedesylvieetpierre.ca\/voyage\/?page_id=8030\">Napier<\/a> \u2014 <a href=\"https:\/\/mondedesylvieetpierre.ca\/voyage\/?page_id=8032\">Picton<\/a> \u2014 <a href=\"https:\/\/mondedesylvieetpierre.ca\/voyage\/?page_id=8036\">Tauranga<\/a> \u2014 <a href=\"https:\/\/mondedesylvieetpierre.ca\/voyage\/?page_id=8040\">Wellington<\/a><\/td>\n<\/tr>\n<tr>\n<th scope=\"row\" align=\"left\" valign=\"middle\" width=\"18%\">Le&nbsp;bateau&nbsp;:<\/th>\n<td align=\"left\" valign=\"middle\"><a href=\"https:\/\/mondedesylvieetpierre.ca\/voyage\/?page_id=8016\">Nos amis de croisi\u00e8re<\/a> \u2014 <a href=\"https:\/\/mondedesylvieetpierre.ca\/voyage\/?page_id=8038\">Volendam<\/a><\/td>\n<\/tr>\n<\/tbody>\n<\/table>\t\t\t\t\t\t\t\t<\/div>\n\t\t\t\t\t<\/div>\n\t\t<\/div>\n\t\t\t\t\t<\/div>\n\t\t<\/section>\n\t\t\t\t<\/div>\n\t\t","protected":false},"excerpt":{"rendered":"<p>Burnie \u00c9tat de Tasmanie Australie Historique de l&rsquo;endroit Burnie en Australie Burnie est une ville portuaire sur la c\u00f4te&nbsp;nord de la&nbsp;Tasmanie en&nbsp;Australie \u00e0&nbsp;47&nbsp;kilom\u00e8tres de&nbsp;Devonport et \u00e0 296&nbsp;kilom\u00e8tres d&rsquo;Hobart. Elle compte 19,160&nbsp;habitants. Venez voir nos 85 photos Venez voir nos 6 vid\u00e9os Menu de ce voyage MENU DE LA CROISI\u00c8RE EN AUSTRALIE ET NOUVELLE-Z\u00c9LANDE Portail de&#8230; <span class=\"more\"><a class=\"more-link\" href=\"https:\/\/mondedesylvieetpierre.ca\/voyage\/?page_id=8020\">Lire la suite<\/a><\/span><\/p>\n","protected":false},"author":1,"featured_media":0,"parent":0,"menu_order":0,"comment_status":"closed","ping_status":"closed","template":"elementor_header_footer","meta":{"footnotes":""},"categories":[142],"tags":[],"class_list":["post-8020","page","type-page","status-publish","hentry","category-australie_nouvelle-zelande_2011"],"_links":{"self":[{"href":"https:\/\/mondedesylvieetpierre.ca\/voyage\/index.php?rest_route=\/wp\/v2\/pages\/8020","targetHints":{"allow":["GET"]}}],"collection":[{"href":"https:\/\/mondedesylvieetpierre.ca\/voyage\/index.php?rest_route=\/wp\/v2\/pages"}],"about":[{"href":"https:\/\/mondedesylvieetpierre.ca\/voyage\/index.php?rest_route=\/wp\/v2\/types\/page"}],"author":[{"embeddable":true,"href":"https:\/\/mondedesylvieetpierre.ca\/voyage\/index.php?rest_route=\/wp\/v2\/users\/1"}],"replies":[{"embeddable":true,"href":"https:\/\/mondedesylvieetpierre.ca\/voyage\/index.php?rest_route=%2Fwp%2Fv2%2Fcomments&post=8020"}],"version-history":[{"count":0,"href":"https:\/\/mondedesylvieetpierre.ca\/voyage\/index.php?rest_route=\/wp\/v2\/pages\/8020\/revisions"}],"wp:attachment":[{"href":"https:\/\/mondedesylvieetpierre.ca\/voyage\/index.php?rest_route=%2Fwp%2Fv2%2Fmedia&parent=8020"}],"wp:term":[{"taxonomy":"category","embeddable":true,"href":"https:\/\/mondedesylvieetpierre.ca\/voyage\/index.php?rest_route=%2Fwp%2Fv2%2Fcategories&post=8020"},{"taxonomy":"post_tag","embeddable":true,"href":"https:\/\/mondedesylvieetpierre.ca\/voyage\/index.php?rest_route=%2Fwp%2Fv2%2Ftags&post=8020"}],"curies":[{"name":"wp","href":"https:\/\/api.w.org\/{rel}","templated":true}]}}