{"id":9795,"date":"2006-09-30T18:18:52","date_gmt":"2006-09-30T23:18:52","guid":{"rendered":"https:\/\/mondedesylvieetpierre.ca\/voyage\/?page_id=9795"},"modified":"2023-05-26T07:37:57","modified_gmt":"2023-05-26T12:37:57","slug":"2-arrive-aeroport-du-caire","status":"publish","type":"page","link":"https:\/\/mondedesylvieetpierre.ca\/voyage\/?page_id=9795","title":{"rendered":"02 Arriv\u00e9 A\u00e9roport du Caire"},"content":{"rendered":"\t\t<div data-elementor-type=\"wp-page\" data-elementor-id=\"9795\" class=\"elementor elementor-9795\" data-elementor-post-type=\"page\">\n\t\t\t\t\t\t<section class=\"elementor-section elementor-top-section elementor-element elementor-element-754994e9 elementor-section-boxed elementor-section-height-default elementor-section-height-default\" data-id=\"754994e9\" data-element_type=\"section\" data-e-type=\"section\">\n\t\t\t\t\t\t<div class=\"elementor-container elementor-column-gap-default\">\n\t\t\t\t\t<div class=\"elementor-column elementor-col-100 elementor-top-column elementor-element elementor-element-7f4e5255\" data-id=\"7f4e5255\" data-element_type=\"column\" data-e-type=\"column\">\n\t\t\t<div class=\"elementor-widget-wrap elementor-element-populated\">\n\t\t\t\t\t\t<div class=\"elementor-element elementor-element-6b6ada69 elementor-widget elementor-widget-heading\" data-id=\"6b6ada69\" data-element_type=\"widget\" data-e-type=\"widget\" data-widget_type=\"heading.default\">\n\t\t\t\t\t<h2 class=\"elementor-heading-title elementor-size-xl\">Arriv\u00e9 \u00e0<br \/>\nl'a\u00e9roport du Caire<\/h2>\t\t\t\t<\/div>\n\t\t\t\t\t<\/div>\n\t\t<\/div>\n\t\t\t\t\t<\/div>\n\t\t<\/section>\n\t\t\t\t<section class=\"elementor-section elementor-top-section elementor-element elementor-element-2a74633b elementor-section-boxed elementor-section-height-default elementor-section-height-default\" data-id=\"2a74633b\" data-element_type=\"section\" data-e-type=\"section\">\n\t\t\t\t\t\t<div class=\"elementor-container elementor-column-gap-default\">\n\t\t\t\t\t<div class=\"elementor-column elementor-col-100 elementor-top-column elementor-element elementor-element-f7af628\" data-id=\"f7af628\" data-element_type=\"column\" data-e-type=\"column\">\n\t\t\t<div class=\"elementor-widget-wrap elementor-element-populated\">\n\t\t\t\t\t\t<div class=\"elementor-element elementor-element-b9fa135 elementor-widget elementor-widget-heading\" data-id=\"b9fa135\" data-element_type=\"widget\" data-e-type=\"widget\" data-widget_type=\"heading.default\">\n\t\t\t\t\t<h2 class=\"elementor-heading-title elementor-size-large\">Caire<\/h2>\t\t\t\t<\/div>\n\t\t\t\t\t<\/div>\n\t\t<\/div>\n\t\t\t\t\t<\/div>\n\t\t<\/section>\n\t\t\t\t<section class=\"elementor-section elementor-top-section elementor-element elementor-element-61e28c83 elementor-section-boxed elementor-section-height-default elementor-section-height-default\" data-id=\"61e28c83\" data-element_type=\"section\" data-e-type=\"section\">\n\t\t\t\t\t\t<div class=\"elementor-container elementor-column-gap-default\">\n\t\t\t\t\t<div class=\"elementor-column elementor-col-100 elementor-top-column elementor-element elementor-element-19eeae1d\" data-id=\"19eeae1d\" data-element_type=\"column\" data-e-type=\"column\">\n\t\t\t<div class=\"elementor-widget-wrap elementor-element-populated\">\n\t\t\t\t\t\t<div class=\"elementor-element elementor-element-7d9a55a5 elementor-widget elementor-widget-image\" data-id=\"7d9a55a5\" data-element_type=\"widget\" data-e-type=\"widget\" data-widget_type=\"image.default\">\n\t\t\t\t\t\t\t\t\t\t\t\t\t\t\t<img decoding=\"async\" width=\"100\" height=\"67\" src=\"https:\/\/mondedesylvieetpierre.ca\/voyage\/wp-content\/uploads\/2016\/03\/Flag_of_Egypt.png\" class=\"attachment-pixelwars_theme_image_size_nullx500 size-pixelwars_theme_image_size_nullx500 wp-image-9942\" alt=\"\" \/>\t\t\t\t\t\t\t\t\t\t\t\t\t\t\t<\/div>\n\t\t\t\t\t<\/div>\n\t\t<\/div>\n\t\t\t\t\t<\/div>\n\t\t<\/section>\n\t\t\t\t<section class=\"elementor-section elementor-top-section elementor-element elementor-element-7edde2e5 elementor-section-boxed elementor-section-height-default elementor-section-height-default\" data-id=\"7edde2e5\" data-element_type=\"section\" data-e-type=\"section\">\n\t\t\t\t\t\t<div class=\"elementor-container elementor-column-gap-default\">\n\t\t\t\t\t<div class=\"elementor-column elementor-col-100 elementor-top-column elementor-element elementor-element-6a429cda\" data-id=\"6a429cda\" data-element_type=\"column\" data-e-type=\"column\">\n\t\t\t<div class=\"elementor-widget-wrap elementor-element-populated\">\n\t\t\t\t\t\t<div class=\"elementor-element elementor-element-5ffc6a30 elementor-widget elementor-widget-heading\" data-id=\"5ffc6a30\" data-element_type=\"widget\" data-e-type=\"widget\" data-widget_type=\"heading.default\">\n\t\t\t\t\t<h2 class=\"elementor-heading-title elementor-size-default\">\u00c9gypte<\/h2>\t\t\t\t<\/div>\n\t\t\t\t\t<\/div>\n\t\t<\/div>\n\t\t\t\t\t<\/div>\n\t\t<\/section>\n\t\t\t\t<section class=\"elementor-section elementor-top-section elementor-element elementor-element-6bc6a273 elementor-section-boxed elementor-section-height-default elementor-section-height-default\" data-id=\"6bc6a273\" data-element_type=\"section\" data-e-type=\"section\">\n\t\t\t\t\t\t<div class=\"elementor-container elementor-column-gap-default\">\n\t\t\t\t\t<div class=\"elementor-column elementor-col-100 elementor-top-column elementor-element elementor-element-1d43f3fa\" data-id=\"1d43f3fa\" data-element_type=\"column\" data-e-type=\"column\">\n\t\t\t<div class=\"elementor-widget-wrap elementor-element-populated\">\n\t\t\t\t\t\t<div class=\"elementor-element elementor-element-3631b848 elementor-widget-divider--view-line_text elementor-widget-divider--element-align-center elementor-widget elementor-widget-divider\" data-id=\"3631b848\" data-element_type=\"widget\" data-e-type=\"widget\" data-widget_type=\"divider.default\">\n\t\t\t\t\t\t\t<div class=\"elementor-divider\">\n\t\t\t<span class=\"elementor-divider-separator\">\n\t\t\t\t\t\t\t<span class=\"elementor-divider__text elementor-divider__element\">\n\t\t\t\tHistorique de l'endroit\t\t\t\t<\/span>\n\t\t\t\t\t\t<\/span>\n\t\t<\/div>\n\t\t\t\t\t\t<\/div>\n\t\t\t\t\t<\/div>\n\t\t<\/div>\n\t\t\t\t\t<\/div>\n\t\t<\/section>\n\t\t\t\t<section class=\"elementor-section elementor-top-section elementor-element elementor-element-5c5f7394 elementor-section-boxed elementor-section-height-default elementor-section-height-default\" data-id=\"5c5f7394\" data-element_type=\"section\" data-e-type=\"section\">\n\t\t\t\t\t\t<div class=\"elementor-container elementor-column-gap-default\">\n\t\t\t\t\t<div class=\"elementor-column elementor-col-100 elementor-top-column elementor-element elementor-element-7fc29d92\" data-id=\"7fc29d92\" data-element_type=\"column\" data-e-type=\"column\">\n\t\t\t<div class=\"elementor-widget-wrap elementor-element-populated\">\n\t\t\t\t\t\t<div class=\"elementor-element elementor-element-2c6f6beb elementor-widget elementor-widget-image\" data-id=\"2c6f6beb\" data-element_type=\"widget\" data-e-type=\"widget\" data-widget_type=\"image.default\">\n\t\t\t\t\t\t\t\t\t\t\t\t<figure class=\"wp-caption\">\n\t\t\t\t\t\t\t\t\t\t<img fetchpriority=\"high\" decoding=\"async\" width=\"500\" height=\"317\" src=\"https:\/\/mondedesylvieetpierre.ca\/voyage\/wp-content\/uploads\/2016\/03\/Cairo-Airport.jpg\" class=\"attachment-pixelwars_theme_image_size_nullx500 size-pixelwars_theme_image_size_nullx500 wp-image-10099\" alt=\"\" srcset=\"https:\/\/mondedesylvieetpierre.ca\/voyage\/wp-content\/uploads\/2016\/03\/Cairo-Airport.jpg 500w, https:\/\/mondedesylvieetpierre.ca\/voyage\/wp-content\/uploads\/2016\/03\/Cairo-Airport-300x190.jpg 300w\" sizes=\"(max-width: 500px) 100vw, 500px\" \/>\t\t\t\t\t\t\t\t\t\t\t<figcaption class=\"widget-image-caption wp-caption-text\">A\u00e9roport du Caire en \u00c9gypte<\/figcaption>\n\t\t\t\t\t\t\t\t\t\t<\/figure>\n\t\t\t\t\t\t\t\t\t<\/div>\n\t\t\t\t\t<\/div>\n\t\t<\/div>\n\t\t\t\t\t<\/div>\n\t\t<\/section>\n\t\t\t\t<section class=\"elementor-section elementor-top-section elementor-element elementor-element-353f4285 elementor-section-boxed elementor-section-height-default elementor-section-height-default\" data-id=\"353f4285\" data-element_type=\"section\" data-e-type=\"section\">\n\t\t\t\t\t\t<div class=\"elementor-container elementor-column-gap-default\">\n\t\t\t\t\t<div class=\"elementor-column elementor-col-100 elementor-top-column elementor-element elementor-element-6c1eb60c\" data-id=\"6c1eb60c\" data-element_type=\"column\" data-e-type=\"column\">\n\t\t\t<div class=\"elementor-widget-wrap elementor-element-populated\">\n\t\t\t\t\t\t<div class=\"elementor-element elementor-element-ce02e45 elementor-widget elementor-widget-text-editor\" data-id=\"ce02e45\" data-element_type=\"widget\" data-e-type=\"widget\" data-widget_type=\"text-editor.default\">\n\t\t\t\t\t\t\t\t\t<p style=\"text-align: center;\"><strong>L&rsquo;a\u00e9roport international du&nbsp;Caire<\/strong> est un a\u00e9roport international situ\u00e9 \u00e0 proximit\u00e9 du&nbsp;<strong>Caire<\/strong>,<br \/>\n\u00e0 22&nbsp;kilom\u00e8tres au nord-est du centre-ville, dans le district d&rsquo;<em>H\u00e9liopolis<\/em>.<br \/>\nC&rsquo;est l&rsquo;un des a\u00e9roports les plus fr\u00e9quent\u00e9s du monde arabe et d&rsquo;Afrique.<br \/>\nPlus de 65&nbsp;compagnies a\u00e9riennes utilisent l&rsquo;a\u00e9roport du&nbsp;<strong>Caire<\/strong>.<\/p>\t\t\t\t\t\t\t\t<\/div>\n\t\t\t\t\t<\/div>\n\t\t<\/div>\n\t\t\t\t\t<\/div>\n\t\t<\/section>\n\t\t\t\t<section class=\"elementor-section elementor-top-section elementor-element elementor-element-458a1069 elementor-section-boxed elementor-section-height-default elementor-section-height-default\" data-id=\"458a1069\" data-element_type=\"section\" data-e-type=\"section\">\n\t\t\t\t\t\t<div class=\"elementor-container elementor-column-gap-default\">\n\t\t\t\t\t<div class=\"elementor-column elementor-col-100 elementor-top-column elementor-element elementor-element-19db71b0\" data-id=\"19db71b0\" data-element_type=\"column\" data-e-type=\"column\">\n\t\t\t<div class=\"elementor-widget-wrap elementor-element-populated\">\n\t\t\t\t\t\t<div class=\"elementor-element elementor-element-3ef64ebb elementor-widget-divider--view-line_text elementor-widget-divider--element-align-center elementor-widget elementor-widget-divider\" data-id=\"3ef64ebb\" data-element_type=\"widget\" data-e-type=\"widget\" data-widget_type=\"divider.default\">\n\t\t\t\t\t\t\t<div class=\"elementor-divider\">\n\t\t\t<span class=\"elementor-divider-separator\">\n\t\t\t\t\t\t\t<span class=\"elementor-divider__text elementor-divider__element\">\n\t\t\t\tVenez voir nos 13 photos\t\t\t\t<\/span>\n\t\t\t\t\t\t<\/span>\n\t\t<\/div>\n\t\t\t\t\t\t<\/div>\n\t\t\t\t\t<\/div>\n\t\t<\/div>\n\t\t\t\t\t<\/div>\n\t\t<\/section>\n\t\t\t\t<section class=\"elementor-section elementor-top-section elementor-element elementor-element-10069a65 elementor-section-boxed elementor-section-height-default elementor-section-height-default\" data-id=\"10069a65\" data-element_type=\"section\" data-e-type=\"section\">\n\t\t\t\t\t\t<div class=\"elementor-container elementor-column-gap-default\">\n\t\t\t\t\t<div class=\"elementor-column elementor-col-100 elementor-top-column elementor-element elementor-element-4c4bba65\" data-id=\"4c4bba65\" data-element_type=\"column\" data-e-type=\"column\">\n\t\t\t<div class=\"elementor-widget-wrap elementor-element-populated\">\n\t\t\t\t\t\t<div class=\"elementor-element elementor-element-3be0565b elementor-widget elementor-widget-shortcode\" data-id=\"3be0565b\" data-element_type=\"widget\" data-e-type=\"widget\" data-widget_type=\"shortcode.default\">\n\t\t\t\t\t\t\t<div class=\"elementor-shortcode\"><iframe src=\"https:\/\/public.joomeo.com\/albums\/6470a1f54a346\/slideshow?iframe=1\" scrolling=\"no\" frameborder=\"0\" width=\"500\" height=\"333\" allowfullscreen><\/iframe><\/div>\n\t\t\t\t\t\t<\/div>\n\t\t\t\t\t<\/div>\n\t\t<\/div>\n\t\t\t\t\t<\/div>\n\t\t<\/section>\n\t\t\t\t<section class=\"elementor-section elementor-top-section elementor-element elementor-element-2489b087 elementor-section-boxed elementor-section-height-default elementor-section-height-default\" data-id=\"2489b087\" data-element_type=\"section\" data-e-type=\"section\">\n\t\t\t\t\t\t<div class=\"elementor-container elementor-column-gap-default\">\n\t\t\t\t\t<div class=\"elementor-column elementor-col-100 elementor-top-column elementor-element elementor-element-188a881c\" data-id=\"188a881c\" data-element_type=\"column\" data-e-type=\"column\">\n\t\t\t<div class=\"elementor-widget-wrap elementor-element-populated\">\n\t\t\t\t\t\t<div class=\"elementor-element elementor-element-ef8727c elementor-widget-divider--view-line_text elementor-widget-divider--element-align-center elementor-widget elementor-widget-divider\" data-id=\"ef8727c\" data-element_type=\"widget\" data-e-type=\"widget\" data-widget_type=\"divider.default\">\n\t\t\t\t\t\t\t<div class=\"elementor-divider\">\n\t\t\t<span class=\"elementor-divider-separator\">\n\t\t\t\t\t\t\t<span class=\"elementor-divider__text elementor-divider__element\">\n\t\t\t\tMenu de ce voyage\t\t\t\t<\/span>\n\t\t\t\t\t\t<\/span>\n\t\t<\/div>\n\t\t\t\t\t\t<\/div>\n\t\t\t\t\t<\/div>\n\t\t<\/div>\n\t\t\t\t\t<\/div>\n\t\t<\/section>\n\t\t\t\t<section class=\"elementor-section elementor-top-section elementor-element elementor-element-46f48a2b elementor-section-boxed elementor-section-height-default elementor-section-height-default\" data-id=\"46f48a2b\" data-element_type=\"section\" data-e-type=\"section\">\n\t\t\t\t\t\t<div class=\"elementor-container elementor-column-gap-default\">\n\t\t\t\t\t<div class=\"elementor-column elementor-col-100 elementor-top-column elementor-element elementor-element-35aca0e4\" data-id=\"35aca0e4\" data-element_type=\"column\" data-e-type=\"column\">\n\t\t\t<div class=\"elementor-widget-wrap elementor-element-populated\">\n\t\t\t\t\t\t<div class=\"elementor-element elementor-element-6fe2e40f elementor-widget elementor-widget-text-editor\" data-id=\"6fe2e40f\" data-element_type=\"widget\" data-e-type=\"widget\" data-widget_type=\"text-editor.default\">\n\t\t\t\t\t\t\t\t\t<table border=\"0\" width=\"100%\" cellspacing=\"10\" align=\"center\">\n<tbody>\n<tr>\n<th class=\"menugroslettre\" colspan=\"2\" scope=\"col\" width=\"90%\">MENU DE NOTRE S\u00c9JOUR EN \u00c9GYPTE<\/th>\n<\/tr>\n<tr>\n<th colspan=\"2\" align=\"center\" width=\"90%\">Menu en ordre&nbsp;chronologique du voyage,<br \/>\nil y a seulement des photos, aucune vid\u00e9o dans ce voyage.<\/th>\n<\/tr>\n<tr>\n<th width=\"90%\" colspan=\"2\" align=\"center\"><a href=\"https:\/\/mondedesylvieetpierre.ca\/voyage\/?p=7504\">Portail de notre s\u00e9jour en&nbsp;\u00c9gypte<\/a><\/th>\n<\/tr>\n<tr>\n<th scope=\"row\" align=\"left\" valign=\"middle\" width=\"12%\">Le&nbsp;d\u00e9part&nbsp;:<\/th>\n<td align=\"left\" valign=\"middle\"><a href=\"https:\/\/mondedesylvieetpierre.ca\/voyage\/?page_id=9793\">D\u00e9part de l&rsquo;a\u00e9roport de&nbsp;Montr\u00e9al<\/a><\/td>\n<\/tr>\n<tr>\n<th scope=\"row\" align=\"left\" valign=\"top\" width=\"12%\">En \u00c9gypte&nbsp;:<\/th>\n<td align=\"left\" valign=\"middle\">\n<span style=\"color: #000000; font-weight: bold;\">\u21d2&nbsp;ARRIV\u00c9 AU CAIRE<\/span><br \/>\n<span style=\"color: #a9a9a9;\">1\u00a0: <\/span><span style=\"color: #cccccc; font-size: large;\">Arriv\u00e9 \u00e0&nbsp;l&rsquo;a\u00e9roport du&nbsp;Caire<\/span><br \/>\n<span style=\"color: #a9a9a9\">2&nbsp;: <\/span><a href=\"https:\/\/mondedesylvieetpierre.ca\/voyage\/?page_id=9798\">H\u00f4tel&nbsp;Conrad<\/a><br \/>\n<span style=\"color: #a9a9a9\">3&nbsp;: <\/span><a href=\"https:\/\/mondedesylvieetpierre.ca\/voyage\/?page_id=9800\">Caire<\/a><br \/>\n<span style=\"color: #a9a9a9\">4&nbsp;: <\/span><a href=\"https:\/\/mondedesylvieetpierre.ca\/voyage\/?page_id=9802\">Souks de&nbsp;Khan&nbsp;El-Khalili<\/a><br \/>\n<span style=\"color: #a9a9a9\">5&nbsp;: <\/span><a href=\"https:\/\/mondedesylvieetpierre.ca\/voyage\/?page_id=9804\">Restaurant Andrea<\/a><br \/>\n<span style=\"color: #000000; font-weight: bold;\">\u21d2&nbsp;VERS ALEXANDRIE<\/span><br \/>\n<span style=\"color: #a9a9a9\">6&nbsp;: <\/span><a href=\"https:\/\/mondedesylvieetpierre.ca\/voyage\/?page_id=9806\">Vers Alexandrie en autobus<\/a><br \/>\n<span style=\"color: #a9a9a9\">7&nbsp;: <\/span><a href=\"https:\/\/mondedesylvieetpierre.ca\/voyage\/?page_id=9808\">Alexandrie<\/a><br \/>\n<span style=\"color: #a9a9a9\">8&nbsp;: <\/span><a href=\"https:\/\/mondedesylvieetpierre.ca\/voyage\/?page_id=9810\">Amphith\u00e9\u00e2tre romain de Kom&nbsp;El-Dikka<\/a><br \/>\n<span style=\"color: #a9a9a9\">9&nbsp;: <\/span><a href=\"https:\/\/mondedesylvieetpierre.ca\/voyage\/?page_id=9812\">Restaurant Athineos<\/a><br \/>\n<span style=\"color: #a9a9a9\">10&nbsp;: <\/span><a href=\"https:\/\/mondedesylvieetpierre.ca\/voyage\/?page_id=9814\">H\u00f4tel Helnan&nbsp;Palestine<\/a><br \/>\n<span style=\"color: #a9a9a9\">11&nbsp;: <\/span><a href=\"https:\/\/mondedesylvieetpierre.ca\/voyage\/?page_id=9816\">Biblioth\u00e8que d&rsquo;Alexandrie<\/a><br \/>\n<span style=\"color: #000000; font-weight: bold;\">\u21d2&nbsp;RETOUR AU CAIRE<\/span><br \/>\n<span style=\"color: #a9a9a9\">12&nbsp;: <\/span><a href=\"https:\/\/mondedesylvieetpierre.ca\/voyage\/?page_id=9818\">Bateau restaurant Royal King<\/a><br \/>\n<span style=\"color: #a9a9a9\">13&nbsp;: <\/span><a href=\"https:\/\/mondedesylvieetpierre.ca\/voyage\/?page_id=9820\">Le plateau de Giza, les pyramides et le&nbsp;Sphinx<\/a><br \/>\n<span style=\"color: #a9a9a9\">14&nbsp;: <\/span><a href=\"https:\/\/mondedesylvieetpierre.ca\/voyage\/?page_id=9822\">Restaurant terrasse Alezba<\/a><br \/>\n<span style=\"color: #a9a9a9\">15&nbsp;: <\/span><a href=\"https:\/\/mondedesylvieetpierre.ca\/voyage\/?page_id=9824\">Saqqara<\/a><br \/>\n<span style=\"color: #a9a9a9\">16&nbsp;: <\/span><a href=\"https:\/\/mondedesylvieetpierre.ca\/voyage\/?page_id=9827\">\u00c9cole de tapis pour&nbsp;jeune<\/a><br \/>\n<span style=\"color: #a9a9a9\">17&nbsp;: <\/span><a href=\"https:\/\/mondedesylvieetpierre.ca\/voyage\/?page_id=9829\">Fabrique de papier russe<\/a><br \/>\n<span style=\"color: #a9a9a9\">18&nbsp;: <\/span><a href=\"https:\/\/mondedesylvieetpierre.ca\/voyage\/?page_id=9831\">L&rsquo;\u00e9glise Saint-George et l&rsquo;\u00e9glise Saint-Serge dans le&nbsp;vieux&nbsp;Caire<\/a><br \/>\n<span style=\"color: #000000; font-weight: bold;\">\u21d2&nbsp;VERS ASSOUAN<\/span><br \/>\n<span style=\"color: #a9a9a9\">19&nbsp;: <\/span><a href=\"https:\/\/mondedesylvieetpierre.ca\/voyage\/?page_id=9833\">Arriv\u00e9 \u00e0 l&rsquo;a\u00e9roport d&rsquo;Assouan<\/a><br \/>\n<span style=\"color: #a9a9a9\">20&nbsp;: <\/span><a href=\"https:\/\/mondedesylvieetpierre.ca\/voyage\/?page_id=9835\">Haut barrage d&rsquo;Assouan construit par l&rsquo;Union&nbsp;Sovi\u00e9tique<\/a><br \/>\n<span style=\"color: #a9a9a9\">21&nbsp;: <\/span><a href=\"https:\/\/mondedesylvieetpierre.ca\/voyage\/?page_id=9837\">Le temple de Philae, \u00eele&nbsp;Agilka, au sud du barrage&nbsp;d&rsquo;Assouan<\/a><br \/>\n<span style=\"color: #a9a9a9\">22&nbsp;: <\/span><a href=\"https:\/\/mondedesylvieetpierre.ca\/voyage\/?page_id=9840\">L&rsquo;ob\u00e9lisque inachev\u00e9<\/a><br \/>\n<span style=\"color: #000000; font-weight: bold;\">\u21d2&nbsp;EN CROISI\u00c8RE SUR LE NIL<\/span><br \/>\n<span style=\"color: #a9a9a9\">23&nbsp;: <\/span><a href=\"https:\/\/mondedesylvieetpierre.ca\/voyage\/?page_id=9842\">Croisi\u00e8re sur le&nbsp;Nil avec le Princess&nbsp;Sarah<\/a><br \/>\n<span style=\"color: #a9a9a9\">24&nbsp;: <\/span><a href=\"https:\/\/mondedesylvieetpierre.ca\/voyage\/?page_id=9844\">La felouque sur le&nbsp;Nil et la visite du jardin&nbsp;botanique<\/a><br \/>\n<span style=\"color: #a9a9a9\">25&nbsp;: <\/span><a href=\"https:\/\/mondedesylvieetpierre.ca\/voyage\/?page_id=9856\">Temple de Kom&nbsp;Ombo<\/a><br \/>\n<span style=\"color: #a9a9a9\">26&nbsp;: <\/span><a href=\"https:\/\/mondedesylvieetpierre.ca\/voyage\/?page_id=9858\">Temple d&rsquo;Horus, Edfou<\/a><br \/>\n<span style=\"color: #a9a9a9\">27&nbsp;: <\/span><a href=\"https:\/\/mondedesylvieetpierre.ca\/voyage\/?page_id=9860\">\u00c0 Th\u00e8bes, la Vall\u00e9e&nbsp;des&nbsp;Rois et la Vall\u00e9e&nbsp;des&nbsp;Reines<\/a><br \/>\n<span style=\"color: #a9a9a9\">28&nbsp;: <\/span><a href=\"https:\/\/mondedesylvieetpierre.ca\/voyage\/?page_id=9862\">Temple de&nbsp;Louxor<\/a><br \/>\n<span style=\"color: #a9a9a9\">29&nbsp;: <\/span><a href=\"https:\/\/mondedesylvieetpierre.ca\/voyage\/?page_id=9864\">Temple de&nbsp;Karnak<\/a><br \/>\n<span style=\"color: #a9a9a9\">30&nbsp;: <\/span><a href=\"https:\/\/mondedesylvieetpierre.ca\/voyage\/?page_id=9866\">Fabrique de parfumerie<\/a><br \/>\n<span style=\"color: #a9a9a9\">31&nbsp;: <\/span><a href=\"https:\/\/mondedesylvieetpierre.ca\/voyage\/?page_id=9868\">Excursion en dromadaire<\/a><br \/>\n<span style=\"color: #a9a9a9\">32&nbsp;: <\/span><a href=\"https:\/\/mondedesylvieetpierre.ca\/voyage\/?page_id=9870\">Louxor (Haute-\u00c9gypte)<\/a><br \/>\n<span style=\"color: #000000; font-weight: bold;\">\u21d2&nbsp;VERS HURGHADA<\/span><br \/>\n<span style=\"color: #a9a9a9\">33&nbsp;: <\/span><a href=\"https:\/\/mondedesylvieetpierre.ca\/voyage\/?page_id=9872\">Vers Hurghada en autobus<\/a><br \/>\n<span style=\"color: #a9a9a9\">34&nbsp;: <\/span><a href=\"https:\/\/mondedesylvieetpierre.ca\/voyage\/?page_id=9874\">Hurghada<\/a><br \/>\n<span style=\"color: #a9a9a9\">35&nbsp;: <\/span><a href=\"https:\/\/mondedesylvieetpierre.ca\/voyage\/?page_id=9876\">H\u00f4tel Marriott<\/a><br \/>\n<span style=\"color: #a9a9a9\">36&nbsp;: <\/span><a href=\"https:\/\/mondedesylvieetpierre.ca\/voyage\/?page_id=9878\">Excursion dans le d\u00e9sert et le mode de vie des&nbsp;B\u00e9douins<\/a><br \/>\n<span style=\"color: #000000; font-weight: bold;\">\u21d2&nbsp;RETOUR AU CAIRE<\/span><br \/>\n<span style=\"color: #a9a9a9\">37&nbsp;: <\/span><a href=\"https:\/\/mondedesylvieetpierre.ca\/voyage\/?page_id=9880\">Citadelle de Salah&nbsp;Al-Din et la mosqu\u00e9e M\u00e9h\u00e9met-Ali<\/a><br \/>\n<span style=\"color: #a9a9a9\">38&nbsp;: <\/span><a href=\"https:\/\/mondedesylvieetpierre.ca\/voyage\/?page_id=9882\">Bateau restaurant Fish&nbsp;Boat<\/a><br \/>\n<span style=\"color: #a9a9a9\">39&nbsp;: <\/span><a href=\"https:\/\/mondedesylvieetpierre.ca\/voyage\/?page_id=9884\">Soir\u00e9e finale sur le bateau mouche le&nbsp;Nile&nbsp;Maxim<\/a><br \/>\n<span style=\"color: #000000; font-weight: bold;\">\u21d2&nbsp;RETOUR \u00c0 MONTR\u00c9AL<\/span>\n<\/td>\n<\/tr>\n<tr>\n<th scope=\"row\" align=\"left\" valign=\"middle\" width=\"12%\">Diaporama&nbsp;:<\/th>\n<td align=\"left\" valign=\"middle\"><a href=\"https:\/\/mondedesylvieetpierre.ca\/voyage\/?page_id=9890\">5&nbsp;vid\u00e9os en&nbsp;diaporama<\/a><\/td>\n<\/tr>\n<\/tbody>\n<\/table>\t\t\t\t\t\t\t\t<\/div>\n\t\t\t\t\t<\/div>\n\t\t<\/div>\n\t\t\t\t\t<\/div>\n\t\t<\/section>\n\t\t\t\t<\/div>\n\t\t","protected":false},"excerpt":{"rendered":"<p>Arriv\u00e9 \u00e0 l&rsquo;a\u00e9roport du Caire Caire \u00c9gypte Historique de l&rsquo;endroit A\u00e9roport du Caire en \u00c9gypte L&rsquo;a\u00e9roport international du&nbsp;Caire est un a\u00e9roport international situ\u00e9 \u00e0 proximit\u00e9 du&nbsp;Caire, \u00e0 22&nbsp;kilom\u00e8tres au nord-est du centre-ville, dans le district d&rsquo;H\u00e9liopolis. C&rsquo;est l&rsquo;un des a\u00e9roports les plus fr\u00e9quent\u00e9s du monde arabe et d&rsquo;Afrique. Plus de 65&nbsp;compagnies a\u00e9riennes utilisent l&rsquo;a\u00e9roport du&nbsp;Caire&#8230;. <span class=\"more\"><a class=\"more-link\" href=\"https:\/\/mondedesylvieetpierre.ca\/voyage\/?page_id=9795\">Lire la suite<\/a><\/span><\/p>\n","protected":false},"author":1,"featured_media":0,"parent":0,"menu_order":0,"comment_status":"closed","ping_status":"closed","template":"elementor_header_footer","meta":{"footnotes":""},"categories":[140],"tags":[],"class_list":["post-9795","page","type-page","status-publish","hentry","category-egypte_2006"],"_links":{"self":[{"href":"https:\/\/mondedesylvieetpierre.ca\/voyage\/index.php?rest_route=\/wp\/v2\/pages\/9795","targetHints":{"allow":["GET"]}}],"collection":[{"href":"https:\/\/mondedesylvieetpierre.ca\/voyage\/index.php?rest_route=\/wp\/v2\/pages"}],"about":[{"href":"https:\/\/mondedesylvieetpierre.ca\/voyage\/index.php?rest_route=\/wp\/v2\/types\/page"}],"author":[{"embeddable":true,"href":"https:\/\/mondedesylvieetpierre.ca\/voyage\/index.php?rest_route=\/wp\/v2\/users\/1"}],"replies":[{"embeddable":true,"href":"https:\/\/mondedesylvieetpierre.ca\/voyage\/index.php?rest_route=%2Fwp%2Fv2%2Fcomments&post=9795"}],"version-history":[{"count":0,"href":"https:\/\/mondedesylvieetpierre.ca\/voyage\/index.php?rest_route=\/wp\/v2\/pages\/9795\/revisions"}],"wp:attachment":[{"href":"https:\/\/mondedesylvieetpierre.ca\/voyage\/index.php?rest_route=%2Fwp%2Fv2%2Fmedia&parent=9795"}],"wp:term":[{"taxonomy":"category","embeddable":true,"href":"https:\/\/mondedesylvieetpierre.ca\/voyage\/index.php?rest_route=%2Fwp%2Fv2%2Fcategories&post=9795"},{"taxonomy":"post_tag","embeddable":true,"href":"https:\/\/mondedesylvieetpierre.ca\/voyage\/index.php?rest_route=%2Fwp%2Fv2%2Ftags&post=9795"}],"curies":[{"name":"wp","href":"https:\/\/api.w.org\/{rel}","templated":true}]}}