{"id":9870,"date":"2006-09-30T19:20:12","date_gmt":"2006-10-01T00:20:12","guid":{"rendered":"https:\/\/mondedesylvieetpierre.ca\/voyage\/?page_id=9870"},"modified":"2023-05-31T07:09:21","modified_gmt":"2023-05-31T12:09:21","slug":"33-louxor","status":"publish","type":"page","link":"https:\/\/mondedesylvieetpierre.ca\/voyage\/?page_id=9870","title":{"rendered":"33 Louxor"},"content":{"rendered":"\t\t<div data-elementor-type=\"wp-page\" data-elementor-id=\"9870\" class=\"elementor elementor-9870\" data-elementor-post-type=\"page\">\n\t\t\t\t\t\t<section class=\"elementor-section elementor-top-section elementor-element elementor-element-59eee5e8 elementor-section-boxed elementor-section-height-default elementor-section-height-default\" data-id=\"59eee5e8\" data-element_type=\"section\" data-e-type=\"section\">\n\t\t\t\t\t\t<div class=\"elementor-container elementor-column-gap-default\">\n\t\t\t\t\t<div class=\"elementor-column elementor-col-100 elementor-top-column elementor-element elementor-element-140f4165\" data-id=\"140f4165\" data-element_type=\"column\" data-e-type=\"column\">\n\t\t\t<div class=\"elementor-widget-wrap elementor-element-populated\">\n\t\t\t\t\t\t<div class=\"elementor-element elementor-element-50fe98cd elementor-widget elementor-widget-heading\" data-id=\"50fe98cd\" data-element_type=\"widget\" data-e-type=\"widget\" data-widget_type=\"heading.default\">\n\t\t\t\t\t<h2 class=\"elementor-heading-title elementor-size-xl\">Louxor<br \/>\n<span style=\"font-size: 28px\">(Haute-\u00c9gypte)<\/span><\/h2>\t\t\t\t<\/div>\n\t\t\t\t\t<\/div>\n\t\t<\/div>\n\t\t\t\t\t<\/div>\n\t\t<\/section>\n\t\t\t\t<section class=\"elementor-section elementor-top-section elementor-element elementor-element-70e88d73 elementor-section-boxed elementor-section-height-default elementor-section-height-default\" data-id=\"70e88d73\" data-element_type=\"section\" data-e-type=\"section\">\n\t\t\t\t\t\t<div class=\"elementor-container elementor-column-gap-default\">\n\t\t\t\t\t<div class=\"elementor-column elementor-col-100 elementor-top-column elementor-element elementor-element-240648fc\" data-id=\"240648fc\" data-element_type=\"column\" data-e-type=\"column\">\n\t\t\t<div class=\"elementor-widget-wrap elementor-element-populated\">\n\t\t\t\t\t\t<div class=\"elementor-element elementor-element-5702b61 elementor-widget elementor-widget-heading\" data-id=\"5702b61\" data-element_type=\"widget\" data-e-type=\"widget\" data-widget_type=\"heading.default\">\n\t\t\t\t\t<h2 class=\"elementor-heading-title elementor-size-default\">Croisi\u00e8re sur le&nbsp;Nil<br \/>\navec le Princess&nbsp;Sarah<br \/>\nD'Assouan \u00e0&nbsp;Louxor<br \/>\n5&nbsp;jours \/ 4&nbsp;nuits<\/h2>\t\t\t\t<\/div>\n\t\t\t\t\t<\/div>\n\t\t<\/div>\n\t\t\t\t\t<\/div>\n\t\t<\/section>\n\t\t\t\t<section class=\"elementor-section elementor-top-section elementor-element elementor-element-733657f7 elementor-section-boxed elementor-section-height-default elementor-section-height-default\" data-id=\"733657f7\" data-element_type=\"section\" data-e-type=\"section\">\n\t\t\t\t\t\t<div class=\"elementor-container elementor-column-gap-default\">\n\t\t\t\t\t<div class=\"elementor-column elementor-col-100 elementor-top-column elementor-element elementor-element-20c58e80\" data-id=\"20c58e80\" data-element_type=\"column\" data-e-type=\"column\">\n\t\t\t<div class=\"elementor-widget-wrap elementor-element-populated\">\n\t\t\t\t\t\t<div class=\"elementor-element elementor-element-2d1cdaaf elementor-widget elementor-widget-image\" data-id=\"2d1cdaaf\" data-element_type=\"widget\" data-e-type=\"widget\" data-widget_type=\"image.default\">\n\t\t\t\t\t\t\t\t\t\t\t\t\t\t\t<img decoding=\"async\" width=\"100\" height=\"67\" src=\"https:\/\/mondedesylvieetpierre.ca\/voyage\/wp-content\/uploads\/2016\/03\/Flag_of_Egypt.png\" class=\"attachment-pixelwars_theme_image_size_nullx500 size-pixelwars_theme_image_size_nullx500 wp-image-9942\" alt=\"\" \/>\t\t\t\t\t\t\t\t\t\t\t\t\t\t\t<\/div>\n\t\t\t\t\t<\/div>\n\t\t<\/div>\n\t\t\t\t\t<\/div>\n\t\t<\/section>\n\t\t\t\t<section class=\"elementor-section elementor-top-section elementor-element elementor-element-2ad77a27 elementor-section-boxed elementor-section-height-default elementor-section-height-default\" data-id=\"2ad77a27\" data-element_type=\"section\" data-e-type=\"section\">\n\t\t\t\t\t\t<div class=\"elementor-container elementor-column-gap-default\">\n\t\t\t\t\t<div class=\"elementor-column elementor-col-100 elementor-top-column elementor-element elementor-element-71766eba\" data-id=\"71766eba\" data-element_type=\"column\" data-e-type=\"column\">\n\t\t\t<div class=\"elementor-widget-wrap elementor-element-populated\">\n\t\t\t\t\t\t<div class=\"elementor-element elementor-element-559919dc elementor-widget elementor-widget-heading\" data-id=\"559919dc\" data-element_type=\"widget\" data-e-type=\"widget\" data-widget_type=\"heading.default\">\n\t\t\t\t\t<h2 class=\"elementor-heading-title elementor-size-default\">\u00c9gypte<\/h2>\t\t\t\t<\/div>\n\t\t\t\t\t<\/div>\n\t\t<\/div>\n\t\t\t\t\t<\/div>\n\t\t<\/section>\n\t\t\t\t<section class=\"elementor-section elementor-top-section elementor-element elementor-element-7eb5a498 elementor-section-boxed elementor-section-height-default elementor-section-height-default\" data-id=\"7eb5a498\" data-element_type=\"section\" data-e-type=\"section\">\n\t\t\t\t\t\t<div class=\"elementor-container elementor-column-gap-default\">\n\t\t\t\t\t<div class=\"elementor-column elementor-col-100 elementor-top-column elementor-element elementor-element-43c4f121\" data-id=\"43c4f121\" data-element_type=\"column\" data-e-type=\"column\">\n\t\t\t<div class=\"elementor-widget-wrap elementor-element-populated\">\n\t\t\t\t\t\t<div class=\"elementor-element elementor-element-161eb882 elementor-widget-divider--view-line_text elementor-widget-divider--element-align-center elementor-widget elementor-widget-divider\" data-id=\"161eb882\" data-element_type=\"widget\" data-e-type=\"widget\" data-widget_type=\"divider.default\">\n\t\t\t\t\t\t\t<div class=\"elementor-divider\">\n\t\t\t<span class=\"elementor-divider-separator\">\n\t\t\t\t\t\t\t<span class=\"elementor-divider__text elementor-divider__element\">\n\t\t\t\tHistorique de l'endroit\t\t\t\t<\/span>\n\t\t\t\t\t\t<\/span>\n\t\t<\/div>\n\t\t\t\t\t\t<\/div>\n\t\t\t\t\t<\/div>\n\t\t<\/div>\n\t\t\t\t\t<\/div>\n\t\t<\/section>\n\t\t\t\t<section class=\"elementor-section elementor-top-section elementor-element elementor-element-674ec25d elementor-section-boxed elementor-section-height-default elementor-section-height-default\" data-id=\"674ec25d\" data-element_type=\"section\" data-e-type=\"section\">\n\t\t\t\t\t\t<div class=\"elementor-container elementor-column-gap-default\">\n\t\t\t\t\t<div class=\"elementor-column elementor-col-100 elementor-top-column elementor-element elementor-element-78df52f0\" data-id=\"78df52f0\" data-element_type=\"column\" data-e-type=\"column\">\n\t\t\t<div class=\"elementor-widget-wrap elementor-element-populated\">\n\t\t\t\t\t\t<div class=\"elementor-element elementor-element-bfb2fe7 elementor-widget elementor-widget-image\" data-id=\"bfb2fe7\" data-element_type=\"widget\" data-e-type=\"widget\" data-widget_type=\"image.default\">\n\t\t\t\t\t\t\t\t\t\t\t\t<figure class=\"wp-caption\">\n\t\t\t\t\t\t\t\t\t\t<img fetchpriority=\"high\" decoding=\"async\" width=\"500\" height=\"312\" src=\"https:\/\/mondedesylvieetpierre.ca\/voyage\/wp-content\/uploads\/2016\/03\/louxor.jpg\" class=\"attachment-pixelwars_theme_image_size_nullx500 size-pixelwars_theme_image_size_nullx500 wp-image-10316\" alt=\"\" srcset=\"https:\/\/mondedesylvieetpierre.ca\/voyage\/wp-content\/uploads\/2016\/03\/louxor.jpg 500w, https:\/\/mondedesylvieetpierre.ca\/voyage\/wp-content\/uploads\/2016\/03\/louxor-300x187.jpg 300w\" sizes=\"(max-width: 500px) 100vw, 500px\" \/>\t\t\t\t\t\t\t\t\t\t\t<figcaption class=\"widget-image-caption wp-caption-text\">Louxor en \u00c9gypte<\/figcaption>\n\t\t\t\t\t\t\t\t\t\t<\/figure>\n\t\t\t\t\t\t\t\t\t<\/div>\n\t\t\t\t\t<\/div>\n\t\t<\/div>\n\t\t\t\t\t<\/div>\n\t\t<\/section>\n\t\t\t\t<section class=\"elementor-section elementor-top-section elementor-element elementor-element-1f99102e elementor-section-boxed elementor-section-height-default elementor-section-height-default\" data-id=\"1f99102e\" data-element_type=\"section\" data-e-type=\"section\">\n\t\t\t\t\t\t<div class=\"elementor-container elementor-column-gap-default\">\n\t\t\t\t\t<div class=\"elementor-column elementor-col-100 elementor-top-column elementor-element elementor-element-2f676d6f\" data-id=\"2f676d6f\" data-element_type=\"column\" data-e-type=\"column\">\n\t\t\t<div class=\"elementor-widget-wrap elementor-element-populated\">\n\t\t\t\t\t\t<div class=\"elementor-element elementor-element-3f2159ba elementor-widget elementor-widget-text-editor\" data-id=\"3f2159ba\" data-element_type=\"widget\" data-e-type=\"widget\" data-widget_type=\"text-editor.default\">\n\t\t\t\t\t\t\t\t\t<p style=\"text-align: center;\"><strong>Louxor<\/strong> est une ville situ\u00e9e sur la rive droite du&nbsp;Nil, en Haute-\u00c9gypte,<br \/>\nsitu\u00e9e \u00e0 environ 700&nbsp;km au <em>sud&nbsp;du&nbsp;Caire<\/em> et \u00e0 environ 300&nbsp;km au <em>nord&nbsp;d&rsquo;Assouan<\/em>. <br \/>\nSelon le recensement de&nbsp;2006, c&rsquo;est \u00e0 pr\u00e9sent une ville de 429,000&nbsp;habitants, qui tous, vivent directement ou indirectement du tourisme,<br \/>\nce qui la place au neuvi\u00e8me rang des villes \u00e9gyptiennes.<br \/>\nIl s&rsquo;agit de l&rsquo;antique cit\u00e9 \u00e9gyptienne de <em>Th\u00e8bes<\/em>.<br \/>\nLe site de <strong>Louxor<\/strong>, avec plus de quatre millions de visiteurs par an,<br \/>\nest l&rsquo;un des endroits les plus touristiques de l&rsquo;\u00c9gypte et constitue la partie sud de l&rsquo;ancienne Th\u00e8bes.<\/p>\t\t\t\t\t\t\t\t<\/div>\n\t\t\t\t\t<\/div>\n\t\t<\/div>\n\t\t\t\t\t<\/div>\n\t\t<\/section>\n\t\t\t\t<section class=\"elementor-section elementor-top-section elementor-element elementor-element-592e968e elementor-section-boxed elementor-section-height-default elementor-section-height-default\" data-id=\"592e968e\" data-element_type=\"section\" data-e-type=\"section\">\n\t\t\t\t\t\t<div class=\"elementor-container elementor-column-gap-default\">\n\t\t\t\t\t<div class=\"elementor-column elementor-col-100 elementor-top-column elementor-element elementor-element-7ce6b6e4\" data-id=\"7ce6b6e4\" data-element_type=\"column\" data-e-type=\"column\">\n\t\t\t<div class=\"elementor-widget-wrap elementor-element-populated\">\n\t\t\t\t\t\t<div class=\"elementor-element elementor-element-1cf4677 elementor-widget-divider--view-line_text elementor-widget-divider--element-align-center elementor-widget elementor-widget-divider\" data-id=\"1cf4677\" data-element_type=\"widget\" data-e-type=\"widget\" data-widget_type=\"divider.default\">\n\t\t\t\t\t\t\t<div class=\"elementor-divider\">\n\t\t\t<span class=\"elementor-divider-separator\">\n\t\t\t\t\t\t\t<span class=\"elementor-divider__text elementor-divider__element\">\n\t\t\t\tVenez voir nos 17 photos\t\t\t\t<\/span>\n\t\t\t\t\t\t<\/span>\n\t\t<\/div>\n\t\t\t\t\t\t<\/div>\n\t\t\t\t\t<\/div>\n\t\t<\/div>\n\t\t\t\t\t<\/div>\n\t\t<\/section>\n\t\t\t\t<section class=\"elementor-section elementor-top-section elementor-element elementor-element-d2a5c81 elementor-section-boxed elementor-section-height-default elementor-section-height-default\" data-id=\"d2a5c81\" data-element_type=\"section\" data-e-type=\"section\">\n\t\t\t\t\t\t<div class=\"elementor-container elementor-column-gap-default\">\n\t\t\t\t\t<div class=\"elementor-column elementor-col-100 elementor-top-column elementor-element elementor-element-6c0ae91c\" data-id=\"6c0ae91c\" data-element_type=\"column\" data-e-type=\"column\">\n\t\t\t<div class=\"elementor-widget-wrap elementor-element-populated\">\n\t\t\t\t\t\t<div class=\"elementor-element elementor-element-21c7821e elementor-widget elementor-widget-shortcode\" data-id=\"21c7821e\" data-element_type=\"widget\" data-e-type=\"widget\" data-widget_type=\"shortcode.default\">\n\t\t\t\t\t\t\t<div class=\"elementor-shortcode\"><iframe src=\"https:\/\/public.joomeo.com\/albums\/64773818c4169\/slideshow?iframe=1\" scrolling=\"no\" frameborder=\"0\" width=\"500\" height=\"333\" allowfullscreen><\/iframe><\/div>\n\t\t\t\t\t\t<\/div>\n\t\t\t\t\t<\/div>\n\t\t<\/div>\n\t\t\t\t\t<\/div>\n\t\t<\/section>\n\t\t\t\t<section class=\"elementor-section elementor-top-section elementor-element elementor-element-4cc346a3 elementor-section-boxed elementor-section-height-default elementor-section-height-default\" data-id=\"4cc346a3\" data-element_type=\"section\" data-e-type=\"section\">\n\t\t\t\t\t\t<div class=\"elementor-container elementor-column-gap-default\">\n\t\t\t\t\t<div class=\"elementor-column elementor-col-100 elementor-top-column elementor-element elementor-element-352ed187\" data-id=\"352ed187\" data-element_type=\"column\" data-e-type=\"column\">\n\t\t\t<div class=\"elementor-widget-wrap elementor-element-populated\">\n\t\t\t\t\t\t<div class=\"elementor-element elementor-element-61106bc1 elementor-widget-divider--view-line_text elementor-widget-divider--element-align-center elementor-widget elementor-widget-divider\" data-id=\"61106bc1\" data-element_type=\"widget\" data-e-type=\"widget\" data-widget_type=\"divider.default\">\n\t\t\t\t\t\t\t<div class=\"elementor-divider\">\n\t\t\t<span class=\"elementor-divider-separator\">\n\t\t\t\t\t\t\t<span class=\"elementor-divider__text elementor-divider__element\">\n\t\t\t\tMenu de ce voyage\t\t\t\t<\/span>\n\t\t\t\t\t\t<\/span>\n\t\t<\/div>\n\t\t\t\t\t\t<\/div>\n\t\t\t\t\t<\/div>\n\t\t<\/div>\n\t\t\t\t\t<\/div>\n\t\t<\/section>\n\t\t\t\t<section class=\"elementor-section elementor-top-section elementor-element elementor-element-7c06768a elementor-section-boxed elementor-section-height-default elementor-section-height-default\" data-id=\"7c06768a\" data-element_type=\"section\" data-e-type=\"section\">\n\t\t\t\t\t\t<div class=\"elementor-container elementor-column-gap-default\">\n\t\t\t\t\t<div class=\"elementor-column elementor-col-100 elementor-top-column elementor-element elementor-element-2d13c89e\" data-id=\"2d13c89e\" data-element_type=\"column\" data-e-type=\"column\">\n\t\t\t<div class=\"elementor-widget-wrap elementor-element-populated\">\n\t\t\t\t\t\t<div class=\"elementor-element elementor-element-7b17f6a5 elementor-widget elementor-widget-text-editor\" data-id=\"7b17f6a5\" data-element_type=\"widget\" data-e-type=\"widget\" data-widget_type=\"text-editor.default\">\n\t\t\t\t\t\t\t\t\t<table border=\"0\" width=\"100%\" cellspacing=\"10\" align=\"center\">\n<tbody>\n<tr>\n<th class=\"menugroslettre\" colspan=\"2\" scope=\"col\" width=\"90%\">MENU DE NOTRE S\u00c9JOUR EN \u00c9GYPTE<\/th>\n<\/tr>\n<tr>\n<th colspan=\"2\" align=\"center\" width=\"90%\">Menu en ordre&nbsp;chronologique du voyage,<br \/>\nil y a seulement des photos, aucune vid\u00e9o dans ce voyage.<\/th>\n<\/tr>\n<tr>\n<th width=\"90%\" colspan=\"2\" align=\"center\"><a href=\"https:\/\/mondedesylvieetpierre.ca\/voyage\/?p=7504\">Portail de notre s\u00e9jour en&nbsp;\u00c9gypte<\/a><\/th>\n<\/tr>\n<tr>\n<th scope=\"row\" align=\"left\" valign=\"middle\" width=\"12%\">Le&nbsp;d\u00e9part&nbsp;:<\/th>\n<td align=\"left\" valign=\"middle\"><a href=\"https:\/\/mondedesylvieetpierre.ca\/voyage\/?page_id=9793\">D\u00e9part de l&rsquo;a\u00e9roport de&nbsp;Montr\u00e9al<\/a><\/td>\n<\/tr>\n<tr>\n<th scope=\"row\" align=\"left\" valign=\"top\" width=\"12%\">En \u00c9gypte&nbsp;:<\/th>\n<td align=\"left\" valign=\"middle\">\n<span style=\"color: #000000; font-weight: bold;\">\u21d2&nbsp;ARRIV\u00c9 AU CAIRE<\/span><br \/>\n<span style=\"color: #a9a9a9\">1&nbsp;: <\/span><a href=\"https:\/\/mondedesylvieetpierre.ca\/voyage\/?page_id=9795\">Arriv\u00e9 \u00e0 l&rsquo;a\u00e9roport du&nbsp;Caire<\/a><br \/>\n<span style=\"color: #a9a9a9\">2&nbsp;: <\/span><a href=\"https:\/\/mondedesylvieetpierre.ca\/voyage\/?page_id=9798\">H\u00f4tel&nbsp;Conrad<\/a><br \/>\n<span style=\"color: #a9a9a9\">3&nbsp;: <\/span><a href=\"https:\/\/mondedesylvieetpierre.ca\/voyage\/?page_id=9800\">Caire<\/a><br \/>\n<span style=\"color: #a9a9a9\">4&nbsp;: <\/span><a href=\"https:\/\/mondedesylvieetpierre.ca\/voyage\/?page_id=9802\">Souks de&nbsp;Khan&nbsp;El-Khalili<\/a><br \/>\n<span style=\"color: #a9a9a9\">5&nbsp;: <\/span><a href=\"https:\/\/mondedesylvieetpierre.ca\/voyage\/?page_id=9804\">Restaurant Andrea<\/a><br \/>\n<span style=\"color: #000000; font-weight: bold;\">\u21d2&nbsp;VERS ALEXANDRIE<\/span><br \/>\n<span style=\"color: #a9a9a9\">6&nbsp;: <\/span><a href=\"https:\/\/mondedesylvieetpierre.ca\/voyage\/?page_id=9806\">Vers Alexandrie en autobus<\/a><br \/>\n<span style=\"color: #a9a9a9\">7&nbsp;: <\/span><a href=\"https:\/\/mondedesylvieetpierre.ca\/voyage\/?page_id=9808\">Alexandrie<\/a><br \/>\n<span style=\"color: #a9a9a9\">8&nbsp;: <\/span><a href=\"https:\/\/mondedesylvieetpierre.ca\/voyage\/?page_id=9810\">Amphith\u00e9\u00e2tre romain de Kom&nbsp;El-Dikka<\/a><br \/>\n<span style=\"color: #a9a9a9\">9&nbsp;: <\/span><a href=\"https:\/\/mondedesylvieetpierre.ca\/voyage\/?page_id=9812\">Restaurant Athineos<\/a><br \/>\n<span style=\"color: #a9a9a9\">10&nbsp;: <\/span><a href=\"https:\/\/mondedesylvieetpierre.ca\/voyage\/?page_id=9814\">H\u00f4tel Helnan&nbsp;Palestine<\/a><br \/>\n<span style=\"color: #a9a9a9\">11&nbsp;: <\/span><a href=\"https:\/\/mondedesylvieetpierre.ca\/voyage\/?page_id=9816\">Biblioth\u00e8que d&rsquo;Alexandrie<\/a><br \/>\n<span style=\"color: #000000; font-weight: bold;\">\u21d2&nbsp;RETOUR AU CAIRE<\/span><br \/>\n<span style=\"color: #a9a9a9\">12&nbsp;: <\/span><a href=\"https:\/\/mondedesylvieetpierre.ca\/voyage\/?page_id=9818\">Bateau restaurant Royal King<\/a><br \/>\n<span style=\"color: #a9a9a9\">13&nbsp;: <\/span><a href=\"https:\/\/mondedesylvieetpierre.ca\/voyage\/?page_id=9820\">Le plateau de Giza, les pyramides et le&nbsp;Sphinx<\/a><br \/>\n<span style=\"color: #a9a9a9\">14&nbsp;: <\/span><a href=\"https:\/\/mondedesylvieetpierre.ca\/voyage\/?page_id=9822\">Restaurant terrasse Alezba<\/a><br \/>\n<span style=\"color: #a9a9a9\">15&nbsp;: <\/span><a href=\"https:\/\/mondedesylvieetpierre.ca\/voyage\/?page_id=9824\">Saqqara<\/a><br \/>\n<span style=\"color: #a9a9a9\">16&nbsp;: <\/span><a href=\"https:\/\/mondedesylvieetpierre.ca\/voyage\/?page_id=9827\">\u00c9cole de tapis pour&nbsp;jeune<\/a><br \/>\n<span style=\"color: #a9a9a9\">17&nbsp;: <\/span><a href=\"https:\/\/mondedesylvieetpierre.ca\/voyage\/?page_id=9829\">Fabrique de papier russe<\/a><br \/>\n<span style=\"color: #a9a9a9\">18&nbsp;: <\/span><a href=\"https:\/\/mondedesylvieetpierre.ca\/voyage\/?page_id=9831\">L&rsquo;\u00e9glise Saint-George et l&rsquo;\u00e9glise Saint-Serge dans le&nbsp;vieux&nbsp;Caire<\/a><br \/>\n<span style=\"color: #000000; font-weight: bold;\">\u21d2&nbsp;VERS ASSOUAN<\/span><br \/>\n<span style=\"color: #a9a9a9\">19&nbsp;: <\/span><a href=\"https:\/\/mondedesylvieetpierre.ca\/voyage\/?page_id=9833\">Arriv\u00e9 \u00e0 l&rsquo;a\u00e9roport d&rsquo;Assouan<\/a><br \/>\n<span style=\"color: #a9a9a9\">20&nbsp;: <\/span><a href=\"https:\/\/mondedesylvieetpierre.ca\/voyage\/?page_id=9835\">Haut barrage d&rsquo;Assouan construit par l&rsquo;Union&nbsp;Sovi\u00e9tique<\/a><br \/>\n<span style=\"color: #a9a9a9\">21&nbsp;: <\/span><a href=\"https:\/\/mondedesylvieetpierre.ca\/voyage\/?page_id=9837\">Le temple de Philae, \u00eele&nbsp;Agilka, au sud du barrage&nbsp;d&rsquo;Assouan<\/a><br \/>\n<span style=\"color: #a9a9a9\">22&nbsp;: <\/span><a href=\"https:\/\/mondedesylvieetpierre.ca\/voyage\/?page_id=9840\">L&rsquo;ob\u00e9lisque inachev\u00e9<\/a><br \/>\n<span style=\"color: #000000; font-weight: bold;\">\u21d2&nbsp;EN CROISI\u00c8RE SUR LE NIL<\/span><br \/>\n<span style=\"color: #a9a9a9\">23&nbsp;: <\/span><a href=\"https:\/\/mondedesylvieetpierre.ca\/voyage\/?page_id=9842\">Croisi\u00e8re sur le&nbsp;Nil avec le Princess&nbsp;Sarah<\/a><br \/>\n<span style=\"color: #a9a9a9\">24&nbsp;: <\/span><a href=\"https:\/\/mondedesylvieetpierre.ca\/voyage\/?page_id=9844\">La felouque sur le&nbsp;Nil et la visite du jardin&nbsp;botanique<\/a><br \/>\n<span style=\"color: #a9a9a9\">25&nbsp;: <\/span><a href=\"https:\/\/mondedesylvieetpierre.ca\/voyage\/?page_id=9856\">Temple de Kom&nbsp;Ombo<\/a><br \/>\n<span style=\"color: #a9a9a9\">26&nbsp;: <\/span><a href=\"https:\/\/mondedesylvieetpierre.ca\/voyage\/?page_id=9858\">Temple d&rsquo;Horus, Edfou<\/a><br \/>\n<span style=\"color: #a9a9a9\">27&nbsp;: <\/span><a href=\"https:\/\/mondedesylvieetpierre.ca\/voyage\/?page_id=9860\">\u00c0 Th\u00e8bes, la Vall\u00e9e&nbsp;des&nbsp;Rois et la Vall\u00e9e&nbsp;des&nbsp;Reines<\/a><br \/>\n<span style=\"color: #a9a9a9\">28&nbsp;: <\/span><a href=\"https:\/\/mondedesylvieetpierre.ca\/voyage\/?page_id=9862\">Temple de&nbsp;Louxor<\/a><br \/>\n<span style=\"color: #a9a9a9\">29&nbsp;: <\/span><a href=\"https:\/\/mondedesylvieetpierre.ca\/voyage\/?page_id=9864\">Temple de&nbsp;Karnak<\/a><br \/>\n<span style=\"color: #a9a9a9\">30&nbsp;: <\/span><a href=\"https:\/\/mondedesylvieetpierre.ca\/voyage\/?page_id=9866\">Fabrique de parfumerie<\/a><br \/>\n<span style=\"color: #a9a9a9\">31&nbsp;: <\/span><a href=\"https:\/\/mondedesylvieetpierre.ca\/voyage\/?page_id=9868\">Excursion en dromadaire<\/a><br \/>\n<span style=\"color: #a9a9a9\">32&nbsp;: <\/span><span style=\"color: #cccccc; font-size: large;\">Louxor (Haute-\u00c9gypte)<\/span><br \/>\n<span style=\"color: #000000; font-weight: bold;\">\u21d2&nbsp;VERS HURGHADA<\/span><br \/>\n<span style=\"color: #a9a9a9\">33&nbsp;: <\/span><a href=\"https:\/\/mondedesylvieetpierre.ca\/voyage\/?page_id=9872\">Vers Hurghada en autobus<\/a><br \/>\n<span style=\"color: #a9a9a9\">34&nbsp;: <\/span><a href=\"https:\/\/mondedesylvieetpierre.ca\/voyage\/?page_id=9874\">Hurghada<\/a><br \/>\n<span style=\"color: #a9a9a9\">35&nbsp;: <\/span><a href=\"https:\/\/mondedesylvieetpierre.ca\/voyage\/?page_id=9876\">H\u00f4tel Marriott<\/a><br \/>\n<span style=\"color: #a9a9a9\">36&nbsp;: <\/span><a href=\"https:\/\/mondedesylvieetpierre.ca\/voyage\/?page_id=9878\">Excursion dans le d\u00e9sert et le mode de vie des&nbsp;B\u00e9douins<\/a><br \/>\n<span style=\"color: #000000; font-weight: bold;\">\u21d2&nbsp;RETOUR AU CAIRE<\/span><br \/>\n<span style=\"color: #a9a9a9\">37&nbsp;: <\/span><a href=\"https:\/\/mondedesylvieetpierre.ca\/voyage\/?page_id=9880\">Citadelle de Salah&nbsp;Al-Din et la mosqu\u00e9e M\u00e9h\u00e9met-Ali<\/a><br \/>\n<span style=\"color: #a9a9a9\">38&nbsp;: <\/span><a href=\"https:\/\/mondedesylvieetpierre.ca\/voyage\/?page_id=9882\">Bateau restaurant Fish&nbsp;Boat<\/a><br \/>\n<span style=\"color: #a9a9a9\">39&nbsp;: <\/span><a href=\"https:\/\/mondedesylvieetpierre.ca\/voyage\/?page_id=9884\">Soir\u00e9e finale sur le bateau mouche le&nbsp;Nile&nbsp;Maxim<\/a><br \/>\n<span style=\"color: #000000; font-weight: bold;\">\u21d2&nbsp;RETOUR \u00c0 MONTR\u00c9AL<\/span>\n<\/td>\n<\/tr>\n<tr>\n<th scope=\"row\" align=\"left\" valign=\"middle\" width=\"12%\">Diaporama&nbsp;:<\/th>\n<td align=\"left\" valign=\"middle\"><a href=\"https:\/\/mondedesylvieetpierre.ca\/voyage\/?page_id=9890\">5&nbsp;vid\u00e9os en&nbsp;diaporama<\/a><\/td>\n<\/tr>\n<\/tbody>\n<\/table>\t\t\t\t\t\t\t\t<\/div>\n\t\t\t\t\t<\/div>\n\t\t<\/div>\n\t\t\t\t\t<\/div>\n\t\t<\/section>\n\t\t\t\t<\/div>\n\t\t","protected":false},"excerpt":{"rendered":"<p>Louxor (Haute-\u00c9gypte) Croisi\u00e8re sur le&nbsp;Nil avec le Princess&nbsp;Sarah D&rsquo;Assouan \u00e0&nbsp;Louxor 5&nbsp;jours \/ 4&nbsp;nuits \u00c9gypte Historique de l&rsquo;endroit Louxor en \u00c9gypte Louxor est une ville situ\u00e9e sur la rive droite du&nbsp;Nil, en Haute-\u00c9gypte, situ\u00e9e \u00e0 environ 700&nbsp;km au sud&nbsp;du&nbsp;Caire et \u00e0 environ 300&nbsp;km au nord&nbsp;d&rsquo;Assouan. Selon le recensement de&nbsp;2006, c&rsquo;est \u00e0 pr\u00e9sent une ville de 429,000&nbsp;habitants,&#8230; <span class=\"more\"><a class=\"more-link\" href=\"https:\/\/mondedesylvieetpierre.ca\/voyage\/?page_id=9870\">Lire la suite<\/a><\/span><\/p>\n","protected":false},"author":1,"featured_media":0,"parent":0,"menu_order":0,"comment_status":"closed","ping_status":"closed","template":"elementor_header_footer","meta":{"footnotes":""},"categories":[140],"tags":[],"class_list":["post-9870","page","type-page","status-publish","hentry","category-egypte_2006"],"_links":{"self":[{"href":"https:\/\/mondedesylvieetpierre.ca\/voyage\/index.php?rest_route=\/wp\/v2\/pages\/9870","targetHints":{"allow":["GET"]}}],"collection":[{"href":"https:\/\/mondedesylvieetpierre.ca\/voyage\/index.php?rest_route=\/wp\/v2\/pages"}],"about":[{"href":"https:\/\/mondedesylvieetpierre.ca\/voyage\/index.php?rest_route=\/wp\/v2\/types\/page"}],"author":[{"embeddable":true,"href":"https:\/\/mondedesylvieetpierre.ca\/voyage\/index.php?rest_route=\/wp\/v2\/users\/1"}],"replies":[{"embeddable":true,"href":"https:\/\/mondedesylvieetpierre.ca\/voyage\/index.php?rest_route=%2Fwp%2Fv2%2Fcomments&post=9870"}],"version-history":[{"count":0,"href":"https:\/\/mondedesylvieetpierre.ca\/voyage\/index.php?rest_route=\/wp\/v2\/pages\/9870\/revisions"}],"wp:attachment":[{"href":"https:\/\/mondedesylvieetpierre.ca\/voyage\/index.php?rest_route=%2Fwp%2Fv2%2Fmedia&parent=9870"}],"wp:term":[{"taxonomy":"category","embeddable":true,"href":"https:\/\/mondedesylvieetpierre.ca\/voyage\/index.php?rest_route=%2Fwp%2Fv2%2Fcategories&post=9870"},{"taxonomy":"post_tag","embeddable":true,"href":"https:\/\/mondedesylvieetpierre.ca\/voyage\/index.php?rest_route=%2Fwp%2Fv2%2Ftags&post=9870"}],"curies":[{"name":"wp","href":"https:\/\/api.w.org\/{rel}","templated":true}]}}